{"id":47826,"date":"2025-05-17T07:54:12","date_gmt":"2025-05-17T07:54:12","guid":{"rendered":"https:\/\/xinshengmanufacture.com\/product\/fauteuil-de-massage-electrique-haut-de-gamme-de-bonne-qualite-avec-arret-automatique-de-leau-fauteuil-de-pedicure-salon-de-coiffure-centre-de-spa-fauteuil-de-massage-centre-de-massage-des-pieds-equi\/"},"modified":"2025-08-26T08:01:20","modified_gmt":"2025-08-26T08:01:20","slug":"fauteuil-de-massage-electrique-haut-de-gamme-de-bonne-qualite-avec-arret-automatique-de-leau-fauteuil-de-pedicure-salon-de-coiffure-centre-de-spa-fauteuil-de-massage-centre-de-massage-des-pieds-equi","status":"publish","type":"product","link":"https:\/\/xinshengmanufacture.com\/fr\/product\/fauteuil-de-massage-electrique-haut-de-gamme-de-bonne-qualite-avec-arret-automatique-de-leau-fauteuil-de-pedicure-salon-de-coiffure-centre-de-spa-fauteuil-de-massage-centre-de-massage-des-pieds-equi\/","title":{"rendered":"Fauteuil de massage \u00e9lectrique haut de gamme de bonne qualit\u00e9 avec arr\u00eat automatique de l&rsquo;eau fauteuil de p\u00e9dicure salon de coiffure centre de spa fauteuil de massage centre de massage des pieds \u00e9quipement"},"content":{"rendered":"<p style=\"text-align: center;\"><img fetchpriority=\"high\" decoding=\"async\" class=\"size-full wp-image-4976 aligncenter\" src=\"https:\/\/xinshengmanufacture.com\/wp-content\/uploads\/2025\/05\/%E8%B6%85%E5%B7%A5%E5%AE%9A%E5%88%B6%E8%8B%B1%E6%96%87_011-2.jpg\" alt=\"\" width=\"1200\" height=\"1857\"><img decoding=\"async\" class=\"size-full wp-image-4977 aligncenter\" src=\"https:\/\/xinshengmanufacture.com\/wp-content\/uploads\/2025\/05\/%E8%B6%85%E5%B7%A5%E5%AE%9A%E5%88%B6%E8%8B%B1%E6%96%87_021-2.jpg\" alt=\"\" width=\"1200\" height=\"1054\"><img decoding=\"async\" class=\"size-full wp-image-4978 aligncenter\" src=\"https:\/\/xinshengmanufacture.com\/wp-content\/uploads\/2025\/05\/%E8%B6%85%E5%B7%A5%E5%AE%9A%E5%88%B6%E8%8B%B1%E6%96%87_031-2.jpg\" alt=\"\" width=\"1200\" height=\"1563\"><img loading=\"lazy\" decoding=\"async\" class=\"size-full wp-image-4979 aligncenter\" src=\"https:\/\/xinshengmanufacture.com\/wp-content\/uploads\/2025\/05\/%E8%B6%85%E5%B7%A5%E5%AE%9A%E5%88%B6%E8%8B%B1%E6%96%87_041-2.jpg\" alt=\"\" width=\"1200\" height=\"1755\"><img loading=\"lazy\" decoding=\"async\" class=\"size-full wp-image-4980 aligncenter\" src=\"https:\/\/xinshengmanufacture.com\/wp-content\/uploads\/2025\/05\/%E8%B6%85%E5%B7%A5%E5%AE%9A%E5%88%B6%E8%8B%B1%E6%96%87_051-2.jpg\" alt=\"\" width=\"1200\" height=\"2257\"><img loading=\"lazy\" decoding=\"async\" class=\"alignnone size-full wp-image-5141\" src=\"https:\/\/xinshengmanufacture.com\/wp-content\/uploads\/2025\/05\/%E6%9C%AA%E6%A0%87%E9%A2%98-1%E5%A4%96_01.jpg\" alt=\"\" width=\"1200\" height=\"1819\"> <img loading=\"lazy\" decoding=\"async\" class=\"alignnone size-full wp-image-5142\" src=\"https:\/\/xinshengmanufacture.com\/wp-content\/uploads\/2025\/05\/%E6%9C%AA%E6%A0%87%E9%A2%98-1%E5%A4%96_02.jpg\" alt=\"\" width=\"1200\" height=\"2061\"> <img loading=\"lazy\" decoding=\"async\" class=\"alignnone size-full wp-image-5143\" src=\"https:\/\/xinshengmanufacture.com\/wp-content\/uploads\/2025\/05\/%E6%9C%AA%E6%A0%87%E9%A2%98-1%E5%A4%96_03-scaled.jpg\" alt=\"\" width=\"1198\" height=\"2560\"> <img loading=\"lazy\" decoding=\"async\" class=\"alignnone size-full wp-image-5144\" src=\"https:\/\/xinshengmanufacture.com\/wp-content\/uploads\/2025\/05\/%E6%9C%AA%E6%A0%87%E9%A2%98-1%E5%A4%96_04-scaled.jpg\" alt=\"\" width=\"1140\" height=\"2560\"> <img loading=\"lazy\" decoding=\"async\" class=\"alignnone size-full wp-image-5145\" src=\"https:\/\/xinshengmanufacture.com\/wp-content\/uploads\/2025\/05\/%E6%9C%AA%E6%A0%87%E9%A2%98-1%E5%A4%96_05.jpg\" alt=\"\" width=\"1200\" height=\"2024\"> <img loading=\"lazy\" decoding=\"async\" class=\"alignnone size-full wp-image-5146\" src=\"https:\/\/xinshengmanufacture.com\/wp-content\/uploads\/2025\/05\/%E6%9C%AA%E6%A0%87%E9%A2%98-1%E5%A4%96_06.jpg\" alt=\"\" width=\"1200\" height=\"1608\"> <img loading=\"lazy\" decoding=\"async\" class=\"alignnone size-full wp-image-5147\" src=\"https:\/\/xinshengmanufacture.com\/wp-content\/uploads\/2025\/05\/%E6%9C%AA%E6%A0%87%E9%A2%98-1%E5%A4%96_07.jpg\" alt=\"\" width=\"1200\" height=\"1892\"> <img loading=\"lazy\" decoding=\"async\" class=\"alignnone size-full wp-image-5148\" src=\"https:\/\/xinshengmanufacture.com\/wp-content\/uploads\/2025\/05\/%E6%9C%AA%E6%A0%87%E9%A2%98-1%E5%A4%96_08.jpg\" alt=\"\" width=\"1200\" height=\"1954\"> <img loading=\"lazy\" decoding=\"async\" class=\"alignnone size-full wp-image-5149\" src=\"https:\/\/xinshengmanufacture.com\/wp-content\/uploads\/2025\/05\/%E6%9C%AA%E6%A0%87%E9%A2%98-1%E5%A4%96_09.jpg\" alt=\"\" width=\"1200\" height=\"2044\"> <img loading=\"lazy\" decoding=\"async\" class=\"alignnone size-full wp-image-5150\" src=\"https:\/\/xinshengmanufacture.com\/wp-content\/uploads\/2025\/05\/%E6%9C%AA%E6%A0%87%E9%A2%98-1%E5%A4%96_10.jpg\" alt=\"\" width=\"1200\" height=\"1344\"> <img loading=\"lazy\" decoding=\"async\" class=\"alignnone size-full wp-image-5151\" src=\"https:\/\/xinshengmanufacture.com\/wp-content\/uploads\/2025\/05\/%E6%9C%AA%E6%A0%87%E9%A2%98-1%E5%A4%96_11-scaled.jpg\" alt=\"\" width=\"1082\" height=\"2560\"> <img loading=\"lazy\" decoding=\"async\" class=\"alignnone size-full wp-image-5152\" src=\"https:\/\/xinshengmanufacture.com\/wp-content\/uploads\/2025\/05\/%E6%9C%AA%E6%A0%87%E9%A2%98-1%E5%A4%96_12.jpg\" alt=\"\" width=\"1200\" height=\"2434\"><\/p>\n","protected":false},"excerpt":{"rendered":"<p>La chaise de p\u00e9dicure et de bain de pieds de haute qualit\u00e9 avec arr\u00eat automatique de l&rsquo;eau peut \u00eatre utilis\u00e9e dans les salons, les centres de massage et de bain de pieds, les centres de spa, etc.<\/p>\n","protected":false},"featured_media":47828,"template":"","meta":{"_bst_post_transparent":"","_bst_post_title":"","_bst_post_layout":"","_bst_post_sidebar_id":"","_bst_post_content_style":"","_bst_post_vertical_padding":"","_bst_post_feature":"","_bst_post_feature_position":"","_bst_post_header":false,"_bst_post_footer":false},"product_brand":[1081],"product_cat":[821],"product_tag":[],"class_list":{"0":"post-47826","1":"product","2":"type-product","3":"status-publish","4":"has-post-thumbnail","6":"product_brand-xinsheng-fr","7":"product_cat-fauteuil-de-pedicure-footbath","8":"pa_color-couleurs-personnalisees","9":"pa_color-gris","10":"pa_color-rouge","11":"pa_color-vert-fonce","12":"pa_size-703462cm-fr","14":"first","15":"instock","16":"sale","17":"shipping-taxable","18":"purchasable","19":"product-type-variable","20":"entry","21":"content-bg","22":"loop-entry"},"_links":{"self":[{"href":"https:\/\/xinshengmanufacture.com\/fr\/wp-json\/wp\/v2\/product\/47826","targetHints":{"allow":["GET"]}}],"collection":[{"href":"https:\/\/xinshengmanufacture.com\/fr\/wp-json\/wp\/v2\/product"}],"about":[{"href":"https:\/\/xinshengmanufacture.com\/fr\/wp-json\/wp\/v2\/types\/product"}],"version-history":[{"count":1,"href":"https:\/\/xinshengmanufacture.com\/fr\/wp-json\/wp\/v2\/product\/47826\/revisions"}],"predecessor-version":[{"id":47864,"href":"https:\/\/xinshengmanufacture.com\/fr\/wp-json\/wp\/v2\/product\/47826\/revisions\/47864"}],"wp:featuredmedia":[{"embeddable":true,"href":"https:\/\/xinshengmanufacture.com\/fr\/wp-json\/wp\/v2\/media\/47828"}],"wp:attachment":[{"href":"https:\/\/xinshengmanufacture.com\/fr\/wp-json\/wp\/v2\/media?parent=47826"}],"wp:term":[{"taxonomy":"product_brand","embeddable":true,"href":"https:\/\/xinshengmanufacture.com\/fr\/wp-json\/wp\/v2\/product_brand?post=47826"},{"taxonomy":"product_cat","embeddable":true,"href":"https:\/\/xinshengmanufacture.com\/fr\/wp-json\/wp\/v2\/product_cat?post=47826"},{"taxonomy":"product_tag","embeddable":true,"href":"https:\/\/xinshengmanufacture.com\/fr\/wp-json\/wp\/v2\/product_tag?post=47826"}],"curies":[{"name":"wp","href":"https:\/\/api.w.org\/{rel}","templated":true}]}}