{"id":76324,"date":"2025-09-12T08:20:44","date_gmt":"2025-09-12T08:20:44","guid":{"rendered":"https:\/\/xinshengmanufacture.com\/product\/banc-de-shampoing-electrique-equipement-de-salon-de-beaute-banc-de-shampoing-pour-massage-de-la-tete-banc-de-shampoing-pour-massage-de-la-tete-de-style-japonais-centre-de-spa-equipement-de-shampoing-c\/"},"modified":"2025-09-12T08:20:44","modified_gmt":"2025-09-12T08:20:44","slug":"banc-de-shampoing-electrique-equipement-de-salon-de-beaute-banc-de-shampoing-pour-massage-de-la-tete-banc-de-shampoing-pour-massage-de-la-tete-de-style-japonais-centre-de-spa-equipement-de-shampoing-c","status":"publish","type":"product","link":"https:\/\/xinshengmanufacture.com\/fr\/product\/banc-de-shampoing-electrique-equipement-de-salon-de-beaute-banc-de-shampoing-pour-massage-de-la-tete-banc-de-shampoing-pour-massage-de-la-tete-de-style-japonais-centre-de-spa-equipement-de-shampoing-c\/","title":{"rendered":"Banc de shampoing \u00e9lectrique Equipement de salon de beaut\u00e9 Banc de shampoing pour massage de la t\u00eate Banc de shampoing pour massage de la t\u00eate de style japonais Centre de spa Equipement de shampoing Centre de massage pour bain de pieds Fabricant de mobilier de salon de beaut\u00e9"},"content":{"rendered":"<div class=\"wp-playlist wp-video-playlist wp-playlist-light\">\n\t\t<video controls=\"controls\" preload=\"none\" width=\"1408\"\n\t\t height=\"2503\"\t><\/video>\n\t<div class=\"wp-playlist-next\"><\/div>\n\t<div class=\"wp-playlist-prev\"><\/div>\n\t<noscript>\n\t<ol>\n\t\t<li><a href='https:\/\/xinshengmanufacture.com\/wp-content\/uploads\/2025\/09\/60\uff081\uff09.mp4'>60\uff081\uff09<\/a><\/li>\t<\/ol>\n\t<\/noscript>\n\t<script type=\"application\/json\" class=\"wp-playlist-script\">{\"type\":\"video\",\"tracklist\":false,\"tracknumbers\":true,\"images\":true,\"artists\":true,\"tracks\":[{\"src\":\"https:\/\/xinshengmanufacture.com\/wp-content\/uploads\/2025\/09\/60\\uff081\\uff09.mp4\",\"type\":\"video\/mp4\",\"title\":\"60\\uff081\\uff09\",\"caption\":\"\",\"description\":\"\",\"meta\":{\"length_formatted\":\"0:45\"},\"dimensions\":{\"original\":{\"width\":1080,\"height\":1920},\"resized\":{\"width\":1408,\"height\":2503}},\"image\":{\"src\":\"https:\/\/xinshengmanufacture.com\/wp-includes\/images\/media\/video.svg\",\"width\":48,\"height\":64},\"thumb\":{\"src\":\"https:\/\/xinshengmanufacture.com\/wp-includes\/images\/media\/video.svg\",\"width\":48,\"height\":64}}]}<\/script>\n<\/div>\n\t\n<p><img fetchpriority=\"high\" decoding=\"async\" class=\"size-full wp-image-75522 aligncenter\" src=\"https:\/\/xinshengmanufacture.com\/wp-content\/uploads\/2025\/09\/%E8%B6%85%E5%B7%A5%E5%AE%9A%E5%88%B6%E8%8B%B1%E6%96%87_011.jpg\" alt=\"\" width=\"1200\" height=\"1857\"><img decoding=\"async\" class=\"size-full wp-image-75534 aligncenter\" src=\"https:\/\/xinshengmanufacture.com\/wp-content\/uploads\/2025\/09\/%E8%B6%85%E5%B7%A5%E5%AE%9A%E5%88%B6%E8%8B%B1%E6%96%87_021.jpg\" alt=\"\" width=\"1200\" height=\"1054\"><img decoding=\"async\" class=\"size-full wp-image-75546 aligncenter\" src=\"https:\/\/xinshengmanufacture.com\/wp-content\/uploads\/2025\/09\/%E8%B6%85%E5%B7%A5%E5%AE%9A%E5%88%B6%E8%8B%B1%E6%96%87_031.jpg\" alt=\"\" width=\"1200\" height=\"1563\"><img loading=\"lazy\" decoding=\"async\" class=\"size-full wp-image-75558 aligncenter\" src=\"https:\/\/xinshengmanufacture.com\/wp-content\/uploads\/2025\/09\/%E8%B6%85%E5%B7%A5%E5%AE%9A%E5%88%B6%E8%8B%B1%E6%96%87_041.jpg\" alt=\"\" width=\"1200\" height=\"1755\"><img loading=\"lazy\" decoding=\"async\" class=\"size-full wp-image-75570 aligncenter\" src=\"https:\/\/xinshengmanufacture.com\/wp-content\/uploads\/2025\/09\/%E8%B6%85%E5%B7%A5%E5%AE%9A%E5%88%B6%E8%8B%B1%E6%96%87_051.jpg\" alt=\"\" width=\"1200\" height=\"2257\"><img loading=\"lazy\" decoding=\"async\" class=\"size-full wp-image-75963 aligncenter\" src=\"https:\/\/xinshengmanufacture.com\/wp-content\/uploads\/2025\/09\/SMB-09%E9%BB%91%E8%89%B2-2-%E6%8B%B7%E8%B4%9D_01.jpg\" alt=\"\" width=\"1200\" height=\"1930\"> <img loading=\"lazy\" decoding=\"async\" class=\"size-full wp-image-75975 aligncenter\" src=\"https:\/\/xinshengmanufacture.com\/wp-content\/uploads\/2025\/09\/SMB-09%E9%BB%91%E8%89%B2-2-%E6%8B%B7%E8%B4%9D_02.jpg\" alt=\"\" width=\"1200\" height=\"2058\"> <img loading=\"lazy\" decoding=\"async\" class=\"aligncenter wp-image-75987\" src=\"https:\/\/xinshengmanufacture.com\/wp-content\/uploads\/2025\/09\/SMB-09%E9%BB%91%E8%89%B2-2-%E6%8B%B7%E8%B4%9D_03.jpg\" alt=\"\" width=\"1200\" height=\"2626\"> <img loading=\"lazy\" decoding=\"async\" class=\"aligncenter wp-image-76011\" src=\"https:\/\/xinshengmanufacture.com\/wp-content\/uploads\/2025\/09\/SMB-09%E9%BB%91%E8%89%B2-2-%E6%8B%B7%E8%B4%9D_05.jpg\" alt=\"\" width=\"1200\" height=\"2588\"> <img loading=\"lazy\" decoding=\"async\" class=\"size-full wp-image-76023 aligncenter\" src=\"https:\/\/xinshengmanufacture.com\/wp-content\/uploads\/2025\/09\/SMB-09%E9%BB%91%E8%89%B2-2-%E6%8B%B7%E8%B4%9D_06.jpg\" alt=\"\" width=\"1200\" height=\"2548\"> <img loading=\"lazy\" decoding=\"async\" class=\"size-full wp-image-76035 aligncenter\" src=\"https:\/\/xinshengmanufacture.com\/wp-content\/uploads\/2025\/09\/SMB-09%E9%BB%91%E8%89%B2-2-%E6%8B%B7%E8%B4%9D_07.jpg\" alt=\"\" width=\"1200\" height=\"1710\"> <img loading=\"lazy\" decoding=\"async\" class=\"size-full wp-image-76047 aligncenter\" src=\"https:\/\/xinshengmanufacture.com\/wp-content\/uploads\/2025\/09\/SMB-09%E9%BB%91%E8%89%B2-2-%E6%8B%B7%E8%B4%9D_08.jpg\" alt=\"\" width=\"1200\" height=\"1910\"> <img loading=\"lazy\" decoding=\"async\" class=\"size-full wp-image-76059 aligncenter\" src=\"https:\/\/xinshengmanufacture.com\/wp-content\/uploads\/2025\/09\/SMB-09%E9%BB%91%E8%89%B2-2-%E6%8B%B7%E8%B4%9D_09.jpg\" alt=\"\" width=\"1200\" height=\"2497\"> <img loading=\"lazy\" decoding=\"async\" class=\"size-full wp-image-76071 aligncenter\" src=\"https:\/\/xinshengmanufacture.com\/wp-content\/uploads\/2025\/09\/SMB-09%E9%BB%91%E8%89%B2-2-%E6%8B%B7%E8%B4%9D_10.jpg\" alt=\"\" width=\"1200\" height=\"2111\"><\/p>\n","protected":false},"excerpt":{"rendered":"<p>Le lit de massage \u00e9lectrique multifonctionnel\uff08Avec fonction de massage, circulation d&rsquo;eau, fonction de fumigation\uff09 peut \u00eatre utilis\u00e9 dans les salons, les salons de coiffure, les centres de lavage, les centres de massage, les spas, etc.<\/p>\n","protected":false},"featured_media":76085,"template":"","meta":{"_bst_post_transparent":"","_bst_post_title":"","_bst_post_layout":"","_bst_post_sidebar_id":"","_bst_post_content_style":"","_bst_post_vertical_padding":"","_bst_post_feature":"","_bst_post_feature_position":"","_bst_post_header":false,"_bst_post_footer":false},"product_brand":[1081],"product_cat":[890],"product_tag":[],"class_list":{"0":"post-76324","1":"product","2":"type-product","3":"status-publish","4":"has-post-thumbnail","6":"product_brand-xinsheng-fr","7":"product_cat-lit-de-massage-electrique","8":"pa_color-blanc","9":"pa_color-couleurs-personnalisees","10":"pa_size-190cm76cm63cm-fr","12":"first","13":"instock","14":"sale","15":"shipping-taxable","16":"purchasable","17":"product-type-variable","18":"entry","19":"content-bg","20":"loop-entry"},"_links":{"self":[{"href":"https:\/\/xinshengmanufacture.com\/fr\/wp-json\/wp\/v2\/product\/76324","targetHints":{"allow":["GET"]}}],"collection":[{"href":"https:\/\/xinshengmanufacture.com\/fr\/wp-json\/wp\/v2\/product"}],"about":[{"href":"https:\/\/xinshengmanufacture.com\/fr\/wp-json\/wp\/v2\/types\/product"}],"version-history":[{"count":0,"href":"https:\/\/xinshengmanufacture.com\/fr\/wp-json\/wp\/v2\/product\/76324\/revisions"}],"wp:featuredmedia":[{"embeddable":true,"href":"https:\/\/xinshengmanufacture.com\/fr\/wp-json\/wp\/v2\/media\/76085"}],"wp:attachment":[{"href":"https:\/\/xinshengmanufacture.com\/fr\/wp-json\/wp\/v2\/media?parent=76324"}],"wp:term":[{"taxonomy":"product_brand","embeddable":true,"href":"https:\/\/xinshengmanufacture.com\/fr\/wp-json\/wp\/v2\/product_brand?post=76324"},{"taxonomy":"product_cat","embeddable":true,"href":"https:\/\/xinshengmanufacture.com\/fr\/wp-json\/wp\/v2\/product_cat?post=76324"},{"taxonomy":"product_tag","embeddable":true,"href":"https:\/\/xinshengmanufacture.com\/fr\/wp-json\/wp\/v2\/product_tag?post=76324"}],"curies":[{"name":"wp","href":"https:\/\/api.w.org\/{rel}","templated":true}]}}