{"id":77883,"date":"2025-10-08T03:38:53","date_gmt":"2025-10-08T03:38:53","guid":{"rendered":"https:\/\/xinshengmanufacture.com\/\u4ea7\u54c1\/fauteuil-de-pedicure-haut-de-gamme-avec-fonction-de-massage-mobilier-de-salon-de-beaute-manucure-fauteuil-de-pedicure-a-la-mode-de-bonne-qualite-centre-de-massage-spa-fauteuil-de-pedicure-fabricant-de\/"},"modified":"2025-10-08T03:38:53","modified_gmt":"2025-10-08T03:38:53","slug":"fauteuil-de-pedicure-haut-de-gamme-avec-fonction-de-massage-mobilier-de-salon-de-beaute-manucure-fauteuil-de-pedicure-a-la-mode-de-bonne-qualite-centre-de-massage-spa-fauteuil-de-pedicure-fabricant-de","status":"publish","type":"product","link":"https:\/\/xinshengmanufacture.com\/fr\/product\/fauteuil-de-pedicure-haut-de-gamme-avec-fonction-de-massage-mobilier-de-salon-de-beaute-manucure-fauteuil-de-pedicure-a-la-mode-de-bonne-qualite-centre-de-massage-spa-fauteuil-de-pedicure-fabricant-de\/","title":{"rendered":"Fauteuil de p\u00e9dicure haut de gamme avec fonction de massage mobilier de salon de beaut\u00e9 manucure fauteuil de p\u00e9dicure \u00e0 la mode de bonne qualit\u00e9 centre de massage spa fauteuil de p\u00e9dicure fabricant de mobilier de salon de beaut\u00e9 supporte les couleurs personnalis\u00e9es etc."},"content":{"rendered":"<div class=\"wp-playlist wp-video-playlist wp-playlist-light\">\n\t\t<video controls=\"controls\" preload=\"none\" width=\"1408\"\n\t\t height=\"792\"\t><\/video>\n\t<div class=\"wp-playlist-next\"><\/div>\n\t<div class=\"wp-playlist-prev\"><\/div>\n\t<noscript>\n\t<ol>\n\t\t<li><a href='https:\/\/xinshengmanufacture.com\/wp-content\/uploads\/2025\/10\/2.3.mp4'>2.3<\/a><\/li>\t<\/ol>\n\t<\/noscript>\n\t<script type=\"application\/json\" class=\"wp-playlist-script\">{\"type\":\"video\",\"tracklist\":false,\"tracknumbers\":true,\"images\":true,\"artists\":true,\"tracks\":[{\"src\":\"https:\/\/xinshengmanufacture.com\/wp-content\/uploads\/2025\/10\/2.3.mp4\",\"type\":\"video\/mp4\",\"title\":\"2.3\",\"caption\":\"\",\"description\":\"\",\"meta\":{\"length_formatted\":\"1:02\"},\"dimensions\":{\"original\":{\"width\":1920,\"height\":1080},\"resized\":{\"width\":1408,\"height\":792}},\"image\":{\"src\":\"https:\/\/xinshengmanufacture.com\/wp-includes\/images\/media\/video.svg\",\"width\":48,\"height\":64},\"thumb\":{\"src\":\"https:\/\/xinshengmanufacture.com\/wp-includes\/images\/media\/video.svg\",\"width\":48,\"height\":64}}]}<\/script>\n<\/div>\n\t\n<p style=\"text-align: center;\"><img fetchpriority=\"high\" decoding=\"async\" class=\"size-full wp-image-75522 aligncenter\" src=\"https:\/\/xinshengmanufacture.com\/wp-content\/uploads\/2025\/09\/%E8%B6%85%E5%B7%A5%E5%AE%9A%E5%88%B6%E8%8B%B1%E6%96%87_011.jpg\" alt=\"\" width=\"1200\" height=\"1857\"><img decoding=\"async\" class=\"size-full wp-image-75534 aligncenter\" src=\"https:\/\/xinshengmanufacture.com\/wp-content\/uploads\/2025\/09\/%E8%B6%85%E5%B7%A5%E5%AE%9A%E5%88%B6%E8%8B%B1%E6%96%87_021.jpg\" alt=\"\" width=\"1200\" height=\"1054\"><img decoding=\"async\" class=\"size-full wp-image-75546 aligncenter\" src=\"https:\/\/xinshengmanufacture.com\/wp-content\/uploads\/2025\/09\/%E8%B6%85%E5%B7%A5%E5%AE%9A%E5%88%B6%E8%8B%B1%E6%96%87_031.jpg\" alt=\"\" width=\"1200\" height=\"1563\"><img loading=\"lazy\" decoding=\"async\" class=\"size-full wp-image-75558 aligncenter\" src=\"https:\/\/xinshengmanufacture.com\/wp-content\/uploads\/2025\/09\/%E8%B6%85%E5%B7%A5%E5%AE%9A%E5%88%B6%E8%8B%B1%E6%96%87_041.jpg\" alt=\"\" width=\"1200\" height=\"1755\"><img loading=\"lazy\" decoding=\"async\" class=\"size-full wp-image-75570 aligncenter\" src=\"https:\/\/xinshengmanufacture.com\/wp-content\/uploads\/2025\/09\/%E8%B6%85%E5%B7%A5%E5%AE%9A%E5%88%B6%E8%8B%B1%E6%96%87_051.jpg\" alt=\"\" width=\"1200\" height=\"2257\"><img loading=\"lazy\" decoding=\"async\" class=\"size-full wp-image-77352 aligncenter\" src=\"https:\/\/xinshengmanufacture.com\/wp-content\/uploads\/2025\/10\/1-1.jpg\" alt=\"\" width=\"1200\" height=\"2235\" srcset=\"https:\/\/xinshengmanufacture.com\/wp-content\/uploads\/2025\/10\/1-1.jpg 1200w, https:\/\/xinshengmanufacture.com\/wp-content\/uploads\/2025\/10\/1-1-161x300.jpg 161w, https:\/\/xinshengmanufacture.com\/wp-content\/uploads\/2025\/10\/1-1-550x1024.jpg 550w, https:\/\/xinshengmanufacture.com\/wp-content\/uploads\/2025\/10\/1-1-768x1430.jpg 768w, https:\/\/xinshengmanufacture.com\/wp-content\/uploads\/2025\/10\/1-1-825x1536.jpg 825w, https:\/\/xinshengmanufacture.com\/wp-content\/uploads\/2025\/10\/1-1-1100x2048.jpg 1100w, https:\/\/xinshengmanufacture.com\/wp-content\/uploads\/2025\/10\/1-1-600x1118.jpg 600w\" sizes=\"(max-width: 1200px) 100vw, 1200px\" \/> <img loading=\"lazy\" decoding=\"async\" class=\"size-full wp-image-77364 aligncenter\" src=\"https:\/\/xinshengmanufacture.com\/wp-content\/uploads\/2025\/10\/1-10.jpg\" alt=\"\" width=\"1200\" height=\"2450\" srcset=\"https:\/\/xinshengmanufacture.com\/wp-content\/uploads\/2025\/10\/1-10.jpg 1200w, https:\/\/xinshengmanufacture.com\/wp-content\/uploads\/2025\/10\/1-10-147x300.jpg 147w, https:\/\/xinshengmanufacture.com\/wp-content\/uploads\/2025\/10\/1-10-502x1024.jpg 502w, https:\/\/xinshengmanufacture.com\/wp-content\/uploads\/2025\/10\/1-10-768x1568.jpg 768w, https:\/\/xinshengmanufacture.com\/wp-content\/uploads\/2025\/10\/1-10-752x1536.jpg 752w, https:\/\/xinshengmanufacture.com\/wp-content\/uploads\/2025\/10\/1-10-1003x2048.jpg 1003w, https:\/\/xinshengmanufacture.com\/wp-content\/uploads\/2025\/10\/1-10-600x1225.jpg 600w\" sizes=\"(max-width: 1200px) 100vw, 1200px\" \/> <img loading=\"lazy\" decoding=\"async\" class=\"aligncenter wp-image-77376\" src=\"https:\/\/xinshengmanufacture.com\/wp-content\/uploads\/2025\/10\/1-11.jpg\" alt=\"\" width=\"1200\" height=\"2874\" srcset=\"https:\/\/xinshengmanufacture.com\/wp-content\/uploads\/2025\/10\/1-11.jpg 1069w, https:\/\/xinshengmanufacture.com\/wp-content\/uploads\/2025\/10\/1-11-125x300.jpg 125w, https:\/\/xinshengmanufacture.com\/wp-content\/uploads\/2025\/10\/1-11-428x1024.jpg 428w, https:\/\/xinshengmanufacture.com\/wp-content\/uploads\/2025\/10\/1-11-768x1839.jpg 768w, https:\/\/xinshengmanufacture.com\/wp-content\/uploads\/2025\/10\/1-11-641x1536.jpg 641w, https:\/\/xinshengmanufacture.com\/wp-content\/uploads\/2025\/10\/1-11-855x2048.jpg 855w, https:\/\/xinshengmanufacture.com\/wp-content\/uploads\/2025\/10\/1-11-600x1437.jpg 600w\" sizes=\"(max-width: 1200px) 100vw, 1200px\" \/> <img loading=\"lazy\" decoding=\"async\" class=\"size-full wp-image-77388 aligncenter\" src=\"https:\/\/xinshengmanufacture.com\/wp-content\/uploads\/2025\/10\/1-12.jpg\" alt=\"\" width=\"1200\" height=\"2410\" srcset=\"https:\/\/xinshengmanufacture.com\/wp-content\/uploads\/2025\/10\/1-12.jpg 1200w, https:\/\/xinshengmanufacture.com\/wp-content\/uploads\/2025\/10\/1-12-149x300.jpg 149w, https:\/\/xinshengmanufacture.com\/wp-content\/uploads\/2025\/10\/1-12-510x1024.jpg 510w, https:\/\/xinshengmanufacture.com\/wp-content\/uploads\/2025\/10\/1-12-768x1542.jpg 768w, https:\/\/xinshengmanufacture.com\/wp-content\/uploads\/2025\/10\/1-12-765x1536.jpg 765w, https:\/\/xinshengmanufacture.com\/wp-content\/uploads\/2025\/10\/1-12-1020x2048.jpg 1020w, https:\/\/xinshengmanufacture.com\/wp-content\/uploads\/2025\/10\/1-12-600x1205.jpg 600w\" sizes=\"(max-width: 1200px) 100vw, 1200px\" \/> <img loading=\"lazy\" decoding=\"async\" class=\"size-full wp-image-77400 aligncenter\" src=\"https:\/\/xinshengmanufacture.com\/wp-content\/uploads\/2025\/10\/1-2.jpg\" alt=\"\" width=\"1200\" height=\"2115\" srcset=\"https:\/\/xinshengmanufacture.com\/wp-content\/uploads\/2025\/10\/1-2.jpg 1200w, https:\/\/xinshengmanufacture.com\/wp-content\/uploads\/2025\/10\/1-2-170x300.jpg 170w, https:\/\/xinshengmanufacture.com\/wp-content\/uploads\/2025\/10\/1-2-581x1024.jpg 581w, https:\/\/xinshengmanufacture.com\/wp-content\/uploads\/2025\/10\/1-2-768x1354.jpg 768w, https:\/\/xinshengmanufacture.com\/wp-content\/uploads\/2025\/10\/1-2-871x1536.jpg 871w, https:\/\/xinshengmanufacture.com\/wp-content\/uploads\/2025\/10\/1-2-1162x2048.jpg 1162w, https:\/\/xinshengmanufacture.com\/wp-content\/uploads\/2025\/10\/1-2-600x1058.jpg 600w\" sizes=\"(max-width: 1200px) 100vw, 1200px\" \/> <img loading=\"lazy\" decoding=\"async\" class=\"size-full wp-image-77412 aligncenter\" src=\"https:\/\/xinshengmanufacture.com\/wp-content\/uploads\/2025\/10\/1-3.jpg\" alt=\"\" width=\"1200\" height=\"1836\" srcset=\"https:\/\/xinshengmanufacture.com\/wp-content\/uploads\/2025\/10\/1-3.jpg 1200w, https:\/\/xinshengmanufacture.com\/wp-content\/uploads\/2025\/10\/1-3-196x300.jpg 196w, https:\/\/xinshengmanufacture.com\/wp-content\/uploads\/2025\/10\/1-3-669x1024.jpg 669w, https:\/\/xinshengmanufacture.com\/wp-content\/uploads\/2025\/10\/1-3-768x1175.jpg 768w, https:\/\/xinshengmanufacture.com\/wp-content\/uploads\/2025\/10\/1-3-1004x1536.jpg 1004w, https:\/\/xinshengmanufacture.com\/wp-content\/uploads\/2025\/10\/1-3-600x918.jpg 600w\" sizes=\"(max-width: 1200px) 100vw, 1200px\" \/> <img loading=\"lazy\" decoding=\"async\" class=\"size-full wp-image-77424 aligncenter\" src=\"https:\/\/xinshengmanufacture.com\/wp-content\/uploads\/2025\/10\/1-4.jpg\" alt=\"\" width=\"1200\" height=\"2075\" srcset=\"https:\/\/xinshengmanufacture.com\/wp-content\/uploads\/2025\/10\/1-4.jpg 1200w, https:\/\/xinshengmanufacture.com\/wp-content\/uploads\/2025\/10\/1-4-173x300.jpg 173w, https:\/\/xinshengmanufacture.com\/wp-content\/uploads\/2025\/10\/1-4-592x1024.jpg 592w, https:\/\/xinshengmanufacture.com\/wp-content\/uploads\/2025\/10\/1-4-768x1328.jpg 768w, https:\/\/xinshengmanufacture.com\/wp-content\/uploads\/2025\/10\/1-4-888x1536.jpg 888w, https:\/\/xinshengmanufacture.com\/wp-content\/uploads\/2025\/10\/1-4-1184x2048.jpg 1184w, https:\/\/xinshengmanufacture.com\/wp-content\/uploads\/2025\/10\/1-4-600x1038.jpg 600w\" sizes=\"(max-width: 1200px) 100vw, 1200px\" \/> <img loading=\"lazy\" decoding=\"async\" class=\"aligncenter wp-image-77436\" src=\"https:\/\/xinshengmanufacture.com\/wp-content\/uploads\/2025\/10\/1-5.jpg\" alt=\"\" width=\"1200\" height=\"2648\" srcset=\"https:\/\/xinshengmanufacture.com\/wp-content\/uploads\/2025\/10\/1-5.jpg 1160w, https:\/\/xinshengmanufacture.com\/wp-content\/uploads\/2025\/10\/1-5-136x300.jpg 136w, https:\/\/xinshengmanufacture.com\/wp-content\/uploads\/2025\/10\/1-5-464x1024.jpg 464w, https:\/\/xinshengmanufacture.com\/wp-content\/uploads\/2025\/10\/1-5-768x1695.jpg 768w, https:\/\/xinshengmanufacture.com\/wp-content\/uploads\/2025\/10\/1-5-696x1536.jpg 696w, https:\/\/xinshengmanufacture.com\/wp-content\/uploads\/2025\/10\/1-5-928x2048.jpg 928w, https:\/\/xinshengmanufacture.com\/wp-content\/uploads\/2025\/10\/1-5-600x1324.jpg 600w\" sizes=\"(max-width: 1200px) 100vw, 1200px\" \/> <img loading=\"lazy\" decoding=\"async\" class=\"size-full wp-image-77448 aligncenter\" src=\"https:\/\/xinshengmanufacture.com\/wp-content\/uploads\/2025\/10\/1-6.jpg\" alt=\"\" width=\"1200\" height=\"2082\" srcset=\"https:\/\/xinshengmanufacture.com\/wp-content\/uploads\/2025\/10\/1-6.jpg 1200w, https:\/\/xinshengmanufacture.com\/wp-content\/uploads\/2025\/10\/1-6-173x300.jpg 173w, https:\/\/xinshengmanufacture.com\/wp-content\/uploads\/2025\/10\/1-6-590x1024.jpg 590w, https:\/\/xinshengmanufacture.com\/wp-content\/uploads\/2025\/10\/1-6-768x1332.jpg 768w, https:\/\/xinshengmanufacture.com\/wp-content\/uploads\/2025\/10\/1-6-885x1536.jpg 885w, https:\/\/xinshengmanufacture.com\/wp-content\/uploads\/2025\/10\/1-6-1180x2048.jpg 1180w, https:\/\/xinshengmanufacture.com\/wp-content\/uploads\/2025\/10\/1-6-600x1041.jpg 600w\" sizes=\"(max-width: 1200px) 100vw, 1200px\" \/> <img loading=\"lazy\" decoding=\"async\" class=\"size-full wp-image-77460 aligncenter\" src=\"https:\/\/xinshengmanufacture.com\/wp-content\/uploads\/2025\/10\/1-7.jpg\" alt=\"\" width=\"1200\" height=\"2124\" srcset=\"https:\/\/xinshengmanufacture.com\/wp-content\/uploads\/2025\/10\/1-7.jpg 1200w, https:\/\/xinshengmanufacture.com\/wp-content\/uploads\/2025\/10\/1-7-169x300.jpg 169w, https:\/\/xinshengmanufacture.com\/wp-content\/uploads\/2025\/10\/1-7-579x1024.jpg 579w, https:\/\/xinshengmanufacture.com\/wp-content\/uploads\/2025\/10\/1-7-768x1359.jpg 768w, https:\/\/xinshengmanufacture.com\/wp-content\/uploads\/2025\/10\/1-7-868x1536.jpg 868w, https:\/\/xinshengmanufacture.com\/wp-content\/uploads\/2025\/10\/1-7-1157x2048.jpg 1157w, https:\/\/xinshengmanufacture.com\/wp-content\/uploads\/2025\/10\/1-7-600x1062.jpg 600w\" sizes=\"(max-width: 1200px) 100vw, 1200px\" \/> <img loading=\"lazy\" decoding=\"async\" class=\"size-full wp-image-77472 aligncenter\" src=\"https:\/\/xinshengmanufacture.com\/wp-content\/uploads\/2025\/10\/1-8.jpg\" alt=\"\" width=\"1200\" height=\"2014\" srcset=\"https:\/\/xinshengmanufacture.com\/wp-content\/uploads\/2025\/10\/1-8.jpg 1200w, https:\/\/xinshengmanufacture.com\/wp-content\/uploads\/2025\/10\/1-8-179x300.jpg 179w, https:\/\/xinshengmanufacture.com\/wp-content\/uploads\/2025\/10\/1-8-610x1024.jpg 610w, https:\/\/xinshengmanufacture.com\/wp-content\/uploads\/2025\/10\/1-8-768x1289.jpg 768w, https:\/\/xinshengmanufacture.com\/wp-content\/uploads\/2025\/10\/1-8-915x1536.jpg 915w, https:\/\/xinshengmanufacture.com\/wp-content\/uploads\/2025\/10\/1-8-600x1007.jpg 600w\" sizes=\"(max-width: 1200px) 100vw, 1200px\" \/> <img loading=\"lazy\" decoding=\"async\" class=\"size-full wp-image-77484 aligncenter\" src=\"https:\/\/xinshengmanufacture.com\/wp-content\/uploads\/2025\/10\/1-9.jpg\" alt=\"\" width=\"1200\" height=\"2365\" srcset=\"https:\/\/xinshengmanufacture.com\/wp-content\/uploads\/2025\/10\/1-9.jpg 1200w, https:\/\/xinshengmanufacture.com\/wp-content\/uploads\/2025\/10\/1-9-152x300.jpg 152w, https:\/\/xinshengmanufacture.com\/wp-content\/uploads\/2025\/10\/1-9-520x1024.jpg 520w, https:\/\/xinshengmanufacture.com\/wp-content\/uploads\/2025\/10\/1-9-768x1514.jpg 768w, https:\/\/xinshengmanufacture.com\/wp-content\/uploads\/2025\/10\/1-9-779x1536.jpg 779w, https:\/\/xinshengmanufacture.com\/wp-content\/uploads\/2025\/10\/1-9-1039x2048.jpg 1039w, https:\/\/xinshengmanufacture.com\/wp-content\/uploads\/2025\/10\/1-9-600x1183.jpg 600w\" sizes=\"(max-width: 1200px) 100vw, 1200px\" \/><\/p>\n<div id=\"gtx-trans\" style=\"position: absolute; left: 680px; top: 35px;\">\n<div class=\"gtx-trans-icon\"><\/div>\n<\/div>\n","protected":false},"excerpt":{"rendered":"<p>Le fauteuil de massage et de p\u00e9dicure intelligent multifonctionnel peut \u00eatre utilis\u00e9 dans les salons de coiffure, les centres de spa, les centres de massage, les centres de bains de pieds, etc.<\/p>\n","protected":false},"featured_media":77558,"template":"","meta":{"_bst_post_transparent":"","_bst_post_title":"","_bst_post_layout":"","_bst_post_sidebar_id":"","_bst_post_content_style":"","_bst_post_vertical_padding":"","_bst_post_feature":"","_bst_post_feature_position":"","_bst_post_header":false,"_bst_post_footer":false},"product_brand":[1081],"product_cat":[821],"product_tag":[],"class_list":{"0":"post-77883","1":"product","2":"type-product","3":"status-publish","4":"has-post-thumbnail","6":"product_brand-xinsheng-fr","7":"product_cat-fauteuil-de-pedicure-footbath","8":"pa_color-blanc","9":"pa_color-blanc-casse","10":"pa_color-couleurs-personnalisees","11":"pa_size-130cm90cm140cm-fr","13":"first","14":"instock","15":"sale","16":"shipping-taxable","17":"purchasable","18":"product-type-variable","19":"entry","20":"content-bg","21":"loop-entry"},"_links":{"self":[{"href":"https:\/\/xinshengmanufacture.com\/fr\/wp-json\/wp\/v2\/product\/77883","targetHints":{"allow":["GET"]}}],"collection":[{"href":"https:\/\/xinshengmanufacture.com\/fr\/wp-json\/wp\/v2\/product"}],"about":[{"href":"https:\/\/xinshengmanufacture.com\/fr\/wp-json\/wp\/v2\/types\/product"}],"version-history":[{"count":0,"href":"https:\/\/xinshengmanufacture.com\/fr\/wp-json\/wp\/v2\/product\/77883\/revisions"}],"wp:featuredmedia":[{"embeddable":true,"href":"https:\/\/xinshengmanufacture.com\/fr\/wp-json\/wp\/v2\/media\/77558"}],"wp:attachment":[{"href":"https:\/\/xinshengmanufacture.com\/fr\/wp-json\/wp\/v2\/media?parent=77883"}],"wp:term":[{"taxonomy":"product_brand","embeddable":true,"href":"https:\/\/xinshengmanufacture.com\/fr\/wp-json\/wp\/v2\/product_brand?post=77883"},{"taxonomy":"product_cat","embeddable":true,"href":"https:\/\/xinshengmanufacture.com\/fr\/wp-json\/wp\/v2\/product_cat?post=77883"},{"taxonomy":"product_tag","embeddable":true,"href":"https:\/\/xinshengmanufacture.com\/fr\/wp-json\/wp\/v2\/product_tag?post=77883"}],"curies":[{"name":"wp","href":"https:\/\/api.w.org\/{rel}","templated":true}]}}