{"id":77908,"date":"2025-10-08T03:00:47","date_gmt":"2025-10-08T03:00:47","guid":{"rendered":"https:\/\/xinshengmanufacture.com\/\u4ea7\u54c1\/bac-a-shampoing-mobile-portable-mobilier-de-salon-de-beaute-bac-a-shampoing-avec-circulation-deau-fonction-de-fumigation-sans-tuyau-deau-bac-a-shampoing-fabricant-de-mobilier-de-salon-de-beaute\/"},"modified":"2025-10-08T03:00:47","modified_gmt":"2025-10-08T03:00:47","slug":"bac-a-shampoing-mobile-portable-mobilier-de-salon-de-beaute-bac-a-shampoing-avec-circulation-deau-fonction-de-fumigation-sans-tuyau-deau-bac-a-shampoing-fabricant-de-mobilier-de-salon-de-beaute","status":"publish","type":"product","link":"https:\/\/xinshengmanufacture.com\/fr\/product\/bac-a-shampoing-mobile-portable-mobilier-de-salon-de-beaute-bac-a-shampoing-avec-circulation-deau-fonction-de-fumigation-sans-tuyau-deau-bac-a-shampoing-fabricant-de-mobilier-de-salon-de-beaute\/","title":{"rendered":"Bac \u00e0 shampoing mobile portable mobilier de salon de beaut\u00e9 bac \u00e0 shampoing avec circulation d&rsquo;eau fonction de fumigation sans tuyau d&rsquo;eau bac \u00e0 shampoing Fabricant de mobilier de salon de beaut\u00e9"},"content":{"rendered":"<div class=\"wp-playlist wp-video-playlist wp-playlist-light\">\n\t\t<video controls=\"controls\" preload=\"none\" width=\"1408\"\n\t\t height=\"2503\"\t><\/video>\n\t<div class=\"wp-playlist-next\"><\/div>\n\t<div class=\"wp-playlist-prev\"><\/div>\n\t<noscript>\n\t<ol>\n\t\t<li><a href='https:\/\/xinshengmanufacture.com\/wp-content\/uploads\/2025\/10\/\u5fae\u4fe1\u89c6\u98912025-08-15_173648_565.mp4'>\u5fae\u4fe1\u89c6\u98912025-08-15_173648_565<\/a><\/li>\t<\/ol>\n\t<\/noscript>\n\t<script type=\"application\/json\" class=\"wp-playlist-script\">{\"type\":\"video\",\"tracklist\":false,\"tracknumbers\":true,\"images\":true,\"artists\":true,\"tracks\":[{\"src\":\"https:\/\/xinshengmanufacture.com\/wp-content\/uploads\/2025\/10\/\\u5fae\\u4fe1\\u89c6\\u98912025-08-15_173648_565.mp4\",\"type\":\"video\/mp4\",\"title\":\"\\u5fae\\u4fe1\\u89c6\\u98912025-08-15_173648_565\",\"caption\":\"\",\"description\":\"\",\"meta\":{\"length_formatted\":\"0:45\"},\"dimensions\":{\"original\":{\"width\":1080,\"height\":1920},\"resized\":{\"width\":1408,\"height\":2503}},\"image\":{\"src\":\"https:\/\/xinshengmanufacture.com\/wp-includes\/images\/media\/video.svg\",\"width\":48,\"height\":64},\"thumb\":{\"src\":\"https:\/\/xinshengmanufacture.com\/wp-includes\/images\/media\/video.svg\",\"width\":48,\"height\":64}}]}<\/script>\n<\/div>\n\t\n<p style=\"text-align: center;\"><img fetchpriority=\"high\" decoding=\"async\" class=\"size-full wp-image-77132 aligncenter\" src=\"https:\/\/xinshengmanufacture.com\/wp-content\/uploads\/2025\/10\/1_01.jpg\" alt=\"\" width=\"1200\" height=\"1819\" srcset=\"https:\/\/xinshengmanufacture.com\/wp-content\/uploads\/2025\/10\/1_01.jpg 1200w, https:\/\/xinshengmanufacture.com\/wp-content\/uploads\/2025\/10\/1_01-198x300.jpg 198w, https:\/\/xinshengmanufacture.com\/wp-content\/uploads\/2025\/10\/1_01-676x1024.jpg 676w, https:\/\/xinshengmanufacture.com\/wp-content\/uploads\/2025\/10\/1_01-768x1164.jpg 768w, https:\/\/xinshengmanufacture.com\/wp-content\/uploads\/2025\/10\/1_01-1013x1536.jpg 1013w, https:\/\/xinshengmanufacture.com\/wp-content\/uploads\/2025\/10\/1_01-600x910.jpg 600w\" sizes=\"(max-width: 1200px) 100vw, 1200px\" \/> <img decoding=\"async\" class=\"size-full wp-image-77144 aligncenter\" src=\"https:\/\/xinshengmanufacture.com\/wp-content\/uploads\/2025\/10\/1_02.jpg\" alt=\"\" width=\"1200\" height=\"2009\" srcset=\"https:\/\/xinshengmanufacture.com\/wp-content\/uploads\/2025\/10\/1_02.jpg 1200w, https:\/\/xinshengmanufacture.com\/wp-content\/uploads\/2025\/10\/1_02-179x300.jpg 179w, https:\/\/xinshengmanufacture.com\/wp-content\/uploads\/2025\/10\/1_02-612x1024.jpg 612w, https:\/\/xinshengmanufacture.com\/wp-content\/uploads\/2025\/10\/1_02-768x1286.jpg 768w, https:\/\/xinshengmanufacture.com\/wp-content\/uploads\/2025\/10\/1_02-917x1536.jpg 917w, https:\/\/xinshengmanufacture.com\/wp-content\/uploads\/2025\/10\/1_02-600x1005.jpg 600w\" sizes=\"(max-width: 1200px) 100vw, 1200px\" \/> <img decoding=\"async\" class=\"size-full wp-image-77156 aligncenter\" src=\"https:\/\/xinshengmanufacture.com\/wp-content\/uploads\/2025\/10\/1_03.jpg\" alt=\"\" width=\"1200\" height=\"2103\" srcset=\"https:\/\/xinshengmanufacture.com\/wp-content\/uploads\/2025\/10\/1_03.jpg 1200w, https:\/\/xinshengmanufacture.com\/wp-content\/uploads\/2025\/10\/1_03-171x300.jpg 171w, https:\/\/xinshengmanufacture.com\/wp-content\/uploads\/2025\/10\/1_03-584x1024.jpg 584w, https:\/\/xinshengmanufacture.com\/wp-content\/uploads\/2025\/10\/1_03-768x1346.jpg 768w, https:\/\/xinshengmanufacture.com\/wp-content\/uploads\/2025\/10\/1_03-876x1536.jpg 876w, https:\/\/xinshengmanufacture.com\/wp-content\/uploads\/2025\/10\/1_03-1169x2048.jpg 1169w, https:\/\/xinshengmanufacture.com\/wp-content\/uploads\/2025\/10\/1_03-600x1052.jpg 600w\" sizes=\"(max-width: 1200px) 100vw, 1200px\" \/> <img loading=\"lazy\" decoding=\"async\" class=\"size-full wp-image-77168 aligncenter\" src=\"https:\/\/xinshengmanufacture.com\/wp-content\/uploads\/2025\/10\/1_04.jpg\" alt=\"\" width=\"1200\" height=\"2404\" srcset=\"https:\/\/xinshengmanufacture.com\/wp-content\/uploads\/2025\/10\/1_04.jpg 1200w, https:\/\/xinshengmanufacture.com\/wp-content\/uploads\/2025\/10\/1_04-150x300.jpg 150w, https:\/\/xinshengmanufacture.com\/wp-content\/uploads\/2025\/10\/1_04-511x1024.jpg 511w, https:\/\/xinshengmanufacture.com\/wp-content\/uploads\/2025\/10\/1_04-768x1539.jpg 768w, https:\/\/xinshengmanufacture.com\/wp-content\/uploads\/2025\/10\/1_04-767x1536.jpg 767w, https:\/\/xinshengmanufacture.com\/wp-content\/uploads\/2025\/10\/1_04-1022x2048.jpg 1022w, https:\/\/xinshengmanufacture.com\/wp-content\/uploads\/2025\/10\/1_04-600x1202.jpg 600w\" sizes=\"(max-width: 1200px) 100vw, 1200px\" \/> <img loading=\"lazy\" decoding=\"async\" class=\"size-full wp-image-77180 aligncenter\" src=\"https:\/\/xinshengmanufacture.com\/wp-content\/uploads\/2025\/10\/1_05.jpg\" alt=\"\" width=\"1200\" height=\"1797\" srcset=\"https:\/\/xinshengmanufacture.com\/wp-content\/uploads\/2025\/10\/1_05.jpg 1200w, https:\/\/xinshengmanufacture.com\/wp-content\/uploads\/2025\/10\/1_05-200x300.jpg 200w, https:\/\/xinshengmanufacture.com\/wp-content\/uploads\/2025\/10\/1_05-684x1024.jpg 684w, https:\/\/xinshengmanufacture.com\/wp-content\/uploads\/2025\/10\/1_05-768x1150.jpg 768w, https:\/\/xinshengmanufacture.com\/wp-content\/uploads\/2025\/10\/1_05-1026x1536.jpg 1026w, https:\/\/xinshengmanufacture.com\/wp-content\/uploads\/2025\/10\/1_05-600x899.jpg 600w\" sizes=\"(max-width: 1200px) 100vw, 1200px\" \/> <img loading=\"lazy\" decoding=\"async\" class=\"size-full wp-image-77192 aligncenter\" src=\"https:\/\/xinshengmanufacture.com\/wp-content\/uploads\/2025\/10\/1_06.jpg\" alt=\"\" width=\"1200\" height=\"1957\" srcset=\"https:\/\/xinshengmanufacture.com\/wp-content\/uploads\/2025\/10\/1_06.jpg 1200w, https:\/\/xinshengmanufacture.com\/wp-content\/uploads\/2025\/10\/1_06-184x300.jpg 184w, https:\/\/xinshengmanufacture.com\/wp-content\/uploads\/2025\/10\/1_06-628x1024.jpg 628w, https:\/\/xinshengmanufacture.com\/wp-content\/uploads\/2025\/10\/1_06-768x1252.jpg 768w, https:\/\/xinshengmanufacture.com\/wp-content\/uploads\/2025\/10\/1_06-942x1536.jpg 942w, https:\/\/xinshengmanufacture.com\/wp-content\/uploads\/2025\/10\/1_06-600x979.jpg 600w\" sizes=\"(max-width: 1200px) 100vw, 1200px\" \/> <img loading=\"lazy\" decoding=\"async\" class=\"size-full wp-image-77204 aligncenter\" src=\"https:\/\/xinshengmanufacture.com\/wp-content\/uploads\/2025\/10\/1_07.jpg\" alt=\"\" width=\"1200\" height=\"1733\" srcset=\"https:\/\/xinshengmanufacture.com\/wp-content\/uploads\/2025\/10\/1_07.jpg 1200w, https:\/\/xinshengmanufacture.com\/wp-content\/uploads\/2025\/10\/1_07-208x300.jpg 208w, https:\/\/xinshengmanufacture.com\/wp-content\/uploads\/2025\/10\/1_07-709x1024.jpg 709w, https:\/\/xinshengmanufacture.com\/wp-content\/uploads\/2025\/10\/1_07-768x1109.jpg 768w, https:\/\/xinshengmanufacture.com\/wp-content\/uploads\/2025\/10\/1_07-1064x1536.jpg 1064w, https:\/\/xinshengmanufacture.com\/wp-content\/uploads\/2025\/10\/1_07-600x867.jpg 600w\" sizes=\"(max-width: 1200px) 100vw, 1200px\" \/> <img loading=\"lazy\" decoding=\"async\" class=\"size-full wp-image-77216 aligncenter\" src=\"https:\/\/xinshengmanufacture.com\/wp-content\/uploads\/2025\/10\/1_08.jpg\" alt=\"\" width=\"1200\" height=\"1797\" srcset=\"https:\/\/xinshengmanufacture.com\/wp-content\/uploads\/2025\/10\/1_08.jpg 1200w, https:\/\/xinshengmanufacture.com\/wp-content\/uploads\/2025\/10\/1_08-200x300.jpg 200w, https:\/\/xinshengmanufacture.com\/wp-content\/uploads\/2025\/10\/1_08-684x1024.jpg 684w, https:\/\/xinshengmanufacture.com\/wp-content\/uploads\/2025\/10\/1_08-768x1150.jpg 768w, https:\/\/xinshengmanufacture.com\/wp-content\/uploads\/2025\/10\/1_08-1026x1536.jpg 1026w, https:\/\/xinshengmanufacture.com\/wp-content\/uploads\/2025\/10\/1_08-600x899.jpg 600w\" sizes=\"(max-width: 1200px) 100vw, 1200px\" \/> <img loading=\"lazy\" decoding=\"async\" class=\"size-full wp-image-77228 aligncenter\" src=\"https:\/\/xinshengmanufacture.com\/wp-content\/uploads\/2025\/10\/1_09.jpg\" alt=\"\" width=\"1200\" height=\"1437\" srcset=\"https:\/\/xinshengmanufacture.com\/wp-content\/uploads\/2025\/10\/1_09.jpg 1200w, https:\/\/xinshengmanufacture.com\/wp-content\/uploads\/2025\/10\/1_09-251x300.jpg 251w, https:\/\/xinshengmanufacture.com\/wp-content\/uploads\/2025\/10\/1_09-855x1024.jpg 855w, https:\/\/xinshengmanufacture.com\/wp-content\/uploads\/2025\/10\/1_09-768x920.jpg 768w, https:\/\/xinshengmanufacture.com\/wp-content\/uploads\/2025\/10\/1_09-600x719.jpg 600w\" sizes=\"(max-width: 1200px) 100vw, 1200px\" \/> <img loading=\"lazy\" decoding=\"async\" class=\"size-full wp-image-77240 aligncenter\" src=\"https:\/\/xinshengmanufacture.com\/wp-content\/uploads\/2025\/10\/1_10.jpg\" alt=\"\" width=\"1157\" height=\"2560\" srcset=\"https:\/\/xinshengmanufacture.com\/wp-content\/uploads\/2025\/10\/1_10.jpg 1157w, https:\/\/xinshengmanufacture.com\/wp-content\/uploads\/2025\/10\/1_10-136x300.jpg 136w, https:\/\/xinshengmanufacture.com\/wp-content\/uploads\/2025\/10\/1_10-463x1024.jpg 463w, https:\/\/xinshengmanufacture.com\/wp-content\/uploads\/2025\/10\/1_10-768x1699.jpg 768w, https:\/\/xinshengmanufacture.com\/wp-content\/uploads\/2025\/10\/1_10-694x1536.jpg 694w, https:\/\/xinshengmanufacture.com\/wp-content\/uploads\/2025\/10\/1_10-926x2048.jpg 926w, https:\/\/xinshengmanufacture.com\/wp-content\/uploads\/2025\/10\/1_10-600x1328.jpg 600w\" sizes=\"(max-width: 1157px) 100vw, 1157px\" \/> <img loading=\"lazy\" decoding=\"async\" class=\"size-full wp-image-77252 aligncenter\" src=\"https:\/\/xinshengmanufacture.com\/wp-content\/uploads\/2025\/10\/1_11.jpg\" alt=\"\" width=\"1200\" height=\"2213\" srcset=\"https:\/\/xinshengmanufacture.com\/wp-content\/uploads\/2025\/10\/1_11.jpg 1200w, https:\/\/xinshengmanufacture.com\/wp-content\/uploads\/2025\/10\/1_11-163x300.jpg 163w, https:\/\/xinshengmanufacture.com\/wp-content\/uploads\/2025\/10\/1_11-555x1024.jpg 555w, https:\/\/xinshengmanufacture.com\/wp-content\/uploads\/2025\/10\/1_11-768x1416.jpg 768w, https:\/\/xinshengmanufacture.com\/wp-content\/uploads\/2025\/10\/1_11-833x1536.jpg 833w, https:\/\/xinshengmanufacture.com\/wp-content\/uploads\/2025\/10\/1_11-1111x2048.jpg 1111w, https:\/\/xinshengmanufacture.com\/wp-content\/uploads\/2025\/10\/1_11-600x1107.jpg 600w\" sizes=\"(max-width: 1200px) 100vw, 1200px\" \/><\/p>\n","protected":false},"excerpt":{"rendered":"<p>Le bac \u00e0 shampoing mobile portable peut \u00eatre install\u00e9 sur notre lit \u00e0 shampoing ou notre lit \u00e0 shampoing de massage, il peut \u00e9galement \u00eatre utilis\u00e9 seul, il convient aux salons de coiffure, il est tr\u00e8s pratique et commode.<\/p>\n","protected":false},"featured_media":77338,"template":"","meta":{"_bst_post_transparent":"","_bst_post_title":"","_bst_post_layout":"","_bst_post_sidebar_id":"","_bst_post_content_style":"","_bst_post_vertical_padding":"","_bst_post_feature":"","_bst_post_feature_position":"","_bst_post_header":false,"_bst_post_footer":false},"product_brand":[1081],"product_cat":[919],"product_tag":[],"class_list":{"0":"post-77908","1":"product","2":"type-product","3":"status-publish","4":"has-post-thumbnail","6":"product_brand-xinsheng-fr","7":"product_cat-bac-a-shampoing-portable","8":"pa_color-blanc","9":"pa_color-couleurs-personnalisees","10":"pa_size-64cm55cm61cm-fr","12":"first","13":"instock","14":"sale","15":"shipping-taxable","16":"purchasable","17":"product-type-variable","18":"entry","19":"content-bg","20":"loop-entry"},"_links":{"self":[{"href":"https:\/\/xinshengmanufacture.com\/fr\/wp-json\/wp\/v2\/product\/77908","targetHints":{"allow":["GET"]}}],"collection":[{"href":"https:\/\/xinshengmanufacture.com\/fr\/wp-json\/wp\/v2\/product"}],"about":[{"href":"https:\/\/xinshengmanufacture.com\/fr\/wp-json\/wp\/v2\/types\/product"}],"version-history":[{"count":0,"href":"https:\/\/xinshengmanufacture.com\/fr\/wp-json\/wp\/v2\/product\/77908\/revisions"}],"wp:featuredmedia":[{"embeddable":true,"href":"https:\/\/xinshengmanufacture.com\/fr\/wp-json\/wp\/v2\/media\/77338"}],"wp:attachment":[{"href":"https:\/\/xinshengmanufacture.com\/fr\/wp-json\/wp\/v2\/media?parent=77908"}],"wp:term":[{"taxonomy":"product_brand","embeddable":true,"href":"https:\/\/xinshengmanufacture.com\/fr\/wp-json\/wp\/v2\/product_brand?post=77908"},{"taxonomy":"product_cat","embeddable":true,"href":"https:\/\/xinshengmanufacture.com\/fr\/wp-json\/wp\/v2\/product_cat?post=77908"},{"taxonomy":"product_tag","embeddable":true,"href":"https:\/\/xinshengmanufacture.com\/fr\/wp-json\/wp\/v2\/product_tag?post=77908"}],"curies":[{"name":"wp","href":"https:\/\/api.w.org\/{rel}","templated":true}]}}