{"id":78517,"date":"2025-10-09T08:39:13","date_gmt":"2025-10-09T08:39:13","guid":{"rendered":"https:\/\/xinshengmanufacture.com\/\u4ea7\u54c1\/fauteuil-de-pedicure-simple-et-elegant-equipement-de-salon-de-spa-centre-de-pedicure-fauteuil-de-pedicure-manucure-fauteuil-de-pedicure-salon-de-coiffure-fabricant-de-mobilier-de-salon-de-coiffure\/"},"modified":"2025-10-09T08:39:13","modified_gmt":"2025-10-09T08:39:13","slug":"fauteuil-de-pedicure-simple-et-elegant-equipement-de-salon-de-spa-centre-de-pedicure-fauteuil-de-pedicure-manucure-fauteuil-de-pedicure-salon-de-coiffure-fabricant-de-mobilier-de-salon-de-coiffure","status":"publish","type":"product","link":"https:\/\/xinshengmanufacture.com\/fr\/product\/fauteuil-de-pedicure-simple-et-elegant-equipement-de-salon-de-spa-centre-de-pedicure-fauteuil-de-pedicure-manucure-fauteuil-de-pedicure-salon-de-coiffure-fabricant-de-mobilier-de-salon-de-coiffure\/","title":{"rendered":"Fauteuil de p\u00e9dicure simple et \u00e9l\u00e9gant \u00e9quipement de salon de spa centre de p\u00e9dicure fauteuil de p\u00e9dicure manucure fauteuil de p\u00e9dicure salon de coiffure fabricant de mobilier de salon de coiffure"},"content":{"rendered":"<div class=\"wp-playlist wp-video-playlist wp-playlist-light\">\n\t\t<video controls=\"controls\" preload=\"none\" width=\"1408\"\n\t\t height=\"792\"\t><\/video>\n\t<div class=\"wp-playlist-next\"><\/div>\n\t<div class=\"wp-playlist-prev\"><\/div>\n\t<noscript>\n\t<ol>\n\t\t<li><a href='https:\/\/xinshengmanufacture.com\/wp-content\/uploads\/2025\/10\/7-2.mp4'>7<\/a><\/li>\t<\/ol>\n\t<\/noscript>\n\t<script type=\"application\/json\" class=\"wp-playlist-script\">{\"type\":\"video\",\"tracklist\":false,\"tracknumbers\":true,\"images\":true,\"artists\":true,\"tracks\":[{\"src\":\"https:\/\/xinshengmanufacture.com\/wp-content\/uploads\/2025\/10\/7-2.mp4\",\"type\":\"video\/mp4\",\"title\":\"7\",\"caption\":\"\",\"description\":\"\",\"meta\":{\"length_formatted\":\"0:44\"},\"dimensions\":{\"original\":{\"width\":1920,\"height\":1080},\"resized\":{\"width\":1408,\"height\":792}},\"image\":{\"src\":\"https:\/\/xinshengmanufacture.com\/wp-includes\/images\/media\/video.svg\",\"width\":48,\"height\":64},\"thumb\":{\"src\":\"https:\/\/xinshengmanufacture.com\/wp-includes\/images\/media\/video.svg\",\"width\":48,\"height\":64}}]}<\/script>\n<\/div>\n\t\n<p><img fetchpriority=\"high\" decoding=\"async\" class=\"size-full wp-image-75522 aligncenter\" src=\"https:\/\/xinshengmanufacture.com\/wp-content\/uploads\/2025\/09\/%E8%B6%85%E5%B7%A5%E5%AE%9A%E5%88%B6%E8%8B%B1%E6%96%87_011.jpg\" alt=\"\" width=\"1200\" height=\"1857\"><img decoding=\"async\" class=\"size-full wp-image-75534 aligncenter\" src=\"https:\/\/xinshengmanufacture.com\/wp-content\/uploads\/2025\/09\/%E8%B6%85%E5%B7%A5%E5%AE%9A%E5%88%B6%E8%8B%B1%E6%96%87_021.jpg\" alt=\"\" width=\"1200\" height=\"1054\"><img decoding=\"async\" class=\"size-full wp-image-75546 aligncenter\" src=\"https:\/\/xinshengmanufacture.com\/wp-content\/uploads\/2025\/09\/%E8%B6%85%E5%B7%A5%E5%AE%9A%E5%88%B6%E8%8B%B1%E6%96%87_031.jpg\" alt=\"\" width=\"1200\" height=\"1563\"><img loading=\"lazy\" decoding=\"async\" class=\"size-full wp-image-75558 aligncenter\" src=\"https:\/\/xinshengmanufacture.com\/wp-content\/uploads\/2025\/09\/%E8%B6%85%E5%B7%A5%E5%AE%9A%E5%88%B6%E8%8B%B1%E6%96%87_041.jpg\" alt=\"\" width=\"1200\" height=\"1755\"><img loading=\"lazy\" decoding=\"async\" class=\"size-full wp-image-75570 aligncenter\" src=\"https:\/\/xinshengmanufacture.com\/wp-content\/uploads\/2025\/09\/%E8%B6%85%E5%B7%A5%E5%AE%9A%E5%88%B6%E8%8B%B1%E6%96%87_051.jpg\" alt=\"\" width=\"1200\" height=\"2257\"><img loading=\"lazy\" decoding=\"async\" class=\"size-full wp-image-78248 aligncenter\" src=\"https:\/\/xinshengmanufacture.com\/wp-content\/uploads\/2025\/10\/1_01-2.jpg\" alt=\"\" width=\"1200\" height=\"1801\" srcset=\"https:\/\/xinshengmanufacture.com\/wp-content\/uploads\/2025\/10\/1_01-2.jpg 1200w, https:\/\/xinshengmanufacture.com\/wp-content\/uploads\/2025\/10\/1_01-2-200x300.jpg 200w, https:\/\/xinshengmanufacture.com\/wp-content\/uploads\/2025\/10\/1_01-2-682x1024.jpg 682w, https:\/\/xinshengmanufacture.com\/wp-content\/uploads\/2025\/10\/1_01-2-768x1153.jpg 768w, https:\/\/xinshengmanufacture.com\/wp-content\/uploads\/2025\/10\/1_01-2-1023x1536.jpg 1023w, https:\/\/xinshengmanufacture.com\/wp-content\/uploads\/2025\/10\/1_01-2-600x901.jpg 600w\" sizes=\"(max-width: 1200px) 100vw, 1200px\" \/><img loading=\"lazy\" decoding=\"async\" class=\"size-full wp-image-78260 aligncenter\" src=\"https:\/\/xinshengmanufacture.com\/wp-content\/uploads\/2025\/10\/1_02-2.jpg\" alt=\"\" width=\"1200\" height=\"1508\" srcset=\"https:\/\/xinshengmanufacture.com\/wp-content\/uploads\/2025\/10\/1_02-2.jpg 1200w, https:\/\/xinshengmanufacture.com\/wp-content\/uploads\/2025\/10\/1_02-2-239x300.jpg 239w, https:\/\/xinshengmanufacture.com\/wp-content\/uploads\/2025\/10\/1_02-2-815x1024.jpg 815w, https:\/\/xinshengmanufacture.com\/wp-content\/uploads\/2025\/10\/1_02-2-768x965.jpg 768w, https:\/\/xinshengmanufacture.com\/wp-content\/uploads\/2025\/10\/1_02-2-600x754.jpg 600w\" sizes=\"(max-width: 1200px) 100vw, 1200px\" \/><img loading=\"lazy\" decoding=\"async\" class=\"size-full wp-image-78272 aligncenter\" src=\"https:\/\/xinshengmanufacture.com\/wp-content\/uploads\/2025\/10\/1_03-2.jpg\" alt=\"\" width=\"1200\" height=\"1818\" srcset=\"https:\/\/xinshengmanufacture.com\/wp-content\/uploads\/2025\/10\/1_03-2.jpg 1200w, https:\/\/xinshengmanufacture.com\/wp-content\/uploads\/2025\/10\/1_03-2-198x300.jpg 198w, https:\/\/xinshengmanufacture.com\/wp-content\/uploads\/2025\/10\/1_03-2-676x1024.jpg 676w, https:\/\/xinshengmanufacture.com\/wp-content\/uploads\/2025\/10\/1_03-2-768x1164.jpg 768w, https:\/\/xinshengmanufacture.com\/wp-content\/uploads\/2025\/10\/1_03-2-1014x1536.jpg 1014w, https:\/\/xinshengmanufacture.com\/wp-content\/uploads\/2025\/10\/1_03-2-600x909.jpg 600w\" sizes=\"(max-width: 1200px) 100vw, 1200px\" \/><img loading=\"lazy\" decoding=\"async\" class=\"size-full wp-image-78284 aligncenter\" src=\"https:\/\/xinshengmanufacture.com\/wp-content\/uploads\/2025\/10\/1_04-2.jpg\" alt=\"\" width=\"1200\" height=\"1902\" srcset=\"https:\/\/xinshengmanufacture.com\/wp-content\/uploads\/2025\/10\/1_04-2.jpg 1200w, https:\/\/xinshengmanufacture.com\/wp-content\/uploads\/2025\/10\/1_04-2-189x300.jpg 189w, https:\/\/xinshengmanufacture.com\/wp-content\/uploads\/2025\/10\/1_04-2-646x1024.jpg 646w, https:\/\/xinshengmanufacture.com\/wp-content\/uploads\/2025\/10\/1_04-2-768x1217.jpg 768w, https:\/\/xinshengmanufacture.com\/wp-content\/uploads\/2025\/10\/1_04-2-969x1536.jpg 969w, https:\/\/xinshengmanufacture.com\/wp-content\/uploads\/2025\/10\/1_04-2-600x951.jpg 600w\" sizes=\"(max-width: 1200px) 100vw, 1200px\" \/><img loading=\"lazy\" decoding=\"async\" class=\"size-full wp-image-78296 aligncenter\" src=\"https:\/\/xinshengmanufacture.com\/wp-content\/uploads\/2025\/10\/1_05-2.jpg\" alt=\"\" width=\"1200\" height=\"1490\" srcset=\"https:\/\/xinshengmanufacture.com\/wp-content\/uploads\/2025\/10\/1_05-2.jpg 1200w, https:\/\/xinshengmanufacture.com\/wp-content\/uploads\/2025\/10\/1_05-2-242x300.jpg 242w, https:\/\/xinshengmanufacture.com\/wp-content\/uploads\/2025\/10\/1_05-2-825x1024.jpg 825w, https:\/\/xinshengmanufacture.com\/wp-content\/uploads\/2025\/10\/1_05-2-768x954.jpg 768w, https:\/\/xinshengmanufacture.com\/wp-content\/uploads\/2025\/10\/1_05-2-600x745.jpg 600w\" sizes=\"(max-width: 1200px) 100vw, 1200px\" \/><img loading=\"lazy\" decoding=\"async\" class=\"size-full wp-image-78308 aligncenter\" src=\"https:\/\/xinshengmanufacture.com\/wp-content\/uploads\/2025\/10\/1_06-2.jpg\" alt=\"\" width=\"1200\" height=\"1902\" srcset=\"https:\/\/xinshengmanufacture.com\/wp-content\/uploads\/2025\/10\/1_06-2.jpg 1200w, https:\/\/xinshengmanufacture.com\/wp-content\/uploads\/2025\/10\/1_06-2-189x300.jpg 189w, https:\/\/xinshengmanufacture.com\/wp-content\/uploads\/2025\/10\/1_06-2-646x1024.jpg 646w, https:\/\/xinshengmanufacture.com\/wp-content\/uploads\/2025\/10\/1_06-2-768x1217.jpg 768w, https:\/\/xinshengmanufacture.com\/wp-content\/uploads\/2025\/10\/1_06-2-969x1536.jpg 969w, https:\/\/xinshengmanufacture.com\/wp-content\/uploads\/2025\/10\/1_06-2-600x951.jpg 600w\" sizes=\"(max-width: 1200px) 100vw, 1200px\" \/><img loading=\"lazy\" decoding=\"async\" class=\"size-full wp-image-78320 aligncenter\" src=\"https:\/\/xinshengmanufacture.com\/wp-content\/uploads\/2025\/10\/1_07-2.jpg\" alt=\"\" width=\"1200\" height=\"1454\" srcset=\"https:\/\/xinshengmanufacture.com\/wp-content\/uploads\/2025\/10\/1_07-2.jpg 1200w, https:\/\/xinshengmanufacture.com\/wp-content\/uploads\/2025\/10\/1_07-2-248x300.jpg 248w, https:\/\/xinshengmanufacture.com\/wp-content\/uploads\/2025\/10\/1_07-2-845x1024.jpg 845w, https:\/\/xinshengmanufacture.com\/wp-content\/uploads\/2025\/10\/1_07-2-768x931.jpg 768w, https:\/\/xinshengmanufacture.com\/wp-content\/uploads\/2025\/10\/1_07-2-600x727.jpg 600w\" sizes=\"(max-width: 1200px) 100vw, 1200px\" \/><img loading=\"lazy\" decoding=\"async\" class=\"aligncenter wp-image-78332\" src=\"https:\/\/xinshengmanufacture.com\/wp-content\/uploads\/2025\/10\/1_08-2.jpg\" alt=\"\" width=\"1200\" height=\"2586\" srcset=\"https:\/\/xinshengmanufacture.com\/wp-content\/uploads\/2025\/10\/1_08-2.jpg 1188w, https:\/\/xinshengmanufacture.com\/wp-content\/uploads\/2025\/10\/1_08-2-139x300.jpg 139w, https:\/\/xinshengmanufacture.com\/wp-content\/uploads\/2025\/10\/1_08-2-475x1024.jpg 475w, https:\/\/xinshengmanufacture.com\/wp-content\/uploads\/2025\/10\/1_08-2-768x1655.jpg 768w, https:\/\/xinshengmanufacture.com\/wp-content\/uploads\/2025\/10\/1_08-2-713x1536.jpg 713w, https:\/\/xinshengmanufacture.com\/wp-content\/uploads\/2025\/10\/1_08-2-950x2048.jpg 950w, https:\/\/xinshengmanufacture.com\/wp-content\/uploads\/2025\/10\/1_08-2-600x1293.jpg 600w\" sizes=\"(max-width: 1200px) 100vw, 1200px\" \/><img loading=\"lazy\" decoding=\"async\" class=\"aligncenter wp-image-78344\" src=\"https:\/\/xinshengmanufacture.com\/wp-content\/uploads\/2025\/10\/1_09-2.jpg\" alt=\"\" width=\"1200\" height=\"2829\" srcset=\"https:\/\/xinshengmanufacture.com\/wp-content\/uploads\/2025\/10\/1_09-2.jpg 1086w, https:\/\/xinshengmanufacture.com\/wp-content\/uploads\/2025\/10\/1_09-2-127x300.jpg 127w, https:\/\/xinshengmanufacture.com\/wp-content\/uploads\/2025\/10\/1_09-2-434x1024.jpg 434w, https:\/\/xinshengmanufacture.com\/wp-content\/uploads\/2025\/10\/1_09-2-768x1810.jpg 768w, https:\/\/xinshengmanufacture.com\/wp-content\/uploads\/2025\/10\/1_09-2-652x1536.jpg 652w, https:\/\/xinshengmanufacture.com\/wp-content\/uploads\/2025\/10\/1_09-2-869x2048.jpg 869w, https:\/\/xinshengmanufacture.com\/wp-content\/uploads\/2025\/10\/1_09-2-600x1414.jpg 600w\" sizes=\"(max-width: 1200px) 100vw, 1200px\" \/><img loading=\"lazy\" decoding=\"async\" class=\"size-full wp-image-78356 aligncenter\" src=\"https:\/\/xinshengmanufacture.com\/wp-content\/uploads\/2025\/10\/1_10-2.jpg\" alt=\"\" width=\"1200\" height=\"2470\" srcset=\"https:\/\/xinshengmanufacture.com\/wp-content\/uploads\/2025\/10\/1_10-2.jpg 1200w, https:\/\/xinshengmanufacture.com\/wp-content\/uploads\/2025\/10\/1_10-2-146x300.jpg 146w, https:\/\/xinshengmanufacture.com\/wp-content\/uploads\/2025\/10\/1_10-2-497x1024.jpg 497w, https:\/\/xinshengmanufacture.com\/wp-content\/uploads\/2025\/10\/1_10-2-768x1581.jpg 768w, https:\/\/xinshengmanufacture.com\/wp-content\/uploads\/2025\/10\/1_10-2-746x1536.jpg 746w, https:\/\/xinshengmanufacture.com\/wp-content\/uploads\/2025\/10\/1_10-2-995x2048.jpg 995w, https:\/\/xinshengmanufacture.com\/wp-content\/uploads\/2025\/10\/1_10-2-600x1235.jpg 600w\" sizes=\"(max-width: 1200px) 100vw, 1200px\" \/><\/p>\n<div id=\"gtx-trans\" style=\"position: absolute; left: 760px; top: 35px;\">\n<div class=\"gtx-trans-icon\"><\/div>\n<\/div>\n","protected":false},"excerpt":{"rendered":"<p>Le fauteuil de p\u00e9dicure, simple et \u00e9l\u00e9gant, peut \u00eatre utilis\u00e9 dans les salons, les instituts de beaut\u00e9, les spas, etc. et peut \u00eatre personnalis\u00e9 en fonction des couleurs.<\/p>\n","protected":false},"featured_media":78384,"template":"","meta":{"_bst_post_transparent":"","_bst_post_title":"","_bst_post_layout":"","_bst_post_sidebar_id":"","_bst_post_content_style":"","_bst_post_vertical_padding":"","_bst_post_feature":"","_bst_post_feature_position":"","_bst_post_header":false,"_bst_post_footer":false},"product_brand":[1081],"product_cat":[821],"product_tag":[],"class_list":{"0":"post-78517","1":"product","2":"type-product","3":"status-publish","4":"has-post-thumbnail","6":"product_brand-xinsheng-fr","7":"product_cat-fauteuil-de-pedicure-footbath","8":"pa_color-blanc","9":"pa_color-couleurs-personnalisees","10":"pa_color-rose","11":"pa_size-150cm100cm100cm-fr","13":"first","14":"instock","15":"sale","16":"shipping-taxable","17":"purchasable","18":"product-type-variable","19":"entry","20":"content-bg","21":"loop-entry"},"_links":{"self":[{"href":"https:\/\/xinshengmanufacture.com\/fr\/wp-json\/wp\/v2\/product\/78517","targetHints":{"allow":["GET"]}}],"collection":[{"href":"https:\/\/xinshengmanufacture.com\/fr\/wp-json\/wp\/v2\/product"}],"about":[{"href":"https:\/\/xinshengmanufacture.com\/fr\/wp-json\/wp\/v2\/types\/product"}],"version-history":[{"count":0,"href":"https:\/\/xinshengmanufacture.com\/fr\/wp-json\/wp\/v2\/product\/78517\/revisions"}],"wp:featuredmedia":[{"embeddable":true,"href":"https:\/\/xinshengmanufacture.com\/fr\/wp-json\/wp\/v2\/media\/78384"}],"wp:attachment":[{"href":"https:\/\/xinshengmanufacture.com\/fr\/wp-json\/wp\/v2\/media?parent=78517"}],"wp:term":[{"taxonomy":"product_brand","embeddable":true,"href":"https:\/\/xinshengmanufacture.com\/fr\/wp-json\/wp\/v2\/product_brand?post=78517"},{"taxonomy":"product_cat","embeddable":true,"href":"https:\/\/xinshengmanufacture.com\/fr\/wp-json\/wp\/v2\/product_cat?post=78517"},{"taxonomy":"product_tag","embeddable":true,"href":"https:\/\/xinshengmanufacture.com\/fr\/wp-json\/wp\/v2\/product_tag?post=78517"}],"curies":[{"name":"wp","href":"https:\/\/api.w.org\/{rel}","templated":true}]}}