{"id":78581,"date":"2025-10-09T06:44:39","date_gmt":"2025-10-09T06:44:39","guid":{"rendered":"https:\/\/xinshengmanufacture.com\/\u4ea7\u54c1\/lit-de-shampoing-de-style-thailandais-mobilier-de-salon-lit-de-therapie-de-la-tete-avec-circulation-deau-de-fumigation-equipement-de-salon-de-beaute-lit-de-massage-a-la-mode-et-pratique-centre-de-sp\/"},"modified":"2025-10-09T06:44:39","modified_gmt":"2025-10-09T06:44:39","slug":"lit-de-shampoing-de-style-thailandais-mobilier-de-salon-lit-de-therapie-de-la-tete-avec-circulation-deau-de-fumigation-equipement-de-salon-de-beaute-lit-de-massage-a-la-mode-et-pratique-centre-de-sp","status":"publish","type":"product","link":"https:\/\/xinshengmanufacture.com\/fr\/product\/lit-de-shampoing-de-style-thailandais-mobilier-de-salon-lit-de-therapie-de-la-tete-avec-circulation-deau-de-fumigation-equipement-de-salon-de-beaute-lit-de-massage-a-la-mode-et-pratique-centre-de-sp\/","title":{"rendered":"Lit de shampoing de style tha\u00eflandais Mobilier de salon Lit de th\u00e9rapie de la t\u00eate avec circulation d&rsquo;eau de fumigation \u00c9quipement de salon de beaut\u00e9 Lit de massage \u00e0 la mode et pratique Centre de spa Lit de shampoing de massage Mobilier de salon Fabricant de salon en gros"},"content":{"rendered":"<div class=\"wp-playlist wp-video-playlist wp-playlist-light\">\n\t\t<video controls=\"controls\" preload=\"none\" width=\"1408\"\n\t\t height=\"2503\"\t><\/video>\n\t<div class=\"wp-playlist-next\"><\/div>\n\t<div class=\"wp-playlist-prev\"><\/div>\n\t<noscript>\n\t<ol>\n\t\t<li><a href='https:\/\/xinshengmanufacture.com\/wp-content\/uploads\/2025\/10\/7.mp4'>7<\/a><\/li>\t<\/ol>\n\t<\/noscript>\n\t<script type=\"application\/json\" class=\"wp-playlist-script\">{\"type\":\"video\",\"tracklist\":false,\"tracknumbers\":true,\"images\":true,\"artists\":true,\"tracks\":[{\"src\":\"https:\/\/xinshengmanufacture.com\/wp-content\/uploads\/2025\/10\/7.mp4\",\"type\":\"video\/mp4\",\"title\":\"7\",\"caption\":\"\",\"description\":\"\",\"meta\":{\"length_formatted\":\"0:45\"},\"dimensions\":{\"original\":{\"width\":1080,\"height\":1920},\"resized\":{\"width\":1408,\"height\":2503}},\"image\":{\"src\":\"https:\/\/xinshengmanufacture.com\/wp-includes\/images\/media\/video.svg\",\"width\":48,\"height\":64},\"thumb\":{\"src\":\"https:\/\/xinshengmanufacture.com\/wp-includes\/images\/media\/video.svg\",\"width\":48,\"height\":64}}]}<\/script>\n<\/div>\n\t\n<p style=\"text-align: center;\"><img fetchpriority=\"high\" decoding=\"async\" class=\"size-full wp-image-75522 aligncenter\" src=\"https:\/\/xinshengmanufacture.com\/wp-content\/uploads\/2025\/09\/%E8%B6%85%E5%B7%A5%E5%AE%9A%E5%88%B6%E8%8B%B1%E6%96%87_011.jpg\" alt=\"\" width=\"1200\" height=\"1857\"><img decoding=\"async\" class=\"size-full wp-image-75534 aligncenter\" src=\"https:\/\/xinshengmanufacture.com\/wp-content\/uploads\/2025\/09\/%E8%B6%85%E5%B7%A5%E5%AE%9A%E5%88%B6%E8%8B%B1%E6%96%87_021.jpg\" alt=\"\" width=\"1200\" height=\"1054\"><img decoding=\"async\" class=\"size-full wp-image-75546 aligncenter\" src=\"https:\/\/xinshengmanufacture.com\/wp-content\/uploads\/2025\/09\/%E8%B6%85%E5%B7%A5%E5%AE%9A%E5%88%B6%E8%8B%B1%E6%96%87_031.jpg\" alt=\"\" width=\"1200\" height=\"1563\"><img loading=\"lazy\" decoding=\"async\" class=\"size-full wp-image-75558 aligncenter\" src=\"https:\/\/xinshengmanufacture.com\/wp-content\/uploads\/2025\/09\/%E8%B6%85%E5%B7%A5%E5%AE%9A%E5%88%B6%E8%8B%B1%E6%96%87_041.jpg\" alt=\"\" width=\"1200\" height=\"1755\"><img loading=\"lazy\" decoding=\"async\" class=\"size-full wp-image-75570 aligncenter\" src=\"https:\/\/xinshengmanufacture.com\/wp-content\/uploads\/2025\/09\/%E8%B6%85%E5%B7%A5%E5%AE%9A%E5%88%B6%E8%8B%B1%E6%96%87_051.jpg\" alt=\"\" width=\"1200\" height=\"2257\"><img loading=\"lazy\" decoding=\"async\" class=\"size-full wp-image-77916 aligncenter\" src=\"https:\/\/xinshengmanufacture.com\/wp-content\/uploads\/2025\/10\/1_01-1.jpg\" alt=\"\" width=\"1200\" height=\"1983\" srcset=\"https:\/\/xinshengmanufacture.com\/wp-content\/uploads\/2025\/10\/1_01-1.jpg 1200w, https:\/\/xinshengmanufacture.com\/wp-content\/uploads\/2025\/10\/1_01-1-182x300.jpg 182w, https:\/\/xinshengmanufacture.com\/wp-content\/uploads\/2025\/10\/1_01-1-620x1024.jpg 620w, https:\/\/xinshengmanufacture.com\/wp-content\/uploads\/2025\/10\/1_01-1-768x1269.jpg 768w, https:\/\/xinshengmanufacture.com\/wp-content\/uploads\/2025\/10\/1_01-1-930x1536.jpg 930w, https:\/\/xinshengmanufacture.com\/wp-content\/uploads\/2025\/10\/1_01-1-600x992.jpg 600w\" sizes=\"(max-width: 1200px) 100vw, 1200px\" \/> <img loading=\"lazy\" decoding=\"async\" class=\"size-full wp-image-77928 aligncenter\" src=\"https:\/\/xinshengmanufacture.com\/wp-content\/uploads\/2025\/10\/1_02-1.jpg\" alt=\"\" width=\"1200\" height=\"1774\" srcset=\"https:\/\/xinshengmanufacture.com\/wp-content\/uploads\/2025\/10\/1_02-1.jpg 1200w, https:\/\/xinshengmanufacture.com\/wp-content\/uploads\/2025\/10\/1_02-1-203x300.jpg 203w, https:\/\/xinshengmanufacture.com\/wp-content\/uploads\/2025\/10\/1_02-1-693x1024.jpg 693w, https:\/\/xinshengmanufacture.com\/wp-content\/uploads\/2025\/10\/1_02-1-768x1135.jpg 768w, https:\/\/xinshengmanufacture.com\/wp-content\/uploads\/2025\/10\/1_02-1-1039x1536.jpg 1039w, https:\/\/xinshengmanufacture.com\/wp-content\/uploads\/2025\/10\/1_02-1-600x887.jpg 600w\" sizes=\"(max-width: 1200px) 100vw, 1200px\" \/> <img loading=\"lazy\" decoding=\"async\" class=\"size-full wp-image-77940 aligncenter\" src=\"https:\/\/xinshengmanufacture.com\/wp-content\/uploads\/2025\/10\/1_03-1.jpg\" alt=\"\" width=\"1200\" height=\"1931\" srcset=\"https:\/\/xinshengmanufacture.com\/wp-content\/uploads\/2025\/10\/1_03-1.jpg 1200w, https:\/\/xinshengmanufacture.com\/wp-content\/uploads\/2025\/10\/1_03-1-186x300.jpg 186w, https:\/\/xinshengmanufacture.com\/wp-content\/uploads\/2025\/10\/1_03-1-636x1024.jpg 636w, https:\/\/xinshengmanufacture.com\/wp-content\/uploads\/2025\/10\/1_03-1-768x1236.jpg 768w, https:\/\/xinshengmanufacture.com\/wp-content\/uploads\/2025\/10\/1_03-1-955x1536.jpg 955w, https:\/\/xinshengmanufacture.com\/wp-content\/uploads\/2025\/10\/1_03-1-600x966.jpg 600w\" sizes=\"(max-width: 1200px) 100vw, 1200px\" \/> <img loading=\"lazy\" decoding=\"async\" class=\"size-full wp-image-77952 aligncenter\" src=\"https:\/\/xinshengmanufacture.com\/wp-content\/uploads\/2025\/10\/1_04-1.jpg\" alt=\"\" width=\"1200\" height=\"2310\" srcset=\"https:\/\/xinshengmanufacture.com\/wp-content\/uploads\/2025\/10\/1_04-1.jpg 1200w, https:\/\/xinshengmanufacture.com\/wp-content\/uploads\/2025\/10\/1_04-1-156x300.jpg 156w, https:\/\/xinshengmanufacture.com\/wp-content\/uploads\/2025\/10\/1_04-1-532x1024.jpg 532w, https:\/\/xinshengmanufacture.com\/wp-content\/uploads\/2025\/10\/1_04-1-768x1478.jpg 768w, https:\/\/xinshengmanufacture.com\/wp-content\/uploads\/2025\/10\/1_04-1-798x1536.jpg 798w, https:\/\/xinshengmanufacture.com\/wp-content\/uploads\/2025\/10\/1_04-1-1064x2048.jpg 1064w, https:\/\/xinshengmanufacture.com\/wp-content\/uploads\/2025\/10\/1_04-1-600x1155.jpg 600w\" sizes=\"(max-width: 1200px) 100vw, 1200px\" \/> <img loading=\"lazy\" decoding=\"async\" class=\"size-full wp-image-77964 aligncenter\" src=\"https:\/\/xinshengmanufacture.com\/wp-content\/uploads\/2025\/10\/1_05-1.jpg\" alt=\"\" width=\"1200\" height=\"1686\" srcset=\"https:\/\/xinshengmanufacture.com\/wp-content\/uploads\/2025\/10\/1_05-1.jpg 1200w, https:\/\/xinshengmanufacture.com\/wp-content\/uploads\/2025\/10\/1_05-1-214x300.jpg 214w, https:\/\/xinshengmanufacture.com\/wp-content\/uploads\/2025\/10\/1_05-1-729x1024.jpg 729w, https:\/\/xinshengmanufacture.com\/wp-content\/uploads\/2025\/10\/1_05-1-768x1079.jpg 768w, https:\/\/xinshengmanufacture.com\/wp-content\/uploads\/2025\/10\/1_05-1-1093x1536.jpg 1093w, https:\/\/xinshengmanufacture.com\/wp-content\/uploads\/2025\/10\/1_05-1-600x843.jpg 600w\" sizes=\"(max-width: 1200px) 100vw, 1200px\" \/> <img loading=\"lazy\" decoding=\"async\" class=\"size-full wp-image-77976 aligncenter\" src=\"https:\/\/xinshengmanufacture.com\/wp-content\/uploads\/2025\/10\/1_06-1.jpg\" alt=\"\" width=\"1200\" height=\"1868\" srcset=\"https:\/\/xinshengmanufacture.com\/wp-content\/uploads\/2025\/10\/1_06-1.jpg 1200w, https:\/\/xinshengmanufacture.com\/wp-content\/uploads\/2025\/10\/1_06-1-193x300.jpg 193w, https:\/\/xinshengmanufacture.com\/wp-content\/uploads\/2025\/10\/1_06-1-658x1024.jpg 658w, https:\/\/xinshengmanufacture.com\/wp-content\/uploads\/2025\/10\/1_06-1-768x1196.jpg 768w, https:\/\/xinshengmanufacture.com\/wp-content\/uploads\/2025\/10\/1_06-1-987x1536.jpg 987w, https:\/\/xinshengmanufacture.com\/wp-content\/uploads\/2025\/10\/1_06-1-600x934.jpg 600w\" sizes=\"(max-width: 1200px) 100vw, 1200px\" \/> <img loading=\"lazy\" decoding=\"async\" class=\"size-full wp-image-77988 aligncenter\" src=\"https:\/\/xinshengmanufacture.com\/wp-content\/uploads\/2025\/10\/1_07-1.jpg\" alt=\"\" width=\"1200\" height=\"1765\" srcset=\"https:\/\/xinshengmanufacture.com\/wp-content\/uploads\/2025\/10\/1_07-1.jpg 1200w, https:\/\/xinshengmanufacture.com\/wp-content\/uploads\/2025\/10\/1_07-1-204x300.jpg 204w, https:\/\/xinshengmanufacture.com\/wp-content\/uploads\/2025\/10\/1_07-1-696x1024.jpg 696w, https:\/\/xinshengmanufacture.com\/wp-content\/uploads\/2025\/10\/1_07-1-768x1130.jpg 768w, https:\/\/xinshengmanufacture.com\/wp-content\/uploads\/2025\/10\/1_07-1-1044x1536.jpg 1044w, https:\/\/xinshengmanufacture.com\/wp-content\/uploads\/2025\/10\/1_07-1-600x883.jpg 600w\" sizes=\"(max-width: 1200px) 100vw, 1200px\" \/> <img loading=\"lazy\" decoding=\"async\" class=\"size-full wp-image-78000 aligncenter\" src=\"https:\/\/xinshengmanufacture.com\/wp-content\/uploads\/2025\/10\/1_08-1.jpg\" alt=\"\" width=\"1200\" height=\"2124\" srcset=\"https:\/\/xinshengmanufacture.com\/wp-content\/uploads\/2025\/10\/1_08-1.jpg 1200w, https:\/\/xinshengmanufacture.com\/wp-content\/uploads\/2025\/10\/1_08-1-169x300.jpg 169w, https:\/\/xinshengmanufacture.com\/wp-content\/uploads\/2025\/10\/1_08-1-579x1024.jpg 579w, https:\/\/xinshengmanufacture.com\/wp-content\/uploads\/2025\/10\/1_08-1-768x1359.jpg 768w, https:\/\/xinshengmanufacture.com\/wp-content\/uploads\/2025\/10\/1_08-1-868x1536.jpg 868w, https:\/\/xinshengmanufacture.com\/wp-content\/uploads\/2025\/10\/1_08-1-1157x2048.jpg 1157w, https:\/\/xinshengmanufacture.com\/wp-content\/uploads\/2025\/10\/1_08-1-600x1062.jpg 600w\" sizes=\"(max-width: 1200px) 100vw, 1200px\" \/> <img loading=\"lazy\" decoding=\"async\" class=\"size-full wp-image-78012 aligncenter\" src=\"https:\/\/xinshengmanufacture.com\/wp-content\/uploads\/2025\/10\/1_09-1.jpg\" alt=\"\" width=\"1200\" height=\"1767\" srcset=\"https:\/\/xinshengmanufacture.com\/wp-content\/uploads\/2025\/10\/1_09-1.jpg 1200w, https:\/\/xinshengmanufacture.com\/wp-content\/uploads\/2025\/10\/1_09-1-204x300.jpg 204w, https:\/\/xinshengmanufacture.com\/wp-content\/uploads\/2025\/10\/1_09-1-695x1024.jpg 695w, https:\/\/xinshengmanufacture.com\/wp-content\/uploads\/2025\/10\/1_09-1-768x1131.jpg 768w, https:\/\/xinshengmanufacture.com\/wp-content\/uploads\/2025\/10\/1_09-1-1043x1536.jpg 1043w, https:\/\/xinshengmanufacture.com\/wp-content\/uploads\/2025\/10\/1_09-1-600x884.jpg 600w\" sizes=\"(max-width: 1200px) 100vw, 1200px\" \/> <img loading=\"lazy\" decoding=\"async\" class=\"aligncenter wp-image-78024\" src=\"https:\/\/xinshengmanufacture.com\/wp-content\/uploads\/2025\/10\/1_10-1.jpg\" alt=\"\" width=\"1200\" height=\"2895\" srcset=\"https:\/\/xinshengmanufacture.com\/wp-content\/uploads\/2025\/10\/1_10-1.jpg 1061w, https:\/\/xinshengmanufacture.com\/wp-content\/uploads\/2025\/10\/1_10-1-124x300.jpg 124w, https:\/\/xinshengmanufacture.com\/wp-content\/uploads\/2025\/10\/1_10-1-424x1024.jpg 424w, https:\/\/xinshengmanufacture.com\/wp-content\/uploads\/2025\/10\/1_10-1-768x1853.jpg 768w, https:\/\/xinshengmanufacture.com\/wp-content\/uploads\/2025\/10\/1_10-1-637x1536.jpg 637w, https:\/\/xinshengmanufacture.com\/wp-content\/uploads\/2025\/10\/1_10-1-849x2048.jpg 849w, https:\/\/xinshengmanufacture.com\/wp-content\/uploads\/2025\/10\/1_10-1-600x1448.jpg 600w\" sizes=\"(max-width: 1200px) 100vw, 1200px\" \/> <img loading=\"lazy\" decoding=\"async\" class=\"size-full wp-image-78036 aligncenter\" src=\"https:\/\/xinshengmanufacture.com\/wp-content\/uploads\/2025\/10\/1_11-1.jpg\" alt=\"\" width=\"1200\" height=\"2431\" srcset=\"https:\/\/xinshengmanufacture.com\/wp-content\/uploads\/2025\/10\/1_11-1.jpg 1200w, https:\/\/xinshengmanufacture.com\/wp-content\/uploads\/2025\/10\/1_11-1-148x300.jpg 148w, https:\/\/xinshengmanufacture.com\/wp-content\/uploads\/2025\/10\/1_11-1-505x1024.jpg 505w, https:\/\/xinshengmanufacture.com\/wp-content\/uploads\/2025\/10\/1_11-1-768x1556.jpg 768w, https:\/\/xinshengmanufacture.com\/wp-content\/uploads\/2025\/10\/1_11-1-758x1536.jpg 758w, https:\/\/xinshengmanufacture.com\/wp-content\/uploads\/2025\/10\/1_11-1-1011x2048.jpg 1011w, https:\/\/xinshengmanufacture.com\/wp-content\/uploads\/2025\/10\/1_11-1-600x1216.jpg 600w\" sizes=\"(max-width: 1200px) 100vw, 1200px\" \/><\/p>\n<div id=\"gtx-trans\" style=\"position: absolute; left: 648px; top: 35px;\">\n<div class=\"gtx-trans-icon\"><\/div>\n<\/div>\n","protected":false},"excerpt":{"rendered":"<p>Le lit de shampoing pour massage tha\u00eflandais peut \u00eatre utilis\u00e9 dans les salons, les centres de massage, les centres de beaut\u00e9, les centres de spa, etc.<\/p>\n","protected":false},"featured_media":78086,"template":"","meta":{"_bst_post_transparent":"","_bst_post_title":"","_bst_post_layout":"","_bst_post_sidebar_id":"","_bst_post_content_style":"","_bst_post_vertical_padding":"","_bst_post_feature":"","_bst_post_feature_position":"","_bst_post_header":false,"_bst_post_footer":false},"product_brand":[1081],"product_cat":[566],"product_tag":[],"class_list":{"0":"post-78581","1":"product","2":"type-product","3":"status-publish","4":"has-post-thumbnail","6":"product_brand-xinsheng-fr","7":"product_cat-lit-de-shampoing-thailandais","8":"pa_color-couleurs-personnalisees","9":"pa_color-noir","10":"pa_size-200cm68cm70cm-fr","12":"first","13":"instock","14":"sale","15":"shipping-taxable","16":"purchasable","17":"product-type-variable","18":"entry","19":"content-bg","20":"loop-entry"},"_links":{"self":[{"href":"https:\/\/xinshengmanufacture.com\/fr\/wp-json\/wp\/v2\/product\/78581","targetHints":{"allow":["GET"]}}],"collection":[{"href":"https:\/\/xinshengmanufacture.com\/fr\/wp-json\/wp\/v2\/product"}],"about":[{"href":"https:\/\/xinshengmanufacture.com\/fr\/wp-json\/wp\/v2\/types\/product"}],"version-history":[{"count":0,"href":"https:\/\/xinshengmanufacture.com\/fr\/wp-json\/wp\/v2\/product\/78581\/revisions"}],"wp:featuredmedia":[{"embeddable":true,"href":"https:\/\/xinshengmanufacture.com\/fr\/wp-json\/wp\/v2\/media\/78086"}],"wp:attachment":[{"href":"https:\/\/xinshengmanufacture.com\/fr\/wp-json\/wp\/v2\/media?parent=78581"}],"wp:term":[{"taxonomy":"product_brand","embeddable":true,"href":"https:\/\/xinshengmanufacture.com\/fr\/wp-json\/wp\/v2\/product_brand?post=78581"},{"taxonomy":"product_cat","embeddable":true,"href":"https:\/\/xinshengmanufacture.com\/fr\/wp-json\/wp\/v2\/product_cat?post=78581"},{"taxonomy":"product_tag","embeddable":true,"href":"https:\/\/xinshengmanufacture.com\/fr\/wp-json\/wp\/v2\/product_tag?post=78581"}],"curies":[{"name":"wp","href":"https:\/\/api.w.org\/{rel}","templated":true}]}}