{"id":83659,"date":"2025-12-01T08:18:11","date_gmt":"2025-12-01T08:18:11","guid":{"rendered":"https:\/\/xinshengmanufacture.com\/\u4ea7\u54c1\/lit-de-beaute-incurve-en-s-avec-pieds-fixes-mobilier-de-salon-salon-de-beaute-salon-de-manucure-lit-dextension-de-cils-lit-de-traitement-de-spa-lit-de-tatouage-couleurs-personnalisees-possibl\/"},"modified":"2025-12-01T08:33:03","modified_gmt":"2025-12-01T08:33:03","slug":"lit-de-beaute-incurve-en-s-avec-pieds-fixes-mobilier-de-salon-salon-de-beaute-salon-de-manucure-lit-dextension-de-cils-lit-de-traitement-de-spa-lit-de-tatouage-couleurs-personnalisees-possibl","status":"publish","type":"product","link":"https:\/\/xinshengmanufacture.com\/fr\/product\/lit-de-beaute-incurve-en-s-avec-pieds-fixes-mobilier-de-salon-salon-de-beaute-salon-de-manucure-lit-dextension-de-cils-lit-de-traitement-de-spa-lit-de-tatouage-couleurs-personnalisees-possibl\/","title":{"rendered":"Lit de beaut\u00e9 incurv\u00e9 en S avec pieds fixes, mobilier de salon, salon de beaut\u00e9, salon de manucure, lit d&rsquo;extension de cils, lit de traitement de spa, lit de tatouage. Couleurs personnalis\u00e9es possibles. Fabricant de meubles, vente directe \u00e0 l&rsquo;usine."},"content":{"rendered":"<div class=\"wp-playlist wp-video-playlist wp-playlist-light\">\n\t\t<video controls=\"controls\" preload=\"none\" width=\"1408\"\n\t\t height=\"2503\"\t><\/video>\n\t<div class=\"wp-playlist-next\"><\/div>\n\t<div class=\"wp-playlist-prev\"><\/div>\n\t<noscript>\n\t<ol>\n\t\t<li><a href='https:\/\/xinshengmanufacture.com\/wp-content\/uploads\/2025\/12\/\u56fa\u5b9a\u811a\u67b61.mp4'>\u56fa\u5b9a\u811a\u67b61<\/a><\/li>\t<\/ol>\n\t<\/noscript>\n\t<script type=\"application\/json\" class=\"wp-playlist-script\">{\"type\":\"video\",\"tracklist\":false,\"tracknumbers\":true,\"images\":true,\"artists\":true,\"tracks\":[{\"src\":\"https:\/\/xinshengmanufacture.com\/wp-content\/uploads\/2025\/12\/\\u56fa\\u5b9a\\u811a\\u67b61.mp4\",\"type\":\"video\/mp4\",\"title\":\"\\u56fa\\u5b9a\\u811a\\u67b61\",\"caption\":\"\",\"description\":\"\",\"meta\":{\"length_formatted\":\"0:30\"},\"dimensions\":{\"original\":{\"width\":720,\"height\":1280},\"resized\":{\"width\":1408,\"height\":2503}},\"image\":{\"src\":\"https:\/\/xinshengmanufacture.com\/wp-includes\/images\/media\/video.svg\",\"width\":48,\"height\":64},\"thumb\":{\"src\":\"https:\/\/xinshengmanufacture.com\/wp-includes\/images\/media\/video.svg\",\"width\":48,\"height\":64}}]}<\/script>\n<\/div>\n\t\n<p><img fetchpriority=\"high\" decoding=\"async\" class=\"size-full wp-image-82465 aligncenter\" src=\"https:\/\/xinshengmanufacture.com\/wp-content\/uploads\/2025\/10\/%E8%B6%85%E5%B7%A5%E5%AE%9A%E5%88%B6%E8%8B%B1%E6%96%87_011-1.jpg\" alt=\"\" width=\"1200\" height=\"1857\"><img decoding=\"async\" class=\"size-full wp-image-82477 aligncenter\" src=\"https:\/\/xinshengmanufacture.com\/wp-content\/uploads\/2025\/10\/%E8%B6%85%E5%B7%A5%E5%AE%9A%E5%88%B6%E8%8B%B1%E6%96%87_021-1.jpg\" alt=\"\" width=\"1200\" height=\"1054\"><img decoding=\"async\" class=\"size-full wp-image-82489 aligncenter\" src=\"https:\/\/xinshengmanufacture.com\/wp-content\/uploads\/2025\/10\/%E8%B6%85%E5%B7%A5%E5%AE%9A%E5%88%B6%E8%8B%B1%E6%96%87_031-1.jpg\" alt=\"\" width=\"1200\" height=\"1563\"><img loading=\"lazy\" decoding=\"async\" class=\"size-full wp-image-82501 aligncenter\" src=\"https:\/\/xinshengmanufacture.com\/wp-content\/uploads\/2025\/10\/%E8%B6%85%E5%B7%A5%E5%AE%9A%E5%88%B6%E8%8B%B1%E6%96%87_041-1.jpg\" alt=\"\" width=\"1200\" height=\"1755\"><img loading=\"lazy\" decoding=\"async\" class=\"size-full wp-image-82513 aligncenter\" src=\"https:\/\/xinshengmanufacture.com\/wp-content\/uploads\/2025\/10\/%E8%B6%85%E5%B7%A5%E5%AE%9A%E5%88%B6%E8%8B%B1%E6%96%87_051-1.jpg\" alt=\"\" width=\"1200\" height=\"2257\"><img loading=\"lazy\" decoding=\"async\" class=\"size-full wp-image-83480 aligncenter\" src=\"https:\/\/xinshengmanufacture.com\/wp-content\/uploads\/2025\/12\/%E6%9B%B2%E7%BA%BF%E5%BA%8A%E5%9B%BD%E5%A4%96-1-1.jpg\" alt=\"\" width=\"1200\" height=\"2176\"> <img loading=\"lazy\" decoding=\"async\" class=\"aligncenter wp-image-83481\" src=\"https:\/\/xinshengmanufacture.com\/wp-content\/uploads\/2025\/12\/%E6%9B%B2%E7%BA%BF%E5%BA%8A%E5%9B%BD%E5%A4%96-10.jpg\" alt=\"\" width=\"1200\" height=\"2813\"> <img loading=\"lazy\" decoding=\"async\" class=\"size-full wp-image-83482 aligncenter\" src=\"https:\/\/xinshengmanufacture.com\/wp-content\/uploads\/2025\/12\/%E6%9B%B2%E7%BA%BF%E5%BA%8A%E5%9B%BD%E5%A4%96-11.jpg\" alt=\"\" width=\"1200\" height=\"2465\"> <img loading=\"lazy\" decoding=\"async\" class=\"size-full wp-image-83483 aligncenter\" src=\"https:\/\/xinshengmanufacture.com\/wp-content\/uploads\/2025\/12\/%E6%9B%B2%E7%BA%BF%E5%BA%8A%E5%9B%BD%E5%A4%96-2-1.jpg\" alt=\"\" width=\"1200\" height=\"2147\"> <img loading=\"lazy\" decoding=\"async\" class=\"size-full wp-image-83484 aligncenter\" src=\"https:\/\/xinshengmanufacture.com\/wp-content\/uploads\/2025\/12\/%E6%9B%B2%E7%BA%BF%E5%BA%8A%E5%9B%BD%E5%A4%96-3-1.jpg\" alt=\"\" width=\"1200\" height=\"1464\"> <img loading=\"lazy\" decoding=\"async\" class=\"aligncenter wp-image-83485\" src=\"https:\/\/xinshengmanufacture.com\/wp-content\/uploads\/2025\/12\/%E6%9B%B2%E7%BA%BF%E5%BA%8A%E5%9B%BD%E5%A4%96-4-1.jpg\" alt=\"\" width=\"1200\" height=\"2997\"> <img loading=\"lazy\" decoding=\"async\" class=\"aligncenter wp-image-83486\" src=\"https:\/\/xinshengmanufacture.com\/wp-content\/uploads\/2025\/12\/%E6%9B%B2%E7%BA%BF%E5%BA%8A%E5%9B%BD%E5%A4%96-5-1.jpg\" alt=\"\" width=\"1200\" height=\"3003\"> <img loading=\"lazy\" decoding=\"async\" class=\"size-full wp-image-83487 aligncenter\" src=\"https:\/\/xinshengmanufacture.com\/wp-content\/uploads\/2025\/12\/%E6%9B%B2%E7%BA%BF%E5%BA%8A%E5%9B%BD%E5%A4%96-6-1.jpg\" alt=\"\" width=\"1200\" height=\"1892\"> <img loading=\"lazy\" decoding=\"async\" class=\"size-full wp-image-83488 aligncenter\" src=\"https:\/\/xinshengmanufacture.com\/wp-content\/uploads\/2025\/12\/%E6%9B%B2%E7%BA%BF%E5%BA%8A%E5%9B%BD%E5%A4%96-7-1.jpg\" alt=\"\" width=\"1200\" height=\"1995\"> <img loading=\"lazy\" decoding=\"async\" class=\"size-full wp-image-83489 aligncenter\" src=\"https:\/\/xinshengmanufacture.com\/wp-content\/uploads\/2025\/12\/%E6%9B%B2%E7%BA%BF%E5%BA%8A%E5%9B%BD%E5%A4%96-8-1.jpg\" alt=\"\" width=\"1200\" height=\"1938\"> <img loading=\"lazy\" decoding=\"async\" class=\"size-full wp-image-83490 aligncenter\" src=\"https:\/\/xinshengmanufacture.com\/wp-content\/uploads\/2025\/12\/%E6%9B%B2%E7%BA%BF%E5%BA%8A%E5%9B%BD%E5%A4%96-9-1.jpg\" alt=\"\" width=\"1200\" height=\"1733\"><\/p>\n<div id=\"gtx-trans\" style=\"position: absolute; left: 686px; top: 35px;\">\n<div class=\"gtx-trans-icon\"><\/div>\n<\/div>\n","protected":false},"excerpt":{"rendered":"<p>Cet \u00e9l\u00e9gant lit de beaut\u00e9 \u00e0 courbe en S, le plus vendu, peut \u00eatre utilis\u00e9 dans nos salons de beaut\u00e9, nos ongleries, nos studios de tatouage, etc. et des couleurs personnalis\u00e9es sont disponibles.<\/p>\n","protected":false},"featured_media":83687,"template":"","meta":{"_bst_post_transparent":"","_bst_post_title":"","_bst_post_layout":"","_bst_post_sidebar_id":"","_bst_post_content_style":"","_bst_post_vertical_padding":"","_bst_post_feature":"","_bst_post_feature_position":"","_bst_post_header":false,"_bst_post_footer":false},"product_brand":[1081],"product_cat":[852],"product_tag":[],"class_list":{"0":"post-83659","1":"product","2":"type-product","3":"status-publish","4":"has-post-thumbnail","6":"product_brand-xinsheng-fr","7":"product_cat-lit-de-beaute","8":"pa_color-blanc","9":"pa_color-couleurs-personnalisees","10":"pa_color-noir","11":"pa_color-rose","12":"pa_size-180cm70cm64cm","14":"first","15":"instock","16":"sale","17":"shipping-taxable","18":"purchasable","19":"product-type-variable","20":"entry","21":"content-bg","22":"loop-entry"},"_links":{"self":[{"href":"https:\/\/xinshengmanufacture.com\/fr\/wp-json\/wp\/v2\/product\/83659","targetHints":{"allow":["GET"]}}],"collection":[{"href":"https:\/\/xinshengmanufacture.com\/fr\/wp-json\/wp\/v2\/product"}],"about":[{"href":"https:\/\/xinshengmanufacture.com\/fr\/wp-json\/wp\/v2\/types\/product"}],"version-history":[{"count":4,"href":"https:\/\/xinshengmanufacture.com\/fr\/wp-json\/wp\/v2\/product\/83659\/revisions"}],"predecessor-version":[{"id":83756,"href":"https:\/\/xinshengmanufacture.com\/fr\/wp-json\/wp\/v2\/product\/83659\/revisions\/83756"}],"wp:featuredmedia":[{"embeddable":true,"href":"https:\/\/xinshengmanufacture.com\/fr\/wp-json\/wp\/v2\/media\/83687"}],"wp:attachment":[{"href":"https:\/\/xinshengmanufacture.com\/fr\/wp-json\/wp\/v2\/media?parent=83659"}],"wp:term":[{"taxonomy":"product_brand","embeddable":true,"href":"https:\/\/xinshengmanufacture.com\/fr\/wp-json\/wp\/v2\/product_brand?post=83659"},{"taxonomy":"product_cat","embeddable":true,"href":"https:\/\/xinshengmanufacture.com\/fr\/wp-json\/wp\/v2\/product_cat?post=83659"},{"taxonomy":"product_tag","embeddable":true,"href":"https:\/\/xinshengmanufacture.com\/fr\/wp-json\/wp\/v2\/product_tag?post=83659"}],"curies":[{"name":"wp","href":"https:\/\/api.w.org\/{rel}","templated":true}]}}