{"id":83965,"date":"2025-11-27T08:06:21","date_gmt":"2025-11-27T08:06:21","guid":{"rendered":"https:\/\/xinshengmanufacture.com\/\u4ea7\u54c1\/table-de-salon-de-manucure-simple-et-elegante-table-de-salon-de-manucure-double-mobilier-de-salon-de-spa-ensemble-table-et-chaise-de-manucure-couleurs-et-tailles-personnalisables-disponibles-vent\/"},"modified":"2025-12-01T08:34:02","modified_gmt":"2025-12-01T08:34:02","slug":"table-de-salon-de-manucure-simple-et-elegante-table-de-salon-de-manucure-double-mobilier-de-salon-de-spa-ensemble-table-et-chaise-de-manucure-couleurs-et-tailles-personnalisables-disponibles-vent","status":"publish","type":"product","link":"https:\/\/xinshengmanufacture.com\/fr\/product\/table-de-salon-de-manucure-simple-et-elegante-table-de-salon-de-manucure-double-mobilier-de-salon-de-spa-ensemble-table-et-chaise-de-manucure-couleurs-et-tailles-personnalisables-disponibles-vent\/","title":{"rendered":"Table de salon de manucure simple et \u00e9l\u00e9gante, table de salon de manucure double, mobilier de salon de spa, ensemble table et chaise de manucure, couleurs et tailles personnalisables disponibles, vente directe d&rsquo;usine."},"content":{"rendered":"<p style=\"text-align: center;\"><img fetchpriority=\"high\" decoding=\"async\" class=\"alignnone size-full wp-image-82465 aligncenter\" src=\"https:\/\/xinshengmanufacture.com\/wp-content\/uploads\/2025\/10\/%E8%B6%85%E5%B7%A5%E5%AE%9A%E5%88%B6%E8%8B%B1%E6%96%87_011-1.jpg\" alt=\"\" width=\"1200\" height=\"1857\"><img decoding=\"async\" class=\"alignnone size-full wp-image-82477 aligncenter\" src=\"https:\/\/xinshengmanufacture.com\/wp-content\/uploads\/2025\/10\/%E8%B6%85%E5%B7%A5%E5%AE%9A%E5%88%B6%E8%8B%B1%E6%96%87_021-1.jpg\" alt=\"\" width=\"1200\" height=\"1054\"><img decoding=\"async\" class=\"size-full wp-image-82489 aligncenter\" src=\"https:\/\/xinshengmanufacture.com\/wp-content\/uploads\/2025\/10\/%E8%B6%85%E5%B7%A5%E5%AE%9A%E5%88%B6%E8%8B%B1%E6%96%87_031-1.jpg\" alt=\"\" width=\"1200\" height=\"1563\"><img loading=\"lazy\" decoding=\"async\" class=\"size-full wp-image-82501 aligncenter\" src=\"https:\/\/xinshengmanufacture.com\/wp-content\/uploads\/2025\/10\/%E8%B6%85%E5%B7%A5%E5%AE%9A%E5%88%B6%E8%8B%B1%E6%96%87_041-1.jpg\" alt=\"\" width=\"1200\" height=\"1755\"><img loading=\"lazy\" decoding=\"async\" class=\"alignnone size-full wp-image-82513 aligncenter\" src=\"https:\/\/xinshengmanufacture.com\/wp-content\/uploads\/2025\/10\/%E8%B6%85%E5%B7%A5%E5%AE%9A%E5%88%B6%E8%8B%B1%E6%96%87_051-1.jpg\" alt=\"\" width=\"1200\" height=\"2257\"><img loading=\"lazy\" decoding=\"async\" class=\"size-full wp-image-83421 aligncenter\" src=\"https:\/\/xinshengmanufacture.com\/wp-content\/uploads\/2025\/11\/%E8%AF%A6%E6%83%85%E9%A1%B5_01-1.jpg\" alt=\"\" width=\"1200\" height=\"1544\"> <img loading=\"lazy\" decoding=\"async\" class=\"size-full wp-image-83422 aligncenter\" src=\"https:\/\/xinshengmanufacture.com\/wp-content\/uploads\/2025\/11\/%E8%AF%A6%E6%83%85%E9%A1%B5_02-1.jpg\" alt=\"\" width=\"1200\" height=\"1885\"> <img loading=\"lazy\" decoding=\"async\" class=\"size-full wp-image-83423 aligncenter\" src=\"https:\/\/xinshengmanufacture.com\/wp-content\/uploads\/2025\/11\/%E8%AF%A6%E6%83%85%E9%A1%B5_03-1.jpg\" alt=\"\" width=\"1200\" height=\"1809\"> <img loading=\"lazy\" decoding=\"async\" class=\"size-full wp-image-83424 aligncenter\" src=\"https:\/\/xinshengmanufacture.com\/wp-content\/uploads\/2025\/11\/%E8%AF%A6%E6%83%85%E9%A1%B5_04-1.jpg\" alt=\"\" width=\"1200\" height=\"1567\"> <img loading=\"lazy\" decoding=\"async\" class=\"size-full wp-image-83425 aligncenter\" src=\"https:\/\/xinshengmanufacture.com\/wp-content\/uploads\/2025\/11\/%E8%AF%A6%E6%83%85%E9%A1%B5_05-1.jpg\" alt=\"\" width=\"1200\" height=\"2340\"> <img loading=\"lazy\" decoding=\"async\" class=\"size-full wp-image-83426 aligncenter\" src=\"https:\/\/xinshengmanufacture.com\/wp-content\/uploads\/2025\/11\/%E8%AF%A6%E6%83%85%E9%A1%B5_07.jpg\" alt=\"\" width=\"1200\" height=\"2503\"> <img loading=\"lazy\" decoding=\"async\" class=\"size-full wp-image-83427 aligncenter\" src=\"https:\/\/xinshengmanufacture.com\/wp-content\/uploads\/2025\/11\/%E8%AF%A6%E6%83%85%E9%A1%B5_08-1.jpg\" alt=\"\" width=\"1200\" height=\"2237\"><\/p>\n","protected":false},"excerpt":{"rendered":"<p>Tables \u00e0 ongles con\u00e7ues pour les spas, les salons de manucure et les centres de beaut\u00e9. Des couleurs et des tailles personnalis\u00e9es sont disponibles. Fabricant de mobilier de salon, prix d&rsquo;usine m\u00eame pour des pi\u00e8ces uniques.  <\/p>\n","protected":false},"featured_media":83978,"template":"","meta":{"_bst_post_transparent":"","_bst_post_title":"","_bst_post_layout":"","_bst_post_sidebar_id":"","_bst_post_content_style":"","_bst_post_vertical_padding":"","_bst_post_feature":"","_bst_post_feature_position":"","_bst_post_header":false,"_bst_post_footer":false},"product_brand":[1081],"product_cat":[1065],"product_tag":[],"class_list":{"0":"post-83965","1":"product","2":"type-product","3":"status-publish","4":"has-post-thumbnail","6":"product_brand-xinsheng-fr","7":"product_cat-table-de-manucure","8":"pa_color-blanc","9":"pa_color-couleurs-personnalisees","10":"pa_size-100cm40cm78cm","11":"pa_size-120cm40cm78cm","12":"pa_size-40cm40cm80cm-chaise-papillon","13":"pa_size-45cm38cm-petit-tabouret-rond","14":"pa_size-80cm40cm78cm","16":"first","17":"instock","18":"sale","19":"shipping-taxable","20":"purchasable","21":"product-type-variable","22":"entry","23":"content-bg","24":"loop-entry"},"_links":{"self":[{"href":"https:\/\/xinshengmanufacture.com\/fr\/wp-json\/wp\/v2\/product\/83965","targetHints":{"allow":["GET"]}}],"collection":[{"href":"https:\/\/xinshengmanufacture.com\/fr\/wp-json\/wp\/v2\/product"}],"about":[{"href":"https:\/\/xinshengmanufacture.com\/fr\/wp-json\/wp\/v2\/types\/product"}],"version-history":[{"count":1,"href":"https:\/\/xinshengmanufacture.com\/fr\/wp-json\/wp\/v2\/product\/83965\/revisions"}],"predecessor-version":[{"id":84358,"href":"https:\/\/xinshengmanufacture.com\/fr\/wp-json\/wp\/v2\/product\/83965\/revisions\/84358"}],"wp:featuredmedia":[{"embeddable":true,"href":"https:\/\/xinshengmanufacture.com\/fr\/wp-json\/wp\/v2\/media\/83978"}],"wp:attachment":[{"href":"https:\/\/xinshengmanufacture.com\/fr\/wp-json\/wp\/v2\/media?parent=83965"}],"wp:term":[{"taxonomy":"product_brand","embeddable":true,"href":"https:\/\/xinshengmanufacture.com\/fr\/wp-json\/wp\/v2\/product_brand?post=83965"},{"taxonomy":"product_cat","embeddable":true,"href":"https:\/\/xinshengmanufacture.com\/fr\/wp-json\/wp\/v2\/product_cat?post=83965"},{"taxonomy":"product_tag","embeddable":true,"href":"https:\/\/xinshengmanufacture.com\/fr\/wp-json\/wp\/v2\/product_tag?post=83965"}],"curies":[{"name":"wp","href":"https:\/\/api.w.org\/{rel}","templated":true}]}}