{"id":85008,"date":"2025-12-06T08:29:26","date_gmt":"2025-12-06T08:29:26","guid":{"rendered":"https:\/\/xinshengmanufacture.com\/\u4ea7\u54c1\/fauteuils-de-salon-de-luxe-haut-de-gamme-fabricant-de-mobilier-de-salon-fauteuils-de-salon-de-coiffure-a-hauteur-reglable-manuellement-fauteuils-de-salon-pour-hommes-vente-directe-a-lusine-coul\/"},"modified":"2025-12-10T03:36:06","modified_gmt":"2025-12-10T03:36:06","slug":"fauteuils-de-salon-de-luxe-haut-de-gamme-fabricant-de-mobilier-de-salon-fauteuils-de-salon-de-coiffure-a-hauteur-reglable-manuellement-fauteuils-de-salon-pour-hommes-vente-directe-a-lusine-coul","status":"publish","type":"product","link":"https:\/\/xinshengmanufacture.com\/fr\/product\/fauteuils-de-salon-de-luxe-haut-de-gamme-fabricant-de-mobilier-de-salon-fauteuils-de-salon-de-coiffure-a-hauteur-reglable-manuellement-fauteuils-de-salon-pour-hommes-vente-directe-a-lusine-coul\/","title":{"rendered":"Fauteuils de salon de luxe haut de gamme, fabricant de mobilier de salon, fauteuils de salon de coiffure \u00e0 hauteur r\u00e9glable manuellement, fauteuils de salon pour hommes, vente directe \u00e0 l&rsquo;usine, couleurs personnalis\u00e9es possibles."},"content":{"rendered":"<div class=\"wp-playlist wp-video-playlist wp-playlist-light\">\n\t\t<video controls=\"controls\" preload=\"none\" width=\"1408\"\n\t\t height=\"792\"\t><\/video>\n\t<div class=\"wp-playlist-next\"><\/div>\n\t<div class=\"wp-playlist-prev\"><\/div>\n\t<noscript>\n\t<ol>\n\t\t<li><a href='https:\/\/xinshengmanufacture.com\/wp-content\/uploads\/2025\/12\/7.mp4'>7<\/a><\/li>\t<\/ol>\n\t<\/noscript>\n\t<script type=\"application\/json\" class=\"wp-playlist-script\">{\"type\":\"video\",\"tracklist\":false,\"tracknumbers\":true,\"images\":true,\"artists\":true,\"tracks\":[{\"src\":\"https:\/\/xinshengmanufacture.com\/wp-content\/uploads\/2025\/12\/7.mp4\",\"type\":\"video\/mp4\",\"title\":\"7\",\"caption\":\"\",\"description\":\"\",\"meta\":{\"length_formatted\":\"0:17\"},\"dimensions\":{\"original\":{\"width\":1920,\"height\":1080},\"resized\":{\"width\":1408,\"height\":792}},\"image\":{\"src\":\"https:\/\/xinshengmanufacture.com\/wp-includes\/images\/media\/video.svg\",\"width\":48,\"height\":64},\"thumb\":{\"src\":\"https:\/\/xinshengmanufacture.com\/wp-includes\/images\/media\/video.svg\",\"width\":48,\"height\":64}}]}<\/script>\n<\/div>\n\t\n<p><img fetchpriority=\"high\" decoding=\"async\" class=\"size-full wp-image-82465 aligncenter\" src=\"https:\/\/xinshengmanufacture.com\/wp-content\/uploads\/2025\/10\/%E8%B6%85%E5%B7%A5%E5%AE%9A%E5%88%B6%E8%8B%B1%E6%96%87_011-1.jpg\" alt=\"\" width=\"1200\" height=\"1857\"><img decoding=\"async\" class=\"size-full wp-image-82477 aligncenter\" src=\"https:\/\/xinshengmanufacture.com\/wp-content\/uploads\/2025\/10\/%E8%B6%85%E5%B7%A5%E5%AE%9A%E5%88%B6%E8%8B%B1%E6%96%87_021-1.jpg\" alt=\"\" width=\"1200\" height=\"1054\"><img decoding=\"async\" class=\"size-full wp-image-82489 aligncenter\" src=\"https:\/\/xinshengmanufacture.com\/wp-content\/uploads\/2025\/10\/%E8%B6%85%E5%B7%A5%E5%AE%9A%E5%88%B6%E8%8B%B1%E6%96%87_031-1.jpg\" alt=\"\" width=\"1200\" height=\"1563\"><img loading=\"lazy\" decoding=\"async\" class=\"size-full wp-image-82501 aligncenter\" src=\"https:\/\/xinshengmanufacture.com\/wp-content\/uploads\/2025\/10\/%E8%B6%85%E5%B7%A5%E5%AE%9A%E5%88%B6%E8%8B%B1%E6%96%87_041-1.jpg\" alt=\"\" width=\"1200\" height=\"1755\"><img loading=\"lazy\" decoding=\"async\" class=\"size-full wp-image-82513 aligncenter\" src=\"https:\/\/xinshengmanufacture.com\/wp-content\/uploads\/2025\/10\/%E8%B6%85%E5%B7%A5%E5%AE%9A%E5%88%B6%E8%8B%B1%E6%96%87_051-1.jpg\" alt=\"\" width=\"1200\" height=\"2257\"><img loading=\"lazy\" decoding=\"async\" class=\"size-full wp-image-84638 aligncenter\" src=\"https:\/\/xinshengmanufacture.com\/wp-content\/uploads\/2025\/12\/1-1-1.jpg\" alt=\"\" width=\"1200\" height=\"1992\" srcset=\"https:\/\/xinshengmanufacture.com\/wp-content\/uploads\/2025\/12\/1-1-1.jpg 1200w, https:\/\/xinshengmanufacture.com\/wp-content\/uploads\/2025\/12\/1-1-1-181x300.jpg 181w, https:\/\/xinshengmanufacture.com\/wp-content\/uploads\/2025\/12\/1-1-1-617x1024.jpg 617w, https:\/\/xinshengmanufacture.com\/wp-content\/uploads\/2025\/12\/1-1-1-768x1275.jpg 768w, https:\/\/xinshengmanufacture.com\/wp-content\/uploads\/2025\/12\/1-1-1-925x1536.jpg 925w, https:\/\/xinshengmanufacture.com\/wp-content\/uploads\/2025\/12\/1-1-1-600x996.jpg 600w\" sizes=\"(max-width: 1200px) 100vw, 1200px\" \/> <img loading=\"lazy\" decoding=\"async\" class=\"size-full wp-image-84639 aligncenter\" src=\"https:\/\/xinshengmanufacture.com\/wp-content\/uploads\/2025\/12\/1-2-1.jpg\" alt=\"\" width=\"1200\" height=\"1877\" srcset=\"https:\/\/xinshengmanufacture.com\/wp-content\/uploads\/2025\/12\/1-2-1.jpg 1200w, https:\/\/xinshengmanufacture.com\/wp-content\/uploads\/2025\/12\/1-2-1-192x300.jpg 192w, https:\/\/xinshengmanufacture.com\/wp-content\/uploads\/2025\/12\/1-2-1-655x1024.jpg 655w, https:\/\/xinshengmanufacture.com\/wp-content\/uploads\/2025\/12\/1-2-1-768x1201.jpg 768w, https:\/\/xinshengmanufacture.com\/wp-content\/uploads\/2025\/12\/1-2-1-982x1536.jpg 982w, https:\/\/xinshengmanufacture.com\/wp-content\/uploads\/2025\/12\/1-2-1-600x939.jpg 600w\" sizes=\"(max-width: 1200px) 100vw, 1200px\" \/> <img loading=\"lazy\" decoding=\"async\" class=\"size-full wp-image-84640 aligncenter\" src=\"https:\/\/xinshengmanufacture.com\/wp-content\/uploads\/2025\/12\/1-3.jpg\" alt=\"\" width=\"1200\" height=\"1898\" srcset=\"https:\/\/xinshengmanufacture.com\/wp-content\/uploads\/2025\/12\/1-3.jpg 1200w, https:\/\/xinshengmanufacture.com\/wp-content\/uploads\/2025\/12\/1-3-190x300.jpg 190w, https:\/\/xinshengmanufacture.com\/wp-content\/uploads\/2025\/12\/1-3-647x1024.jpg 647w, https:\/\/xinshengmanufacture.com\/wp-content\/uploads\/2025\/12\/1-3-768x1215.jpg 768w, https:\/\/xinshengmanufacture.com\/wp-content\/uploads\/2025\/12\/1-3-971x1536.jpg 971w, https:\/\/xinshengmanufacture.com\/wp-content\/uploads\/2025\/12\/1-3-600x949.jpg 600w\" sizes=\"(max-width: 1200px) 100vw, 1200px\" \/> <img loading=\"lazy\" decoding=\"async\" class=\"size-full wp-image-84641 aligncenter\" src=\"https:\/\/xinshengmanufacture.com\/wp-content\/uploads\/2025\/12\/1-4.jpg\" alt=\"\" width=\"1200\" height=\"1793\" srcset=\"https:\/\/xinshengmanufacture.com\/wp-content\/uploads\/2025\/12\/1-4.jpg 1200w, https:\/\/xinshengmanufacture.com\/wp-content\/uploads\/2025\/12\/1-4-201x300.jpg 201w, https:\/\/xinshengmanufacture.com\/wp-content\/uploads\/2025\/12\/1-4-685x1024.jpg 685w, https:\/\/xinshengmanufacture.com\/wp-content\/uploads\/2025\/12\/1-4-768x1148.jpg 768w, https:\/\/xinshengmanufacture.com\/wp-content\/uploads\/2025\/12\/1-4-1028x1536.jpg 1028w, https:\/\/xinshengmanufacture.com\/wp-content\/uploads\/2025\/12\/1-4-600x897.jpg 600w\" sizes=\"(max-width: 1200px) 100vw, 1200px\" \/> <img loading=\"lazy\" decoding=\"async\" class=\"size-full wp-image-84642 aligncenter\" src=\"https:\/\/xinshengmanufacture.com\/wp-content\/uploads\/2025\/12\/1-5.jpg\" alt=\"\" width=\"1200\" height=\"1796\" srcset=\"https:\/\/xinshengmanufacture.com\/wp-content\/uploads\/2025\/12\/1-5.jpg 1200w, https:\/\/xinshengmanufacture.com\/wp-content\/uploads\/2025\/12\/1-5-200x300.jpg 200w, https:\/\/xinshengmanufacture.com\/wp-content\/uploads\/2025\/12\/1-5-684x1024.jpg 684w, https:\/\/xinshengmanufacture.com\/wp-content\/uploads\/2025\/12\/1-5-768x1149.jpg 768w, https:\/\/xinshengmanufacture.com\/wp-content\/uploads\/2025\/12\/1-5-1026x1536.jpg 1026w, https:\/\/xinshengmanufacture.com\/wp-content\/uploads\/2025\/12\/1-5-600x898.jpg 600w\" sizes=\"(max-width: 1200px) 100vw, 1200px\" \/> <img loading=\"lazy\" decoding=\"async\" class=\"size-full wp-image-84643 aligncenter\" src=\"https:\/\/xinshengmanufacture.com\/wp-content\/uploads\/2025\/12\/1-6.jpg\" alt=\"\" width=\"1200\" height=\"1828\" srcset=\"https:\/\/xinshengmanufacture.com\/wp-content\/uploads\/2025\/12\/1-6.jpg 1200w, https:\/\/xinshengmanufacture.com\/wp-content\/uploads\/2025\/12\/1-6-197x300.jpg 197w, https:\/\/xinshengmanufacture.com\/wp-content\/uploads\/2025\/12\/1-6-672x1024.jpg 672w, https:\/\/xinshengmanufacture.com\/wp-content\/uploads\/2025\/12\/1-6-768x1170.jpg 768w, https:\/\/xinshengmanufacture.com\/wp-content\/uploads\/2025\/12\/1-6-1008x1536.jpg 1008w, https:\/\/xinshengmanufacture.com\/wp-content\/uploads\/2025\/12\/1-6-600x914.jpg 600w\" sizes=\"(max-width: 1200px) 100vw, 1200px\" \/> <img loading=\"lazy\" decoding=\"async\" class=\"size-full wp-image-84644 aligncenter\" src=\"https:\/\/xinshengmanufacture.com\/wp-content\/uploads\/2025\/12\/1-7.jpg\" alt=\"\" width=\"1200\" height=\"1825\" srcset=\"https:\/\/xinshengmanufacture.com\/wp-content\/uploads\/2025\/12\/1-7.jpg 1200w, https:\/\/xinshengmanufacture.com\/wp-content\/uploads\/2025\/12\/1-7-197x300.jpg 197w, https:\/\/xinshengmanufacture.com\/wp-content\/uploads\/2025\/12\/1-7-673x1024.jpg 673w, https:\/\/xinshengmanufacture.com\/wp-content\/uploads\/2025\/12\/1-7-768x1168.jpg 768w, https:\/\/xinshengmanufacture.com\/wp-content\/uploads\/2025\/12\/1-7-1010x1536.jpg 1010w, https:\/\/xinshengmanufacture.com\/wp-content\/uploads\/2025\/12\/1-7-600x913.jpg 600w\" sizes=\"(max-width: 1200px) 100vw, 1200px\" \/> <img loading=\"lazy\" decoding=\"async\" class=\"aligncenter wp-image-84645\" src=\"https:\/\/xinshengmanufacture.com\/wp-content\/uploads\/2025\/12\/1-8.jpg\" alt=\"\" width=\"1200\" height=\"2834\" srcset=\"https:\/\/xinshengmanufacture.com\/wp-content\/uploads\/2025\/12\/1-8.jpg 1084w, https:\/\/xinshengmanufacture.com\/wp-content\/uploads\/2025\/12\/1-8-127x300.jpg 127w, https:\/\/xinshengmanufacture.com\/wp-content\/uploads\/2025\/12\/1-8-434x1024.jpg 434w, https:\/\/xinshengmanufacture.com\/wp-content\/uploads\/2025\/12\/1-8-768x1814.jpg 768w, https:\/\/xinshengmanufacture.com\/wp-content\/uploads\/2025\/12\/1-8-650x1536.jpg 650w, https:\/\/xinshengmanufacture.com\/wp-content\/uploads\/2025\/12\/1-8-867x2048.jpg 867w, https:\/\/xinshengmanufacture.com\/wp-content\/uploads\/2025\/12\/1-8-600x1417.jpg 600w\" sizes=\"(max-width: 1200px) 100vw, 1200px\" \/> <img loading=\"lazy\" decoding=\"async\" class=\"size-full wp-image-84646 aligncenter\" src=\"https:\/\/xinshengmanufacture.com\/wp-content\/uploads\/2025\/12\/1-9.jpg\" alt=\"\" width=\"1200\" height=\"2433\" srcset=\"https:\/\/xinshengmanufacture.com\/wp-content\/uploads\/2025\/12\/1-9.jpg 1200w, https:\/\/xinshengmanufacture.com\/wp-content\/uploads\/2025\/12\/1-9-148x300.jpg 148w, https:\/\/xinshengmanufacture.com\/wp-content\/uploads\/2025\/12\/1-9-505x1024.jpg 505w, https:\/\/xinshengmanufacture.com\/wp-content\/uploads\/2025\/12\/1-9-768x1557.jpg 768w, https:\/\/xinshengmanufacture.com\/wp-content\/uploads\/2025\/12\/1-9-758x1536.jpg 758w, https:\/\/xinshengmanufacture.com\/wp-content\/uploads\/2025\/12\/1-9-1010x2048.jpg 1010w, https:\/\/xinshengmanufacture.com\/wp-content\/uploads\/2025\/12\/1-9-600x1217.jpg 600w\" sizes=\"(max-width: 1200px) 100vw, 1200px\" \/><\/p>\n","protected":false},"excerpt":{"rendered":"<p>Les fauteuils de salon de luxe haut de gamme peuvent \u00eatre utilis\u00e9s dans les salons de coiffure, les ongleries, les salons de coiffure pour hommes, etc. Vente directe \u00e0 l&rsquo;usine. <\/p>\n","protected":false},"featured_media":85021,"template":"","meta":{"_bst_post_transparent":"","_bst_post_title":"","_bst_post_layout":"","_bst_post_sidebar_id":"","_bst_post_content_style":"","_bst_post_vertical_padding":"","_bst_post_feature":"","_bst_post_feature_position":"","_bst_post_header":false,"_bst_post_footer":false},"product_brand":[1081],"product_cat":[884],"product_tag":[],"class_list":{"0":"post-85008","1":"product","2":"type-product","3":"status-publish","4":"has-post-thumbnail","6":"product_brand-xinsheng-fr","7":"product_cat-chaise-de-coiffure","8":"pa_color-blanc","9":"pa_color-couleurs-personnalisees","10":"pa_size-68cm120cm","12":"first","13":"instock","14":"sale","15":"shipping-taxable","16":"purchasable","17":"product-type-variable","18":"entry","19":"content-bg","20":"loop-entry"},"_links":{"self":[{"href":"https:\/\/xinshengmanufacture.com\/fr\/wp-json\/wp\/v2\/product\/85008","targetHints":{"allow":["GET"]}}],"collection":[{"href":"https:\/\/xinshengmanufacture.com\/fr\/wp-json\/wp\/v2\/product"}],"about":[{"href":"https:\/\/xinshengmanufacture.com\/fr\/wp-json\/wp\/v2\/types\/product"}],"version-history":[{"count":2,"href":"https:\/\/xinshengmanufacture.com\/fr\/wp-json\/wp\/v2\/product\/85008\/revisions"}],"predecessor-version":[{"id":85029,"href":"https:\/\/xinshengmanufacture.com\/fr\/wp-json\/wp\/v2\/product\/85008\/revisions\/85029"}],"wp:featuredmedia":[{"embeddable":true,"href":"https:\/\/xinshengmanufacture.com\/fr\/wp-json\/wp\/v2\/media\/85021"}],"wp:attachment":[{"href":"https:\/\/xinshengmanufacture.com\/fr\/wp-json\/wp\/v2\/media?parent=85008"}],"wp:term":[{"taxonomy":"product_brand","embeddable":true,"href":"https:\/\/xinshengmanufacture.com\/fr\/wp-json\/wp\/v2\/product_brand?post=85008"},{"taxonomy":"product_cat","embeddable":true,"href":"https:\/\/xinshengmanufacture.com\/fr\/wp-json\/wp\/v2\/product_cat?post=85008"},{"taxonomy":"product_tag","embeddable":true,"href":"https:\/\/xinshengmanufacture.com\/fr\/wp-json\/wp\/v2\/product_tag?post=85008"}],"curies":[{"name":"wp","href":"https:\/\/api.w.org\/{rel}","templated":true}]}}