{"id":86649,"date":"2026-01-03T11:24:33","date_gmt":"2026-01-03T11:24:33","guid":{"rendered":"https:\/\/xinshengmanufacture.com\/product\/fauteuil-de-pedicure-de-luxe-haut-de-gamme-avec-massage-et-autres-fonctions-fabricant-de-mobilier-de-salon-specialise-dans-les-fauteuils-de-spa-de-manucure-et-de-soins-des-pieds-les-fauteuils-de-sp\/"},"modified":"2026-04-08T06:11:05","modified_gmt":"2026-04-08T06:11:05","slug":"fauteuil-de-pedicure-de-luxe-haut-de-gamme-avec-massage-et-autres-fonctions-fabricant-de-mobilier-de-salon-specialise-dans-les-fauteuils-de-spa-de-manucure-et-de-soins-des-pieds-les-fauteuils-de-sp","status":"publish","type":"product","link":"https:\/\/xinshengmanufacture.com\/fr\/product\/fauteuil-de-pedicure-de-luxe-haut-de-gamme-avec-massage-et-autres-fonctions-fabricant-de-mobilier-de-salon-specialise-dans-les-fauteuils-de-spa-de-manucure-et-de-soins-des-pieds-les-fauteuils-de-sp\/","title":{"rendered":"Fauteuil de p\u00e9dicure de luxe haut de gamme avec massage et autres fonctions. Fabricant de mobilier de salon sp\u00e9cialis\u00e9 dans les fauteuils de spa, de manucure et de soins des pieds. Les fauteuils de spa supportent des couleurs\/logos personnalis\u00e9s. Vente directe \u00e0 l&rsquo;usine."},"content":{"rendered":"<div class=\"wp-playlist wp-video-playlist wp-playlist-light\">\n\t\t<video controls=\"controls\" preload=\"none\" width=\"1408\"\n\t\t height=\"2503\"\t><\/video>\n\t<div class=\"wp-playlist-next\"><\/div>\n\t<div class=\"wp-playlist-prev\"><\/div>\n\t<noscript>\n\t<ol>\n\t\t<li><a href='https:\/\/xinshengmanufacture.com\/wp-content\/uploads\/2026\/01\/001.mp4'>001<\/a><\/li>\t<\/ol>\n\t<\/noscript>\n\t<script type=\"application\/json\" class=\"wp-playlist-script\">{\"type\":\"video\",\"tracklist\":false,\"tracknumbers\":true,\"images\":true,\"artists\":true,\"tracks\":[{\"src\":\"https:\/\/xinshengmanufacture.com\/wp-content\/uploads\/2026\/01\/001.mp4\",\"type\":\"video\/mp4\",\"title\":\"001\",\"caption\":\"\",\"description\":\"\",\"meta\":{\"length_formatted\":\"0:34\"},\"dimensions\":{\"original\":{\"width\":1080,\"height\":1920},\"resized\":{\"width\":1408,\"height\":2503}},\"image\":{\"src\":\"https:\/\/xinshengmanufacture.com\/wp-includes\/images\/media\/video.svg\",\"width\":48,\"height\":64},\"thumb\":{\"src\":\"https:\/\/xinshengmanufacture.com\/wp-includes\/images\/media\/video.svg\",\"width\":48,\"height\":64}}]}<\/script>\n<\/div>\n\t\n<p><img fetchpriority=\"high\" decoding=\"async\" class=\"size-full wp-image-82465 aligncenter\" src=\"https:\/\/xinshengmanufacture.com\/wp-content\/uploads\/2025\/10\/%E8%B6%85%E5%B7%A5%E5%AE%9A%E5%88%B6%E8%8B%B1%E6%96%87_011-1.jpg\" alt=\"\" width=\"1200\" height=\"1857\"><img decoding=\"async\" class=\"size-full wp-image-82477 aligncenter\" src=\"https:\/\/xinshengmanufacture.com\/wp-content\/uploads\/2025\/10\/%E8%B6%85%E5%B7%A5%E5%AE%9A%E5%88%B6%E8%8B%B1%E6%96%87_021-1.jpg\" alt=\"\" width=\"1200\" height=\"1054\"><img decoding=\"async\" class=\"size-full wp-image-82489 aligncenter\" src=\"https:\/\/xinshengmanufacture.com\/wp-content\/uploads\/2025\/10\/%E8%B6%85%E5%B7%A5%E5%AE%9A%E5%88%B6%E8%8B%B1%E6%96%87_031-1.jpg\" alt=\"\" width=\"1200\" height=\"1563\"><img loading=\"lazy\" decoding=\"async\" class=\"size-full wp-image-82501 aligncenter\" src=\"https:\/\/xinshengmanufacture.com\/wp-content\/uploads\/2025\/10\/%E8%B6%85%E5%B7%A5%E5%AE%9A%E5%88%B6%E8%8B%B1%E6%96%87_041-1.jpg\" alt=\"\" width=\"1200\" height=\"1755\"><img loading=\"lazy\" decoding=\"async\" class=\"size-full wp-image-82513 aligncenter\" src=\"https:\/\/xinshengmanufacture.com\/wp-content\/uploads\/2025\/10\/%E8%B6%85%E5%B7%A5%E5%AE%9A%E5%88%B6%E8%8B%B1%E6%96%87_051-1.jpg\" alt=\"\" width=\"1200\" height=\"2257\"><img loading=\"lazy\" decoding=\"async\" class=\"aligncenter wp-image-86451\" src=\"https:\/\/xinshengmanufacture.com\/wp-content\/uploads\/2026\/01\/11.jpg\" alt=\"\" width=\"1200\" height=\"2133\" srcset=\"https:\/\/xinshengmanufacture.com\/wp-content\/uploads\/2026\/01\/11.jpg 1440w, https:\/\/xinshengmanufacture.com\/wp-content\/uploads\/2026\/01\/11-169x300.jpg 169w, https:\/\/xinshengmanufacture.com\/wp-content\/uploads\/2026\/01\/11-576x1024.jpg 576w, https:\/\/xinshengmanufacture.com\/wp-content\/uploads\/2026\/01\/11-768x1365.jpg 768w, https:\/\/xinshengmanufacture.com\/wp-content\/uploads\/2026\/01\/11-864x1536.jpg 864w, https:\/\/xinshengmanufacture.com\/wp-content\/uploads\/2026\/01\/11-1152x2048.jpg 1152w, https:\/\/xinshengmanufacture.com\/wp-content\/uploads\/2026\/01\/11-600x1067.jpg 600w\" sizes=\"(max-width: 1200px) 100vw, 1200px\" \/> <img loading=\"lazy\" decoding=\"async\" class=\"aligncenter wp-image-86452\" src=\"https:\/\/xinshengmanufacture.com\/wp-content\/uploads\/2026\/01\/1.jpg\" alt=\"\" width=\"1200\" height=\"1200\" srcset=\"https:\/\/xinshengmanufacture.com\/wp-content\/uploads\/2026\/01\/1.jpg 2560w, https:\/\/xinshengmanufacture.com\/wp-content\/uploads\/2026\/01\/1-300x300.jpg 300w, https:\/\/xinshengmanufacture.com\/wp-content\/uploads\/2026\/01\/1-1024x1024.jpg 1024w, https:\/\/xinshengmanufacture.com\/wp-content\/uploads\/2026\/01\/1-150x150.jpg 150w, https:\/\/xinshengmanufacture.com\/wp-content\/uploads\/2026\/01\/1-768x768.jpg 768w, https:\/\/xinshengmanufacture.com\/wp-content\/uploads\/2026\/01\/1-1536x1536.jpg 1536w, https:\/\/xinshengmanufacture.com\/wp-content\/uploads\/2026\/01\/1-2048x2048.jpg 2048w, https:\/\/xinshengmanufacture.com\/wp-content\/uploads\/2026\/01\/1-600x600.jpg 600w, https:\/\/xinshengmanufacture.com\/wp-content\/uploads\/2026\/01\/1-100x100.jpg 100w, https:\/\/xinshengmanufacture.com\/wp-content\/uploads\/2026\/01\/1-96x96.jpg 96w, https:\/\/xinshengmanufacture.com\/wp-content\/uploads\/2026\/01\/1-460x460.jpg 460w, https:\/\/xinshengmanufacture.com\/wp-content\/uploads\/2026\/01\/1-236x236.jpg 236w, https:\/\/xinshengmanufacture.com\/wp-content\/uploads\/2026\/01\/1-118x118.jpg 118w\" sizes=\"(max-width: 1200px) 100vw, 1200px\" \/> <img loading=\"lazy\" decoding=\"async\" class=\"aligncenter wp-image-86453\" src=\"https:\/\/xinshengmanufacture.com\/wp-content\/uploads\/2026\/01\/2.jpg\" alt=\"\" width=\"1200\" height=\"1200\" srcset=\"https:\/\/xinshengmanufacture.com\/wp-content\/uploads\/2026\/01\/2.jpg 2560w, https:\/\/xinshengmanufacture.com\/wp-content\/uploads\/2026\/01\/2-300x300.jpg 300w, https:\/\/xinshengmanufacture.com\/wp-content\/uploads\/2026\/01\/2-1024x1024.jpg 1024w, https:\/\/xinshengmanufacture.com\/wp-content\/uploads\/2026\/01\/2-150x150.jpg 150w, https:\/\/xinshengmanufacture.com\/wp-content\/uploads\/2026\/01\/2-768x768.jpg 768w, https:\/\/xinshengmanufacture.com\/wp-content\/uploads\/2026\/01\/2-1536x1536.jpg 1536w, https:\/\/xinshengmanufacture.com\/wp-content\/uploads\/2026\/01\/2-2048x2048.jpg 2048w, https:\/\/xinshengmanufacture.com\/wp-content\/uploads\/2026\/01\/2-600x600.jpg 600w, https:\/\/xinshengmanufacture.com\/wp-content\/uploads\/2026\/01\/2-100x100.jpg 100w, https:\/\/xinshengmanufacture.com\/wp-content\/uploads\/2026\/01\/2-96x96.jpg 96w, https:\/\/xinshengmanufacture.com\/wp-content\/uploads\/2026\/01\/2-460x460.jpg 460w, https:\/\/xinshengmanufacture.com\/wp-content\/uploads\/2026\/01\/2-236x236.jpg 236w, https:\/\/xinshengmanufacture.com\/wp-content\/uploads\/2026\/01\/2-118x118.jpg 118w\" sizes=\"(max-width: 1200px) 100vw, 1200px\" \/> <img loading=\"lazy\" decoding=\"async\" class=\"aligncenter wp-image-86454\" src=\"https:\/\/xinshengmanufacture.com\/wp-content\/uploads\/2026\/01\/3.jpg\" alt=\"\" width=\"1200\" height=\"1200\" srcset=\"https:\/\/xinshengmanufacture.com\/wp-content\/uploads\/2026\/01\/3.jpg 2560w, https:\/\/xinshengmanufacture.com\/wp-content\/uploads\/2026\/01\/3-300x300.jpg 300w, https:\/\/xinshengmanufacture.com\/wp-content\/uploads\/2026\/01\/3-1024x1024.jpg 1024w, https:\/\/xinshengmanufacture.com\/wp-content\/uploads\/2026\/01\/3-150x150.jpg 150w, https:\/\/xinshengmanufacture.com\/wp-content\/uploads\/2026\/01\/3-768x768.jpg 768w, https:\/\/xinshengmanufacture.com\/wp-content\/uploads\/2026\/01\/3-1536x1536.jpg 1536w, https:\/\/xinshengmanufacture.com\/wp-content\/uploads\/2026\/01\/3-2048x2048.jpg 2048w, https:\/\/xinshengmanufacture.com\/wp-content\/uploads\/2026\/01\/3-600x600.jpg 600w, https:\/\/xinshengmanufacture.com\/wp-content\/uploads\/2026\/01\/3-100x100.jpg 100w, https:\/\/xinshengmanufacture.com\/wp-content\/uploads\/2026\/01\/3-96x96.jpg 96w, https:\/\/xinshengmanufacture.com\/wp-content\/uploads\/2026\/01\/3-460x460.jpg 460w, https:\/\/xinshengmanufacture.com\/wp-content\/uploads\/2026\/01\/3-236x236.jpg 236w, https:\/\/xinshengmanufacture.com\/wp-content\/uploads\/2026\/01\/3-118x118.jpg 118w\" sizes=\"(max-width: 1200px) 100vw, 1200px\" \/> <img loading=\"lazy\" decoding=\"async\" class=\"aligncenter wp-image-86458\" style=\"letter-spacing: 0.3px;\" src=\"https:\/\/xinshengmanufacture.com\/wp-content\/uploads\/2026\/01\/7.jpg\" alt=\"\" width=\"1200\" height=\"1200\" srcset=\"https:\/\/xinshengmanufacture.com\/wp-content\/uploads\/2026\/01\/7.jpg 2560w, https:\/\/xinshengmanufacture.com\/wp-content\/uploads\/2026\/01\/7-300x300.jpg 300w, https:\/\/xinshengmanufacture.com\/wp-content\/uploads\/2026\/01\/7-1024x1024.jpg 1024w, https:\/\/xinshengmanufacture.com\/wp-content\/uploads\/2026\/01\/7-150x150.jpg 150w, https:\/\/xinshengmanufacture.com\/wp-content\/uploads\/2026\/01\/7-768x768.jpg 768w, https:\/\/xinshengmanufacture.com\/wp-content\/uploads\/2026\/01\/7-1536x1536.jpg 1536w, https:\/\/xinshengmanufacture.com\/wp-content\/uploads\/2026\/01\/7-2048x2048.jpg 2048w, https:\/\/xinshengmanufacture.com\/wp-content\/uploads\/2026\/01\/7-600x600.jpg 600w, https:\/\/xinshengmanufacture.com\/wp-content\/uploads\/2026\/01\/7-100x100.jpg 100w, https:\/\/xinshengmanufacture.com\/wp-content\/uploads\/2026\/01\/7-96x96.jpg 96w, https:\/\/xinshengmanufacture.com\/wp-content\/uploads\/2026\/01\/7-460x460.jpg 460w, https:\/\/xinshengmanufacture.com\/wp-content\/uploads\/2026\/01\/7-236x236.jpg 236w, https:\/\/xinshengmanufacture.com\/wp-content\/uploads\/2026\/01\/7-118x118.jpg 118w\" sizes=\"(max-width: 1200px) 100vw, 1200px\" \/><img loading=\"lazy\" decoding=\"async\" class=\"aligncenter wp-image-86455\" src=\"https:\/\/xinshengmanufacture.com\/wp-content\/uploads\/2026\/01\/4.jpg\" alt=\"\" width=\"1200\" height=\"1200\" srcset=\"https:\/\/xinshengmanufacture.com\/wp-content\/uploads\/2026\/01\/4.jpg 2560w, https:\/\/xinshengmanufacture.com\/wp-content\/uploads\/2026\/01\/4-300x300.jpg 300w, https:\/\/xinshengmanufacture.com\/wp-content\/uploads\/2026\/01\/4-1024x1024.jpg 1024w, https:\/\/xinshengmanufacture.com\/wp-content\/uploads\/2026\/01\/4-150x150.jpg 150w, https:\/\/xinshengmanufacture.com\/wp-content\/uploads\/2026\/01\/4-768x768.jpg 768w, https:\/\/xinshengmanufacture.com\/wp-content\/uploads\/2026\/01\/4-1536x1536.jpg 1536w, https:\/\/xinshengmanufacture.com\/wp-content\/uploads\/2026\/01\/4-2048x2048.jpg 2048w, https:\/\/xinshengmanufacture.com\/wp-content\/uploads\/2026\/01\/4-600x600.jpg 600w, https:\/\/xinshengmanufacture.com\/wp-content\/uploads\/2026\/01\/4-100x100.jpg 100w, https:\/\/xinshengmanufacture.com\/wp-content\/uploads\/2026\/01\/4-96x96.jpg 96w, https:\/\/xinshengmanufacture.com\/wp-content\/uploads\/2026\/01\/4-460x460.jpg 460w, https:\/\/xinshengmanufacture.com\/wp-content\/uploads\/2026\/01\/4-236x236.jpg 236w, https:\/\/xinshengmanufacture.com\/wp-content\/uploads\/2026\/01\/4-118x118.jpg 118w\" sizes=\"(max-width: 1200px) 100vw, 1200px\" \/> <img loading=\"lazy\" decoding=\"async\" class=\"aligncenter wp-image-86456\" src=\"https:\/\/xinshengmanufacture.com\/wp-content\/uploads\/2026\/01\/5.jpg\" alt=\"\" width=\"1200\" height=\"1200\" srcset=\"https:\/\/xinshengmanufacture.com\/wp-content\/uploads\/2026\/01\/5.jpg 2560w, https:\/\/xinshengmanufacture.com\/wp-content\/uploads\/2026\/01\/5-300x300.jpg 300w, https:\/\/xinshengmanufacture.com\/wp-content\/uploads\/2026\/01\/5-1024x1024.jpg 1024w, https:\/\/xinshengmanufacture.com\/wp-content\/uploads\/2026\/01\/5-150x150.jpg 150w, https:\/\/xinshengmanufacture.com\/wp-content\/uploads\/2026\/01\/5-768x768.jpg 768w, https:\/\/xinshengmanufacture.com\/wp-content\/uploads\/2026\/01\/5-1536x1536.jpg 1536w, https:\/\/xinshengmanufacture.com\/wp-content\/uploads\/2026\/01\/5-2048x2048.jpg 2048w, https:\/\/xinshengmanufacture.com\/wp-content\/uploads\/2026\/01\/5-600x600.jpg 600w, https:\/\/xinshengmanufacture.com\/wp-content\/uploads\/2026\/01\/5-100x100.jpg 100w, https:\/\/xinshengmanufacture.com\/wp-content\/uploads\/2026\/01\/5-96x96.jpg 96w, https:\/\/xinshengmanufacture.com\/wp-content\/uploads\/2026\/01\/5-460x460.jpg 460w, https:\/\/xinshengmanufacture.com\/wp-content\/uploads\/2026\/01\/5-236x236.jpg 236w, https:\/\/xinshengmanufacture.com\/wp-content\/uploads\/2026\/01\/5-118x118.jpg 118w\" sizes=\"(max-width: 1200px) 100vw, 1200px\" \/> <img loading=\"lazy\" decoding=\"async\" class=\"aligncenter wp-image-86457\" src=\"https:\/\/xinshengmanufacture.com\/wp-content\/uploads\/2026\/01\/6.jpg\" alt=\"\" width=\"1200\" height=\"1200\" srcset=\"https:\/\/xinshengmanufacture.com\/wp-content\/uploads\/2026\/01\/6.jpg 2560w, https:\/\/xinshengmanufacture.com\/wp-content\/uploads\/2026\/01\/6-300x300.jpg 300w, https:\/\/xinshengmanufacture.com\/wp-content\/uploads\/2026\/01\/6-1024x1024.jpg 1024w, https:\/\/xinshengmanufacture.com\/wp-content\/uploads\/2026\/01\/6-150x150.jpg 150w, https:\/\/xinshengmanufacture.com\/wp-content\/uploads\/2026\/01\/6-768x768.jpg 768w, https:\/\/xinshengmanufacture.com\/wp-content\/uploads\/2026\/01\/6-1536x1536.jpg 1536w, https:\/\/xinshengmanufacture.com\/wp-content\/uploads\/2026\/01\/6-2048x2048.jpg 2048w, https:\/\/xinshengmanufacture.com\/wp-content\/uploads\/2026\/01\/6-600x600.jpg 600w, https:\/\/xinshengmanufacture.com\/wp-content\/uploads\/2026\/01\/6-100x100.jpg 100w, https:\/\/xinshengmanufacture.com\/wp-content\/uploads\/2026\/01\/6-96x96.jpg 96w, https:\/\/xinshengmanufacture.com\/wp-content\/uploads\/2026\/01\/6-460x460.jpg 460w, https:\/\/xinshengmanufacture.com\/wp-content\/uploads\/2026\/01\/6-236x236.jpg 236w, https:\/\/xinshengmanufacture.com\/wp-content\/uploads\/2026\/01\/6-118x118.jpg 118w\" sizes=\"(max-width: 1200px) 100vw, 1200px\" \/> <img loading=\"lazy\" decoding=\"async\" class=\"aligncenter wp-image-86459\" src=\"https:\/\/xinshengmanufacture.com\/wp-content\/uploads\/2026\/01\/8.jpg\" alt=\"\" width=\"1200\" height=\"2133\" srcset=\"https:\/\/xinshengmanufacture.com\/wp-content\/uploads\/2026\/01\/8.jpg 1440w, https:\/\/xinshengmanufacture.com\/wp-content\/uploads\/2026\/01\/8-169x300.jpg 169w, https:\/\/xinshengmanufacture.com\/wp-content\/uploads\/2026\/01\/8-576x1024.jpg 576w, https:\/\/xinshengmanufacture.com\/wp-content\/uploads\/2026\/01\/8-768x1365.jpg 768w, https:\/\/xinshengmanufacture.com\/wp-content\/uploads\/2026\/01\/8-864x1536.jpg 864w, https:\/\/xinshengmanufacture.com\/wp-content\/uploads\/2026\/01\/8-1152x2048.jpg 1152w, https:\/\/xinshengmanufacture.com\/wp-content\/uploads\/2026\/01\/8-600x1067.jpg 600w\" sizes=\"(max-width: 1200px) 100vw, 1200px\" \/> <img loading=\"lazy\" decoding=\"async\" class=\"aligncenter wp-image-86460\" src=\"https:\/\/xinshengmanufacture.com\/wp-content\/uploads\/2026\/01\/9.jpg\" alt=\"\" width=\"1200\" height=\"2133\" srcset=\"https:\/\/xinshengmanufacture.com\/wp-content\/uploads\/2026\/01\/9.jpg 1440w, https:\/\/xinshengmanufacture.com\/wp-content\/uploads\/2026\/01\/9-169x300.jpg 169w, https:\/\/xinshengmanufacture.com\/wp-content\/uploads\/2026\/01\/9-576x1024.jpg 576w, https:\/\/xinshengmanufacture.com\/wp-content\/uploads\/2026\/01\/9-768x1365.jpg 768w, https:\/\/xinshengmanufacture.com\/wp-content\/uploads\/2026\/01\/9-864x1536.jpg 864w, https:\/\/xinshengmanufacture.com\/wp-content\/uploads\/2026\/01\/9-1152x2048.jpg 1152w, https:\/\/xinshengmanufacture.com\/wp-content\/uploads\/2026\/01\/9-600x1067.jpg 600w\" sizes=\"(max-width: 1200px) 100vw, 1200px\" \/> <img loading=\"lazy\" decoding=\"async\" class=\"aligncenter wp-image-86461\" src=\"https:\/\/xinshengmanufacture.com\/wp-content\/uploads\/2026\/01\/10.jpg\" alt=\"\" width=\"1200\" height=\"2133\" srcset=\"https:\/\/xinshengmanufacture.com\/wp-content\/uploads\/2026\/01\/10.jpg 1440w, https:\/\/xinshengmanufacture.com\/wp-content\/uploads\/2026\/01\/10-169x300.jpg 169w, https:\/\/xinshengmanufacture.com\/wp-content\/uploads\/2026\/01\/10-576x1024.jpg 576w, https:\/\/xinshengmanufacture.com\/wp-content\/uploads\/2026\/01\/10-768x1365.jpg 768w, https:\/\/xinshengmanufacture.com\/wp-content\/uploads\/2026\/01\/10-864x1536.jpg 864w, https:\/\/xinshengmanufacture.com\/wp-content\/uploads\/2026\/01\/10-1152x2048.jpg 1152w, https:\/\/xinshengmanufacture.com\/wp-content\/uploads\/2026\/01\/10-600x1067.jpg 600w\" sizes=\"(max-width: 1200px) 100vw, 1200px\" \/><\/p>\n<div id=\"gtx-trans\" style=\"position: absolute; left: 673px; top: 35px;\">\n<div class=\"gtx-trans-icon\"><\/div>\n<\/div>\n","protected":false},"excerpt":{"rendered":"<p>Ce fauteuil de p\u00e9dicure haut de gamme, luxueux et multifonctionnel peut \u00eatre utilis\u00e9 dans les salons de coiffure, les spas, les ongleries, les centres de massage et de bains de pieds, etc. Des couleurs et des logos personnalis\u00e9s sont disponibles, et m\u00eame des unit\u00e9s individuelles sont propos\u00e9es \u00e0 des prix de gros. <\/p>\n","protected":false},"featured_media":86659,"template":"","meta":{"_bst_post_transparent":"default","_bst_post_title":"","_bst_post_layout":"default","_bst_post_sidebar_id":"","_bst_post_content_style":"default","_bst_post_vertical_padding":"default","_bst_post_feature":"","_bst_post_feature_position":"","_bst_post_header":false,"_bst_post_footer":false},"product_brand":[],"product_cat":[821],"product_tag":[],"class_list":{"0":"post-86649","1":"product","2":"type-product","3":"status-publish","4":"has-post-thumbnail","6":"product_cat-fauteuil-de-pedicure-footbath","7":"pa_color-configuration-avancee","8":"pa_color-configuration-standard","9":"pa_size-130cm70cm145cm-fr","11":"first","12":"instock","13":"sale","14":"shipping-taxable","15":"purchasable","16":"product-type-variable","17":"entry","18":"content-bg","19":"loop-entry"},"_links":{"self":[{"href":"https:\/\/xinshengmanufacture.com\/fr\/wp-json\/wp\/v2\/product\/86649","targetHints":{"allow":["GET"]}}],"collection":[{"href":"https:\/\/xinshengmanufacture.com\/fr\/wp-json\/wp\/v2\/product"}],"about":[{"href":"https:\/\/xinshengmanufacture.com\/fr\/wp-json\/wp\/v2\/types\/product"}],"version-history":[{"count":10,"href":"https:\/\/xinshengmanufacture.com\/fr\/wp-json\/wp\/v2\/product\/86649\/revisions"}],"predecessor-version":[{"id":89025,"href":"https:\/\/xinshengmanufacture.com\/fr\/wp-json\/wp\/v2\/product\/86649\/revisions\/89025"}],"wp:featuredmedia":[{"embeddable":true,"href":"https:\/\/xinshengmanufacture.com\/fr\/wp-json\/wp\/v2\/media\/86659"}],"wp:attachment":[{"href":"https:\/\/xinshengmanufacture.com\/fr\/wp-json\/wp\/v2\/media?parent=86649"}],"wp:term":[{"taxonomy":"product_brand","embeddable":true,"href":"https:\/\/xinshengmanufacture.com\/fr\/wp-json\/wp\/v2\/product_brand?post=86649"},{"taxonomy":"product_cat","embeddable":true,"href":"https:\/\/xinshengmanufacture.com\/fr\/wp-json\/wp\/v2\/product_cat?post=86649"},{"taxonomy":"product_tag","embeddable":true,"href":"https:\/\/xinshengmanufacture.com\/fr\/wp-json\/wp\/v2\/product_tag?post=86649"}],"curies":[{"name":"wp","href":"https:\/\/api.w.org\/{rel}","templated":true}]}}