{"id":86922,"date":"2025-12-29T02:24:40","date_gmt":"2025-12-29T02:24:40","guid":{"rendered":"https:\/\/xinshengmanufacture.com\/product\/fauteuil-de-manucure-pedicure-et-spa-pour-les-pieds-multifonctionnel-fauteuil-de-coiffure-de-salon-fauteuil-de-pedicure-mobilier-de-salon-fauteuil-de-manucure-de-centre-de-spa-avec-fonction-de-ma\/"},"modified":"2026-01-03T11:27:27","modified_gmt":"2026-01-03T11:27:27","slug":"fauteuil-de-manucure-pedicure-et-spa-pour-les-pieds-multifonctionnel-fauteuil-de-coiffure-de-salon-fauteuil-de-pedicure-mobilier-de-salon-fauteuil-de-manucure-de-centre-de-spa-avec-fonction-de-ma","status":"publish","type":"product","link":"https:\/\/xinshengmanufacture.com\/fr\/product\/fauteuil-de-manucure-pedicure-et-spa-pour-les-pieds-multifonctionnel-fauteuil-de-coiffure-de-salon-fauteuil-de-pedicure-mobilier-de-salon-fauteuil-de-manucure-de-centre-de-spa-avec-fonction-de-ma\/","title":{"rendered":"Fauteuil de manucure, p\u00e9dicure et spa pour les pieds multifonctionnel, fauteuil de coiffure de salon, fauteuil de p\u00e9dicure, mobilier de salon, fauteuil de manucure de centre de spa avec fonction de massage, \u00e9l\u00e9gant et pratique, supporte l&rsquo;inclinaison du dossier \u00e0 l&rsquo;aide d&rsquo;un seul bouton, vente directe de l&rsquo;usine, couleurs personnalisables disponibles."},"content":{"rendered":"<div class=\"wp-playlist wp-video-playlist wp-playlist-light\">\n\t\t<video controls=\"controls\" preload=\"none\" width=\"1408\"\n\t\t height=\"2503\"\t><\/video>\n\t<div class=\"wp-playlist-next\"><\/div>\n\t<div class=\"wp-playlist-prev\"><\/div>\n\t<noscript>\n\t<ol>\n\t\t<li><a href='https:\/\/xinshengmanufacture.com\/wp-content\/uploads\/2025\/12\/7-4.mp4'>7<\/a><\/li>\t<\/ol>\n\t<\/noscript>\n\t<script type=\"application\/json\" class=\"wp-playlist-script\">{\"type\":\"video\",\"tracklist\":false,\"tracknumbers\":true,\"images\":true,\"artists\":true,\"tracks\":[{\"src\":\"https:\/\/xinshengmanufacture.com\/wp-content\/uploads\/2025\/12\/7-4.mp4\",\"type\":\"video\/mp4\",\"title\":\"7\",\"caption\":\"\",\"description\":\"\",\"meta\":{\"length_formatted\":\"0:45\"},\"dimensions\":{\"original\":{\"width\":1080,\"height\":1920},\"resized\":{\"width\":1408,\"height\":2503}},\"image\":{\"src\":\"https:\/\/xinshengmanufacture.com\/wp-includes\/images\/media\/video.svg\",\"width\":48,\"height\":64},\"thumb\":{\"src\":\"https:\/\/xinshengmanufacture.com\/wp-includes\/images\/media\/video.svg\",\"width\":48,\"height\":64}}]}<\/script>\n<\/div>\n\t\n<p><img fetchpriority=\"high\" decoding=\"async\" class=\"size-full wp-image-82465 aligncenter\" src=\"https:\/\/xinshengmanufacture.com\/wp-content\/uploads\/2025\/10\/%E8%B6%85%E5%B7%A5%E5%AE%9A%E5%88%B6%E8%8B%B1%E6%96%87_011-1.jpg\" alt=\"\" width=\"1200\" height=\"1857\"><img decoding=\"async\" class=\"size-full wp-image-82477 aligncenter\" src=\"https:\/\/xinshengmanufacture.com\/wp-content\/uploads\/2025\/10\/%E8%B6%85%E5%B7%A5%E5%AE%9A%E5%88%B6%E8%8B%B1%E6%96%87_021-1.jpg\" alt=\"\" width=\"1200\" height=\"1054\"><img decoding=\"async\" class=\"size-full wp-image-82489 aligncenter\" src=\"https:\/\/xinshengmanufacture.com\/wp-content\/uploads\/2025\/10\/%E8%B6%85%E5%B7%A5%E5%AE%9A%E5%88%B6%E8%8B%B1%E6%96%87_031-1.jpg\" alt=\"\" width=\"1200\" height=\"1563\"><img loading=\"lazy\" decoding=\"async\" class=\"size-full wp-image-82501 aligncenter\" src=\"https:\/\/xinshengmanufacture.com\/wp-content\/uploads\/2025\/10\/%E8%B6%85%E5%B7%A5%E5%AE%9A%E5%88%B6%E8%8B%B1%E6%96%87_041-1.jpg\" alt=\"\" width=\"1200\" height=\"1755\"><img loading=\"lazy\" decoding=\"async\" class=\"size-full wp-image-82513 aligncenter\" src=\"https:\/\/xinshengmanufacture.com\/wp-content\/uploads\/2025\/10\/%E8%B6%85%E5%B7%A5%E5%AE%9A%E5%88%B6%E8%8B%B1%E6%96%87_051-1.jpg\" alt=\"\" width=\"1200\" height=\"2257\"><img loading=\"lazy\" decoding=\"async\" class=\"size-full wp-image-86404 aligncenter\" src=\"https:\/\/xinshengmanufacture.com\/wp-content\/uploads\/2025\/12\/%E5%9B%BD%E5%A4%96_01-1.jpg\" alt=\"\" width=\"1200\" height=\"2077\"> <img loading=\"lazy\" decoding=\"async\" class=\"aligncenter wp-image-86405\" src=\"https:\/\/xinshengmanufacture.com\/wp-content\/uploads\/2025\/12\/%E5%9B%BD%E5%A4%96_03-1.jpg\" alt=\"\" width=\"1200\" height=\"3913\"> <img loading=\"lazy\" decoding=\"async\" class=\"size-full wp-image-86406 aligncenter\" src=\"https:\/\/xinshengmanufacture.com\/wp-content\/uploads\/2025\/12\/%E5%9B%BD%E5%A4%96_05-1.jpg\" alt=\"\" width=\"1200\" height=\"1610\"> <img loading=\"lazy\" decoding=\"async\" class=\"aligncenter wp-image-86407\" src=\"https:\/\/xinshengmanufacture.com\/wp-content\/uploads\/2025\/12\/%E5%9B%BD%E5%A4%96_06-1.jpg\" alt=\"\" width=\"1200\" height=\"2714\"> <img loading=\"lazy\" decoding=\"async\" class=\"size-full wp-image-86408 aligncenter\" src=\"https:\/\/xinshengmanufacture.com\/wp-content\/uploads\/2025\/12\/%E5%9B%BD%E5%A4%96_07-1.jpg\" alt=\"\" width=\"1200\" height=\"2082\"> <img loading=\"lazy\" decoding=\"async\" class=\"aligncenter wp-image-86409\" src=\"https:\/\/xinshengmanufacture.com\/wp-content\/uploads\/2025\/12\/%E5%9B%BD%E5%A4%96_08-1.jpg\" alt=\"\" width=\"1200\" height=\"4151\"> <img loading=\"lazy\" decoding=\"async\" class=\"size-full wp-image-86410 aligncenter\" src=\"https:\/\/xinshengmanufacture.com\/wp-content\/uploads\/2025\/12\/%E5%9B%BD%E5%A4%96_09-1.jpg\" alt=\"\" width=\"1200\" height=\"2283\"> <img loading=\"lazy\" decoding=\"async\" class=\"size-full wp-image-86411 aligncenter\" src=\"https:\/\/xinshengmanufacture.com\/wp-content\/uploads\/2025\/12\/%E5%9B%BD%E5%A4%96_10-1.jpg\" alt=\"\" width=\"1200\" height=\"2459\"> <img loading=\"lazy\" decoding=\"async\" class=\"aligncenter wp-image-86412\" src=\"https:\/\/xinshengmanufacture.com\/wp-content\/uploads\/2025\/12\/%E5%9B%BD%E5%A4%96_11-1.jpg\" alt=\"\" width=\"1200\" height=\"5278\"> <img loading=\"lazy\" decoding=\"async\" class=\"size-full wp-image-86413 aligncenter\" src=\"https:\/\/xinshengmanufacture.com\/wp-content\/uploads\/2025\/12\/%E5%9B%BD%E5%A4%96_12.jpg\" alt=\"\" width=\"1200\" height=\"2036\"><\/p>\n<div id=\"gtx-trans\" style=\"position: absolute; left: 685px; top: 35px;\">\n<div class=\"gtx-trans-icon\"><\/div>\n<\/div>\n","protected":false},"excerpt":{"rendered":"<p>Ce fauteuil de p\u00e9dicure multifonctionnel de type sofa convient aux salons de coiffure, aux instituts de beaut\u00e9 et de manucure, aux spas et aux centres de massage des pieds. Des couleurs personnalis\u00e9es sont disponibles, en provenance directe de l&rsquo;usine. <\/p>\n","protected":false},"featured_media":86928,"template":"","meta":{"_bst_post_transparent":"","_bst_post_title":"","_bst_post_layout":"","_bst_post_sidebar_id":"","_bst_post_content_style":"","_bst_post_vertical_padding":"","_bst_post_feature":"","_bst_post_feature_position":"","_bst_post_header":false,"_bst_post_footer":false},"product_brand":[1081],"product_cat":[821],"product_tag":[],"class_list":{"0":"post-86922","1":"product","2":"type-product","3":"status-publish","4":"has-post-thumbnail","6":"product_brand-xinsheng-fr","7":"product_cat-fauteuil-de-pedicure-footbath","8":"pa_color-couleurs-personnalisees","9":"pa_color-noir","10":"pa_size-115cm95cm119cm","12":"first","13":"instock","14":"sale","15":"shipping-taxable","16":"purchasable","17":"product-type-variable","18":"entry","19":"content-bg","20":"loop-entry"},"_links":{"self":[{"href":"https:\/\/xinshengmanufacture.com\/fr\/wp-json\/wp\/v2\/product\/86922","targetHints":{"allow":["GET"]}}],"collection":[{"href":"https:\/\/xinshengmanufacture.com\/fr\/wp-json\/wp\/v2\/product"}],"about":[{"href":"https:\/\/xinshengmanufacture.com\/fr\/wp-json\/wp\/v2\/types\/product"}],"version-history":[{"count":4,"href":"https:\/\/xinshengmanufacture.com\/fr\/wp-json\/wp\/v2\/product\/86922\/revisions"}],"predecessor-version":[{"id":86950,"href":"https:\/\/xinshengmanufacture.com\/fr\/wp-json\/wp\/v2\/product\/86922\/revisions\/86950"}],"wp:featuredmedia":[{"embeddable":true,"href":"https:\/\/xinshengmanufacture.com\/fr\/wp-json\/wp\/v2\/media\/86928"}],"wp:attachment":[{"href":"https:\/\/xinshengmanufacture.com\/fr\/wp-json\/wp\/v2\/media?parent=86922"}],"wp:term":[{"taxonomy":"product_brand","embeddable":true,"href":"https:\/\/xinshengmanufacture.com\/fr\/wp-json\/wp\/v2\/product_brand?post=86922"},{"taxonomy":"product_cat","embeddable":true,"href":"https:\/\/xinshengmanufacture.com\/fr\/wp-json\/wp\/v2\/product_cat?post=86922"},{"taxonomy":"product_tag","embeddable":true,"href":"https:\/\/xinshengmanufacture.com\/fr\/wp-json\/wp\/v2\/product_tag?post=86922"}],"curies":[{"name":"wp","href":"https:\/\/api.w.org\/{rel}","templated":true}]}}