{"id":87712,"date":"2026-01-31T07:00:29","date_gmt":"2026-01-31T07:00:29","guid":{"rendered":"https:\/\/xinshengmanufacture.com\/product\/chaise-de-shampoing-electrique-simple-et-elegante-mobilier-de-salon-lit-de-shampoing-de-salon-de-beaute-et-de-coiffure-librement-reglable-convenant-aux-salons-de-beaute-aux-spas-et-aux-salons-de\/"},"modified":"2026-01-31T07:36:08","modified_gmt":"2026-01-31T07:36:08","slug":"chaise-de-shampoing-electrique-simple-et-elegante-mobilier-de-salon-lit-de-shampoing-de-salon-de-beaute-et-de-coiffure-librement-reglable-convenant-aux-salons-de-beaute-aux-spas-et-aux-salons-de","status":"publish","type":"product","link":"https:\/\/xinshengmanufacture.com\/fr\/product\/chaise-de-shampoing-electrique-simple-et-elegante-mobilier-de-salon-lit-de-shampoing-de-salon-de-beaute-et-de-coiffure-librement-reglable-convenant-aux-salons-de-beaute-aux-spas-et-aux-salons-de\/","title":{"rendered":"Chaise de shampoing \u00e9lectrique simple et \u00e9l\u00e9gante, mobilier de salon, lit de shampoing de salon de beaut\u00e9 et de coiffure, librement r\u00e9glable, convenant aux salons de beaut\u00e9, aux spas et aux salons de coiffure. Le fabricant propose des couleurs personnalis\u00e9es."},"content":{"rendered":"<div class=\"wp-playlist wp-video-playlist wp-playlist-light\">\n\t\t<video controls=\"controls\" preload=\"none\" width=\"1408\"\n\t\t height=\"2503\"\t><\/video>\n\t<div class=\"wp-playlist-next\"><\/div>\n\t<div class=\"wp-playlist-prev\"><\/div>\n\t<noscript>\n\t<ol>\n\t\t<li><a href='https:\/\/xinshengmanufacture.com\/wp-content\/uploads\/2026\/01\/7.mp4'>7<\/a><\/li>\t<\/ol>\n\t<\/noscript>\n\t<script type=\"application\/json\" class=\"wp-playlist-script\">{\"type\":\"video\",\"tracklist\":false,\"tracknumbers\":true,\"images\":true,\"artists\":true,\"tracks\":[{\"src\":\"https:\/\/xinshengmanufacture.com\/wp-content\/uploads\/2026\/01\/7.mp4\",\"type\":\"video\/mp4\",\"title\":\"7\",\"caption\":\"\",\"description\":\"\",\"meta\":{\"length_formatted\":\"0:45\"},\"dimensions\":{\"original\":{\"width\":1080,\"height\":1920},\"resized\":{\"width\":1408,\"height\":2503}},\"image\":{\"src\":\"https:\/\/xinshengmanufacture.com\/wp-includes\/images\/media\/video.svg\",\"width\":48,\"height\":64},\"thumb\":{\"src\":\"https:\/\/xinshengmanufacture.com\/wp-includes\/images\/media\/video.svg\",\"width\":48,\"height\":64}}]}<\/script>\n<\/div>\n\t\n<p><img fetchpriority=\"high\" decoding=\"async\" class=\"size-full wp-image-82465 aligncenter\" src=\"https:\/\/xinshengmanufacture.com\/wp-content\/uploads\/2025\/10\/%E8%B6%85%E5%B7%A5%E5%AE%9A%E5%88%B6%E8%8B%B1%E6%96%87_011-1.jpg\" alt=\"\" width=\"1200\" height=\"1857\"><img decoding=\"async\" class=\"size-full wp-image-82477 aligncenter\" src=\"https:\/\/xinshengmanufacture.com\/wp-content\/uploads\/2025\/10\/%E8%B6%85%E5%B7%A5%E5%AE%9A%E5%88%B6%E8%8B%B1%E6%96%87_021-1.jpg\" alt=\"\" width=\"1200\" height=\"1054\"><img decoding=\"async\" class=\"size-full wp-image-82489 aligncenter\" src=\"https:\/\/xinshengmanufacture.com\/wp-content\/uploads\/2025\/10\/%E8%B6%85%E5%B7%A5%E5%AE%9A%E5%88%B6%E8%8B%B1%E6%96%87_031-1.jpg\" alt=\"\" width=\"1200\" height=\"1563\"><img loading=\"lazy\" decoding=\"async\" class=\"size-full wp-image-82501 aligncenter\" src=\"https:\/\/xinshengmanufacture.com\/wp-content\/uploads\/2025\/10\/%E8%B6%85%E5%B7%A5%E5%AE%9A%E5%88%B6%E8%8B%B1%E6%96%87_041-1.jpg\" alt=\"\" width=\"1200\" height=\"1755\"><img loading=\"lazy\" decoding=\"async\" class=\"size-full wp-image-82513 aligncenter\" src=\"https:\/\/xinshengmanufacture.com\/wp-content\/uploads\/2025\/10\/%E8%B6%85%E5%B7%A5%E5%AE%9A%E5%88%B6%E8%8B%B1%E6%96%87_051-1.jpg\" alt=\"\" width=\"1200\" height=\"2257\"><img loading=\"lazy\" decoding=\"async\" class=\"size-full wp-image-87642 aligncenter\" src=\"https:\/\/xinshengmanufacture.com\/wp-content\/uploads\/2026\/01\/1_01.jpg\" alt=\"\" width=\"1200\" height=\"1760\" srcset=\"https:\/\/xinshengmanufacture.com\/wp-content\/uploads\/2026\/01\/1_01.jpg 1200w, https:\/\/xinshengmanufacture.com\/wp-content\/uploads\/2026\/01\/1_01-205x300.jpg 205w, https:\/\/xinshengmanufacture.com\/wp-content\/uploads\/2026\/01\/1_01-698x1024.jpg 698w, https:\/\/xinshengmanufacture.com\/wp-content\/uploads\/2026\/01\/1_01-768x1126.jpg 768w, https:\/\/xinshengmanufacture.com\/wp-content\/uploads\/2026\/01\/1_01-1047x1536.jpg 1047w, https:\/\/xinshengmanufacture.com\/wp-content\/uploads\/2026\/01\/1_01-600x880.jpg 600w\" sizes=\"(max-width: 1200px) 100vw, 1200px\" \/> <img loading=\"lazy\" decoding=\"async\" class=\"size-full wp-image-87643 aligncenter\" src=\"https:\/\/xinshengmanufacture.com\/wp-content\/uploads\/2026\/01\/1_02.jpg\" alt=\"\" width=\"1200\" height=\"1604\" srcset=\"https:\/\/xinshengmanufacture.com\/wp-content\/uploads\/2026\/01\/1_02.jpg 1200w, https:\/\/xinshengmanufacture.com\/wp-content\/uploads\/2026\/01\/1_02-224x300.jpg 224w, https:\/\/xinshengmanufacture.com\/wp-content\/uploads\/2026\/01\/1_02-766x1024.jpg 766w, https:\/\/xinshengmanufacture.com\/wp-content\/uploads\/2026\/01\/1_02-768x1027.jpg 768w, https:\/\/xinshengmanufacture.com\/wp-content\/uploads\/2026\/01\/1_02-1149x1536.jpg 1149w, https:\/\/xinshengmanufacture.com\/wp-content\/uploads\/2026\/01\/1_02-600x802.jpg 600w\" sizes=\"(max-width: 1200px) 100vw, 1200px\" \/> <img loading=\"lazy\" decoding=\"async\" class=\"size-full wp-image-87644 aligncenter\" src=\"https:\/\/xinshengmanufacture.com\/wp-content\/uploads\/2026\/01\/1_03.jpg\" alt=\"\" width=\"1200\" height=\"1733\" srcset=\"https:\/\/xinshengmanufacture.com\/wp-content\/uploads\/2026\/01\/1_03.jpg 1200w, https:\/\/xinshengmanufacture.com\/wp-content\/uploads\/2026\/01\/1_03-208x300.jpg 208w, https:\/\/xinshengmanufacture.com\/wp-content\/uploads\/2026\/01\/1_03-709x1024.jpg 709w, https:\/\/xinshengmanufacture.com\/wp-content\/uploads\/2026\/01\/1_03-768x1109.jpg 768w, https:\/\/xinshengmanufacture.com\/wp-content\/uploads\/2026\/01\/1_03-1064x1536.jpg 1064w, https:\/\/xinshengmanufacture.com\/wp-content\/uploads\/2026\/01\/1_03-600x867.jpg 600w\" sizes=\"(max-width: 1200px) 100vw, 1200px\" \/> <img loading=\"lazy\" decoding=\"async\" class=\"size-full wp-image-87645 aligncenter\" src=\"https:\/\/xinshengmanufacture.com\/wp-content\/uploads\/2026\/01\/1_04.jpg\" alt=\"\" width=\"1200\" height=\"1860\" srcset=\"https:\/\/xinshengmanufacture.com\/wp-content\/uploads\/2026\/01\/1_04.jpg 1200w, https:\/\/xinshengmanufacture.com\/wp-content\/uploads\/2026\/01\/1_04-194x300.jpg 194w, https:\/\/xinshengmanufacture.com\/wp-content\/uploads\/2026\/01\/1_04-661x1024.jpg 661w, https:\/\/xinshengmanufacture.com\/wp-content\/uploads\/2026\/01\/1_04-768x1190.jpg 768w, https:\/\/xinshengmanufacture.com\/wp-content\/uploads\/2026\/01\/1_04-991x1536.jpg 991w, https:\/\/xinshengmanufacture.com\/wp-content\/uploads\/2026\/01\/1_04-600x930.jpg 600w\" sizes=\"(max-width: 1200px) 100vw, 1200px\" \/> <img loading=\"lazy\" decoding=\"async\" class=\"size-full wp-image-87646 aligncenter\" src=\"https:\/\/xinshengmanufacture.com\/wp-content\/uploads\/2026\/01\/1_05.jpg\" alt=\"\" width=\"1200\" height=\"2062\" srcset=\"https:\/\/xinshengmanufacture.com\/wp-content\/uploads\/2026\/01\/1_05.jpg 1200w, https:\/\/xinshengmanufacture.com\/wp-content\/uploads\/2026\/01\/1_05-175x300.jpg 175w, https:\/\/xinshengmanufacture.com\/wp-content\/uploads\/2026\/01\/1_05-596x1024.jpg 596w, https:\/\/xinshengmanufacture.com\/wp-content\/uploads\/2026\/01\/1_05-768x1320.jpg 768w, https:\/\/xinshengmanufacture.com\/wp-content\/uploads\/2026\/01\/1_05-894x1536.jpg 894w, https:\/\/xinshengmanufacture.com\/wp-content\/uploads\/2026\/01\/1_05-1192x2048.jpg 1192w, https:\/\/xinshengmanufacture.com\/wp-content\/uploads\/2026\/01\/1_05-600x1031.jpg 600w\" sizes=\"(max-width: 1200px) 100vw, 1200px\" \/> <img loading=\"lazy\" decoding=\"async\" class=\"size-full wp-image-87647 aligncenter\" src=\"https:\/\/xinshengmanufacture.com\/wp-content\/uploads\/2026\/01\/1_06.jpg\" alt=\"\" width=\"1200\" height=\"1887\" srcset=\"https:\/\/xinshengmanufacture.com\/wp-content\/uploads\/2026\/01\/1_06.jpg 1200w, https:\/\/xinshengmanufacture.com\/wp-content\/uploads\/2026\/01\/1_06-191x300.jpg 191w, https:\/\/xinshengmanufacture.com\/wp-content\/uploads\/2026\/01\/1_06-651x1024.jpg 651w, https:\/\/xinshengmanufacture.com\/wp-content\/uploads\/2026\/01\/1_06-768x1208.jpg 768w, https:\/\/xinshengmanufacture.com\/wp-content\/uploads\/2026\/01\/1_06-977x1536.jpg 977w, https:\/\/xinshengmanufacture.com\/wp-content\/uploads\/2026\/01\/1_06-600x944.jpg 600w\" sizes=\"(max-width: 1200px) 100vw, 1200px\" \/> <img loading=\"lazy\" decoding=\"async\" class=\"size-full wp-image-87648 aligncenter\" src=\"https:\/\/xinshengmanufacture.com\/wp-content\/uploads\/2026\/01\/1_07.jpg\" alt=\"\" width=\"1200\" height=\"2063\" srcset=\"https:\/\/xinshengmanufacture.com\/wp-content\/uploads\/2026\/01\/1_07.jpg 1200w, https:\/\/xinshengmanufacture.com\/wp-content\/uploads\/2026\/01\/1_07-175x300.jpg 175w, https:\/\/xinshengmanufacture.com\/wp-content\/uploads\/2026\/01\/1_07-596x1024.jpg 596w, https:\/\/xinshengmanufacture.com\/wp-content\/uploads\/2026\/01\/1_07-768x1320.jpg 768w, https:\/\/xinshengmanufacture.com\/wp-content\/uploads\/2026\/01\/1_07-893x1536.jpg 893w, https:\/\/xinshengmanufacture.com\/wp-content\/uploads\/2026\/01\/1_07-1191x2048.jpg 1191w, https:\/\/xinshengmanufacture.com\/wp-content\/uploads\/2026\/01\/1_07-600x1032.jpg 600w\" sizes=\"(max-width: 1200px) 100vw, 1200px\" \/> <img loading=\"lazy\" decoding=\"async\" class=\"aligncenter wp-image-87649\" src=\"https:\/\/xinshengmanufacture.com\/wp-content\/uploads\/2026\/01\/1_08.jpg\" alt=\"\" width=\"1200\" height=\"3760\" srcset=\"https:\/\/xinshengmanufacture.com\/wp-content\/uploads\/2026\/01\/1_08.jpg 817w, https:\/\/xinshengmanufacture.com\/wp-content\/uploads\/2026\/01\/1_08-96x300.jpg 96w, https:\/\/xinshengmanufacture.com\/wp-content\/uploads\/2026\/01\/1_08-327x1024.jpg 327w, https:\/\/xinshengmanufacture.com\/wp-content\/uploads\/2026\/01\/1_08-768x2406.jpg 768w, https:\/\/xinshengmanufacture.com\/wp-content\/uploads\/2026\/01\/1_08-490x1536.jpg 490w, https:\/\/xinshengmanufacture.com\/wp-content\/uploads\/2026\/01\/1_08-654x2048.jpg 654w, https:\/\/xinshengmanufacture.com\/wp-content\/uploads\/2026\/01\/1_08-600x1880.jpg 600w\" sizes=\"(max-width: 1200px) 100vw, 1200px\" \/> <img loading=\"lazy\" decoding=\"async\" class=\"size-full wp-image-87650 aligncenter\" src=\"https:\/\/xinshengmanufacture.com\/wp-content\/uploads\/2026\/01\/1_09.jpg\" alt=\"\" width=\"1200\" height=\"1815\" srcset=\"https:\/\/xinshengmanufacture.com\/wp-content\/uploads\/2026\/01\/1_09.jpg 1200w, https:\/\/xinshengmanufacture.com\/wp-content\/uploads\/2026\/01\/1_09-198x300.jpg 198w, https:\/\/xinshengmanufacture.com\/wp-content\/uploads\/2026\/01\/1_09-677x1024.jpg 677w, https:\/\/xinshengmanufacture.com\/wp-content\/uploads\/2026\/01\/1_09-768x1162.jpg 768w, https:\/\/xinshengmanufacture.com\/wp-content\/uploads\/2026\/01\/1_09-1016x1536.jpg 1016w, https:\/\/xinshengmanufacture.com\/wp-content\/uploads\/2026\/01\/1_09-600x908.jpg 600w\" sizes=\"(max-width: 1200px) 100vw, 1200px\" \/> <img loading=\"lazy\" decoding=\"async\" class=\"aligncenter wp-image-87651\" src=\"https:\/\/xinshengmanufacture.com\/wp-content\/uploads\/2026\/01\/1_10.jpg\" alt=\"\" width=\"1200\" height=\"2765\" srcset=\"https:\/\/xinshengmanufacture.com\/wp-content\/uploads\/2026\/01\/1_10.jpg 1111w, https:\/\/xinshengmanufacture.com\/wp-content\/uploads\/2026\/01\/1_10-130x300.jpg 130w, https:\/\/xinshengmanufacture.com\/wp-content\/uploads\/2026\/01\/1_10-444x1024.jpg 444w, https:\/\/xinshengmanufacture.com\/wp-content\/uploads\/2026\/01\/1_10-768x1770.jpg 768w, https:\/\/xinshengmanufacture.com\/wp-content\/uploads\/2026\/01\/1_10-667x1536.jpg 667w, https:\/\/xinshengmanufacture.com\/wp-content\/uploads\/2026\/01\/1_10-889x2048.jpg 889w, https:\/\/xinshengmanufacture.com\/wp-content\/uploads\/2026\/01\/1_10-600x1383.jpg 600w\" sizes=\"(max-width: 1200px) 100vw, 1200px\" \/> <img loading=\"lazy\" decoding=\"async\" class=\"size-full wp-image-87652 aligncenter\" src=\"https:\/\/xinshengmanufacture.com\/wp-content\/uploads\/2026\/01\/1_11.jpg\" alt=\"\" width=\"1200\" height=\"2415\" srcset=\"https:\/\/xinshengmanufacture.com\/wp-content\/uploads\/2026\/01\/1_11.jpg 1200w, https:\/\/xinshengmanufacture.com\/wp-content\/uploads\/2026\/01\/1_11-149x300.jpg 149w, https:\/\/xinshengmanufacture.com\/wp-content\/uploads\/2026\/01\/1_11-509x1024.jpg 509w, https:\/\/xinshengmanufacture.com\/wp-content\/uploads\/2026\/01\/1_11-768x1546.jpg 768w, https:\/\/xinshengmanufacture.com\/wp-content\/uploads\/2026\/01\/1_11-763x1536.jpg 763w, https:\/\/xinshengmanufacture.com\/wp-content\/uploads\/2026\/01\/1_11-1018x2048.jpg 1018w, https:\/\/xinshengmanufacture.com\/wp-content\/uploads\/2026\/01\/1_11-600x1208.jpg 600w\" sizes=\"(max-width: 1200px) 100vw, 1200px\" \/><\/p>\n<div id=\"gtx-trans\" style=\"position: absolute; left: 692px; top: 35px;\">\n<div class=\"gtx-trans-icon\"><\/div>\n<\/div>\n","protected":false},"excerpt":{"rendered":"<p>Ce fauteuil de shampoing \u00e9lectrique simple et \u00e9l\u00e9gant peut \u00eatre utilis\u00e9 dans les salons de coiffure, les instituts de beaut\u00e9, les spas et autres \u00e9tablissements. Il est vendu directement par l&rsquo;usine \u00e0 des prix de gros, m\u00eame pour des commandes \u00e0 l&rsquo;unit\u00e9. Des couleurs personnalis\u00e9es sont disponibles.  <\/p>\n","protected":false},"featured_media":87730,"template":"","meta":{"_bst_post_transparent":"","_bst_post_title":"","_bst_post_layout":"","_bst_post_sidebar_id":"","_bst_post_content_style":"","_bst_post_vertical_padding":"","_bst_post_feature":"","_bst_post_feature_position":"","_bst_post_header":false,"_bst_post_footer":false},"product_brand":[1081],"product_cat":[883],"product_tag":[],"class_list":{"0":"post-87712","1":"product","2":"type-product","3":"status-publish","4":"has-post-thumbnail","6":"product_brand-xinsheng-fr","7":"product_cat-chaise-de-shampoing-multifonctionnelle","8":"pa_color-beige-fr","9":"pa_color-couleurs-personnalisees","10":"pa_size-115cm75cm105cm","12":"first","13":"instock","14":"sale","15":"shipping-taxable","16":"purchasable","17":"product-type-variable","18":"entry","19":"content-bg","20":"loop-entry"},"_links":{"self":[{"href":"https:\/\/xinshengmanufacture.com\/fr\/wp-json\/wp\/v2\/product\/87712","targetHints":{"allow":["GET"]}}],"collection":[{"href":"https:\/\/xinshengmanufacture.com\/fr\/wp-json\/wp\/v2\/product"}],"about":[{"href":"https:\/\/xinshengmanufacture.com\/fr\/wp-json\/wp\/v2\/types\/product"}],"version-history":[{"count":2,"href":"https:\/\/xinshengmanufacture.com\/fr\/wp-json\/wp\/v2\/product\/87712\/revisions"}],"predecessor-version":[{"id":87737,"href":"https:\/\/xinshengmanufacture.com\/fr\/wp-json\/wp\/v2\/product\/87712\/revisions\/87737"}],"wp:featuredmedia":[{"embeddable":true,"href":"https:\/\/xinshengmanufacture.com\/fr\/wp-json\/wp\/v2\/media\/87730"}],"wp:attachment":[{"href":"https:\/\/xinshengmanufacture.com\/fr\/wp-json\/wp\/v2\/media?parent=87712"}],"wp:term":[{"taxonomy":"product_brand","embeddable":true,"href":"https:\/\/xinshengmanufacture.com\/fr\/wp-json\/wp\/v2\/product_brand?post=87712"},{"taxonomy":"product_cat","embeddable":true,"href":"https:\/\/xinshengmanufacture.com\/fr\/wp-json\/wp\/v2\/product_cat?post=87712"},{"taxonomy":"product_tag","embeddable":true,"href":"https:\/\/xinshengmanufacture.com\/fr\/wp-json\/wp\/v2\/product_tag?post=87712"}],"curies":[{"name":"wp","href":"https:\/\/api.w.org\/{rel}","templated":true}]}}