{"id":88266,"date":"2026-03-12T07:20:43","date_gmt":"2026-03-12T07:20:43","guid":{"rendered":"https:\/\/xinshengmanufacture.com\/product\/mobilier-de-salon-de-coiffure-fauteuil-de-pedicure-de-style-sofa-avec-reglage-du-dossier-par-bouton-unique-et-fonction-de-massage-fauteuil-de-pedicure-pour-spa-a-ongles-couleurs-personnalisables-di\/"},"modified":"2026-03-13T08:02:17","modified_gmt":"2026-03-13T08:02:17","slug":"mobilier-de-salon-de-coiffure-fauteuil-de-pedicure-de-style-sofa-avec-reglage-du-dossier-par-bouton-unique-et-fonction-de-massage-fauteuil-de-pedicure-pour-spa-a-ongles-couleurs-personnalisables-di","status":"publish","type":"product","link":"https:\/\/xinshengmanufacture.com\/fr\/product\/mobilier-de-salon-de-coiffure-fauteuil-de-pedicure-de-style-sofa-avec-reglage-du-dossier-par-bouton-unique-et-fonction-de-massage-fauteuil-de-pedicure-pour-spa-a-ongles-couleurs-personnalisables-di\/","title":{"rendered":"Mobilier de salon de coiffure, fauteuil de p\u00e9dicure de style sofa avec r\u00e9glage du dossier par bouton unique et fonction de massage, fauteuil de p\u00e9dicure pour spa \u00e0 ongles, couleurs personnalisables disponibles."},"content":{"rendered":"<div class=\"wp-playlist wp-video-playlist wp-playlist-light\">\n\t\t<video controls=\"controls\" preload=\"none\" width=\"1408\"\n\t\t height=\"792\"\t><\/video>\n\t<div class=\"wp-playlist-next\"><\/div>\n\t<div class=\"wp-playlist-prev\"><\/div>\n\t<noscript>\n\t<ol>\n\t\t<li><a href='https:\/\/xinshengmanufacture.com\/wp-content\/uploads\/2026\/03\/\u5fae\u4fe1\u89c6\u98912026-03-12_145612_316.mp4'>\u5fae\u4fe1\u89c6\u98912026-03-12_145612_316<\/a><\/li>\t<\/ol>\n\t<\/noscript>\n\t<script type=\"application\/json\" class=\"wp-playlist-script\">{\"type\":\"video\",\"tracklist\":false,\"tracknumbers\":true,\"images\":true,\"artists\":true,\"tracks\":[{\"src\":\"https:\/\/xinshengmanufacture.com\/wp-content\/uploads\/2026\/03\/\\u5fae\\u4fe1\\u89c6\\u98912026-03-12_145612_316.mp4\",\"type\":\"video\/mp4\",\"title\":\"\\u5fae\\u4fe1\\u89c6\\u98912026-03-12_145612_316\",\"caption\":\"\",\"description\":\"\",\"meta\":{\"length_formatted\":\"0:45\"},\"dimensions\":{\"original\":{\"width\":1920,\"height\":1080},\"resized\":{\"width\":1408,\"height\":792}},\"image\":{\"src\":\"https:\/\/xinshengmanufacture.com\/wp-includes\/images\/media\/video.svg\",\"width\":48,\"height\":64},\"thumb\":{\"src\":\"https:\/\/xinshengmanufacture.com\/wp-includes\/images\/media\/video.svg\",\"width\":48,\"height\":64}}]}<\/script>\n<\/div>\n\t\n<p><img fetchpriority=\"high\" decoding=\"async\" class=\"size-full wp-image-87664 aligncenter\" src=\"https:\/\/xinshengmanufacture.com\/wp-content\/uploads\/2026\/01\/%E8%B6%85%E5%B7%A5%E5%AE%9A%E5%88%B6%E8%8B%B1%E6%96%87_011.jpg\" alt=\"\" width=\"1200\" height=\"1857\"><img decoding=\"async\" class=\"size-full wp-image-87665 aligncenter\" src=\"https:\/\/xinshengmanufacture.com\/wp-content\/uploads\/2026\/01\/%E8%B6%85%E5%B7%A5%E5%AE%9A%E5%88%B6%E8%8B%B1%E6%96%87_021.jpg\" alt=\"\" width=\"1200\" height=\"1054\"><img decoding=\"async\" class=\"size-full wp-image-87666 aligncenter\" src=\"https:\/\/xinshengmanufacture.com\/wp-content\/uploads\/2026\/01\/%E8%B6%85%E5%B7%A5%E5%AE%9A%E5%88%B6%E8%8B%B1%E6%96%87_031.jpg\" alt=\"\" width=\"1200\" height=\"1563\"><img loading=\"lazy\" decoding=\"async\" class=\"size-full wp-image-87667 aligncenter\" src=\"https:\/\/xinshengmanufacture.com\/wp-content\/uploads\/2026\/01\/%E8%B6%85%E5%B7%A5%E5%AE%9A%E5%88%B6%E8%8B%B1%E6%96%87_041.jpg\" alt=\"\" width=\"1200\" height=\"1755\"><img loading=\"lazy\" decoding=\"async\" class=\"size-full wp-image-87668 aligncenter\" src=\"https:\/\/xinshengmanufacture.com\/wp-content\/uploads\/2026\/01\/%E8%B6%85%E5%B7%A5%E5%AE%9A%E5%88%B6%E8%8B%B1%E6%96%87_051.jpg\" alt=\"\" width=\"1200\" height=\"2257\"><img loading=\"lazy\" decoding=\"async\" class=\"size-full wp-image-87976 aligncenter\" src=\"https:\/\/xinshengmanufacture.com\/wp-content\/uploads\/2026\/03\/%E5%9B%BD%E5%A4%96_01.jpg\" alt=\"\" width=\"1200\" height=\"2234\"> <img loading=\"lazy\" decoding=\"async\" class=\"size-full wp-image-87977 aligncenter\" src=\"https:\/\/xinshengmanufacture.com\/wp-content\/uploads\/2026\/03\/%E5%9B%BD%E5%A4%96_02.jpg\" alt=\"\" width=\"1200\" height=\"2115\"> <img loading=\"lazy\" decoding=\"async\" class=\"size-full wp-image-87978 aligncenter\" src=\"https:\/\/xinshengmanufacture.com\/wp-content\/uploads\/2026\/03\/%E5%9B%BD%E5%A4%96_03.jpg\" alt=\"\" width=\"1200\" height=\"1836\"> <img loading=\"lazy\" decoding=\"async\" class=\"size-full wp-image-87979 aligncenter\" src=\"https:\/\/xinshengmanufacture.com\/wp-content\/uploads\/2026\/03\/%E5%9B%BD%E5%A4%96_04.jpg\" alt=\"\" width=\"1200\" height=\"2112\"> <img loading=\"lazy\" decoding=\"async\" class=\"size-full wp-image-87980 aligncenter\" src=\"https:\/\/xinshengmanufacture.com\/wp-content\/uploads\/2026\/03\/%E5%9B%BD%E5%A4%96_05.jpg\" alt=\"\" width=\"1200\" height=\"1239\"> <img loading=\"lazy\" decoding=\"async\" class=\"size-full wp-image-87981 aligncenter\" src=\"https:\/\/xinshengmanufacture.com\/wp-content\/uploads\/2026\/03\/%E5%9B%BD%E5%A4%96_06.jpg\" alt=\"\" width=\"1200\" height=\"1725\"> <img loading=\"lazy\" decoding=\"async\" class=\"size-full wp-image-87982 aligncenter\" src=\"https:\/\/xinshengmanufacture.com\/wp-content\/uploads\/2026\/03\/%E5%9B%BD%E5%A4%96_07.jpg\" alt=\"\" width=\"1200\" height=\"2690\"> <img loading=\"lazy\" decoding=\"async\" class=\"size-full wp-image-87983 aligncenter\" src=\"https:\/\/xinshengmanufacture.com\/wp-content\/uploads\/2026\/03\/%E5%9B%BD%E5%A4%96_08.jpg\" alt=\"\" width=\"1200\" height=\"2105\"> <img loading=\"lazy\" decoding=\"async\" class=\"size-full wp-image-87984 aligncenter\" src=\"https:\/\/xinshengmanufacture.com\/wp-content\/uploads\/2026\/03\/%E5%9B%BD%E5%A4%96_09.jpg\" alt=\"\" width=\"1200\" height=\"2015\"> <img loading=\"lazy\" decoding=\"async\" class=\"size-full wp-image-87985 aligncenter\" src=\"https:\/\/xinshengmanufacture.com\/wp-content\/uploads\/2026\/03\/%E5%9B%BD%E5%A4%96_10.jpg\" alt=\"\" width=\"1200\" height=\"2118\"> <img loading=\"lazy\" decoding=\"async\" class=\"size-full wp-image-87986 aligncenter\" src=\"https:\/\/xinshengmanufacture.com\/wp-content\/uploads\/2026\/03\/%E5%9B%BD%E5%A4%96_11.jpg\" alt=\"\" width=\"1200\" height=\"2292\"> <img loading=\"lazy\" decoding=\"async\" class=\"size-full wp-image-87987 aligncenter\" src=\"https:\/\/xinshengmanufacture.com\/wp-content\/uploads\/2026\/03\/%E5%9B%BD%E5%A4%96_12.jpg\" alt=\"\" width=\"1200\" height=\"2492\"> <img loading=\"lazy\" decoding=\"async\" class=\"aligncenter wp-image-87988\" src=\"https:\/\/xinshengmanufacture.com\/wp-content\/uploads\/2026\/03\/%E5%9B%BD%E5%A4%96_13.jpg\" alt=\"\" width=\"1200\" height=\"2773\"> <img loading=\"lazy\" decoding=\"async\" class=\"size-full wp-image-87990 aligncenter\" src=\"https:\/\/xinshengmanufacture.com\/wp-content\/uploads\/2026\/03\/%E5%9B%BD%E5%A4%96_15.jpg\" alt=\"\" width=\"1200\" height=\"2036\"><\/p>\n<div id=\"gtx-trans\" style=\"position: absolute; left: 711px; top: 35px;\">\n<div class=\"gtx-trans-icon\"><\/div>\n<\/div>\n","protected":false},"excerpt":{"rendered":"<p>Les fauteuils \u00e9lectriques intelligents de massage et de p\u00e9dicure conviennent aux salons de coiffure, aux centres de massage, aux salons de beaut\u00e9, aux spas et \u00e0 d&rsquo;autres \u00e9tablissements similaires. Vente directe \u00e0 l&rsquo;usine, couleurs personnalis\u00e9es disponibles, prix de gros m\u00eame pour les articles individuels. <\/p>\n","protected":false},"featured_media":88273,"template":"","meta":{"_bst_post_transparent":"","_bst_post_title":"","_bst_post_layout":"","_bst_post_sidebar_id":"","_bst_post_content_style":"","_bst_post_vertical_padding":"","_bst_post_feature":"","_bst_post_feature_position":"","_bst_post_header":false,"_bst_post_footer":false},"product_brand":[1081],"product_cat":[821],"product_tag":[],"class_list":{"0":"post-88266","1":"product","2":"type-product","3":"status-publish","4":"has-post-thumbnail","6":"product_brand-xinsheng-fr","7":"product_cat-fauteuil-de-pedicure-footbath","8":"pa_color-abricot","9":"pa_color-couleurs-personnalisees","10":"pa_size-8598117cm","12":"first","13":"instock","14":"sale","15":"shipping-taxable","16":"purchasable","17":"product-type-variable","18":"entry","19":"content-bg","20":"loop-entry"},"_links":{"self":[{"href":"https:\/\/xinshengmanufacture.com\/fr\/wp-json\/wp\/v2\/product\/88266","targetHints":{"allow":["GET"]}}],"collection":[{"href":"https:\/\/xinshengmanufacture.com\/fr\/wp-json\/wp\/v2\/product"}],"about":[{"href":"https:\/\/xinshengmanufacture.com\/fr\/wp-json\/wp\/v2\/types\/product"}],"version-history":[{"count":3,"href":"https:\/\/xinshengmanufacture.com\/fr\/wp-json\/wp\/v2\/product\/88266\/revisions"}],"predecessor-version":[{"id":88331,"href":"https:\/\/xinshengmanufacture.com\/fr\/wp-json\/wp\/v2\/product\/88266\/revisions\/88331"}],"wp:featuredmedia":[{"embeddable":true,"href":"https:\/\/xinshengmanufacture.com\/fr\/wp-json\/wp\/v2\/media\/88273"}],"wp:attachment":[{"href":"https:\/\/xinshengmanufacture.com\/fr\/wp-json\/wp\/v2\/media?parent=88266"}],"wp:term":[{"taxonomy":"product_brand","embeddable":true,"href":"https:\/\/xinshengmanufacture.com\/fr\/wp-json\/wp\/v2\/product_brand?post=88266"},{"taxonomy":"product_cat","embeddable":true,"href":"https:\/\/xinshengmanufacture.com\/fr\/wp-json\/wp\/v2\/product_cat?post=88266"},{"taxonomy":"product_tag","embeddable":true,"href":"https:\/\/xinshengmanufacture.com\/fr\/wp-json\/wp\/v2\/product_tag?post=88266"}],"curies":[{"name":"wp","href":"https:\/\/api.w.org\/{rel}","templated":true}]}}