{"id":88659,"date":"2026-03-25T09:31:57","date_gmt":"2026-03-25T09:31:57","guid":{"rendered":"https:\/\/xinshengmanufacture.com\/product\/lit-de-beaute-electrique-minimaliste-et-pratique-mobilier-de-salon-lit-dextension-de-cils-et-table-de-traitement-de-spa-lit-ergonomique-pour-les-soins-du-visage-des-femmes-ventes-directes-a-l\/"},"modified":"2026-03-25T09:31:57","modified_gmt":"2026-03-25T09:31:57","slug":"lit-de-beaute-electrique-minimaliste-et-pratique-mobilier-de-salon-lit-dextension-de-cils-et-table-de-traitement-de-spa-lit-ergonomique-pour-les-soins-du-visage-des-femmes-ventes-directes-a-l","status":"publish","type":"product","link":"https:\/\/xinshengmanufacture.com\/fr\/product\/lit-de-beaute-electrique-minimaliste-et-pratique-mobilier-de-salon-lit-dextension-de-cils-et-table-de-traitement-de-spa-lit-ergonomique-pour-les-soins-du-visage-des-femmes-ventes-directes-a-l\/","title":{"rendered":"Lit de beaut\u00e9 \u00e9lectrique minimaliste et pratique - Mobilier de salon, lit d&rsquo;extension de cils et table de traitement de spa. Lit ergonomique pour les soins du visage des femmes. Ventes directes \u00e0 l&rsquo;usine ; options de couleurs personnalis\u00e9es disponibles."},"content":{"rendered":"<p><img fetchpriority=\"high\" decoding=\"async\" class=\"size-full wp-image-87664 aligncenter\" src=\"https:\/\/xinshengmanufacture.com\/wp-content\/uploads\/2026\/01\/%E8%B6%85%E5%B7%A5%E5%AE%9A%E5%88%B6%E8%8B%B1%E6%96%87_011.jpg\" alt=\"\" width=\"1200\" height=\"1857\"><img decoding=\"async\" class=\"size-full wp-image-87665 aligncenter\" src=\"https:\/\/xinshengmanufacture.com\/wp-content\/uploads\/2026\/01\/%E8%B6%85%E5%B7%A5%E5%AE%9A%E5%88%B6%E8%8B%B1%E6%96%87_021.jpg\" alt=\"\" width=\"1200\" height=\"1054\"><img decoding=\"async\" class=\"size-full wp-image-87666 aligncenter\" src=\"https:\/\/xinshengmanufacture.com\/wp-content\/uploads\/2026\/01\/%E8%B6%85%E5%B7%A5%E5%AE%9A%E5%88%B6%E8%8B%B1%E6%96%87_031.jpg\" alt=\"\" width=\"1200\" height=\"1563\"><img loading=\"lazy\" decoding=\"async\" class=\"size-full wp-image-87667 aligncenter\" src=\"https:\/\/xinshengmanufacture.com\/wp-content\/uploads\/2026\/01\/%E8%B6%85%E5%B7%A5%E5%AE%9A%E5%88%B6%E8%8B%B1%E6%96%87_041.jpg\" alt=\"\" width=\"1200\" height=\"1755\"><img loading=\"lazy\" decoding=\"async\" class=\"size-full wp-image-87668 aligncenter\" src=\"https:\/\/xinshengmanufacture.com\/wp-content\/uploads\/2026\/01\/%E8%B6%85%E5%B7%A5%E5%AE%9A%E5%88%B6%E8%8B%B1%E6%96%87_051.jpg\" alt=\"\" width=\"1200\" height=\"2257\"><img loading=\"lazy\" decoding=\"async\" class=\"size-full wp-image-88571 aligncenter\" src=\"https:\/\/xinshengmanufacture.com\/wp-content\/uploads\/2026\/03\/%E6%9B%B2%E7%BA%BF%E5%BA%8A%E5%9B%BD%E5%A4%96_01.jpg\" alt=\"\" width=\"1200\" height=\"2090\"> <img loading=\"lazy\" decoding=\"async\" class=\"size-full wp-image-88572 aligncenter\" src=\"https:\/\/xinshengmanufacture.com\/wp-content\/uploads\/2026\/03\/%E6%9B%B2%E7%BA%BF%E5%BA%8A%E5%9B%BD%E5%A4%96_02.jpg\" alt=\"\" width=\"1200\" height=\"2163\"> <img loading=\"lazy\" decoding=\"async\" class=\"size-full wp-image-88573 aligncenter\" src=\"https:\/\/xinshengmanufacture.com\/wp-content\/uploads\/2026\/03\/%E6%9B%B2%E7%BA%BF%E5%BA%8A%E5%9B%BD%E5%A4%96_03.jpg\" alt=\"\" width=\"1200\" height=\"1456\"> <img loading=\"lazy\" decoding=\"async\" class=\"size-full wp-image-88574 aligncenter\" src=\"https:\/\/xinshengmanufacture.com\/wp-content\/uploads\/2026\/03\/%E6%9B%B2%E7%BA%BF%E5%BA%8A%E5%9B%BD%E5%A4%96_04.jpg\" alt=\"\" width=\"1200\" height=\"1473\"> <img loading=\"lazy\" decoding=\"async\" class=\"size-full wp-image-88575 aligncenter\" src=\"https:\/\/xinshengmanufacture.com\/wp-content\/uploads\/2026\/03\/%E6%9B%B2%E7%BA%BF%E5%BA%8A%E5%9B%BD%E5%A4%96_05.jpg\" alt=\"\" width=\"1200\" height=\"1670\"> <img loading=\"lazy\" decoding=\"async\" class=\"aligncenter wp-image-88576\" src=\"https:\/\/xinshengmanufacture.com\/wp-content\/uploads\/2026\/03\/%E6%9B%B2%E7%BA%BF%E5%BA%8A%E5%9B%BD%E5%A4%96_06.jpg\" alt=\"\" width=\"1200\" height=\"2912\"> <img loading=\"lazy\" decoding=\"async\" class=\"size-full wp-image-88577 aligncenter\" src=\"https:\/\/xinshengmanufacture.com\/wp-content\/uploads\/2026\/03\/%E6%9B%B2%E7%BA%BF%E5%BA%8A%E5%9B%BD%E5%A4%96_07.jpg\" alt=\"\" width=\"1200\" height=\"1950\"> <img loading=\"lazy\" decoding=\"async\" class=\"size-full wp-image-88578 aligncenter\" src=\"https:\/\/xinshengmanufacture.com\/wp-content\/uploads\/2026\/03\/%E6%9B%B2%E7%BA%BF%E5%BA%8A%E5%9B%BD%E5%A4%96_08.jpg\" alt=\"\" width=\"1200\" height=\"1995\"> <img loading=\"lazy\" decoding=\"async\" class=\"aligncenter wp-image-88579\" src=\"https:\/\/xinshengmanufacture.com\/wp-content\/uploads\/2026\/03\/%E6%9B%B2%E7%BA%BF%E5%BA%8A%E5%9B%BD%E5%A4%96_09.jpg\" alt=\"\" width=\"1200\" height=\"2887\"> <img loading=\"lazy\" decoding=\"async\" class=\"size-full wp-image-88580 aligncenter\" src=\"https:\/\/xinshengmanufacture.com\/wp-content\/uploads\/2026\/03\/%E6%9B%B2%E7%BA%BF%E5%BA%8A%E5%9B%BD%E5%A4%96_10.jpg\" alt=\"\" width=\"1200\" height=\"2430\"><\/p>\n","protected":false},"excerpt":{"rendered":"<p>Le lit de beaut\u00e9 incurv\u00e9 en forme de S est id\u00e9al pour les salons de beaut\u00e9, les spas, les centres de soins de la peau et autres \u00e9tablissements similaires. Disponible par le biais de ventes directes en usine, il est propos\u00e9 \u00e0 des prix de gros, m\u00eame pour des commandes \u00e0 l&rsquo;unit\u00e9. <\/p>\n","protected":false},"featured_media":88672,"template":"","meta":{"_bst_post_transparent":"","_bst_post_title":"","_bst_post_layout":"","_bst_post_sidebar_id":"","_bst_post_content_style":"","_bst_post_vertical_padding":"","_bst_post_feature":"","_bst_post_feature_position":"","_bst_post_header":false,"_bst_post_footer":false},"product_brand":[],"product_cat":[852],"product_tag":[],"class_list":{"0":"post-88659","1":"product","2":"type-product","3":"status-publish","4":"has-post-thumbnail","6":"product_cat-lit-de-beaute","7":"pa_color-blanc","8":"pa_color-couleurs-personnalisees","9":"pa_size-1867061cm","11":"first","12":"instock","13":"sale","14":"shipping-taxable","15":"purchasable","16":"product-type-variable","17":"entry","18":"content-bg","19":"loop-entry"},"_links":{"self":[{"href":"https:\/\/xinshengmanufacture.com\/fr\/wp-json\/wp\/v2\/product\/88659","targetHints":{"allow":["GET"]}}],"collection":[{"href":"https:\/\/xinshengmanufacture.com\/fr\/wp-json\/wp\/v2\/product"}],"about":[{"href":"https:\/\/xinshengmanufacture.com\/fr\/wp-json\/wp\/v2\/types\/product"}],"version-history":[{"count":0,"href":"https:\/\/xinshengmanufacture.com\/fr\/wp-json\/wp\/v2\/product\/88659\/revisions"}],"wp:featuredmedia":[{"embeddable":true,"href":"https:\/\/xinshengmanufacture.com\/fr\/wp-json\/wp\/v2\/media\/88672"}],"wp:attachment":[{"href":"https:\/\/xinshengmanufacture.com\/fr\/wp-json\/wp\/v2\/media?parent=88659"}],"wp:term":[{"taxonomy":"product_brand","embeddable":true,"href":"https:\/\/xinshengmanufacture.com\/fr\/wp-json\/wp\/v2\/product_brand?post=88659"},{"taxonomy":"product_cat","embeddable":true,"href":"https:\/\/xinshengmanufacture.com\/fr\/wp-json\/wp\/v2\/product_cat?post=88659"},{"taxonomy":"product_tag","embeddable":true,"href":"https:\/\/xinshengmanufacture.com\/fr\/wp-json\/wp\/v2\/product_tag?post=88659"}],"curies":[{"name":"wp","href":"https:\/\/api.w.org\/{rel}","templated":true}]}}