{"id":88954,"date":"2026-03-27T08:20:21","date_gmt":"2026-03-27T08:20:21","guid":{"rendered":"https:\/\/xinshengmanufacture.com\/product\/chaise-de-pedicure-de-type-sofa-sans-plomberie-fabricant-de-meubles-de-salon-ideal-pour-les-salons-de-manucure-et-les-spas-fauteuil-de-pedicure-et-de-spa-portatif-ne-necessitant-aucune-connexion\/"},"modified":"2026-03-28T01:20:04","modified_gmt":"2026-03-28T01:20:04","slug":"chaise-de-pedicure-de-type-sofa-sans-plomberie-fabricant-de-meubles-de-salon-ideal-pour-les-salons-de-manucure-et-les-spas-fauteuil-de-pedicure-et-de-spa-portatif-ne-necessitant-aucune-connexion","status":"publish","type":"product","link":"https:\/\/xinshengmanufacture.com\/fr\/product\/chaise-de-pedicure-de-type-sofa-sans-plomberie-fabricant-de-meubles-de-salon-ideal-pour-les-salons-de-manucure-et-les-spas-fauteuil-de-pedicure-et-de-spa-portatif-ne-necessitant-aucune-connexion\/","title":{"rendered":"Chaise de p\u00e9dicure de type sofa sans plomberie - Fabricant de meubles de salon. Id\u00e9al pour les salons de manucure et les spas : Fauteuil de p\u00e9dicure et de spa portatif ne n\u00e9cessitant aucune connexion de plomberie. Ventes directes \u00e0 l&rsquo;usine et options de couleurs personnalis\u00e9es disponibles."},"content":{"rendered":"<p><img fetchpriority=\"high\" decoding=\"async\" class=\"size-full wp-image-87664 aligncenter\" src=\"https:\/\/xinshengmanufacture.com\/wp-content\/uploads\/2026\/01\/%E8%B6%85%E5%B7%A5%E5%AE%9A%E5%88%B6%E8%8B%B1%E6%96%87_011.jpg\" alt=\"\" width=\"1200\" height=\"1857\"><img decoding=\"async\" class=\"size-full wp-image-87665 aligncenter\" src=\"https:\/\/xinshengmanufacture.com\/wp-content\/uploads\/2026\/01\/%E8%B6%85%E5%B7%A5%E5%AE%9A%E5%88%B6%E8%8B%B1%E6%96%87_021.jpg\" alt=\"\" width=\"1200\" height=\"1054\"><img decoding=\"async\" class=\"size-full wp-image-87666 aligncenter\" src=\"https:\/\/xinshengmanufacture.com\/wp-content\/uploads\/2026\/01\/%E8%B6%85%E5%B7%A5%E5%AE%9A%E5%88%B6%E8%8B%B1%E6%96%87_031.jpg\" alt=\"\" width=\"1200\" height=\"1563\"><img loading=\"lazy\" decoding=\"async\" class=\"size-full wp-image-87667 aligncenter\" src=\"https:\/\/xinshengmanufacture.com\/wp-content\/uploads\/2026\/01\/%E8%B6%85%E5%B7%A5%E5%AE%9A%E5%88%B6%E8%8B%B1%E6%96%87_041.jpg\" alt=\"\" width=\"1200\" height=\"1755\"><img loading=\"lazy\" decoding=\"async\" class=\"size-full wp-image-87668 aligncenter\" src=\"https:\/\/xinshengmanufacture.com\/wp-content\/uploads\/2026\/01\/%E8%B6%85%E5%B7%A5%E5%AE%9A%E5%88%B6%E8%8B%B1%E6%96%87_051.jpg\" alt=\"\" width=\"1200\" height=\"2257\"><img loading=\"lazy\" decoding=\"async\" class=\"aligncenter wp-image-88701\" src=\"https:\/\/xinshengmanufacture.com\/wp-content\/uploads\/2026\/03\/%E8%AF%A6%E6%83%85%E5%9B%BE01-%E6%8B%B7%E8%B4%9D_01.jpg\" alt=\"\" width=\"1200\" height=\"48\"> <img loading=\"lazy\" decoding=\"async\" class=\"aligncenter wp-image-88702\" src=\"https:\/\/xinshengmanufacture.com\/wp-content\/uploads\/2026\/03\/%E8%AF%A6%E6%83%85%E5%9B%BE01-%E6%8B%B7%E8%B4%9D_02.jpg\" alt=\"\" width=\"1200\" height=\"1790\"> <img loading=\"lazy\" decoding=\"async\" class=\"aligncenter wp-image-88703\" src=\"https:\/\/xinshengmanufacture.com\/wp-content\/uploads\/2026\/03\/%E8%AF%A6%E6%83%85%E5%9B%BE01-%E6%8B%B7%E8%B4%9D_03.jpg\" alt=\"\" width=\"1200\" height=\"1584\"> <img loading=\"lazy\" decoding=\"async\" class=\"aligncenter wp-image-88704\" src=\"https:\/\/xinshengmanufacture.com\/wp-content\/uploads\/2026\/03\/%E8%AF%A6%E6%83%85%E5%9B%BE01-%E6%8B%B7%E8%B4%9D_04.jpg\" alt=\"\" width=\"1200\" height=\"2014\"> <img loading=\"lazy\" decoding=\"async\" class=\"aligncenter wp-image-88705\" src=\"https:\/\/xinshengmanufacture.com\/wp-content\/uploads\/2026\/03\/%E8%AF%A6%E6%83%85%E5%9B%BE01-%E6%8B%B7%E8%B4%9D_05.jpg\" alt=\"\" width=\"1200\" height=\"1989\"> <img loading=\"lazy\" decoding=\"async\" class=\"aligncenter wp-image-88706\" src=\"https:\/\/xinshengmanufacture.com\/wp-content\/uploads\/2026\/03\/%E8%AF%A6%E6%83%85%E5%9B%BE01-%E6%8B%B7%E8%B4%9D_06.jpg\" alt=\"\" width=\"1200\" height=\"1870\"> <img loading=\"lazy\" decoding=\"async\" class=\"aligncenter wp-image-88707\" src=\"https:\/\/xinshengmanufacture.com\/wp-content\/uploads\/2026\/03\/%E8%AF%A6%E6%83%85%E5%9B%BE01-%E6%8B%B7%E8%B4%9D_07.jpg\" alt=\"\" width=\"1200\" height=\"4778\"> <img loading=\"lazy\" decoding=\"async\" class=\"aligncenter wp-image-88708\" src=\"https:\/\/xinshengmanufacture.com\/wp-content\/uploads\/2026\/03\/%E8%AF%A6%E6%83%85%E5%9B%BE01-%E6%8B%B7%E8%B4%9D_08.jpg\" alt=\"\" width=\"1200\" height=\"1787\"> <img loading=\"lazy\" decoding=\"async\" class=\"aligncenter wp-image-88709\" src=\"https:\/\/xinshengmanufacture.com\/wp-content\/uploads\/2026\/03\/%E8%AF%A6%E6%83%85%E5%9B%BE01-%E6%8B%B7%E8%B4%9D_09.jpg\" alt=\"\" width=\"1200\" height=\"1813\"> <img loading=\"lazy\" decoding=\"async\" class=\"aligncenter wp-image-88710\" src=\"https:\/\/xinshengmanufacture.com\/wp-content\/uploads\/2026\/03\/%E8%AF%A6%E6%83%85%E5%9B%BE01-%E6%8B%B7%E8%B4%9D_10.jpg\" alt=\"\" width=\"1200\" height=\"2238\"> <img loading=\"lazy\" decoding=\"async\" class=\"aligncenter wp-image-88711\" src=\"https:\/\/xinshengmanufacture.com\/wp-content\/uploads\/2026\/03\/%E8%AF%A6%E6%83%85%E5%9B%BE01-%E6%8B%B7%E8%B4%9D_11.jpg\" alt=\"\" width=\"1200\" height=\"1710\"><\/p>\n","protected":false},"excerpt":{"rendered":"<p>Ce fauteuil de p\u00e9dicure sans tuyau, de style sofa, convient aux ongleries, spas, salons de beaut\u00e9 et de coiffure, centres de massage des pieds et autres \u00e9tablissements similaires. Il prend en charge les options de couleurs personnalis\u00e9es, et m\u00eame les commandes d&rsquo;unit\u00e9s individuelles sont propos\u00e9es \u00e0 des prix directs d&rsquo;usine. <\/p>\n","protected":false},"featured_media":88960,"template":"","meta":{"_bst_post_transparent":"","_bst_post_title":"","_bst_post_layout":"","_bst_post_sidebar_id":"","_bst_post_content_style":"","_bst_post_vertical_padding":"","_bst_post_feature":"","_bst_post_feature_position":"","_bst_post_header":false,"_bst_post_footer":false},"product_brand":[],"product_cat":[821],"product_tag":[],"class_list":{"0":"post-88954","1":"product","2":"type-product","3":"status-publish","4":"has-post-thumbnail","6":"product_cat-fauteuil-de-pedicure-footbath","7":"pa_color-abricot","8":"pa_color-couleurs-personnalisees","9":"pa_size-9092124cm","11":"first","12":"instock","13":"sale","14":"shipping-taxable","15":"purchasable","16":"product-type-variable","17":"entry","18":"content-bg","19":"loop-entry"},"_links":{"self":[{"href":"https:\/\/xinshengmanufacture.com\/fr\/wp-json\/wp\/v2\/product\/88954","targetHints":{"allow":["GET"]}}],"collection":[{"href":"https:\/\/xinshengmanufacture.com\/fr\/wp-json\/wp\/v2\/product"}],"about":[{"href":"https:\/\/xinshengmanufacture.com\/fr\/wp-json\/wp\/v2\/types\/product"}],"version-history":[{"count":1,"href":"https:\/\/xinshengmanufacture.com\/fr\/wp-json\/wp\/v2\/product\/88954\/revisions"}],"predecessor-version":[{"id":88984,"href":"https:\/\/xinshengmanufacture.com\/fr\/wp-json\/wp\/v2\/product\/88954\/revisions\/88984"}],"wp:featuredmedia":[{"embeddable":true,"href":"https:\/\/xinshengmanufacture.com\/fr\/wp-json\/wp\/v2\/media\/88960"}],"wp:attachment":[{"href":"https:\/\/xinshengmanufacture.com\/fr\/wp-json\/wp\/v2\/media?parent=88954"}],"wp:term":[{"taxonomy":"product_brand","embeddable":true,"href":"https:\/\/xinshengmanufacture.com\/fr\/wp-json\/wp\/v2\/product_brand?post=88954"},{"taxonomy":"product_cat","embeddable":true,"href":"https:\/\/xinshengmanufacture.com\/fr\/wp-json\/wp\/v2\/product_cat?post=88954"},{"taxonomy":"product_tag","embeddable":true,"href":"https:\/\/xinshengmanufacture.com\/fr\/wp-json\/wp\/v2\/product_tag?post=88954"}],"curies":[{"name":"wp","href":"https:\/\/api.w.org\/{rel}","templated":true}]}}