{"id":30140,"date":"2025-03-29T03:58:51","date_gmt":"2025-03-29T03:58:51","guid":{"rendered":"https:\/\/xinshengmanufacture.com\/politica-de-privacidade\/"},"modified":"2025-06-20T09:09:28","modified_gmt":"2025-06-20T09:09:28","slug":"politica-de-privacidade","status":"publish","type":"page","link":"https:\/\/xinshengmanufacture.com\/pt-br\/politica-de-privacidade\/","title":{"rendered":"Pol\u00edtica de privacidade"},"content":{"rendered":"\t\t<div data-elementor-type=\"wp-page\" data-elementor-id=\"30140\" class=\"elementor elementor-30140 elementor-3\" data-elementor-post-type=\"page\">\n\t\t\t\t<div class=\"elementor-element elementor-element-5befe00b e-flex e-con-boxed e-con e-parent\" data-id=\"5befe00b\" data-element_type=\"container\" data-e-type=\"container\">\n\t\t\t\t\t<div class=\"e-con-inner\">\n\t\t\t\t<div class=\"elementor-element elementor-element-38191b6a elementor-widget elementor-widget-text-editor\" data-id=\"38191b6a\" data-element_type=\"widget\" data-e-type=\"widget\" data-widget_type=\"text-editor.default\">\n\t\t\t\t<div class=\"elementor-widget-container\">\n\t\t\t\t\t\t\t\t\t<p>A Xinshengmanufacture LLC (\u201cn\u00f3s\u201d) opera o site www.xinshengmanufacture.com e o aplicativo m\u00f3vel xinshengmanufacture (o \u201cServi\u00e7o\u201d).<\/p>\n<p>Esta p\u00e1gina o informa sobre nossas pol\u00edticas relativas \u00e0 coleta, ao uso e \u00e0 divulga\u00e7\u00e3o de dados pessoais quando voc\u00ea usa nosso Servi\u00e7o e sobre as op\u00e7\u00f5es que voc\u00ea tem em rela\u00e7\u00e3o a esses dados.<\/p>\n<p>Usamos seus dados para fornecer e aprimorar o Servi\u00e7o. Ao usar o Servi\u00e7o, voc\u00ea concorda com a coleta e o uso de informa\u00e7\u00f5es de acordo com esta pol\u00edtica. A menos que definido de outra forma nesta Pol\u00edtica de Privacidade, os termos usados nesta Pol\u00edtica de Privacidade t\u00eam os mesmos significados que em nossos Termos e Condi\u00e7\u00f5es.  <\/p>\n<p>Servi\u00e7o de defini\u00e7\u00f5es<\/p>\n<p>O Servi\u00e7o refere-se ao site www.xinshengmanufacture.com e ao aplicativo m\u00f3vel xinshengmanufacture operado pela xinshengmanufacture LLC<\/p>\n<p>Dados pessoais<\/p>\n<p>Dados pessoais s\u00e3o dados sobre um indiv\u00edduo vivo que pode ser identificado a partir desses dados (ou de outras informa\u00e7\u00f5es em nossa posse ou que possam vir a ser obtidas).<\/p>\n<p>Dados de uso<\/p>\n<p>Dados de uso s\u00e3o dados gerados automaticamente pelo uso do Servi\u00e7o ou pela pr\u00f3pria infraestrutura do Servi\u00e7o (por exemplo, a dura\u00e7\u00e3o de uma visita \u00e0 p\u00e1gina).<\/p>\n<p>Cookies<\/p>\n<p>Cookies s\u00e3o pequenos arquivos armazenados no seu dispositivo (computador ou dispositivo m\u00f3vel).<\/p>\n<p>Controlador de dados<\/p>\n<p>Controlador de dados significa a pessoa f\u00edsica ou jur\u00eddica que (sozinha, em conjunto ou em comum com outras pessoas) determina as finalidades e os meios de processamento de qualquer informa\u00e7\u00e3o pessoal.<\/p>\n<p>Para os fins desta Pol\u00edtica de Privacidade, somos o Controlador de Dados dos seus dados pessoais.<\/p>\n<p>Processador de dados (ou provedor de servi\u00e7os)<\/p>\n<p>Processador de dados (ou Provedor de servi\u00e7os) significa qualquer pessoa f\u00edsica ou jur\u00eddica que processa dados em nome do Controlador de dados.<\/p>\n<p>Podemos usar os servi\u00e7os de v\u00e1rios provedores de servi\u00e7os para processar seus dados com mais efici\u00eancia.<\/p>\n<p>Titular dos dados (ou usu\u00e1rio)<\/p>\n<p>O Titular dos Dados \u00e9 qualquer pessoa viva que utiliza nossos Servi\u00e7os e \u00e9 objeto de Dados Pessoais.<\/p>\n<p>Coleta e uso de informa\u00e7\u00f5es<br>Coletamos v\u00e1rios tipos diferentes de informa\u00e7\u00f5es para diversas finalidades, a fim de fornecer e aprimorar nossos Servi\u00e7os a voc\u00ea.<\/p>\n<p>Tipos de dados coletados<br>Dados pessoais<\/p>\n<p>Ao usar nossos Servi\u00e7os, podemos solicitar que voc\u00ea nos forne\u00e7a determinadas informa\u00e7\u00f5es de identifica\u00e7\u00e3o pessoal que podem ser usadas para contat\u00e1-lo ou identific\u00e1-lo (\u201cDados Pessoais\u201d). As informa\u00e7\u00f5es de identifica\u00e7\u00e3o pessoal podem incluir, mas n\u00e3o est\u00e3o limitadas a: <\/p>\n<p>Endere\u00e7o de e-mail<\/p>\n<p>Nome e sobrenome<\/p>\n<p>N\u00famero de telefone<\/p>\n<p>Endere\u00e7o, estado, prov\u00edncia, c\u00f3digo postal, cidade<\/p>\n<p>Cookies e dados de uso<\/p>\n<p>Podemos usar seus dados pessoais para entrar em contato com voc\u00ea por meio de boletins informativos, materiais de marketing ou promocionais e outras informa\u00e7\u00f5es que possam ser de seu interesse. Voc\u00ea pode optar por n\u00e3o receber nenhuma ou todas essas comunica\u00e7\u00f5es nossas clicando nos links de cancelamento de assinatura ou nas instru\u00e7\u00f5es fornecidas em qualquer e-mail que enviarmos. <\/p>\n<p>Dados de uso<\/p>\n<p>Tamb\u00e9m podemos coletar informa\u00e7\u00f5es que o seu navegador envia sempre que voc\u00ea visita nossos Servi\u00e7os ou quando acessa os Servi\u00e7os por meio de um dispositivo m\u00f3vel (\u201cDados de uso\u201d).<\/p>\n<p>Esses Dados de Uso podem incluir informa\u00e7\u00f5es como o endere\u00e7o de Protocolo da Internet (por exemplo, endere\u00e7o IP) do seu computador, tipo de navegador, vers\u00e3o do navegador, as p\u00e1ginas dos nossos Servi\u00e7os que voc\u00ea visita, a hora e a data da sua visita, o tempo gasto nessas p\u00e1ginas, identificadores exclusivos de dispositivos e outros dados de diagn\u00f3stico.<\/p>\n<p>Quando voc\u00ea acessa os Servi\u00e7os usando um dispositivo m\u00f3vel, esses Dados de Uso podem incluir informa\u00e7\u00f5es como o tipo de dispositivo m\u00f3vel que voc\u00ea usa, o ID exclusivo do seu dispositivo m\u00f3vel, o endere\u00e7o IP do seu dispositivo m\u00f3vel, o sistema operacional do seu dispositivo m\u00f3vel, o tipo de navegador de Internet m\u00f3vel que voc\u00ea usa, identificadores exclusivos de dispositivos e outros dados de diagn\u00f3stico.<\/p>\n<p>Dados de localiza\u00e7\u00e3o<\/p>\n<p>Poderemos usar e armazenar informa\u00e7\u00f5es sobre a sua localiza\u00e7\u00e3o (\u201cDados de localiza\u00e7\u00e3o\u201d) se voc\u00ea permitir que o fa\u00e7amos. Usamos esses dados para fornecer os recursos de nossos Servi\u00e7os e para aprimorar e personalizar nossos Servi\u00e7os. <\/p>\n<p>Voc\u00ea pode ativar ou desativar os servi\u00e7os de localiza\u00e7\u00e3o a qualquer momento por meio das configura\u00e7\u00f5es do seu dispositivo enquanto usa nossos Servi\u00e7os.<\/p>\n<p>Rastreamento de dados de cookies<\/p>\n<p>Usamos cookies e tecnologias de rastreamento semelhantes para rastrear a atividade em nossos Servi\u00e7os e salvar determinadas informa\u00e7\u00f5es.<\/p>\n<p>Cookies s\u00e3o arquivos com pequenas quantidades de dados, que podem incluir um identificador exclusivo an\u00f4nimo. Os cookies s\u00e3o enviados ao seu navegador a partir de um site e armazenados no seu dispositivo. Tamb\u00e9m usamos outras tecnologias de rastreamento (como beacons, tags e scripts) para coletar e rastrear informa\u00e7\u00f5es e para aprimorar e analisar nossos Servi\u00e7os.  <\/p>\n<p>Voc\u00ea pode instruir seu navegador a recusar todos os cookies ou a indicar quando um cookie est\u00e1 sendo enviado. Entretanto, se voc\u00ea n\u00e3o aceitar cookies, talvez n\u00e3o consiga usar determinadas partes dos nossos Servi\u00e7os. <\/p>\n<p>Exemplos de cookies que usamos:<\/p>\n<p>Cookies de sess\u00e3o. Usamos cookies de sess\u00e3o para operar nossos servi\u00e7os. <\/p>\n<p>Cookies de prefer\u00eancia. Usamos cookies de prefer\u00eancia para lembrar suas prefer\u00eancias e v\u00e1rias configura\u00e7\u00f5es. <\/p>\n<p>Cookies de seguran\u00e7a. Usamos cookies de seguran\u00e7a para fins de seguran\u00e7a. <\/p>\n<p>Uso de dados<br>A Xinsheng Manufacturing usa os dados coletados para v\u00e1rias finalidades:<br>Fornecer e manter nossos servi\u00e7os<br>Notificar voc\u00ea sobre altera\u00e7\u00f5es em nossos Servi\u00e7os<br>Permitir que voc\u00ea participe de recursos interativos de nossos Servi\u00e7os quando optar por faz\u00ea-lo<br>Fornecer suporte ao cliente<br>Coletar dados anal\u00edticos ou informa\u00e7\u00f5es valiosas para que possamos aprimorar nossos Servi\u00e7os<br>Monitorar o uso de nossos Servi\u00e7os<br>Detectar, prevenir e resolver problemas t\u00e9cnicos<br>Fornecer not\u00edcias, ofertas especiais e informa\u00e7\u00f5es gerais sobre outros produtos, servi\u00e7os e eventos que oferecemos que sejam semelhantes aos que voc\u00ea j\u00e1 comprou ou solicitou, a menos que voc\u00ea tenha optado por n\u00e3o receber tais informa\u00e7\u00f5es<br>N\u00e3o compartilhamos nenhuma informa\u00e7\u00e3o m\u00f3vel com terceiros ou afiliados para fins de marketing ou promocionais. Os dados e consentimentos de opt-in de SMS tamb\u00e9m n\u00e3o est\u00e3o inclu\u00eddos e n\u00e3o ser\u00e3o compartilhados com terceiros. <\/p>\n<p>Base legal para o processamento de dados pessoais de acordo com o Regulamento Geral de Prote\u00e7\u00e3o de Dados (GDPR)<br>Se voc\u00ea \u00e9 do Espa\u00e7o Econ\u00f4mico Europeu (EEE), a base legal da Xinsheng Manufacturing LLC para coletar e usar as informa\u00e7\u00f5es pessoais descritas nesta Pol\u00edtica de Privacidade depende dos Dados Pessoais que coletamos e do contexto espec\u00edfico em que os coletamos. A Xinsheng Manufacturing LLC pode processar seus dados pessoais porque precisamos executar um contrato com voc\u00ea<br>Voc\u00ea nos deu permiss\u00e3o para faz\u00ea-lo<br>O processamento \u00e9 de nosso interesse leg\u00edtimo e seus direitos n\u00e3o<br>se sobrep\u00f5em a ele<br>Para fins de processamento de pagamentos<br>Cumprir as leis<br>Reten\u00e7\u00e3o de dados<br>A Xinsheng Manufacturing LLC reter\u00e1 seus dados pessoais apenas pelo tempo necess\u00e1rio para os fins estabelecidos nesta Pol\u00edtica de Privacidade. Reteremos e usaremos seus dados pessoais na medida necess\u00e1ria para cumprir nossas obriga\u00e7\u00f5es legais (por exemplo, se precisarmos reter seus dados para cumprir as leis aplic\u00e1veis), resolver disputas e fazer cumprir nossos acordos e pol\u00edticas legais. A xinshengmanufacture LLC tamb\u00e9m reter\u00e1 os Dados de Uso para fins anal\u00edticos internos. Os Dados de Uso geralmente s\u00e3o retidos por um per\u00edodo mais curto, a menos que os dados sejam usados para refor\u00e7ar a seguran\u00e7a ou melhorar a funcionalidade de nossos Servi\u00e7os ou que sejamos legalmente obrigados a reter os dados por mais tempo.    <\/p>\n<p>Transfer\u00eancia de dados<br>Suas informa\u00e7\u00f5es, inclusive Dados Pessoais, podem ser transferidas e mantidas em computadores localizados fora do seu estado, prov\u00edncia, pa\u00eds ou outra jurisdi\u00e7\u00e3o governamental, onde as leis de prote\u00e7\u00e3o de dados podem ser diferentes das leis da sua jurisdi\u00e7\u00e3o. Se voc\u00ea estiver localizado fora dos Estados Unidos e optar por nos fornecer informa\u00e7\u00f5es, observe que transferimos os dados, inclusive os Dados Pessoais, para os Estados Unidos e os processamos l\u00e1. O seu consentimento com esta Pol\u00edtica de Privacidade e o subsequente envio de tais informa\u00e7\u00f5es constituem sua concord\u00e2ncia com essa transfer\u00eancia. A xinshengmanufacture LLC tomar\u00e1 todas as medidas razoavelmente necess\u00e1rias para garantir que seus dados sejam tratados com seguran\u00e7a e de acordo com esta Pol\u00edtica de Privacidade e nenhuma transfer\u00eancia de seus Dados Pessoais ocorrer\u00e1 para uma organiza\u00e7\u00e3o ou um pa\u00eds, a menos que haja controles adequados em vigor, incluindo a seguran\u00e7a de seus dados e outras informa\u00e7\u00f5es pessoais.   <\/p>\n<p>Divulga\u00e7\u00f5es para aplica\u00e7\u00e3o da lei<br>Em determinadas circunst\u00e2ncias, a xinshengmanufacture LLC pode ser solicitada a divulgar seus Dados Pessoais se for obrigada a faz\u00ea-lo por lei ou em resposta a uma solicita\u00e7\u00e3o v\u00e1lida de autoridades p\u00fablicas (por exemplo, um tribunal ou ag\u00eancia governamental).<\/p>\n<p>Exig\u00eancia legal<br>A xinshengmanufacture LLC pode divulgar seus Dados Pessoais na cren\u00e7a de boa f\u00e9 de que tal a\u00e7\u00e3o \u00e9 necess\u00e1ria.<br>Cumprir com as obriga\u00e7\u00f5es legais<br>Proteger e defender os direitos ou a propriedade da Xinsheng Manufacturing LLC<br>Prevenir ou investigar poss\u00edveis irregularidades em rela\u00e7\u00e3o ao Servi\u00e7o<br>Proteger a seguran\u00e7a pessoal dos usu\u00e1rios do Servi\u00e7o ou do p\u00fablico<br>Proteger contra responsabilidade legal<\/p>\n<p>Seguran\u00e7a de dados<br>A seguran\u00e7a dos seus dados \u00e9 importante para n\u00f3s, mas lembre-se de que nenhum m\u00e9todo de transmiss\u00e3o pela Internet ou m\u00e9todo de armazenamento eletr\u00f4nico \u00e9 100% seguro. Embora nos esforcemos para usar meios comercialmente aceit\u00e1veis para proteger seus dados pessoais, n\u00e3o podemos garantir sua seguran\u00e7a absoluta.<br>Nossa pol\u00edtica sobre sinais de n\u00e3o rastreamento de acordo com a California Online Protection Act (CalOPPA)<br>N\u00e3o oferecemos suporte ao Do Not Track (\u201cDNT\u201d). N\u00e3o rastrear \u00e9 uma prefer\u00eancia que voc\u00ea pode definir em seu navegador da Web para informar aos sites que voc\u00ea n\u00e3o deseja ser rastreado. Voc\u00ea pode ativar ou desativar o Do Not Track visitando a p\u00e1gina \u201cPrefer\u00eancias\u201d ou \u201cConfigura\u00e7\u00f5es\u201d do seu navegador da Web.<br>Seus direitos de prote\u00e7\u00e3o de dados de acordo com o Regulamento Geral de Prote\u00e7\u00e3o de Dados (GDPR) Se voc\u00ea \u00e9 residente do Espa\u00e7o Econ\u00f4mico Europeu (EEE), tem determinados direitos de prote\u00e7\u00e3o de dados. A Xinshengmanufacture LLC visa tomar medidas razo\u00e1veis para permitir que voc\u00ea corrija, altere, exclua ou limite o uso de seus Dados Pessoais. Se voc\u00ea quiser ser informado sobre os dados pessoais que mantemos sobre voc\u00ea e quiser que eles sejam removidos de nossos sistemas, entre em contato conosco. Em determinadas circunst\u00e2ncias, voc\u00ea tem os seguintes direitos de prote\u00e7\u00e3o de dados: O direito de acessar, atualizar ou excluir as informa\u00e7\u00f5es que mantemos sobre voc\u00ea. Sempre que poss\u00edvel, voc\u00ea pode acessar, atualizar ou solicitar a exclus\u00e3o de seus dados pessoais diretamente na se\u00e7\u00e3o de configura\u00e7\u00f5es da sua conta. Se voc\u00ea n\u00e3o conseguir fazer isso sozinho, entre em contato conosco para obter assist\u00eancia. Direito de retifica\u00e7\u00e3o. Se suas informa\u00e7\u00f5es estiverem imprecisas ou incompletas, voc\u00ea tem o direito de solicitar retifica\u00e7\u00e3o. Direito de obje\u00e7\u00e3o. Voc\u00ea tem o direito de se opor ao nosso processamento dos seus dados pessoais. Direito \u00e0 restri\u00e7\u00e3o. Voc\u00ea tem o direito de solicitar que restrinjamos o processamento de suas informa\u00e7\u00f5es pessoais. Direito \u00e0 portabilidade de dados. Voc\u00ea tem o direito de obter uma c\u00f3pia das informa\u00e7\u00f5es que mantemos sobre voc\u00ea em um formato estruturado, leg\u00edvel por m\u00e1quina e comumente usado. Direito de retirar o consentimento. Quando a Xinsheng LLC estiver contando com seu consentimento para processar suas informa\u00e7\u00f5es pessoais, voc\u00ea tamb\u00e9m tem o direito de retirar seu consentimento a qualquer momento. Observe que podemos pedir que voc\u00ea verifique sua identidade antes de responder a essas solicita\u00e7\u00f5es. Voc\u00ea tem o direito de reclamar com uma autoridade de prote\u00e7\u00e3o de dados sobre nossa coleta e uso de seus dados pessoais. Para obter mais informa\u00e7\u00f5es, entre em contato com a autoridade local de prote\u00e7\u00e3o de dados no Espa\u00e7o Econ\u00f4mico Europeu (EEE).                     <\/p>\n<p>Prestadores de servi\u00e7os Podemos empregar empresas e indiv\u00edduos terceirizados para facilitar nosso Servi\u00e7o (\u201cPrestadores de servi\u00e7os\u201d), para fornecer o Servi\u00e7o em nosso nome, para executar servi\u00e7os relacionados ao Servi\u00e7o ou para nos ajudar a analisar como nosso Servi\u00e7o \u00e9 usado. Esses terceiros t\u00eam acesso aos seus Dados Pessoais somente para realizar essas tarefas em nosso nome e s\u00e3o obrigados a n\u00e3o divulg\u00e1-los ou us\u00e1-los para qualquer outra finalidade. <\/p>\n<p>Analytics<br>Podemos usar prestadores de servi\u00e7os terceirizados para monitorar e analisar o uso de nossos Servi\u00e7os.<\/p>\n<p>Google Analytics<br>O Google Analytics \u00e9 um servi\u00e7o de an\u00e1lise da Web fornecido pelo Google que rastreia e informa o tr\u00e1fego do site. O Google usa os dados coletados para rastrear e monitorar o uso dos nossos Servi\u00e7os. Esses dados s\u00e3o compartilhados com outros servi\u00e7os do Google. O Google pode usar os dados coletados para contextualizar e personalizar an\u00fancios para sua pr\u00f3pria rede de publicidade. Para obter mais informa\u00e7\u00f5es sobre as pr\u00e1ticas de privacidade do Google, visite a p\u00e1gina da Web dos Termos de Privacidade do Google: https:\/\/policies.google.com\/privacy?hl=en    <\/p>\n<p>Pagamentos<br>Podemos oferecer produtos e\/ou servi\u00e7os pagos como parte dos Servi\u00e7os. Nesses casos, usamos servi\u00e7os de terceiros para o processamento de pagamentos (como processadores de pagamentos). N\u00e3o armazenamos nem coletamos os detalhes do seu cart\u00e3o de pagamento. Essas informa\u00e7\u00f5es s\u00e3o fornecidas diretamente aos nossos processadores de pagamento terceirizados, e o uso que eles fazem das suas informa\u00e7\u00f5es pessoais \u00e9 regido pelas pol\u00edticas de privacidade deles. Esses processadores de pagamento aderem aos padr\u00f5es definidos pelo PCI-DSS, conforme gerenciado pelo PCI Security Standards Council, que \u00e9 um esfor\u00e7o conjunto de marcas como Visa, MasterCard, American Express e Discover. Os requisitos do PCI-DSS ajudam a garantir que as informa\u00e7\u00f5es de pagamento sejam tratadas com seguran\u00e7a. Os processadores de pagamento com os quais trabalhamos s\u00e3o:<br>Apple Store In-App Payments<br>Sua pol\u00edtica de privacidade pode ser visualizada em https:\/\/www.apple.com\/legal\/privacy\/en-ww\/<br>Google Play In-App Payments<br>Sua pol\u00edtica de privacidade pode ser visualizada em https:\/\/www.google.com\/policies\/privacy\/<br>Stripe<br>Sua pol\u00edtica de privacidade pode ser visualizada em https:\/\/stripe.com\/us\/privacy<br>Authorize.net<br>Sua pol\u00edtica de privacidade pode ser visualizada em https:\/\/www.authorize.net\/company\/privacy\/<br>Links para outros sites<br>Nossos Servi\u00e7os podem conter links para outros sites que n\u00e3o s\u00e3o operados por n\u00f3s. Se voc\u00ea clicar em um link de terceiros, ser\u00e1 direcionado a esse site de terceiros. Recomendamos enfaticamente que voc\u00ea analise a pol\u00edtica de privacidade de cada site que visitar. N\u00e3o temos controle e n\u00e3o assumimos nenhuma responsabilidade pelo conte\u00fado, pol\u00edticas de privacidade ou pr\u00e1ticas de sites ou servi\u00e7os de terceiros.         <\/p>\n<p>Privacidade das crian\u00e7as<br>Nossos servi\u00e7os n\u00e3o s\u00e3o direcionados a menores de 18 anos (\u201cCrian\u00e7as\u201d). N\u00e3o coletamos intencionalmente informa\u00e7\u00f5es de identifica\u00e7\u00e3o pessoal de menores de 18 anos. Se voc\u00ea \u00e9 pai ou respons\u00e1vel e sabe que seu filho nos forneceu dados pessoais, entre em contato conosco. Se tomarmos conhecimento de que coletamos dados pessoais de uma crian\u00e7a sem a verifica\u00e7\u00e3o do consentimento dos pais, tomaremos medidas para remover essas informa\u00e7\u00f5es de nossos servidores.   <\/p>\n<p>Altera\u00e7\u00f5es a esta Pol\u00edtica de Privacidade<br>Podemos atualizar nossa Pol\u00edtica de Privacidade periodicamente. Notificaremos voc\u00ea sobre quaisquer altera\u00e7\u00f5es publicando a nova Pol\u00edtica de Privacidade nesta p\u00e1gina. Voc\u00ea ser\u00e1 notificado por e-mail e\/ou por um aviso em destaque em nosso Servi\u00e7o antes que a altera\u00e7\u00e3o entre em vigor e atualizaremos a \u201cData de vig\u00eancia\u201d na parte superior desta Pol\u00edtica de Privacidade. Aconselhamos que voc\u00ea revise esta Pol\u00edtica de Privacidade periodicamente para verificar se houve alguma altera\u00e7\u00e3o. As altera\u00e7\u00f5es a esta Pol\u00edtica de Privacidade entrar\u00e3o em vigor quando forem publicadas nesta p\u00e1gina.    <\/p>\n<p>Uso de dados<\/p>\n<p>Nenhuma informa\u00e7\u00e3o de celular ser\u00e1 compartilhada com terceiros\/afiliados para fins de marketing\/promocionais. Todas as categorias acima excluem dados e consentimento do remetente de SMS; essas informa\u00e7\u00f5es n\u00e3o ser\u00e3o compartilhadas com terceiros <\/p>\n<p>Entre em contato conosco<br>Se voc\u00ea tiver alguma d\u00favida sobre esta Pol\u00edtica de Privacidade, entre em contato conosco:<br>Por e-mail: pengz2259@gmail.com<\/p>\t\t\t\t\t\t\t\t<\/div>\n\t\t\t\t<\/div>\n\t\t\t\t\t<\/div>\n\t\t\t\t<\/div>\n\t\t\t\t<\/div>\n\t\t","protected":false},"excerpt":{"rendered":"<p>A Xinshengmanufacture LLC (\u201cn\u00f3s\u201d) opera o site www.xinshengmanufacture.com e o aplicativo m\u00f3vel xinshengmanufacture (o \u201cServi\u00e7o\u201d). Esta p\u00e1gina o informa sobre nossas pol\u00edticas relativas \u00e0 coleta, ao uso e \u00e0 divulga\u00e7\u00e3o de dados pessoais quando voc\u00ea usa nosso Servi\u00e7o e sobre as op\u00e7\u00f5es que voc\u00ea tem em rela\u00e7\u00e3o a esses dados. Usamos seus dados para fornecer&#8230;<\/p>\n","protected":false},"author":1,"featured_media":0,"parent":0,"menu_order":0,"comment_status":"closed","ping_status":"open","template":"","meta":{"_bst_post_transparent":"","_bst_post_title":"","_bst_post_layout":"","_bst_post_sidebar_id":"","_bst_post_content_style":"","_bst_post_vertical_padding":"","_bst_post_feature":"","_bst_post_feature_position":"","_bst_post_header":false,"_bst_post_footer":false,"footnotes":""},"class_list":["post-30140","page","type-page","status-publish","hentry"],"_links":{"self":[{"href":"https:\/\/xinshengmanufacture.com\/pt-br\/wp-json\/wp\/v2\/pages\/30140","targetHints":{"allow":["GET"]}}],"collection":[{"href":"https:\/\/xinshengmanufacture.com\/pt-br\/wp-json\/wp\/v2\/pages"}],"about":[{"href":"https:\/\/xinshengmanufacture.com\/pt-br\/wp-json\/wp\/v2\/types\/page"}],"author":[{"embeddable":true,"href":"https:\/\/xinshengmanufacture.com\/pt-br\/wp-json\/wp\/v2\/users\/1"}],"replies":[{"embeddable":true,"href":"https:\/\/xinshengmanufacture.com\/pt-br\/wp-json\/wp\/v2\/comments?post=30140"}],"version-history":[{"count":2,"href":"https:\/\/xinshengmanufacture.com\/pt-br\/wp-json\/wp\/v2\/pages\/30140\/revisions"}],"predecessor-version":[{"id":30142,"href":"https:\/\/xinshengmanufacture.com\/pt-br\/wp-json\/wp\/v2\/pages\/30140\/revisions\/30142"}],"wp:attachment":[{"href":"https:\/\/xinshengmanufacture.com\/pt-br\/wp-json\/wp\/v2\/media?parent=30140"}],"curies":[{"name":"wp","href":"https:\/\/api.w.org\/{rel}","templated":true}]}}