{"id":30867,"date":"2025-03-31T03:20:41","date_gmt":"2025-03-31T03:20:41","guid":{"rendered":"https:\/\/xinshengmanufacture.com\/torne-se-nosso-agente\/"},"modified":"2025-06-20T09:16:06","modified_gmt":"2025-06-20T09:16:06","slug":"torne-se-nosso-agente","status":"publish","type":"page","link":"https:\/\/xinshengmanufacture.com\/pt-br\/torne-se-nosso-agente\/","title":{"rendered":"Torne-se nosso agente"},"content":{"rendered":"\t\t<div data-elementor-type=\"wp-page\" data-elementor-id=\"30867\" class=\"elementor elementor-30867 elementor-3234\" data-elementor-post-type=\"page\">\n\t\t\t\t<div class=\"elementor-element elementor-element-f6e8795 e-flex e-con-boxed e-con e-parent\" data-id=\"f6e8795\" data-element_type=\"container\" data-e-type=\"container\">\n\t\t\t\t\t<div class=\"e-con-inner\">\n\t\t\t\t<div class=\"elementor-element elementor-element-788c83e elementor-widget elementor-widget-text-editor\" data-id=\"788c83e\" data-element_type=\"widget\" data-e-type=\"widget\" data-widget_type=\"text-editor.default\">\n\t\t\t\t<div class=\"elementor-widget-container\">\n\t\t\t\t\t\t\t\t\t<p>Damos as boas-vindas a amigos de todo o mundo para se tornarem nossos agentes, e abrimos a cota incondicionalmente e n\u00e3o cobraremos de voc\u00ea nenhuma taxa de agente. Se voc\u00ea pretende vender nossos produtos em sua loja on-line ou em uma loja on-line, voc\u00ea s\u00f3 precisa estabelecer uma coopera\u00e7\u00e3o conosco e obter nosso certificado de autoriza\u00e7\u00e3o de agente revendedor. Se voc\u00ea tiver essa ideia, preencha nosso formul\u00e1rio de solicita\u00e7\u00e3o de agente. Analisaremos suas informa\u00e7\u00f5es e entraremos em contato com voc\u00ea ap\u00f3s receb\u00ea-las! Se voc\u00ea se tornar nosso agente por decis\u00e3o nossa, h\u00e1 v\u00e1rias condi\u00e7\u00f5es que voc\u00ea deve cumprir. Voc\u00ea precisa obedecer ao nosso contrato de coopera\u00e7\u00e3o de agente revendedor:     <\/p><p>1: Voc\u00ea deve comprar produtos de nossa empresa e n\u00e3o deve comprar produtos de outros fabricantes sob o nome de nossa imagem de marca. Se encontrarmos tais a\u00e7\u00f5es, entraremos com uma a\u00e7\u00e3o judicial contra voc\u00ea para proteger nossos direitos e interesses de marca, e voc\u00ea arcar\u00e1 com todas as consequ\u00eancias. <\/p><p>2: Quer voc\u00ea venda em uma loja on-line ou em uma loja f\u00edsica, o pre\u00e7o que voc\u00ea vende n\u00e3o pode ser inferior ao pre\u00e7o vendido em nossa loja atual do site. Se voc\u00ea perturbar o pre\u00e7o de mercado de nossos produtos, tomaremos todos os meios para proteger nossos direitos e interesses de marca. <\/p><p>3: Como a maioria dos nossos produtos \u00e9 personalizada e o tipo de produto final pode ser diferente devido \u00e0s diferentes necessidades do cliente, quando voc\u00ea faz um pedido conosco e deixa nossa f\u00e1brica iniciar a produ\u00e7\u00e3o, n\u00e3o aceitamos reembolsos ou devolu\u00e7\u00f5es de pedidos. Tudo ser\u00e1 realizado de acordo com o plano original do pedido, portanto, voc\u00ea deve confirmar estritamente com seus clientes se o pedido est\u00e1 pronto para iniciar a produ\u00e7\u00e3o. N\u00e3o aceitamos reembolsos ou devolu\u00e7\u00f5es de pedidos, a menos que o pedido recebido esteja danificado ou faltando pe\u00e7as, e podemos fornecer a voc\u00ea a reemiss\u00e3o das pe\u00e7as faltantes ou a compensa\u00e7\u00e3o da perda.  <\/p>\t\t\t\t\t\t\t\t<\/div>\n\t\t\t\t<\/div>\n\t\t\t\t\t<\/div>\n\t\t\t\t<\/div>\n\t\t<div class=\"elementor-element elementor-element-be884fd e-flex e-con-boxed e-con e-parent\" data-id=\"be884fd\" data-element_type=\"container\" data-e-type=\"container\">\n\t\t\t\t\t<div class=\"e-con-inner\">\n\t\t\t\t<div class=\"elementor-element elementor-element-e50b512 elementor-widget elementor-widget-heading\" data-id=\"e50b512\" data-element_type=\"widget\" data-e-type=\"widget\" data-widget_type=\"heading.default\">\n\t\t\t\t<div class=\"elementor-widget-container\">\n\t\t\t\t\t<h2 class=\"elementor-heading-title elementor-size-default\">Entre em contato conosco pelo formul\u00e1rio ou pelo WhatsApp: +86 5817858259<\/h2>\t\t\t\t<\/div>\n\t\t\t\t<\/div>\n\t\t\t\t\t<\/div>\n\t\t\t\t<\/div>\n\t\t<div class=\"elementor-element elementor-element-652545a e-flex e-con-boxed e-con e-parent\" data-id=\"652545a\" data-element_type=\"container\" data-e-type=\"container\" data-settings=\"{&quot;background_background&quot;:&quot;classic&quot;}\">\n\t\t\t\t\t<div class=\"e-con-inner\">\n\t\t\t\t\t<\/div>\n\t\t\t\t<\/div>\n\t\t<div class=\"elementor-element elementor-element-999668a e-flex e-con-boxed e-con e-parent\" data-id=\"999668a\" data-element_type=\"container\" data-e-type=\"container\" data-settings=\"{&quot;background_background&quot;:&quot;classic&quot;}\">\n\t\t\t\t\t<div class=\"e-con-inner\">\n\t\t\t\t<div class=\"elementor-element elementor-element-eccdf66 elementor-widget elementor-widget-shortcode\" data-id=\"eccdf66\" data-element_type=\"widget\" data-e-type=\"widget\" data-widget_type=\"shortcode.default\">\n\t\t\t\t<div class=\"elementor-widget-container\">\n\t\t\t\t\t\t\t<div class=\"elementor-shortcode\">\n<div class=\"wpcf7 no-js\" id=\"wpcf7-f49271-o1\" lang=\"pt-BR\" dir=\"ltr\" data-wpcf7-id=\"49271\">\n<div class=\"screen-reader-response\"><p role=\"status\" aria-live=\"polite\" aria-atomic=\"true\"><\/p> <ul><\/ul><\/div>\n<form action=\"\/pt-br\/wp-json\/wp\/v2\/pages\/30867#wpcf7-f49271-o1\" method=\"post\" class=\"wpcf7-form init\" aria-label=\"Formul\u00e1rios de contato\" novalidate=\"novalidate\" data-status=\"init\">\n<fieldset class=\"hidden-fields-container\"><input type=\"hidden\" name=\"_wpcf7\" value=\"49271\" \/><input type=\"hidden\" name=\"_wpcf7_version\" value=\"6.1.5\" \/><input type=\"hidden\" name=\"_wpcf7_locale\" value=\"pt_BR\" \/><input type=\"hidden\" name=\"_wpcf7_unit_tag\" value=\"wpcf7-f49271-o1\" \/><input type=\"hidden\" name=\"_wpcf7_container_post\" value=\"0\" \/><input type=\"hidden\" name=\"_wpcf7_posted_data_hash\" value=\"\" \/>\n<\/fieldset>\n<p><label> Seu nome<br \/>\n<span class=\"wpcf7-form-control-wrap\" data-name=\"your-name\"><input size=\"40\" maxlength=\"400\" class=\"wpcf7-form-control wpcf7-text wpcf7-validates-as-required\" autocomplete=\"name\" aria-required=\"true\" aria-invalid=\"false\" value=\"\" type=\"text\" name=\"your-name\" \/><\/span> <\/label>\n<\/p>\n<p><label> Seu e-mail<br \/>\n<span class=\"wpcf7-form-control-wrap\" data-name=\"your-email\"><input size=\"40\" maxlength=\"400\" class=\"wpcf7-form-control wpcf7-email wpcf7-validates-as-required wpcf7-text wpcf7-validates-as-email\" autocomplete=\"email\" aria-required=\"true\" aria-invalid=\"false\" value=\"\" type=\"email\" name=\"your-email\" \/><\/span> <\/label>\n<\/p>\n<p><label> Assunto<br \/>\n<span class=\"wpcf7-form-control-wrap\" data-name=\"your-subject\"><input size=\"40\" maxlength=\"400\" class=\"wpcf7-form-control wpcf7-text wpcf7-validates-as-required\" aria-required=\"true\" aria-invalid=\"false\" value=\"\" type=\"text\" name=\"your-subject\" \/><\/span> <\/label>\n<\/p>\n<p><label> Sua mensagem (opcional)<br \/>\n<span class=\"wpcf7-form-control-wrap\" data-name=\"your-message\"><textarea cols=\"40\" rows=\"10\" maxlength=\"2000\" class=\"wpcf7-form-control wpcf7-textarea\" aria-invalid=\"false\" name=\"your-message\"><\/textarea><\/span> <\/label>\n<\/p>\n<p><input class=\"wpcf7-form-control wpcf7-submit has-spinner\" type=\"submit\" value=\"Enviar\" \/>\n<\/p><div class=\"wpcf7-response-output\" aria-hidden=\"true\"><\/div>\n<\/form>\n<\/div>\n<\/div>\n\t\t\t\t\t\t<\/div>\n\t\t\t\t<\/div>\n\t\t\t\t\t<\/div>\n\t\t\t\t<\/div>\n\t\t<div class=\"elementor-element elementor-element-00cb3ff e-flex e-con-boxed e-con e-parent\" data-id=\"00cb3ff\" data-element_type=\"container\" data-e-type=\"container\">\n\t\t\t\t\t<div class=\"e-con-inner\">\n\t\t\t\t\t<\/div>\n\t\t\t\t<\/div>\n\t\t\t\t<\/div>\n\t\t","protected":false},"excerpt":{"rendered":"<p>Damos as boas-vindas a amigos de todo o mundo para se tornarem nossos agentes, e abrimos a cota incondicionalmente e n\u00e3o cobraremos de voc\u00ea nenhuma taxa de agente. Se voc\u00ea pretende vender nossos produtos em sua loja on-line ou em uma loja on-line, voc\u00ea s\u00f3 precisa estabelecer uma coopera\u00e7\u00e3o conosco e obter nosso certificado de&#8230;<\/p>\n","protected":false},"author":1,"featured_media":0,"parent":0,"menu_order":0,"comment_status":"closed","ping_status":"closed","template":"","meta":{"_bst_post_transparent":"","_bst_post_title":"","_bst_post_layout":"","_bst_post_sidebar_id":"","_bst_post_content_style":"","_bst_post_vertical_padding":"","_bst_post_feature":"","_bst_post_feature_position":"","_bst_post_header":false,"_bst_post_footer":false,"footnotes":""},"class_list":["post-30867","page","type-page","status-publish","hentry"],"_links":{"self":[{"href":"https:\/\/xinshengmanufacture.com\/pt-br\/wp-json\/wp\/v2\/pages\/30867","targetHints":{"allow":["GET"]}}],"collection":[{"href":"https:\/\/xinshengmanufacture.com\/pt-br\/wp-json\/wp\/v2\/pages"}],"about":[{"href":"https:\/\/xinshengmanufacture.com\/pt-br\/wp-json\/wp\/v2\/types\/page"}],"author":[{"embeddable":true,"href":"https:\/\/xinshengmanufacture.com\/pt-br\/wp-json\/wp\/v2\/users\/1"}],"replies":[{"embeddable":true,"href":"https:\/\/xinshengmanufacture.com\/pt-br\/wp-json\/wp\/v2\/comments?post=30867"}],"version-history":[{"count":2,"href":"https:\/\/xinshengmanufacture.com\/pt-br\/wp-json\/wp\/v2\/pages\/30867\/revisions"}],"predecessor-version":[{"id":30871,"href":"https:\/\/xinshengmanufacture.com\/pt-br\/wp-json\/wp\/v2\/pages\/30867\/revisions\/30871"}],"wp:attachment":[{"href":"https:\/\/xinshengmanufacture.com\/pt-br\/wp-json\/wp\/v2\/media?parent=30867"}],"curies":[{"name":"wp","href":"https:\/\/api.w.org\/{rel}","templated":true}]}}