{"id":32641,"date":"2025-04-12T06:40:02","date_gmt":"2025-04-12T06:40:02","guid":{"rendered":"https:\/\/xinshengmanufacture.com\/product\/equipamento-de-cabeleireiro-para-salao-de-beleza-xampu-cama-de-massagem-eletrica-cama-de-spa-cama-de-spa-para-fisioterapia-equipamento-de-spa-personalizavel-com-configuracao-de-circulacao-de-agua\/"},"modified":"2025-12-02T04:47:19","modified_gmt":"2025-12-02T04:47:19","slug":"equipamento-de-cabeleireiro-para-salao-de-beleza-xampu-cama-de-massagem-eletrica-cama-de-spa-cama-de-spa-para-fisioterapia-equipamento-de-spa-personalizavel-com-configuracao-de-circulacao-de-agua","status":"publish","type":"product","link":"https:\/\/xinshengmanufacture.com\/pt-br\/product\/equipamento-de-cabeleireiro-para-salao-de-beleza-xampu-cama-de-massagem-eletrica-cama-de-spa-cama-de-spa-para-fisioterapia-equipamento-de-spa-personalizavel-com-configuracao-de-circulacao-de-agua\/","title":{"rendered":"Equipamento de cabeleireiro para sal\u00e3o de beleza xampu cama de massagem el\u00e9trica cama de spa cama de spa para fisioterapia equipamento de spa personaliz\u00e1vel com configura\u00e7\u00e3o de circula\u00e7\u00e3o de \u00e1gua"},"content":{"rendered":"<div class=\"wp-playlist wp-video-playlist wp-playlist-light\">\n\t\t<video controls=\"controls\" preload=\"none\" width=\"1408\"\n\t\t height=\"2503\"\t><\/video>\n\t<div class=\"wp-playlist-next\"><\/div>\n\t<div class=\"wp-playlist-prev\"><\/div>\n\t<noscript>\n\t<ol>\n\t\t<li><a href='https:\/\/xinshengmanufacture.com\/wp-content\/uploads\/2025\/04\/WeChat_20250412143402.mp4'>WeChat_20250412143402<\/a><\/li>\t<\/ol>\n\t<\/noscript>\n\t<script type=\"application\/json\" class=\"wp-playlist-script\">{\"type\":\"video\",\"tracklist\":false,\"tracknumbers\":true,\"images\":true,\"artists\":true,\"tracks\":[{\"src\":\"https:\/\/xinshengmanufacture.com\/wp-content\/uploads\/2025\/04\/WeChat_20250412143402.mp4\",\"type\":\"video\/mp4\",\"title\":\"WeChat_20250412143402\",\"caption\":\"\",\"description\":\"\",\"meta\":{\"length_formatted\":\"0:41\"},\"dimensions\":{\"original\":{\"width\":1080,\"height\":1920},\"resized\":{\"width\":1408,\"height\":2503}},\"image\":{\"src\":\"https:\/\/xinshengmanufacture.com\/wp-includes\/images\/media\/video.svg\",\"width\":48,\"height\":64},\"thumb\":{\"src\":\"https:\/\/xinshengmanufacture.com\/wp-includes\/images\/media\/video.svg\",\"width\":48,\"height\":64}}]}<\/script>\n<\/div>\n\t\n<p style=\"text-align: center;\"><img fetchpriority=\"high\" decoding=\"async\" class=\"wp-image-3746 aligncenter\" src=\"https:\/\/xinshengmanufacture.com\/wp-content\/uploads\/2025\/04\/%E8%B6%85%E5%B7%A5%E5%AE%9A%E5%88%B6%E8%8B%B1%E6%96%87_011.jpg\" alt=\"\" width=\"658\" height=\"1018\"><img decoding=\"async\" class=\"wp-image-3747 aligncenter\" src=\"https:\/\/xinshengmanufacture.com\/wp-content\/uploads\/2025\/04\/%E8%B6%85%E5%B7%A5%E5%AE%9A%E5%88%B6%E8%8B%B1%E6%96%87_021.jpg\" alt=\"\" width=\"658\" height=\"578\"><img decoding=\"async\" class=\"wp-image-3748 aligncenter\" src=\"https:\/\/xinshengmanufacture.com\/wp-content\/uploads\/2025\/04\/%E8%B6%85%E5%B7%A5%E5%AE%9A%E5%88%B6%E8%8B%B1%E6%96%87_031.jpg\" alt=\"\" width=\"658\" height=\"857\"><img loading=\"lazy\" decoding=\"async\" class=\"aligncenter wp-image-3749\" src=\"https:\/\/xinshengmanufacture.com\/wp-content\/uploads\/2025\/04\/%E8%B6%85%E5%B7%A5%E5%AE%9A%E5%88%B6%E8%8B%B1%E6%96%87_041.jpg\" alt=\"\" width=\"658\" height=\"962\"><img loading=\"lazy\" decoding=\"async\" class=\"aligncenter wp-image-3750\" src=\"https:\/\/xinshengmanufacture.com\/wp-content\/uploads\/2025\/04\/%E8%B6%85%E5%B7%A5%E5%AE%9A%E5%88%B6%E8%8B%B1%E6%96%87_051.jpg\" alt=\"\" width=\"658\" height=\"1238\"><img loading=\"lazy\" decoding=\"async\" class=\"size-full wp-image-3760 aligncenter\" src=\"https:\/\/xinshengmanufacture.com\/wp-content\/uploads\/2025\/04\/guowai1_01.jpg\" alt=\"\" width=\"658\" height=\"1058\" srcset=\"https:\/\/xinshengmanufacture.com\/wp-content\/uploads\/2025\/04\/guowai1_01.jpg 658w, https:\/\/xinshengmanufacture.com\/wp-content\/uploads\/2025\/04\/guowai1_01-600x965.jpg 600w, https:\/\/xinshengmanufacture.com\/wp-content\/uploads\/2025\/04\/guowai1_01-187x300.jpg 187w, https:\/\/xinshengmanufacture.com\/wp-content\/uploads\/2025\/04\/guowai1_01-637x1024.jpg 637w\" sizes=\"(max-width: 658px) 100vw, 658px\" \/><img loading=\"lazy\" decoding=\"async\" class=\"size-full wp-image-3761 aligncenter\" src=\"https:\/\/xinshengmanufacture.com\/wp-content\/uploads\/2025\/04\/guowai1_02.jpg\" alt=\"\" width=\"658\" height=\"947\" srcset=\"https:\/\/xinshengmanufacture.com\/wp-content\/uploads\/2025\/04\/guowai1_02.jpg 658w, https:\/\/xinshengmanufacture.com\/wp-content\/uploads\/2025\/04\/guowai1_02-600x864.jpg 600w, https:\/\/xinshengmanufacture.com\/wp-content\/uploads\/2025\/04\/guowai1_02-208x300.jpg 208w\" sizes=\"(max-width: 658px) 100vw, 658px\" \/><img loading=\"lazy\" decoding=\"async\" class=\"size-full wp-image-3763 aligncenter\" src=\"https:\/\/xinshengmanufacture.com\/wp-content\/uploads\/2025\/04\/guowai1_04.jpg\" alt=\"\" width=\"658\" height=\"1286\" srcset=\"https:\/\/xinshengmanufacture.com\/wp-content\/uploads\/2025\/04\/guowai1_04.jpg 658w, https:\/\/xinshengmanufacture.com\/wp-content\/uploads\/2025\/04\/guowai1_04-600x1173.jpg 600w, https:\/\/xinshengmanufacture.com\/wp-content\/uploads\/2025\/04\/guowai1_04-153x300.jpg 153w, https:\/\/xinshengmanufacture.com\/wp-content\/uploads\/2025\/04\/guowai1_04-524x1024.jpg 524w\" sizes=\"(max-width: 658px) 100vw, 658px\" \/><img loading=\"lazy\" decoding=\"async\" class=\"size-full wp-image-3764 aligncenter\" src=\"https:\/\/xinshengmanufacture.com\/wp-content\/uploads\/2025\/04\/guowai1_05.jpg\" alt=\"\" width=\"658\" height=\"1253\" srcset=\"https:\/\/xinshengmanufacture.com\/wp-content\/uploads\/2025\/04\/guowai1_05.jpg 658w, https:\/\/xinshengmanufacture.com\/wp-content\/uploads\/2025\/04\/guowai1_05-600x1143.jpg 600w, https:\/\/xinshengmanufacture.com\/wp-content\/uploads\/2025\/04\/guowai1_05-158x300.jpg 158w, https:\/\/xinshengmanufacture.com\/wp-content\/uploads\/2025\/04\/guowai1_05-538x1024.jpg 538w\" sizes=\"(max-width: 658px) 100vw, 658px\" \/><img loading=\"lazy\" decoding=\"async\" class=\"size-full wp-image-3765 aligncenter\" src=\"https:\/\/xinshengmanufacture.com\/wp-content\/uploads\/2025\/04\/guowai1_06.jpg\" alt=\"\" width=\"658\" height=\"1267\" srcset=\"https:\/\/xinshengmanufacture.com\/wp-content\/uploads\/2025\/04\/guowai1_06.jpg 658w, https:\/\/xinshengmanufacture.com\/wp-content\/uploads\/2025\/04\/guowai1_06-600x1155.jpg 600w, https:\/\/xinshengmanufacture.com\/wp-content\/uploads\/2025\/04\/guowai1_06-156x300.jpg 156w, https:\/\/xinshengmanufacture.com\/wp-content\/uploads\/2025\/04\/guowai1_06-532x1024.jpg 532w\" sizes=\"(max-width: 658px) 100vw, 658px\" \/><img loading=\"lazy\" decoding=\"async\" class=\"size-full wp-image-3766 aligncenter\" src=\"https:\/\/xinshengmanufacture.com\/wp-content\/uploads\/2025\/04\/guowai1_07.jpg\" alt=\"\" width=\"658\" height=\"1375\" srcset=\"https:\/\/xinshengmanufacture.com\/wp-content\/uploads\/2025\/04\/guowai1_07.jpg 658w, https:\/\/xinshengmanufacture.com\/wp-content\/uploads\/2025\/04\/guowai1_07-600x1254.jpg 600w, https:\/\/xinshengmanufacture.com\/wp-content\/uploads\/2025\/04\/guowai1_07-144x300.jpg 144w, https:\/\/xinshengmanufacture.com\/wp-content\/uploads\/2025\/04\/guowai1_07-490x1024.jpg 490w\" sizes=\"(max-width: 658px) 100vw, 658px\" \/><img loading=\"lazy\" decoding=\"async\" class=\"size-full wp-image-3767 aligncenter\" src=\"https:\/\/xinshengmanufacture.com\/wp-content\/uploads\/2025\/04\/guowai1_08.jpg\" alt=\"\" width=\"658\" height=\"1158\" srcset=\"https:\/\/xinshengmanufacture.com\/wp-content\/uploads\/2025\/04\/guowai1_08.jpg 658w, https:\/\/xinshengmanufacture.com\/wp-content\/uploads\/2025\/04\/guowai1_08-600x1056.jpg 600w, https:\/\/xinshengmanufacture.com\/wp-content\/uploads\/2025\/04\/guowai1_08-170x300.jpg 170w, https:\/\/xinshengmanufacture.com\/wp-content\/uploads\/2025\/04\/guowai1_08-582x1024.jpg 582w\" sizes=\"(max-width: 658px) 100vw, 658px\" \/><img loading=\"lazy\" decoding=\"async\" class=\"size-full wp-image-3768 aligncenter\" src=\"https:\/\/xinshengmanufacture.com\/wp-content\/uploads\/2025\/04\/guowai1_09.jpg\" alt=\"\" width=\"658\" height=\"1230\" srcset=\"https:\/\/xinshengmanufacture.com\/wp-content\/uploads\/2025\/04\/guowai1_09.jpg 658w, https:\/\/xinshengmanufacture.com\/wp-content\/uploads\/2025\/04\/guowai1_09-600x1122.jpg 600w, https:\/\/xinshengmanufacture.com\/wp-content\/uploads\/2025\/04\/guowai1_09-160x300.jpg 160w, https:\/\/xinshengmanufacture.com\/wp-content\/uploads\/2025\/04\/guowai1_09-548x1024.jpg 548w\" sizes=\"(max-width: 658px) 100vw, 658px\" \/><img loading=\"lazy\" decoding=\"async\" class=\"size-full wp-image-3769 aligncenter\" src=\"https:\/\/xinshengmanufacture.com\/wp-content\/uploads\/2025\/04\/guowai1_10.jpg\" alt=\"\" width=\"658\" height=\"1463\" srcset=\"https:\/\/xinshengmanufacture.com\/wp-content\/uploads\/2025\/04\/guowai1_10.jpg 658w, https:\/\/xinshengmanufacture.com\/wp-content\/uploads\/2025\/04\/guowai1_10-600x1334.jpg 600w, https:\/\/xinshengmanufacture.com\/wp-content\/uploads\/2025\/04\/guowai1_10-135x300.jpg 135w, https:\/\/xinshengmanufacture.com\/wp-content\/uploads\/2025\/04\/guowai1_10-461x1024.jpg 461w\" sizes=\"(max-width: 658px) 100vw, 658px\" \/><img loading=\"lazy\" decoding=\"async\" class=\"size-full wp-image-3770 aligncenter\" src=\"https:\/\/xinshengmanufacture.com\/wp-content\/uploads\/2025\/04\/guowai1_11.jpg\" alt=\"\" width=\"658\" height=\"1377\" srcset=\"https:\/\/xinshengmanufacture.com\/wp-content\/uploads\/2025\/04\/guowai1_11.jpg 658w, https:\/\/xinshengmanufacture.com\/wp-content\/uploads\/2025\/04\/guowai1_11-600x1256.jpg 600w, https:\/\/xinshengmanufacture.com\/wp-content\/uploads\/2025\/04\/guowai1_11-143x300.jpg 143w, https:\/\/xinshengmanufacture.com\/wp-content\/uploads\/2025\/04\/guowai1_11-489x1024.jpg 489w\" sizes=\"(max-width: 658px) 100vw, 658px\" \/><img loading=\"lazy\" decoding=\"async\" class=\"size-full wp-image-3771 aligncenter\" src=\"https:\/\/xinshengmanufacture.com\/wp-content\/uploads\/2025\/04\/guowai1_12.jpg\" alt=\"\" width=\"658\" height=\"658\" srcset=\"https:\/\/xinshengmanufacture.com\/wp-content\/uploads\/2025\/04\/guowai1_12.jpg 658w, https:\/\/xinshengmanufacture.com\/wp-content\/uploads\/2025\/04\/guowai1_12-300x300.jpg 300w, https:\/\/xinshengmanufacture.com\/wp-content\/uploads\/2025\/04\/guowai1_12-100x100.jpg 100w, https:\/\/xinshengmanufacture.com\/wp-content\/uploads\/2025\/04\/guowai1_12-600x600.jpg 600w, https:\/\/xinshengmanufacture.com\/wp-content\/uploads\/2025\/04\/guowai1_12-150x150.jpg 150w\" sizes=\"(max-width: 658px) 100vw, 658px\" \/><\/p>\n","protected":false},"excerpt":{"rendered":"<p>Pode ser usado em sal\u00f5es de beleza, cabeleireiros, centros de est\u00e9tica, centros de massagem, spas, etc.<\/p>\n","protected":false},"featured_media":18076,"template":"","meta":{"_bst_post_transparent":"","_bst_post_title":"","_bst_post_layout":"","_bst_post_sidebar_id":"","_bst_post_content_style":"","_bst_post_vertical_padding":"","_bst_post_feature":"","_bst_post_feature_position":"","_bst_post_header":false,"_bst_post_footer":false},"product_brand":[1079],"product_cat":[887],"product_tag":[],"class_list":{"0":"post-32641","1":"product","2":"type-product","3":"status-publish","4":"has-post-thumbnail","6":"product_brand-xinsheng-pt-br","7":"product_cat-cama-de-massagem-eletrica","8":"pa_color-azul-pt-br","9":"pa_color-cores-personalizadas","10":"pa_color-preto","11":"pa_size-190cm75cm65cm","13":"first","14":"instock","15":"sale","16":"shipping-taxable","17":"purchasable","18":"product-type-variable","19":"entry","20":"content-bg","21":"loop-entry"},"_links":{"self":[{"href":"https:\/\/xinshengmanufacture.com\/pt-br\/wp-json\/wp\/v2\/product\/32641","targetHints":{"allow":["GET"]}}],"collection":[{"href":"https:\/\/xinshengmanufacture.com\/pt-br\/wp-json\/wp\/v2\/product"}],"about":[{"href":"https:\/\/xinshengmanufacture.com\/pt-br\/wp-json\/wp\/v2\/types\/product"}],"version-history":[{"count":3,"href":"https:\/\/xinshengmanufacture.com\/pt-br\/wp-json\/wp\/v2\/product\/32641\/revisions"}],"predecessor-version":[{"id":84578,"href":"https:\/\/xinshengmanufacture.com\/pt-br\/wp-json\/wp\/v2\/product\/32641\/revisions\/84578"}],"wp:featuredmedia":[{"embeddable":true,"href":"https:\/\/xinshengmanufacture.com\/pt-br\/wp-json\/wp\/v2\/media\/18076"}],"wp:attachment":[{"href":"https:\/\/xinshengmanufacture.com\/pt-br\/wp-json\/wp\/v2\/media?parent=32641"}],"wp:term":[{"taxonomy":"product_brand","embeddable":true,"href":"https:\/\/xinshengmanufacture.com\/pt-br\/wp-json\/wp\/v2\/product_brand?post=32641"},{"taxonomy":"product_cat","embeddable":true,"href":"https:\/\/xinshengmanufacture.com\/pt-br\/wp-json\/wp\/v2\/product_cat?post=32641"},{"taxonomy":"product_tag","embeddable":true,"href":"https:\/\/xinshengmanufacture.com\/pt-br\/wp-json\/wp\/v2\/product_tag?post=32641"}],"curies":[{"name":"wp","href":"https:\/\/api.w.org\/{rel}","templated":true}]}}