{"id":32701,"date":"2025-04-10T06:11:44","date_gmt":"2025-04-10T06:11:44","guid":{"rendered":"https:\/\/xinshengmanufacture.com\/product\/equipamento-de-salao-de-beleza-cadeira-de-massagem-eletrica-inteligente-para-banho-de-pes-cadeira-de-pedicure-confortavel-cadeira-de-banho-de-pes-de-alta-qualidade-cadeira-de-lavagem-de-pes\/"},"modified":"2025-08-26T08:06:04","modified_gmt":"2025-08-26T08:06:04","slug":"equipamento-de-salao-de-beleza-cadeira-de-massagem-eletrica-inteligente-para-banho-de-pes-cadeira-de-pedicure-confortavel-cadeira-de-banho-de-pes-de-alta-qualidade-cadeira-de-lavagem-de-pes","status":"publish","type":"product","link":"https:\/\/xinshengmanufacture.com\/pt-br\/product\/equipamento-de-salao-de-beleza-cadeira-de-massagem-eletrica-inteligente-para-banho-de-pes-cadeira-de-pedicure-confortavel-cadeira-de-banho-de-pes-de-alta-qualidade-cadeira-de-lavagem-de-pes\/","title":{"rendered":"Equipamento de sal\u00e3o de beleza cadeira de massagem el\u00e9trica inteligente para banho de p\u00e9s cadeira de pedicure confort\u00e1vel cadeira de banho de p\u00e9s de alta qualidade cadeira de lavagem de p\u00e9s"},"content":{"rendered":"<div class=\"wp-playlist wp-video-playlist wp-playlist-light\">\n\t\t<video controls=\"controls\" preload=\"none\" width=\"1408\"\n\t\t height=\"2503\"\t><\/video>\n\t<div class=\"wp-playlist-next\"><\/div>\n\t<div class=\"wp-playlist-prev\"><\/div>\n\t<noscript>\n\t<ol>\n\t\t<li><a href='https:\/\/xinshengmanufacture.com\/wp-content\/uploads\/2025\/04\/WeChat_20250415110951.mp4'>WeChat_20250415110951<\/a><\/li>\t<\/ol>\n\t<\/noscript>\n\t<script type=\"application\/json\" class=\"wp-playlist-script\">{\"type\":\"video\",\"tracklist\":false,\"tracknumbers\":true,\"images\":true,\"artists\":true,\"tracks\":[{\"src\":\"https:\/\/xinshengmanufacture.com\/wp-content\/uploads\/2025\/04\/WeChat_20250415110951.mp4\",\"type\":\"video\/mp4\",\"title\":\"WeChat_20250415110951\",\"caption\":\"\",\"description\":\"\",\"meta\":{\"length_formatted\":\"0:45\"},\"dimensions\":{\"original\":{\"width\":1080,\"height\":1920},\"resized\":{\"width\":1408,\"height\":2503}},\"image\":{\"src\":\"https:\/\/xinshengmanufacture.com\/wp-includes\/images\/media\/video.svg\",\"width\":48,\"height\":64},\"thumb\":{\"src\":\"https:\/\/xinshengmanufacture.com\/wp-includes\/images\/media\/video.svg\",\"width\":48,\"height\":64}}]}<\/script>\n<\/div>\n\t\n<p><img fetchpriority=\"high\" decoding=\"async\" class=\"size-full wp-image-4065 aligncenter\" src=\"https:\/\/xinshengmanufacture.com\/wp-content\/uploads\/2025\/04\/%E8%B6%85%E5%B7%A5%E5%AE%9A%E5%88%B6%E8%8B%B1%E6%96%87_011-1.jpg\" alt=\"\" width=\"1200\" height=\"1857\"> <img decoding=\"async\" class=\"size-full wp-image-4066 aligncenter\" src=\"https:\/\/xinshengmanufacture.com\/wp-content\/uploads\/2025\/04\/%E8%B6%85%E5%B7%A5%E5%AE%9A%E5%88%B6%E8%8B%B1%E6%96%87_021-1.jpg\" alt=\"\" width=\"1200\" height=\"1054\"> <img decoding=\"async\" class=\"size-full wp-image-4067 aligncenter\" src=\"https:\/\/xinshengmanufacture.com\/wp-content\/uploads\/2025\/04\/%E8%B6%85%E5%B7%A5%E5%AE%9A%E5%88%B6%E8%8B%B1%E6%96%87_031-1.jpg\" alt=\"\" width=\"1200\" height=\"1563\"> <img loading=\"lazy\" decoding=\"async\" class=\"size-full wp-image-4068 aligncenter\" src=\"https:\/\/xinshengmanufacture.com\/wp-content\/uploads\/2025\/04\/%E8%B6%85%E5%B7%A5%E5%AE%9A%E5%88%B6%E8%8B%B1%E6%96%87_041-1.jpg\" alt=\"\" width=\"1200\" height=\"1755\"> <img loading=\"lazy\" decoding=\"async\" class=\"size-full wp-image-4069 aligncenter\" src=\"https:\/\/xinshengmanufacture.com\/wp-content\/uploads\/2025\/04\/%E8%B6%85%E5%B7%A5%E5%AE%9A%E5%88%B6%E8%8B%B1%E6%96%87_051-1.jpg\" alt=\"\" width=\"1200\" height=\"2257\"><img loading=\"lazy\" decoding=\"async\" class=\"size-full wp-image-3664 aligncenter\" src=\"https:\/\/xinshengmanufacture.com\/wp-content\/uploads\/2025\/04\/%E6%9C%AA%E6%A0%87%E9%A2%98-2_01.jpg\" alt=\"\" width=\"1200\" height=\"1748\"><img loading=\"lazy\" decoding=\"async\" class=\"size-full wp-image-3665 aligncenter\" src=\"https:\/\/xinshengmanufacture.com\/wp-content\/uploads\/2025\/04\/%E6%9C%AA%E6%A0%87%E9%A2%98-2_02.jpg\" alt=\"\" width=\"1200\" height=\"1978\"><img loading=\"lazy\" decoding=\"async\" class=\"size-full wp-image-3666 aligncenter\" src=\"https:\/\/xinshengmanufacture.com\/wp-content\/uploads\/2025\/04\/%E6%9C%AA%E6%A0%87%E9%A2%98-2_03.jpg\" alt=\"\" width=\"1200\" height=\"2108\"><img loading=\"lazy\" decoding=\"async\" class=\"size-full wp-image-3667 aligncenter\" src=\"https:\/\/xinshengmanufacture.com\/wp-content\/uploads\/2025\/04\/%E6%9C%AA%E6%A0%87%E9%A2%98-2_04.jpg\" alt=\"\" width=\"1200\" height=\"2357\"><img loading=\"lazy\" decoding=\"async\" class=\"size-full wp-image-3668 aligncenter\" src=\"https:\/\/xinshengmanufacture.com\/wp-content\/uploads\/2025\/04\/%E6%9C%AA%E6%A0%87%E9%A2%98-2_05.jpg\" alt=\"\" width=\"1200\" height=\"1999\"><img loading=\"lazy\" decoding=\"async\" class=\"size-full wp-image-3669 aligncenter\" src=\"https:\/\/xinshengmanufacture.com\/wp-content\/uploads\/2025\/04\/%E6%9C%AA%E6%A0%87%E9%A2%98-2_06.jpg\" alt=\"\" width=\"1200\" height=\"1518\"><img loading=\"lazy\" decoding=\"async\" class=\"size-full wp-image-3670 aligncenter\" src=\"https:\/\/xinshengmanufacture.com\/wp-content\/uploads\/2025\/04\/%E6%9C%AA%E6%A0%87%E9%A2%98-2_07.jpg\" alt=\"\" width=\"1200\" height=\"1640\"><img loading=\"lazy\" decoding=\"async\" class=\"size-full wp-image-3671 aligncenter\" src=\"https:\/\/xinshengmanufacture.com\/wp-content\/uploads\/2025\/04\/%E6%9C%AA%E6%A0%87%E9%A2%98-2_08.jpg\" alt=\"\" width=\"1200\" height=\"1791\"><img loading=\"lazy\" decoding=\"async\" class=\"size-full wp-image-3672 aligncenter\" src=\"https:\/\/xinshengmanufacture.com\/wp-content\/uploads\/2025\/04\/%E6%9C%AA%E6%A0%87%E9%A2%98-2_09.jpg\" alt=\"\" width=\"1200\" height=\"1894\"><img loading=\"lazy\" decoding=\"async\" class=\"size-full wp-image-3673 aligncenter\" src=\"https:\/\/xinshengmanufacture.com\/wp-content\/uploads\/2025\/04\/%E6%9C%AA%E6%A0%87%E9%A2%98-2_10.jpg\" alt=\"\" width=\"1200\" height=\"1952\"><img loading=\"lazy\" decoding=\"async\" class=\"size-full wp-image-3674 aligncenter\" src=\"https:\/\/xinshengmanufacture.com\/wp-content\/uploads\/2025\/04\/%E6%9C%AA%E6%A0%87%E9%A2%98-2_11.jpg\" alt=\"\" width=\"1200\" height=\"2160\"><img loading=\"lazy\" decoding=\"async\" class=\"size-full wp-image-3675 aligncenter\" src=\"https:\/\/xinshengmanufacture.com\/wp-content\/uploads\/2025\/04\/%E6%9C%AA%E6%A0%87%E9%A2%98-2_12-scaled.jpg\" alt=\"\" width=\"1102\" height=\"2560\"><img loading=\"lazy\" decoding=\"async\" class=\" wp-image-3676 aligncenter\" src=\"https:\/\/xinshengmanufacture.com\/wp-content\/uploads\/2025\/04\/%E6%9C%AA%E6%A0%87%E9%A2%98-2_13.jpg\" alt=\"\" width=\"1104\" height=\"2225\"><\/p>\n","protected":false},"excerpt":{"rendered":"<p>Pode ser usado em alguns sal\u00f5es de beleza, lojas de banho para p\u00e9s, sal\u00f5es de manicure, etc.<\/p>\n","protected":false},"featured_media":13271,"template":"","meta":{"_bst_post_transparent":"","_bst_post_title":"","_bst_post_layout":"","_bst_post_sidebar_id":"","_bst_post_content_style":"","_bst_post_vertical_padding":"","_bst_post_feature":"","_bst_post_feature_position":"","_bst_post_header":false,"_bst_post_footer":false},"product_brand":[1079],"product_cat":[902],"product_tag":[],"class_list":{"0":"post-32701","1":"product","2":"type-product","3":"status-publish","4":"has-post-thumbnail","6":"product_brand-xinsheng-pt-br","7":"product_cat-cadeira-de-pedicure-footbath","8":"pa_color-cores-personalizadas","9":"pa_color-preto","10":"pa_color-verde-pt-br","11":"pa_size-80cm78cm125cm-pt-br","13":"first","14":"instock","15":"sale","16":"shipping-taxable","17":"purchasable","18":"product-type-variable","19":"entry","20":"content-bg","21":"loop-entry"},"_links":{"self":[{"href":"https:\/\/xinshengmanufacture.com\/pt-br\/wp-json\/wp\/v2\/product\/32701","targetHints":{"allow":["GET"]}}],"collection":[{"href":"https:\/\/xinshengmanufacture.com\/pt-br\/wp-json\/wp\/v2\/product"}],"about":[{"href":"https:\/\/xinshengmanufacture.com\/pt-br\/wp-json\/wp\/v2\/types\/product"}],"version-history":[{"count":1,"href":"https:\/\/xinshengmanufacture.com\/pt-br\/wp-json\/wp\/v2\/product\/32701\/revisions"}],"predecessor-version":[{"id":32722,"href":"https:\/\/xinshengmanufacture.com\/pt-br\/wp-json\/wp\/v2\/product\/32701\/revisions\/32722"}],"wp:featuredmedia":[{"embeddable":true,"href":"https:\/\/xinshengmanufacture.com\/pt-br\/wp-json\/wp\/v2\/media\/13271"}],"wp:attachment":[{"href":"https:\/\/xinshengmanufacture.com\/pt-br\/wp-json\/wp\/v2\/media?parent=32701"}],"wp:term":[{"taxonomy":"product_brand","embeddable":true,"href":"https:\/\/xinshengmanufacture.com\/pt-br\/wp-json\/wp\/v2\/product_brand?post=32701"},{"taxonomy":"product_cat","embeddable":true,"href":"https:\/\/xinshengmanufacture.com\/pt-br\/wp-json\/wp\/v2\/product_cat?post=32701"},{"taxonomy":"product_tag","embeddable":true,"href":"https:\/\/xinshengmanufacture.com\/pt-br\/wp-json\/wp\/v2\/product_tag?post=32701"}],"curies":[{"name":"wp","href":"https:\/\/api.w.org\/{rel}","templated":true}]}}