{"id":34233,"date":"2025-04-17T01:41:37","date_gmt":"2025-04-17T01:41:37","guid":{"rendered":"https:\/\/xinshengmanufacture.com\/product\/cama-de-massagem-eletrica-para-salao-de-beleza-cama-de-xampu-multifuncional-personalizavel-terapia-de-cabeca-de-xampu-centro-de-spa-equipamento-de-lavagem-de-salao-de-beleza-cama-de-xampu-para-cuidado\/"},"modified":"2025-08-26T08:04:06","modified_gmt":"2025-08-26T08:04:06","slug":"cama-de-massagem-eletrica-para-salao-de-beleza-cama-de-xampu-multifuncional-personalizavel-terapia-de-cabeca-de-xampu-centro-de-spa-equipamento-de-lavagem-de-salao-de-beleza-cama-de-xampu-para-cuidado","status":"publish","type":"product","link":"https:\/\/xinshengmanufacture.com\/pt-br\/product\/cama-de-massagem-eletrica-para-salao-de-beleza-cama-de-xampu-multifuncional-personalizavel-terapia-de-cabeca-de-xampu-centro-de-spa-equipamento-de-lavagem-de-salao-de-beleza-cama-de-xampu-para-cuidado\/","title":{"rendered":"Cama de massagem el\u00e9trica para sal\u00e3o de beleza cama de xampu multifuncional personaliz\u00e1vel terapia de cabe\u00e7a de xampu centro de spa equipamento de lavagem de sal\u00e3o de beleza cama de xampu para cuidados faciais"},"content":{"rendered":"<div class=\"wp-playlist wp-video-playlist wp-playlist-light\">\n\t\t<video controls=\"controls\" preload=\"none\" width=\"1408\"\n\t\t height=\"2503\"\t><\/video>\n\t<div class=\"wp-playlist-next\"><\/div>\n\t<div class=\"wp-playlist-prev\"><\/div>\n\t<noscript>\n\t<ol>\n\t\t<li><a href='https:\/\/xinshengmanufacture.com\/wp-content\/uploads\/2025\/04\/WeChat_20250417093921.mp4'>WeChat_20250417093921<\/a><\/li>\t<\/ol>\n\t<\/noscript>\n\t<script type=\"application\/json\" class=\"wp-playlist-script\">{\"type\":\"video\",\"tracklist\":false,\"tracknumbers\":true,\"images\":true,\"artists\":true,\"tracks\":[{\"src\":\"https:\/\/xinshengmanufacture.com\/wp-content\/uploads\/2025\/04\/WeChat_20250417093921.mp4\",\"type\":\"video\/mp4\",\"title\":\"WeChat_20250417093921\",\"caption\":\"\",\"description\":\"\",\"meta\":{\"length_formatted\":\"0:43\"},\"dimensions\":{\"original\":{\"width\":1080,\"height\":1920},\"resized\":{\"width\":1408,\"height\":2503}},\"image\":{\"src\":\"https:\/\/xinshengmanufacture.com\/wp-includes\/images\/media\/video.svg\",\"width\":48,\"height\":64},\"thumb\":{\"src\":\"https:\/\/xinshengmanufacture.com\/wp-includes\/images\/media\/video.svg\",\"width\":48,\"height\":64}}]}<\/script>\n<\/div>\n\t\n<p style=\"text-align: center;\"><img fetchpriority=\"high\" decoding=\"async\" class=\"size-full wp-image-4058 aligncenter\" src=\"https:\/\/xinshengmanufacture.com\/wp-content\/uploads\/2025\/04\/%E8%B6%85%E5%B7%A5%E5%AE%9A%E5%88%B6%E8%8B%B1%E6%96%87_01-3.jpg\" alt=\"\" width=\"790\" height=\"1223\"><img decoding=\"async\" class=\"size-full wp-image-4059 aligncenter\" src=\"https:\/\/xinshengmanufacture.com\/wp-content\/uploads\/2025\/04\/%E8%B6%85%E5%B7%A5%E5%AE%9A%E5%88%B6%E8%8B%B1%E6%96%87_02-3.jpg\" alt=\"\" width=\"790\" height=\"694\"><img decoding=\"async\" class=\"size-full wp-image-4060 aligncenter\" src=\"https:\/\/xinshengmanufacture.com\/wp-content\/uploads\/2025\/04\/%E8%B6%85%E5%B7%A5%E5%AE%9A%E5%88%B6%E8%8B%B1%E6%96%87_03-3.jpg\" alt=\"\" width=\"790\" height=\"1029\"><img loading=\"lazy\" decoding=\"async\" class=\"size-full wp-image-4061 aligncenter\" src=\"https:\/\/xinshengmanufacture.com\/wp-content\/uploads\/2025\/04\/%E8%B6%85%E5%B7%A5%E5%AE%9A%E5%88%B6%E8%8B%B1%E6%96%87_04-3.jpg\" alt=\"\" width=\"790\" height=\"1156\"><img loading=\"lazy\" decoding=\"async\" class=\"size-full wp-image-4062 aligncenter\" src=\"https:\/\/xinshengmanufacture.com\/wp-content\/uploads\/2025\/04\/%E8%B6%85%E5%B7%A5%E5%AE%9A%E5%88%B6%E8%8B%B1%E6%96%87_05-3.jpg\" alt=\"\" width=\"790\" height=\"1486\"><img loading=\"lazy\" decoding=\"async\" class=\"size-full wp-image-4256 aligncenter\" src=\"https:\/\/xinshengmanufacture.com\/wp-content\/uploads\/2025\/04\/xqy-1.jpg\" alt=\"\" width=\"790\" height=\"1180\" srcset=\"https:\/\/xinshengmanufacture.com\/wp-content\/uploads\/2025\/04\/xqy-1.jpg 790w, https:\/\/xinshengmanufacture.com\/wp-content\/uploads\/2025\/04\/xqy-1-600x896.jpg 600w, https:\/\/xinshengmanufacture.com\/wp-content\/uploads\/2025\/04\/xqy-1-201x300.jpg 201w, https:\/\/xinshengmanufacture.com\/wp-content\/uploads\/2025\/04\/xqy-1-686x1024.jpg 686w, https:\/\/xinshengmanufacture.com\/wp-content\/uploads\/2025\/04\/xqy-1-768x1147.jpg 768w\" sizes=\"(max-width: 790px) 100vw, 790px\" \/> <img loading=\"lazy\" decoding=\"async\" class=\"size-full wp-image-4257 aligncenter\" src=\"https:\/\/xinshengmanufacture.com\/wp-content\/uploads\/2025\/04\/xqy-10.jpg\" alt=\"\" width=\"790\" height=\"1961\" srcset=\"https:\/\/xinshengmanufacture.com\/wp-content\/uploads\/2025\/04\/xqy-10.jpg 790w, https:\/\/xinshengmanufacture.com\/wp-content\/uploads\/2025\/04\/xqy-10-600x1489.jpg 600w, https:\/\/xinshengmanufacture.com\/wp-content\/uploads\/2025\/04\/xqy-10-121x300.jpg 121w, https:\/\/xinshengmanufacture.com\/wp-content\/uploads\/2025\/04\/xqy-10-413x1024.jpg 413w, https:\/\/xinshengmanufacture.com\/wp-content\/uploads\/2025\/04\/xqy-10-768x1906.jpg 768w, https:\/\/xinshengmanufacture.com\/wp-content\/uploads\/2025\/04\/xqy-10-619x1536.jpg 619w\" sizes=\"(max-width: 790px) 100vw, 790px\" \/> <img loading=\"lazy\" decoding=\"async\" class=\"size-full wp-image-4258 aligncenter\" src=\"https:\/\/xinshengmanufacture.com\/wp-content\/uploads\/2025\/04\/xqy-11.jpg\" alt=\"\" width=\"790\" height=\"1610\" srcset=\"https:\/\/xinshengmanufacture.com\/wp-content\/uploads\/2025\/04\/xqy-11.jpg 790w, https:\/\/xinshengmanufacture.com\/wp-content\/uploads\/2025\/04\/xqy-11-600x1223.jpg 600w, https:\/\/xinshengmanufacture.com\/wp-content\/uploads\/2025\/04\/xqy-11-147x300.jpg 147w, https:\/\/xinshengmanufacture.com\/wp-content\/uploads\/2025\/04\/xqy-11-502x1024.jpg 502w, https:\/\/xinshengmanufacture.com\/wp-content\/uploads\/2025\/04\/xqy-11-768x1565.jpg 768w, https:\/\/xinshengmanufacture.com\/wp-content\/uploads\/2025\/04\/xqy-11-754x1536.jpg 754w\" sizes=\"(max-width: 790px) 100vw, 790px\" \/> <img loading=\"lazy\" decoding=\"async\" class=\"size-full wp-image-4259 aligncenter\" src=\"https:\/\/xinshengmanufacture.com\/wp-content\/uploads\/2025\/04\/xqy-2.jpg\" alt=\"\" width=\"790\" height=\"931\" srcset=\"https:\/\/xinshengmanufacture.com\/wp-content\/uploads\/2025\/04\/xqy-2.jpg 790w, https:\/\/xinshengmanufacture.com\/wp-content\/uploads\/2025\/04\/xqy-2-600x707.jpg 600w, https:\/\/xinshengmanufacture.com\/wp-content\/uploads\/2025\/04\/xqy-2-255x300.jpg 255w, https:\/\/xinshengmanufacture.com\/wp-content\/uploads\/2025\/04\/xqy-2-768x905.jpg 768w\" sizes=\"(max-width: 790px) 100vw, 790px\" \/> <img loading=\"lazy\" decoding=\"async\" class=\"size-full wp-image-4260 aligncenter\" src=\"https:\/\/xinshengmanufacture.com\/wp-content\/uploads\/2025\/04\/xqy-3.jpg\" alt=\"\" width=\"790\" height=\"1177\" srcset=\"https:\/\/xinshengmanufacture.com\/wp-content\/uploads\/2025\/04\/xqy-3.jpg 790w, https:\/\/xinshengmanufacture.com\/wp-content\/uploads\/2025\/04\/xqy-3-600x894.jpg 600w, https:\/\/xinshengmanufacture.com\/wp-content\/uploads\/2025\/04\/xqy-3-201x300.jpg 201w, https:\/\/xinshengmanufacture.com\/wp-content\/uploads\/2025\/04\/xqy-3-687x1024.jpg 687w, https:\/\/xinshengmanufacture.com\/wp-content\/uploads\/2025\/04\/xqy-3-768x1144.jpg 768w\" sizes=\"(max-width: 790px) 100vw, 790px\" \/> <img loading=\"lazy\" decoding=\"async\" class=\"size-full wp-image-4261 aligncenter\" src=\"https:\/\/xinshengmanufacture.com\/wp-content\/uploads\/2025\/04\/xqy-4.jpg\" alt=\"\" width=\"790\" height=\"914\" srcset=\"https:\/\/xinshengmanufacture.com\/wp-content\/uploads\/2025\/04\/xqy-4.jpg 790w, https:\/\/xinshengmanufacture.com\/wp-content\/uploads\/2025\/04\/xqy-4-600x694.jpg 600w, https:\/\/xinshengmanufacture.com\/wp-content\/uploads\/2025\/04\/xqy-4-259x300.jpg 259w, https:\/\/xinshengmanufacture.com\/wp-content\/uploads\/2025\/04\/xqy-4-768x889.jpg 768w\" sizes=\"(max-width: 790px) 100vw, 790px\" \/> <img loading=\"lazy\" decoding=\"async\" class=\"size-full wp-image-4262 aligncenter\" src=\"https:\/\/xinshengmanufacture.com\/wp-content\/uploads\/2025\/04\/xqy-5.jpg\" alt=\"\" width=\"790\" height=\"1452\" srcset=\"https:\/\/xinshengmanufacture.com\/wp-content\/uploads\/2025\/04\/xqy-5.jpg 790w, https:\/\/xinshengmanufacture.com\/wp-content\/uploads\/2025\/04\/xqy-5-600x1103.jpg 600w, https:\/\/xinshengmanufacture.com\/wp-content\/uploads\/2025\/04\/xqy-5-163x300.jpg 163w, https:\/\/xinshengmanufacture.com\/wp-content\/uploads\/2025\/04\/xqy-5-557x1024.jpg 557w, https:\/\/xinshengmanufacture.com\/wp-content\/uploads\/2025\/04\/xqy-5-768x1412.jpg 768w\" sizes=\"(max-width: 790px) 100vw, 790px\" \/> <img loading=\"lazy\" decoding=\"async\" class=\"size-full wp-image-4263 aligncenter\" src=\"https:\/\/xinshengmanufacture.com\/wp-content\/uploads\/2025\/04\/xqy-6.jpg\" alt=\"\" width=\"790\" height=\"1481\" srcset=\"https:\/\/xinshengmanufacture.com\/wp-content\/uploads\/2025\/04\/xqy-6.jpg 790w, https:\/\/xinshengmanufacture.com\/wp-content\/uploads\/2025\/04\/xqy-6-600x1125.jpg 600w, https:\/\/xinshengmanufacture.com\/wp-content\/uploads\/2025\/04\/xqy-6-160x300.jpg 160w, https:\/\/xinshengmanufacture.com\/wp-content\/uploads\/2025\/04\/xqy-6-546x1024.jpg 546w, https:\/\/xinshengmanufacture.com\/wp-content\/uploads\/2025\/04\/xqy-6-768x1440.jpg 768w\" sizes=\"(max-width: 790px) 100vw, 790px\" \/> <img loading=\"lazy\" decoding=\"async\" class=\"size-full wp-image-4264 aligncenter\" src=\"https:\/\/xinshengmanufacture.com\/wp-content\/uploads\/2025\/04\/xqy-7.jpg\" alt=\"\" width=\"790\" height=\"1198\" srcset=\"https:\/\/xinshengmanufacture.com\/wp-content\/uploads\/2025\/04\/xqy-7.jpg 790w, https:\/\/xinshengmanufacture.com\/wp-content\/uploads\/2025\/04\/xqy-7-600x910.jpg 600w, https:\/\/xinshengmanufacture.com\/wp-content\/uploads\/2025\/04\/xqy-7-198x300.jpg 198w, https:\/\/xinshengmanufacture.com\/wp-content\/uploads\/2025\/04\/xqy-7-675x1024.jpg 675w, https:\/\/xinshengmanufacture.com\/wp-content\/uploads\/2025\/04\/xqy-7-768x1165.jpg 768w\" sizes=\"(max-width: 790px) 100vw, 790px\" \/> <img loading=\"lazy\" decoding=\"async\" class=\"size-full wp-image-4265 aligncenter\" src=\"https:\/\/xinshengmanufacture.com\/wp-content\/uploads\/2025\/04\/xqy-8.jpg\" alt=\"\" width=\"790\" height=\"1190\" srcset=\"https:\/\/xinshengmanufacture.com\/wp-content\/uploads\/2025\/04\/xqy-8.jpg 790w, https:\/\/xinshengmanufacture.com\/wp-content\/uploads\/2025\/04\/xqy-8-600x904.jpg 600w, https:\/\/xinshengmanufacture.com\/wp-content\/uploads\/2025\/04\/xqy-8-199x300.jpg 199w, https:\/\/xinshengmanufacture.com\/wp-content\/uploads\/2025\/04\/xqy-8-680x1024.jpg 680w, https:\/\/xinshengmanufacture.com\/wp-content\/uploads\/2025\/04\/xqy-8-768x1157.jpg 768w\" sizes=\"(max-width: 790px) 100vw, 790px\" \/> <img loading=\"lazy\" decoding=\"async\" class=\"size-full wp-image-4266 aligncenter\" src=\"https:\/\/xinshengmanufacture.com\/wp-content\/uploads\/2025\/04\/xqy-9.jpg\" alt=\"\" width=\"790\" height=\"1424\" srcset=\"https:\/\/xinshengmanufacture.com\/wp-content\/uploads\/2025\/04\/xqy-9.jpg 790w, https:\/\/xinshengmanufacture.com\/wp-content\/uploads\/2025\/04\/xqy-9-600x1082.jpg 600w, https:\/\/xinshengmanufacture.com\/wp-content\/uploads\/2025\/04\/xqy-9-166x300.jpg 166w, https:\/\/xinshengmanufacture.com\/wp-content\/uploads\/2025\/04\/xqy-9-568x1024.jpg 568w, https:\/\/xinshengmanufacture.com\/wp-content\/uploads\/2025\/04\/xqy-9-768x1384.jpg 768w\" sizes=\"(max-width: 790px) 100vw, 790px\" \/><\/p>\n","protected":false},"excerpt":{"rendered":"<p>A cama de xampu de massagem el\u00e9trica para sal\u00e3o de cabeleireiro pode ser usada em sal\u00f5es de cabeleireiro, centros de massagem, centros de beleza, centros de spa para terapia da cabe\u00e7a, etc.<\/p>\n","protected":false},"featured_media":34238,"template":"","meta":{"_bst_post_transparent":"","_bst_post_title":"","_bst_post_layout":"","_bst_post_sidebar_id":"","_bst_post_content_style":"","_bst_post_vertical_padding":"","_bst_post_feature":"","_bst_post_feature_position":"","_bst_post_header":false,"_bst_post_footer":false},"product_brand":[1079],"product_cat":[887],"product_tag":[],"class_list":{"0":"post-34233","1":"product","2":"type-product","3":"status-publish","4":"has-post-thumbnail","6":"product_brand-xinsheng-pt-br","7":"product_cat-cama-de-massagem-eletrica","8":"pa_color-cores-personalizadas","9":"pa_color-preto","10":"pa_size-205cm75cm80cm-pt-br","12":"first","13":"instock","14":"sale","15":"shipping-taxable","16":"purchasable","17":"product-type-variable","18":"entry","19":"content-bg","20":"loop-entry"},"_links":{"self":[{"href":"https:\/\/xinshengmanufacture.com\/pt-br\/wp-json\/wp\/v2\/product\/34233","targetHints":{"allow":["GET"]}}],"collection":[{"href":"https:\/\/xinshengmanufacture.com\/pt-br\/wp-json\/wp\/v2\/product"}],"about":[{"href":"https:\/\/xinshengmanufacture.com\/pt-br\/wp-json\/wp\/v2\/types\/product"}],"version-history":[{"count":2,"href":"https:\/\/xinshengmanufacture.com\/pt-br\/wp-json\/wp\/v2\/product\/34233\/revisions"}],"predecessor-version":[{"id":74994,"href":"https:\/\/xinshengmanufacture.com\/pt-br\/wp-json\/wp\/v2\/product\/34233\/revisions\/74994"}],"wp:featuredmedia":[{"embeddable":true,"href":"https:\/\/xinshengmanufacture.com\/pt-br\/wp-json\/wp\/v2\/media\/34238"}],"wp:attachment":[{"href":"https:\/\/xinshengmanufacture.com\/pt-br\/wp-json\/wp\/v2\/media?parent=34233"}],"wp:term":[{"taxonomy":"product_brand","embeddable":true,"href":"https:\/\/xinshengmanufacture.com\/pt-br\/wp-json\/wp\/v2\/product_brand?post=34233"},{"taxonomy":"product_cat","embeddable":true,"href":"https:\/\/xinshengmanufacture.com\/pt-br\/wp-json\/wp\/v2\/product_cat?post=34233"},{"taxonomy":"product_tag","embeddable":true,"href":"https:\/\/xinshengmanufacture.com\/pt-br\/wp-json\/wp\/v2\/product_tag?post=34233"}],"curies":[{"name":"wp","href":"https:\/\/api.w.org\/{rel}","templated":true}]}}