{"id":37218,"date":"2025-04-15T07:52:56","date_gmt":"2025-04-15T07:52:56","guid":{"rendered":"https:\/\/xinshengmanufacture.com\/product\/salao-de-cabeleireiro-mobiliario-comercial-salao-de-cabeleireiro-massagem-inteligente-avancada-cama-de-xampu-cabeca-centro-de-terapia-de-agua-cama-de-xampu-salao-de-beleza-equipamento-de-massagem-de-x\/"},"modified":"2025-08-26T08:03:23","modified_gmt":"2025-08-26T08:03:23","slug":"salao-de-cabeleireiro-mobiliario-comercial-salao-de-cabeleireiro-massagem-inteligente-avancada-cama-de-xampu-cabeca-centro-de-terapia-de-agua-cama-de-xampu-salao-de-beleza-equipamento-de-massagem-de-x","status":"publish","type":"product","link":"https:\/\/xinshengmanufacture.com\/pt-br\/product\/salao-de-cabeleireiro-mobiliario-comercial-salao-de-cabeleireiro-massagem-inteligente-avancada-cama-de-xampu-cabeca-centro-de-terapia-de-agua-cama-de-xampu-salao-de-beleza-equipamento-de-massagem-de-x\/","title":{"rendered":"Sal\u00e3o de cabeleireiro mobili\u00e1rio comercial sal\u00e3o de cabeleireiro massagem inteligente avan\u00e7ada cama de xampu cabe\u00e7a centro de terapia de \u00e1gua cama de xampu sal\u00e3o de beleza equipamento de massagem de xampu"},"content":{"rendered":"<div class=\"wp-playlist wp-video-playlist wp-playlist-light\">\n\t\t<video controls=\"controls\" preload=\"none\" width=\"1408\"\n\t\t height=\"2503\"\t><\/video>\n\t<div class=\"wp-playlist-next\"><\/div>\n\t<div class=\"wp-playlist-prev\"><\/div>\n\t<noscript>\n\t<ol>\n\t\t<li><a href='https:\/\/xinshengmanufacture.com\/wp-content\/uploads\/2025\/04\/WeChat_20250415155109.mp4'>WeChat_20250415155109<\/a><\/li>\t<\/ol>\n\t<\/noscript>\n\t<script type=\"application\/json\" class=\"wp-playlist-script\">{\"type\":\"video\",\"tracklist\":false,\"tracknumbers\":true,\"images\":true,\"artists\":true,\"tracks\":[{\"src\":\"https:\/\/xinshengmanufacture.com\/wp-content\/uploads\/2025\/04\/WeChat_20250415155109.mp4\",\"type\":\"video\/mp4\",\"title\":\"WeChat_20250415155109\",\"caption\":\"\",\"description\":\"\",\"meta\":{\"length_formatted\":\"0:46\"},\"dimensions\":{\"original\":{\"width\":720,\"height\":1280},\"resized\":{\"width\":1408,\"height\":2503}},\"image\":{\"src\":\"https:\/\/xinshengmanufacture.com\/wp-includes\/images\/media\/video.svg\",\"width\":48,\"height\":64},\"thumb\":{\"src\":\"https:\/\/xinshengmanufacture.com\/wp-includes\/images\/media\/video.svg\",\"width\":48,\"height\":64}}]}<\/script>\n<\/div>\n\t\n<p style=\"text-align: center;\"><img fetchpriority=\"high\" decoding=\"async\" class=\"size-full wp-image-4058 aligncenter\" src=\"https:\/\/xinshengmanufacture.com\/wp-content\/uploads\/2025\/04\/%E8%B6%85%E5%B7%A5%E5%AE%9A%E5%88%B6%E8%8B%B1%E6%96%87_01-3.jpg\" alt=\"\" width=\"790\" height=\"1223\"><img decoding=\"async\" class=\"size-full wp-image-4059 aligncenter\" src=\"https:\/\/xinshengmanufacture.com\/wp-content\/uploads\/2025\/04\/%E8%B6%85%E5%B7%A5%E5%AE%9A%E5%88%B6%E8%8B%B1%E6%96%87_02-3.jpg\" alt=\"\" width=\"790\" height=\"694\"><img decoding=\"async\" class=\"size-full wp-image-4060 aligncenter\" src=\"https:\/\/xinshengmanufacture.com\/wp-content\/uploads\/2025\/04\/%E8%B6%85%E5%B7%A5%E5%AE%9A%E5%88%B6%E8%8B%B1%E6%96%87_03-3.jpg\" alt=\"\" width=\"790\" height=\"1029\"><img loading=\"lazy\" decoding=\"async\" class=\"size-full wp-image-4061 aligncenter\" src=\"https:\/\/xinshengmanufacture.com\/wp-content\/uploads\/2025\/04\/%E8%B6%85%E5%B7%A5%E5%AE%9A%E5%88%B6%E8%8B%B1%E6%96%87_04-3.jpg\" alt=\"\" width=\"790\" height=\"1156\"><img loading=\"lazy\" decoding=\"async\" class=\"size-full wp-image-4062 aligncenter\" src=\"https:\/\/xinshengmanufacture.com\/wp-content\/uploads\/2025\/04\/%E8%B6%85%E5%B7%A5%E5%AE%9A%E5%88%B6%E8%8B%B1%E6%96%87_05-3.jpg\" alt=\"\" width=\"790\" height=\"1486\"><img loading=\"lazy\" decoding=\"async\" class=\"size-full wp-image-4046 aligncenter\" src=\"https:\/\/xinshengmanufacture.com\/wp-content\/uploads\/2025\/04\/%E8%AF%A6%E6%83%85%E9%A1%B5_01.jpg\" alt=\"\" width=\"790\" height=\"1149\"> <img loading=\"lazy\" decoding=\"async\" class=\"size-full wp-image-4047 aligncenter\" src=\"https:\/\/xinshengmanufacture.com\/wp-content\/uploads\/2025\/04\/%E8%AF%A6%E6%83%85%E9%A1%B5_02.jpg\" alt=\"\" width=\"790\" height=\"1241\"> <img loading=\"lazy\" decoding=\"async\" class=\"size-full wp-image-4048 aligncenter\" src=\"https:\/\/xinshengmanufacture.com\/wp-content\/uploads\/2025\/04\/%E8%AF%A6%E6%83%85%E9%A1%B5_03.jpg\" alt=\"\" width=\"790\" height=\"1611\"> <img loading=\"lazy\" decoding=\"async\" class=\"size-full wp-image-4049 aligncenter\" src=\"https:\/\/xinshengmanufacture.com\/wp-content\/uploads\/2025\/04\/%E8%AF%A6%E6%83%85%E9%A1%B5_04.jpg\" alt=\"\" width=\"790\" height=\"2102\"> <img loading=\"lazy\" decoding=\"async\" class=\"size-full wp-image-4050 aligncenter\" src=\"https:\/\/xinshengmanufacture.com\/wp-content\/uploads\/2025\/04\/%E8%AF%A6%E6%83%85%E9%A1%B5_05.jpg\" alt=\"\" width=\"790\" height=\"903\"> <img loading=\"lazy\" decoding=\"async\" class=\"size-full wp-image-4051 aligncenter\" src=\"https:\/\/xinshengmanufacture.com\/wp-content\/uploads\/2025\/04\/%E8%AF%A6%E6%83%85%E9%A1%B5_06.jpg\" alt=\"\" width=\"790\" height=\"1085\"> <img loading=\"lazy\" decoding=\"async\" class=\"size-full wp-image-4052 aligncenter\" src=\"https:\/\/xinshengmanufacture.com\/wp-content\/uploads\/2025\/04\/%E8%AF%A6%E6%83%85%E9%A1%B5_07.jpg\" alt=\"\" width=\"790\" height=\"1168\"> <img loading=\"lazy\" decoding=\"async\" class=\"size-full wp-image-4053 aligncenter\" src=\"https:\/\/xinshengmanufacture.com\/wp-content\/uploads\/2025\/04\/%E8%AF%A6%E6%83%85%E9%A1%B5_08.jpg\" alt=\"\" width=\"790\" height=\"1197\"> <img loading=\"lazy\" decoding=\"async\" class=\"size-full wp-image-4054 aligncenter\" src=\"https:\/\/xinshengmanufacture.com\/wp-content\/uploads\/2025\/04\/%E8%AF%A6%E6%83%85%E9%A1%B5_09.jpg\" alt=\"\" width=\"790\" height=\"1429\"> <img loading=\"lazy\" decoding=\"async\" class=\"size-full wp-image-4055 aligncenter\" src=\"https:\/\/xinshengmanufacture.com\/wp-content\/uploads\/2025\/04\/%E8%AF%A6%E6%83%85%E9%A1%B5_10.jpg\" alt=\"\" width=\"790\" height=\"1301\"> <img loading=\"lazy\" decoding=\"async\" class=\"size-full wp-image-4056 aligncenter\" src=\"https:\/\/xinshengmanufacture.com\/wp-content\/uploads\/2025\/04\/%E8%AF%A6%E6%83%85%E9%A1%B5_11.jpg\" alt=\"\" width=\"790\" height=\"1953\"> <img loading=\"lazy\" decoding=\"async\" class=\"size-full wp-image-4057 aligncenter\" src=\"https:\/\/xinshengmanufacture.com\/wp-content\/uploads\/2025\/04\/%E8%AF%A6%E6%83%85%E9%A1%B5_12.jpg\" alt=\"\" width=\"790\" height=\"1609\"><\/p>\n<div id=\"gtx-trans\" style=\"position: absolute; left: 758px; top: 35px;\">\n<div class=\"gtx-trans-icon\"><\/div>\n<\/div>\n","protected":false},"excerpt":{"rendered":"<p>A cama de xampu de massagem inteligente avan\u00e7ada para sal\u00f5es de cabeleireiro pode ser usada em centros de beleza, centros de spa, centros de massagem, sal\u00f5es de cabeleireiro, etc.<\/p>\n","protected":false},"featured_media":30056,"template":"","meta":{"_bst_post_transparent":"","_bst_post_title":"","_bst_post_layout":"","_bst_post_sidebar_id":"","_bst_post_content_style":"","_bst_post_vertical_padding":"","_bst_post_feature":"","_bst_post_feature_position":"","_bst_post_header":false,"_bst_post_footer":false},"product_brand":[1079],"product_cat":[887],"product_tag":[],"class_list":{"0":"post-37218","1":"product","2":"type-product","3":"status-publish","4":"has-post-thumbnail","6":"product_brand-xinsheng-pt-br","7":"product_cat-cama-de-massagem-eletrica","8":"pa_color-branco","9":"pa_color-cores-personalizadas","10":"pa_color-preto","11":"pa_size-190cm78cm82cm-pt-br","13":"first","14":"instock","15":"sale","16":"shipping-taxable","17":"purchasable","18":"product-type-variable","19":"entry","20":"content-bg","21":"loop-entry"},"_links":{"self":[{"href":"https:\/\/xinshengmanufacture.com\/pt-br\/wp-json\/wp\/v2\/product\/37218","targetHints":{"allow":["GET"]}}],"collection":[{"href":"https:\/\/xinshengmanufacture.com\/pt-br\/wp-json\/wp\/v2\/product"}],"about":[{"href":"https:\/\/xinshengmanufacture.com\/pt-br\/wp-json\/wp\/v2\/types\/product"}],"version-history":[{"count":2,"href":"https:\/\/xinshengmanufacture.com\/pt-br\/wp-json\/wp\/v2\/product\/37218\/revisions"}],"predecessor-version":[{"id":74934,"href":"https:\/\/xinshengmanufacture.com\/pt-br\/wp-json\/wp\/v2\/product\/37218\/revisions\/74934"}],"wp:featuredmedia":[{"embeddable":true,"href":"https:\/\/xinshengmanufacture.com\/pt-br\/wp-json\/wp\/v2\/media\/30056"}],"wp:attachment":[{"href":"https:\/\/xinshengmanufacture.com\/pt-br\/wp-json\/wp\/v2\/media?parent=37218"}],"wp:term":[{"taxonomy":"product_brand","embeddable":true,"href":"https:\/\/xinshengmanufacture.com\/pt-br\/wp-json\/wp\/v2\/product_brand?post=37218"},{"taxonomy":"product_cat","embeddable":true,"href":"https:\/\/xinshengmanufacture.com\/pt-br\/wp-json\/wp\/v2\/product_cat?post=37218"},{"taxonomy":"product_tag","embeddable":true,"href":"https:\/\/xinshengmanufacture.com\/pt-br\/wp-json\/wp\/v2\/product_tag?post=37218"}],"curies":[{"name":"wp","href":"https:\/\/api.w.org\/{rel}","templated":true}]}}