{"id":39395,"date":"2025-05-14T08:37:13","date_gmt":"2025-05-14T08:37:13","guid":{"rendered":"https:\/\/xinshengmanufacture.com\/product\/bacia-de-xampu-portatil-acessorios-para-cama-de-xampu-moveis-para-salao-de-beleza-moveis-para-cabelo-multifuncionais-com-fumigacao-circulacao-de-agua-bacia-de-xampu-para-salao-de-beleza-bacia-de-xampu\/"},"modified":"2026-01-17T05:51:04","modified_gmt":"2026-01-17T05:51:04","slug":"bacia-de-xampu-portatil-acessorios-para-cama-de-xampu-moveis-para-salao-de-beleza-moveis-para-cabelo-multifuncionais-com-fumigacao-circulacao-de-agua-bacia-de-xampu-para-salao-de-beleza-bacia-de-xampu","status":"publish","type":"product","link":"https:\/\/xinshengmanufacture.com\/pt-br\/product\/bacia-de-xampu-portatil-acessorios-para-cama-de-xampu-moveis-para-salao-de-beleza-moveis-para-cabelo-multifuncionais-com-fumigacao-circulacao-de-agua-bacia-de-xampu-para-salao-de-beleza-bacia-de-xampu\/","title":{"rendered":"Bacia de xampu port\u00e1til acess\u00f3rios para cama de xampu m\u00f3veis para sal\u00e3o de beleza m\u00f3veis para cabelo multifuncionais com fumiga\u00e7\u00e3o circula\u00e7\u00e3o de \u00e1gua bacia de xampu para sal\u00e3o de beleza bacia de xampu para spa"},"content":{"rendered":"<div class=\"wp-playlist wp-video-playlist wp-playlist-light\">\n\t\t<video controls=\"controls\" preload=\"none\" width=\"1408\"\n\t\t height=\"2503\"\t><\/video>\n\t<div class=\"wp-playlist-next\"><\/div>\n\t<div class=\"wp-playlist-prev\"><\/div>\n\t<noscript>\n\t<ol>\n\t\t<li><a href='https:\/\/xinshengmanufacture.com\/wp-content\/uploads\/2025\/05\/\u53d123.mp4'>\u53d123<\/a><\/li>\t<\/ol>\n\t<\/noscript>\n\t<script type=\"application\/json\" class=\"wp-playlist-script\">{\"type\":\"video\",\"tracklist\":false,\"tracknumbers\":true,\"images\":false,\"artists\":true,\"tracks\":[{\"src\":\"https:\/\/xinshengmanufacture.com\/wp-content\/uploads\/2025\/05\/\\u53d123.mp4\",\"type\":\"video\/mp4\",\"title\":\"\\u53d123\",\"caption\":\"\",\"description\":\"\",\"meta\":{\"length_formatted\":\"0:45\"},\"dimensions\":{\"original\":{\"width\":1080,\"height\":1920},\"resized\":{\"width\":1408,\"height\":2503}},\"image\":{\"src\":\"https:\/\/xinshengmanufacture.com\/wp-includes\/images\/media\/video.svg\",\"width\":48,\"height\":64},\"thumb\":{\"src\":\"https:\/\/xinshengmanufacture.com\/wp-includes\/images\/media\/video.svg\",\"width\":48,\"height\":64}}]}<\/script>\n<\/div>\n\t\n<p style=\"text-align: center;\"><img fetchpriority=\"high\" decoding=\"async\" class=\"alignnone size-full wp-image-4697 aligncenter\" src=\"https:\/\/xinshengmanufacture.com\/wp-content\/uploads\/2025\/05\/%E8%B6%85%E5%B7%A5%E5%AE%9A%E5%88%B6%E8%8B%B1%E6%96%87_011-1.jpg\" alt=\"\" width=\"1200\" height=\"1857\"><img decoding=\"async\" class=\"size-full wp-image-4698 aligncenter\" src=\"https:\/\/xinshengmanufacture.com\/wp-content\/uploads\/2025\/05\/%E8%B6%85%E5%B7%A5%E5%AE%9A%E5%88%B6%E8%8B%B1%E6%96%87_021-1.jpg\" alt=\"\" width=\"1200\" height=\"1054\"><img decoding=\"async\" class=\"size-full wp-image-4699 aligncenter\" src=\"https:\/\/xinshengmanufacture.com\/wp-content\/uploads\/2025\/05\/%E8%B6%85%E5%B7%A5%E5%AE%9A%E5%88%B6%E8%8B%B1%E6%96%87_031-1.jpg\" alt=\"\" width=\"1200\" height=\"1563\"><img loading=\"lazy\" decoding=\"async\" class=\"size-full wp-image-4700 aligncenter\" src=\"https:\/\/xinshengmanufacture.com\/wp-content\/uploads\/2025\/05\/%E8%B6%85%E5%B7%A5%E5%AE%9A%E5%88%B6%E8%8B%B1%E6%96%87_041-1.jpg\" alt=\"\" width=\"1200\" height=\"1755\"><img loading=\"lazy\" decoding=\"async\" class=\"size-full wp-image-4701 aligncenter\" src=\"https:\/\/xinshengmanufacture.com\/wp-content\/uploads\/2025\/05\/%E8%B6%85%E5%B7%A5%E5%AE%9A%E5%88%B6%E8%8B%B1%E6%96%87_051-1.jpg\" alt=\"\" width=\"1200\" height=\"2257\"><img loading=\"lazy\" decoding=\"async\" class=\"alignnone size-full wp-image-4935\" src=\"https:\/\/xinshengmanufacture.com\/wp-content\/uploads\/2025\/05\/1_01-3.jpg\" alt=\"\" width=\"1200\" height=\"1901\" srcset=\"https:\/\/xinshengmanufacture.com\/wp-content\/uploads\/2025\/05\/1_01-3.jpg 1200w, https:\/\/xinshengmanufacture.com\/wp-content\/uploads\/2025\/05\/1_01-3-600x951.jpg 600w, https:\/\/xinshengmanufacture.com\/wp-content\/uploads\/2025\/05\/1_01-3-189x300.jpg 189w, https:\/\/xinshengmanufacture.com\/wp-content\/uploads\/2025\/05\/1_01-3-646x1024.jpg 646w, https:\/\/xinshengmanufacture.com\/wp-content\/uploads\/2025\/05\/1_01-3-768x1217.jpg 768w, https:\/\/xinshengmanufacture.com\/wp-content\/uploads\/2025\/05\/1_01-3-970x1536.jpg 970w\" sizes=\"(max-width: 1200px) 100vw, 1200px\" \/> <img loading=\"lazy\" decoding=\"async\" class=\"alignnone size-full wp-image-4936\" src=\"https:\/\/xinshengmanufacture.com\/wp-content\/uploads\/2025\/05\/1_02-3.jpg\" alt=\"\" width=\"1200\" height=\"1709\" srcset=\"https:\/\/xinshengmanufacture.com\/wp-content\/uploads\/2025\/05\/1_02-3.jpg 1200w, https:\/\/xinshengmanufacture.com\/wp-content\/uploads\/2025\/05\/1_02-3-600x855.jpg 600w, https:\/\/xinshengmanufacture.com\/wp-content\/uploads\/2025\/05\/1_02-3-211x300.jpg 211w, https:\/\/xinshengmanufacture.com\/wp-content\/uploads\/2025\/05\/1_02-3-719x1024.jpg 719w, https:\/\/xinshengmanufacture.com\/wp-content\/uploads\/2025\/05\/1_02-3-768x1094.jpg 768w, https:\/\/xinshengmanufacture.com\/wp-content\/uploads\/2025\/05\/1_02-3-1079x1536.jpg 1079w\" sizes=\"(max-width: 1200px) 100vw, 1200px\" \/> <img loading=\"lazy\" decoding=\"async\" class=\"alignnone size-full wp-image-4937\" src=\"https:\/\/xinshengmanufacture.com\/wp-content\/uploads\/2025\/05\/1_03-3.jpg\" alt=\"\" width=\"1200\" height=\"2236\" srcset=\"https:\/\/xinshengmanufacture.com\/wp-content\/uploads\/2025\/05\/1_03-3.jpg 1200w, https:\/\/xinshengmanufacture.com\/wp-content\/uploads\/2025\/05\/1_03-3-600x1118.jpg 600w, https:\/\/xinshengmanufacture.com\/wp-content\/uploads\/2025\/05\/1_03-3-161x300.jpg 161w, https:\/\/xinshengmanufacture.com\/wp-content\/uploads\/2025\/05\/1_03-3-550x1024.jpg 550w, https:\/\/xinshengmanufacture.com\/wp-content\/uploads\/2025\/05\/1_03-3-768x1431.jpg 768w, https:\/\/xinshengmanufacture.com\/wp-content\/uploads\/2025\/05\/1_03-3-824x1536.jpg 824w, https:\/\/xinshengmanufacture.com\/wp-content\/uploads\/2025\/05\/1_03-3-1099x2048.jpg 1099w\" sizes=\"(max-width: 1200px) 100vw, 1200px\" \/> <img loading=\"lazy\" decoding=\"async\" class=\"alignnone size-full wp-image-4938\" src=\"https:\/\/xinshengmanufacture.com\/wp-content\/uploads\/2025\/05\/1_04-3.jpg\" alt=\"\" width=\"1200\" height=\"1566\" srcset=\"https:\/\/xinshengmanufacture.com\/wp-content\/uploads\/2025\/05\/1_04-3.jpg 1200w, https:\/\/xinshengmanufacture.com\/wp-content\/uploads\/2025\/05\/1_04-3-600x783.jpg 600w, https:\/\/xinshengmanufacture.com\/wp-content\/uploads\/2025\/05\/1_04-3-230x300.jpg 230w, https:\/\/xinshengmanufacture.com\/wp-content\/uploads\/2025\/05\/1_04-3-785x1024.jpg 785w, https:\/\/xinshengmanufacture.com\/wp-content\/uploads\/2025\/05\/1_04-3-768x1002.jpg 768w, https:\/\/xinshengmanufacture.com\/wp-content\/uploads\/2025\/05\/1_04-3-1177x1536.jpg 1177w\" sizes=\"(max-width: 1200px) 100vw, 1200px\" \/> <img loading=\"lazy\" decoding=\"async\" class=\"alignnone size-full wp-image-4939\" src=\"https:\/\/xinshengmanufacture.com\/wp-content\/uploads\/2025\/05\/1_05-3.jpg\" alt=\"\" width=\"1200\" height=\"1556\" srcset=\"https:\/\/xinshengmanufacture.com\/wp-content\/uploads\/2025\/05\/1_05-3.jpg 1200w, https:\/\/xinshengmanufacture.com\/wp-content\/uploads\/2025\/05\/1_05-3-600x778.jpg 600w, https:\/\/xinshengmanufacture.com\/wp-content\/uploads\/2025\/05\/1_05-3-231x300.jpg 231w, https:\/\/xinshengmanufacture.com\/wp-content\/uploads\/2025\/05\/1_05-3-790x1024.jpg 790w, https:\/\/xinshengmanufacture.com\/wp-content\/uploads\/2025\/05\/1_05-3-768x996.jpg 768w, https:\/\/xinshengmanufacture.com\/wp-content\/uploads\/2025\/05\/1_05-3-1185x1536.jpg 1185w\" sizes=\"(max-width: 1200px) 100vw, 1200px\" \/> <img loading=\"lazy\" decoding=\"async\" class=\"alignnone size-full wp-image-4940\" src=\"https:\/\/xinshengmanufacture.com\/wp-content\/uploads\/2025\/05\/1_06-3.jpg\" alt=\"\" width=\"1200\" height=\"1647\" srcset=\"https:\/\/xinshengmanufacture.com\/wp-content\/uploads\/2025\/05\/1_06-3.jpg 1200w, https:\/\/xinshengmanufacture.com\/wp-content\/uploads\/2025\/05\/1_06-3-600x824.jpg 600w, https:\/\/xinshengmanufacture.com\/wp-content\/uploads\/2025\/05\/1_06-3-219x300.jpg 219w, https:\/\/xinshengmanufacture.com\/wp-content\/uploads\/2025\/05\/1_06-3-746x1024.jpg 746w, https:\/\/xinshengmanufacture.com\/wp-content\/uploads\/2025\/05\/1_06-3-768x1054.jpg 768w, https:\/\/xinshengmanufacture.com\/wp-content\/uploads\/2025\/05\/1_06-3-1119x1536.jpg 1119w\" sizes=\"(max-width: 1200px) 100vw, 1200px\" \/> <img loading=\"lazy\" decoding=\"async\" class=\"alignnone size-full wp-image-4941\" src=\"https:\/\/xinshengmanufacture.com\/wp-content\/uploads\/2025\/05\/1_07-3.jpg\" alt=\"\" width=\"1200\" height=\"1826\" srcset=\"https:\/\/xinshengmanufacture.com\/wp-content\/uploads\/2025\/05\/1_07-3.jpg 1200w, https:\/\/xinshengmanufacture.com\/wp-content\/uploads\/2025\/05\/1_07-3-600x913.jpg 600w, https:\/\/xinshengmanufacture.com\/wp-content\/uploads\/2025\/05\/1_07-3-197x300.jpg 197w, https:\/\/xinshengmanufacture.com\/wp-content\/uploads\/2025\/05\/1_07-3-673x1024.jpg 673w, https:\/\/xinshengmanufacture.com\/wp-content\/uploads\/2025\/05\/1_07-3-768x1169.jpg 768w, https:\/\/xinshengmanufacture.com\/wp-content\/uploads\/2025\/05\/1_07-3-1009x1536.jpg 1009w\" sizes=\"(max-width: 1200px) 100vw, 1200px\" \/> <img loading=\"lazy\" decoding=\"async\" class=\"aligncenter wp-image-4942\" src=\"https:\/\/xinshengmanufacture.com\/wp-content\/uploads\/2025\/05\/1_08-3-scaled.jpg\" alt=\"\" width=\"1200\" height=\"2721\" srcset=\"https:\/\/xinshengmanufacture.com\/wp-content\/uploads\/2025\/05\/1_08-3-scaled.jpg 1129w, https:\/\/xinshengmanufacture.com\/wp-content\/uploads\/2025\/05\/1_08-3-scaled-600x1360.jpg 600w, https:\/\/xinshengmanufacture.com\/wp-content\/uploads\/2025\/05\/1_08-3-132x300.jpg 132w, https:\/\/xinshengmanufacture.com\/wp-content\/uploads\/2025\/05\/1_08-3-452x1024.jpg 452w, https:\/\/xinshengmanufacture.com\/wp-content\/uploads\/2025\/05\/1_08-3-768x1741.jpg 768w, https:\/\/xinshengmanufacture.com\/wp-content\/uploads\/2025\/05\/1_08-3-677x1536.jpg 677w, https:\/\/xinshengmanufacture.com\/wp-content\/uploads\/2025\/05\/1_08-3-903x2048.jpg 903w\" sizes=\"(max-width: 1200px) 100vw, 1200px\" \/> <img loading=\"lazy\" decoding=\"async\" class=\"alignnone size-full wp-image-4943\" src=\"https:\/\/xinshengmanufacture.com\/wp-content\/uploads\/2025\/05\/1_09-3.jpg\" alt=\"\" width=\"1200\" height=\"2403\" srcset=\"https:\/\/xinshengmanufacture.com\/wp-content\/uploads\/2025\/05\/1_09-3.jpg 1200w, https:\/\/xinshengmanufacture.com\/wp-content\/uploads\/2025\/05\/1_09-3-600x1202.jpg 600w, https:\/\/xinshengmanufacture.com\/wp-content\/uploads\/2025\/05\/1_09-3-150x300.jpg 150w, https:\/\/xinshengmanufacture.com\/wp-content\/uploads\/2025\/05\/1_09-3-511x1024.jpg 511w, https:\/\/xinshengmanufacture.com\/wp-content\/uploads\/2025\/05\/1_09-3-768x1538.jpg 768w, https:\/\/xinshengmanufacture.com\/wp-content\/uploads\/2025\/05\/1_09-3-767x1536.jpg 767w, https:\/\/xinshengmanufacture.com\/wp-content\/uploads\/2025\/05\/1_09-3-1023x2048.jpg 1023w\" sizes=\"(max-width: 1200px) 100vw, 1200px\" \/><\/p>\n<div id=\"gtx-trans\" style=\"position: absolute; left: 689px; top: 33px;\">\n<div class=\"gtx-trans-icon\"><\/div>\n<\/div>\n","protected":false},"excerpt":{"rendered":"<p>A bacia de xampu port\u00e1til pode ser usada com uma cama de xampu ou sozinha, adequada para cabeleireiros de sal\u00e3o, muito pr\u00e1tica e conveniente<\/p>\n","protected":false},"featured_media":39401,"template":"","meta":{"_bst_post_transparent":"","_bst_post_title":"","_bst_post_layout":"","_bst_post_sidebar_id":"","_bst_post_content_style":"","_bst_post_vertical_padding":"","_bst_post_feature":"","_bst_post_feature_position":"","_bst_post_header":false,"_bst_post_footer":false},"product_brand":[1079],"product_cat":[917],"product_tag":[],"class_list":{"0":"post-39395","1":"product","2":"type-product","3":"status-publish","4":"has-post-thumbnail","6":"product_brand-xinsheng-pt-br","7":"product_cat-lavatorio-de-xampu-portatil","8":"pa_color-branco","9":"pa_color-cores-personalizadas","10":"pa_size-70cm55cm65cm-pt-br","12":"first","13":"instock","14":"sale","15":"shipping-taxable","16":"purchasable","17":"product-type-variable","18":"entry","19":"content-bg","20":"loop-entry"},"_links":{"self":[{"href":"https:\/\/xinshengmanufacture.com\/pt-br\/wp-json\/wp\/v2\/product\/39395","targetHints":{"allow":["GET"]}}],"collection":[{"href":"https:\/\/xinshengmanufacture.com\/pt-br\/wp-json\/wp\/v2\/product"}],"about":[{"href":"https:\/\/xinshengmanufacture.com\/pt-br\/wp-json\/wp\/v2\/types\/product"}],"version-history":[{"count":5,"href":"https:\/\/xinshengmanufacture.com\/pt-br\/wp-json\/wp\/v2\/product\/39395\/revisions"}],"predecessor-version":[{"id":87392,"href":"https:\/\/xinshengmanufacture.com\/pt-br\/wp-json\/wp\/v2\/product\/39395\/revisions\/87392"}],"wp:featuredmedia":[{"embeddable":true,"href":"https:\/\/xinshengmanufacture.com\/pt-br\/wp-json\/wp\/v2\/media\/39401"}],"wp:attachment":[{"href":"https:\/\/xinshengmanufacture.com\/pt-br\/wp-json\/wp\/v2\/media?parent=39395"}],"wp:term":[{"taxonomy":"product_brand","embeddable":true,"href":"https:\/\/xinshengmanufacture.com\/pt-br\/wp-json\/wp\/v2\/product_brand?post=39395"},{"taxonomy":"product_cat","embeddable":true,"href":"https:\/\/xinshengmanufacture.com\/pt-br\/wp-json\/wp\/v2\/product_cat?post=39395"},{"taxonomy":"product_tag","embeddable":true,"href":"https:\/\/xinshengmanufacture.com\/pt-br\/wp-json\/wp\/v2\/product_tag?post=39395"}],"curies":[{"name":"wp","href":"https:\/\/api.w.org\/{rel}","templated":true}]}}