{"id":39931,"date":"2025-05-14T06:29:02","date_gmt":"2025-05-14T06:29:02","guid":{"rendered":"https:\/\/xinshengmanufacture.com\/product\/bacia-de-xampu-movel-portatil-para-salao-de-cabeleireiro-moveis-para-massagem-xampu-bacia-de-cabeceira-acessorios-salao-de-beleza-bacia-de-xampu-cabeca-terapia-spa-equipamento-de-xampu\/"},"modified":"2026-01-17T05:51:14","modified_gmt":"2026-01-17T05:51:14","slug":"bacia-de-xampu-movel-portatil-para-salao-de-cabeleireiro-moveis-para-massagem-xampu-bacia-de-cabeceira-acessorios-salao-de-beleza-bacia-de-xampu-cabeca-terapia-spa-equipamento-de-xampu","status":"publish","type":"product","link":"https:\/\/xinshengmanufacture.com\/pt-br\/product\/bacia-de-xampu-movel-portatil-para-salao-de-cabeleireiro-moveis-para-massagem-xampu-bacia-de-cabeceira-acessorios-salao-de-beleza-bacia-de-xampu-cabeca-terapia-spa-equipamento-de-xampu\/","title":{"rendered":"Bacia de xampu m\u00f3vel port\u00e1til para sal\u00e3o de cabeleireiro m\u00f3veis para massagem xampu bacia de cabeceira acess\u00f3rios sal\u00e3o de beleza bacia de xampu cabe\u00e7a terapia spa equipamento de xampu"},"content":{"rendered":"<div class=\"wp-playlist wp-video-playlist wp-playlist-light\">\n\t\t<video controls=\"controls\" preload=\"none\" width=\"1408\"\n\t\t height=\"2503\"\t><\/video>\n\t<div class=\"wp-playlist-next\"><\/div>\n\t<div class=\"wp-playlist-prev\"><\/div>\n\t<noscript>\n\t<ol>\n\t\t<li><a href='https:\/\/xinshengmanufacture.com\/wp-content\/uploads\/2025\/05\/38.mp4'>38<\/a><\/li>\t<\/ol>\n\t<\/noscript>\n\t<script type=\"application\/json\" class=\"wp-playlist-script\">{\"type\":\"video\",\"tracklist\":false,\"tracknumbers\":true,\"images\":false,\"artists\":true,\"tracks\":[{\"src\":\"https:\/\/xinshengmanufacture.com\/wp-content\/uploads\/2025\/05\/38.mp4\",\"type\":\"video\/mp4\",\"title\":\"38\",\"caption\":\"\",\"description\":\"\",\"meta\":{\"length_formatted\":\"0:44\"},\"dimensions\":{\"original\":{\"width\":1080,\"height\":1920},\"resized\":{\"width\":1408,\"height\":2503}},\"image\":{\"src\":\"https:\/\/xinshengmanufacture.com\/wp-includes\/images\/media\/video.svg\",\"width\":48,\"height\":64},\"thumb\":{\"src\":\"https:\/\/xinshengmanufacture.com\/wp-includes\/images\/media\/video.svg\",\"width\":48,\"height\":64}}]}<\/script>\n<\/div>\n\t\n<p style=\"text-align: center;\"><img fetchpriority=\"high\" decoding=\"async\" class=\"alignnone size-full wp-image-4697 aligncenter\" src=\"https:\/\/xinshengmanufacture.com\/wp-content\/uploads\/2025\/05\/%E8%B6%85%E5%B7%A5%E5%AE%9A%E5%88%B6%E8%8B%B1%E6%96%87_011-1.jpg\" alt=\"\" width=\"1200\" height=\"1857\"><img decoding=\"async\" class=\"size-full wp-image-4698 aligncenter\" src=\"https:\/\/xinshengmanufacture.com\/wp-content\/uploads\/2025\/05\/%E8%B6%85%E5%B7%A5%E5%AE%9A%E5%88%B6%E8%8B%B1%E6%96%87_021-1.jpg\" alt=\"\" width=\"1200\" height=\"1054\"><img decoding=\"async\" class=\"size-full wp-image-4699 aligncenter\" src=\"https:\/\/xinshengmanufacture.com\/wp-content\/uploads\/2025\/05\/%E8%B6%85%E5%B7%A5%E5%AE%9A%E5%88%B6%E8%8B%B1%E6%96%87_031-1.jpg\" alt=\"\" width=\"1200\" height=\"1563\"><img loading=\"lazy\" decoding=\"async\" class=\"size-full wp-image-4700 aligncenter\" src=\"https:\/\/xinshengmanufacture.com\/wp-content\/uploads\/2025\/05\/%E8%B6%85%E5%B7%A5%E5%AE%9A%E5%88%B6%E8%8B%B1%E6%96%87_041-1.jpg\" alt=\"\" width=\"1200\" height=\"1755\"><img loading=\"lazy\" decoding=\"async\" class=\"size-full wp-image-4701 aligncenter\" src=\"https:\/\/xinshengmanufacture.com\/wp-content\/uploads\/2025\/05\/%E8%B6%85%E5%B7%A5%E5%AE%9A%E5%88%B6%E8%8B%B1%E6%96%87_051-1.jpg\" alt=\"\" width=\"1200\" height=\"2257\"><img loading=\"lazy\" decoding=\"async\" class=\"alignnone size-full wp-image-4892\" src=\"https:\/\/xinshengmanufacture.com\/wp-content\/uploads\/2025\/05\/1_01-2.jpg\" alt=\"\" width=\"1200\" height=\"1901\" srcset=\"https:\/\/xinshengmanufacture.com\/wp-content\/uploads\/2025\/05\/1_01-2.jpg 1200w, https:\/\/xinshengmanufacture.com\/wp-content\/uploads\/2025\/05\/1_01-2-600x951.jpg 600w, https:\/\/xinshengmanufacture.com\/wp-content\/uploads\/2025\/05\/1_01-2-189x300.jpg 189w, https:\/\/xinshengmanufacture.com\/wp-content\/uploads\/2025\/05\/1_01-2-646x1024.jpg 646w, https:\/\/xinshengmanufacture.com\/wp-content\/uploads\/2025\/05\/1_01-2-768x1217.jpg 768w, https:\/\/xinshengmanufacture.com\/wp-content\/uploads\/2025\/05\/1_01-2-970x1536.jpg 970w\" sizes=\"(max-width: 1200px) 100vw, 1200px\" \/> <img loading=\"lazy\" decoding=\"async\" class=\"alignnone size-full wp-image-4893\" src=\"https:\/\/xinshengmanufacture.com\/wp-content\/uploads\/2025\/05\/1_02-2.jpg\" alt=\"\" width=\"1200\" height=\"1155\" srcset=\"https:\/\/xinshengmanufacture.com\/wp-content\/uploads\/2025\/05\/1_02-2.jpg 1200w, https:\/\/xinshengmanufacture.com\/wp-content\/uploads\/2025\/05\/1_02-2-600x578.jpg 600w, https:\/\/xinshengmanufacture.com\/wp-content\/uploads\/2025\/05\/1_02-2-300x289.jpg 300w, https:\/\/xinshengmanufacture.com\/wp-content\/uploads\/2025\/05\/1_02-2-1024x986.jpg 1024w, https:\/\/xinshengmanufacture.com\/wp-content\/uploads\/2025\/05\/1_02-2-768x739.jpg 768w\" sizes=\"(max-width: 1200px) 100vw, 1200px\" \/> <img loading=\"lazy\" decoding=\"async\" class=\"alignnone size-full wp-image-4894\" src=\"https:\/\/xinshengmanufacture.com\/wp-content\/uploads\/2025\/05\/1_03-2.jpg\" alt=\"\" width=\"1200\" height=\"1675\" srcset=\"https:\/\/xinshengmanufacture.com\/wp-content\/uploads\/2025\/05\/1_03-2.jpg 1200w, https:\/\/xinshengmanufacture.com\/wp-content\/uploads\/2025\/05\/1_03-2-600x838.jpg 600w, https:\/\/xinshengmanufacture.com\/wp-content\/uploads\/2025\/05\/1_03-2-215x300.jpg 215w, https:\/\/xinshengmanufacture.com\/wp-content\/uploads\/2025\/05\/1_03-2-734x1024.jpg 734w, https:\/\/xinshengmanufacture.com\/wp-content\/uploads\/2025\/05\/1_03-2-768x1072.jpg 768w, https:\/\/xinshengmanufacture.com\/wp-content\/uploads\/2025\/05\/1_03-2-1100x1536.jpg 1100w\" sizes=\"(max-width: 1200px) 100vw, 1200px\" \/> <img loading=\"lazy\" decoding=\"async\" class=\"alignnone size-full wp-image-4895\" src=\"https:\/\/xinshengmanufacture.com\/wp-content\/uploads\/2025\/05\/1_04-2.jpg\" alt=\"\" width=\"1200\" height=\"2252\" srcset=\"https:\/\/xinshengmanufacture.com\/wp-content\/uploads\/2025\/05\/1_04-2.jpg 1200w, https:\/\/xinshengmanufacture.com\/wp-content\/uploads\/2025\/05\/1_04-2-600x1126.jpg 600w, https:\/\/xinshengmanufacture.com\/wp-content\/uploads\/2025\/05\/1_04-2-160x300.jpg 160w, https:\/\/xinshengmanufacture.com\/wp-content\/uploads\/2025\/05\/1_04-2-546x1024.jpg 546w, https:\/\/xinshengmanufacture.com\/wp-content\/uploads\/2025\/05\/1_04-2-768x1441.jpg 768w, https:\/\/xinshengmanufacture.com\/wp-content\/uploads\/2025\/05\/1_04-2-818x1536.jpg 818w, https:\/\/xinshengmanufacture.com\/wp-content\/uploads\/2025\/05\/1_04-2-1091x2048.jpg 1091w\" sizes=\"(max-width: 1200px) 100vw, 1200px\" \/> <img loading=\"lazy\" decoding=\"async\" class=\"alignnone size-full wp-image-4896\" src=\"https:\/\/xinshengmanufacture.com\/wp-content\/uploads\/2025\/05\/1_05-2.jpg\" alt=\"\" width=\"1200\" height=\"1544\" srcset=\"https:\/\/xinshengmanufacture.com\/wp-content\/uploads\/2025\/05\/1_05-2.jpg 1200w, https:\/\/xinshengmanufacture.com\/wp-content\/uploads\/2025\/05\/1_05-2-600x772.jpg 600w, https:\/\/xinshengmanufacture.com\/wp-content\/uploads\/2025\/05\/1_05-2-233x300.jpg 233w, https:\/\/xinshengmanufacture.com\/wp-content\/uploads\/2025\/05\/1_05-2-796x1024.jpg 796w, https:\/\/xinshengmanufacture.com\/wp-content\/uploads\/2025\/05\/1_05-2-768x988.jpg 768w, https:\/\/xinshengmanufacture.com\/wp-content\/uploads\/2025\/05\/1_05-2-1194x1536.jpg 1194w\" sizes=\"(max-width: 1200px) 100vw, 1200px\" \/> <img loading=\"lazy\" decoding=\"async\" class=\"alignnone size-full wp-image-4897\" src=\"https:\/\/xinshengmanufacture.com\/wp-content\/uploads\/2025\/05\/1_06-2.jpg\" alt=\"\" width=\"1200\" height=\"1568\" srcset=\"https:\/\/xinshengmanufacture.com\/wp-content\/uploads\/2025\/05\/1_06-2.jpg 1200w, https:\/\/xinshengmanufacture.com\/wp-content\/uploads\/2025\/05\/1_06-2-600x784.jpg 600w, https:\/\/xinshengmanufacture.com\/wp-content\/uploads\/2025\/05\/1_06-2-230x300.jpg 230w, https:\/\/xinshengmanufacture.com\/wp-content\/uploads\/2025\/05\/1_06-2-784x1024.jpg 784w, https:\/\/xinshengmanufacture.com\/wp-content\/uploads\/2025\/05\/1_06-2-768x1004.jpg 768w, https:\/\/xinshengmanufacture.com\/wp-content\/uploads\/2025\/05\/1_06-2-1176x1536.jpg 1176w\" sizes=\"(max-width: 1200px) 100vw, 1200px\" \/> <img loading=\"lazy\" decoding=\"async\" class=\"alignnone size-full wp-image-4898\" src=\"https:\/\/xinshengmanufacture.com\/wp-content\/uploads\/2025\/05\/1_07-2.jpg\" alt=\"\" width=\"1200\" height=\"1649\" srcset=\"https:\/\/xinshengmanufacture.com\/wp-content\/uploads\/2025\/05\/1_07-2.jpg 1200w, https:\/\/xinshengmanufacture.com\/wp-content\/uploads\/2025\/05\/1_07-2-600x825.jpg 600w, https:\/\/xinshengmanufacture.com\/wp-content\/uploads\/2025\/05\/1_07-2-218x300.jpg 218w, https:\/\/xinshengmanufacture.com\/wp-content\/uploads\/2025\/05\/1_07-2-745x1024.jpg 745w, https:\/\/xinshengmanufacture.com\/wp-content\/uploads\/2025\/05\/1_07-2-768x1055.jpg 768w, https:\/\/xinshengmanufacture.com\/wp-content\/uploads\/2025\/05\/1_07-2-1118x1536.jpg 1118w\" sizes=\"(max-width: 1200px) 100vw, 1200px\" \/> <img loading=\"lazy\" decoding=\"async\" class=\"aligncenter wp-image-4899\" src=\"https:\/\/xinshengmanufacture.com\/wp-content\/uploads\/2025\/05\/1_08-2-scaled.jpg\" alt=\"\" width=\"1200\" height=\"2655\" srcset=\"https:\/\/xinshengmanufacture.com\/wp-content\/uploads\/2025\/05\/1_08-2-scaled.jpg 1157w, https:\/\/xinshengmanufacture.com\/wp-content\/uploads\/2025\/05\/1_08-2-scaled-600x1328.jpg 600w, https:\/\/xinshengmanufacture.com\/wp-content\/uploads\/2025\/05\/1_08-2-136x300.jpg 136w, https:\/\/xinshengmanufacture.com\/wp-content\/uploads\/2025\/05\/1_08-2-463x1024.jpg 463w, https:\/\/xinshengmanufacture.com\/wp-content\/uploads\/2025\/05\/1_08-2-768x1699.jpg 768w, https:\/\/xinshengmanufacture.com\/wp-content\/uploads\/2025\/05\/1_08-2-694x1536.jpg 694w, https:\/\/xinshengmanufacture.com\/wp-content\/uploads\/2025\/05\/1_08-2-926x2048.jpg 926w\" sizes=\"(max-width: 1200px) 100vw, 1200px\" \/> <img loading=\"lazy\" decoding=\"async\" class=\"alignnone size-full wp-image-4900\" src=\"https:\/\/xinshengmanufacture.com\/wp-content\/uploads\/2025\/05\/1_09-2.jpg\" alt=\"\" width=\"1200\" height=\"2446\" srcset=\"https:\/\/xinshengmanufacture.com\/wp-content\/uploads\/2025\/05\/1_09-2.jpg 1200w, https:\/\/xinshengmanufacture.com\/wp-content\/uploads\/2025\/05\/1_09-2-600x1223.jpg 600w, https:\/\/xinshengmanufacture.com\/wp-content\/uploads\/2025\/05\/1_09-2-147x300.jpg 147w, https:\/\/xinshengmanufacture.com\/wp-content\/uploads\/2025\/05\/1_09-2-502x1024.jpg 502w, https:\/\/xinshengmanufacture.com\/wp-content\/uploads\/2025\/05\/1_09-2-768x1565.jpg 768w, https:\/\/xinshengmanufacture.com\/wp-content\/uploads\/2025\/05\/1_09-2-754x1536.jpg 754w, https:\/\/xinshengmanufacture.com\/wp-content\/uploads\/2025\/05\/1_09-2-1005x2048.jpg 1005w\" sizes=\"(max-width: 1200px) 100vw, 1200px\" \/><\/p>\n<div id=\"gtx-trans\" style=\"position: absolute; left: 37px; top: 35px;\">\n<div class=\"gtx-trans-icon\"><\/div>\n<\/div>\n","protected":false},"excerpt":{"rendered":"<p>O lavat\u00f3rio port\u00e1til m\u00f3vel para xampu pode ser instalado em nossa cama para xampu ou cama para xampu de massagem, tamb\u00e9m pode ser usado sozinho, adequado para sal\u00f5es de cabeleireiro, muito pr\u00e1tico e conveniente<\/p>\n","protected":false},"featured_media":39944,"template":"","meta":{"_bst_post_transparent":"","_bst_post_title":"","_bst_post_layout":"","_bst_post_sidebar_id":"","_bst_post_content_style":"","_bst_post_vertical_padding":"","_bst_post_feature":"","_bst_post_feature_position":"","_bst_post_header":false,"_bst_post_footer":false},"product_brand":[1079],"product_cat":[917],"product_tag":[],"class_list":{"0":"post-39931","1":"product","2":"type-product","3":"status-publish","4":"has-post-thumbnail","6":"product_brand-xinsheng-pt-br","7":"product_cat-lavatorio-de-xampu-portatil","8":"pa_color-branco","9":"pa_color-preto","10":"pa_size-53cm63cm62cm-pt-br","12":"first","13":"instock","14":"sale","15":"shipping-taxable","16":"purchasable","17":"product-type-variable","18":"entry","19":"content-bg","20":"loop-entry"},"_links":{"self":[{"href":"https:\/\/xinshengmanufacture.com\/pt-br\/wp-json\/wp\/v2\/product\/39931","targetHints":{"allow":["GET"]}}],"collection":[{"href":"https:\/\/xinshengmanufacture.com\/pt-br\/wp-json\/wp\/v2\/product"}],"about":[{"href":"https:\/\/xinshengmanufacture.com\/pt-br\/wp-json\/wp\/v2\/types\/product"}],"version-history":[{"count":5,"href":"https:\/\/xinshengmanufacture.com\/pt-br\/wp-json\/wp\/v2\/product\/39931\/revisions"}],"predecessor-version":[{"id":87458,"href":"https:\/\/xinshengmanufacture.com\/pt-br\/wp-json\/wp\/v2\/product\/39931\/revisions\/87458"}],"wp:featuredmedia":[{"embeddable":true,"href":"https:\/\/xinshengmanufacture.com\/pt-br\/wp-json\/wp\/v2\/media\/39944"}],"wp:attachment":[{"href":"https:\/\/xinshengmanufacture.com\/pt-br\/wp-json\/wp\/v2\/media?parent=39931"}],"wp:term":[{"taxonomy":"product_brand","embeddable":true,"href":"https:\/\/xinshengmanufacture.com\/pt-br\/wp-json\/wp\/v2\/product_brand?post=39931"},{"taxonomy":"product_cat","embeddable":true,"href":"https:\/\/xinshengmanufacture.com\/pt-br\/wp-json\/wp\/v2\/product_cat?post=39931"},{"taxonomy":"product_tag","embeddable":true,"href":"https:\/\/xinshengmanufacture.com\/pt-br\/wp-json\/wp\/v2\/product_tag?post=39931"}],"curies":[{"name":"wp","href":"https:\/\/api.w.org\/{rel}","templated":true}]}}