{"id":40885,"date":"2025-05-13T06:26:34","date_gmt":"2025-05-13T06:26:34","guid":{"rendered":"https:\/\/xinshengmanufacture.com\/product\/cama-de-xampu-para-massagem-com-circulacao-de-agua-e-fumigacao-multifuncional-cama-de-xampu-para-salao-de-cabeleireiro-equipamento-de-centro-de-beleza-instrumento-cama-de-tratamento-de-cabeca-moderna\/"},"modified":"2026-01-17T05:51:25","modified_gmt":"2026-01-17T05:51:25","slug":"cama-de-xampu-para-massagem-com-circulacao-de-agua-e-fumigacao-multifuncional-cama-de-xampu-para-salao-de-cabeleireiro-equipamento-de-centro-de-beleza-instrumento-cama-de-tratamento-de-cabeca-moderna","status":"publish","type":"product","link":"https:\/\/xinshengmanufacture.com\/pt-br\/product\/cama-de-xampu-para-massagem-com-circulacao-de-agua-e-fumigacao-multifuncional-cama-de-xampu-para-salao-de-cabeleireiro-equipamento-de-centro-de-beleza-instrumento-cama-de-tratamento-de-cabeca-moderna\/","title":{"rendered":"Cama de xampu para massagem com circula\u00e7\u00e3o de \u00e1gua e fumiga\u00e7\u00e3o multifuncional cama de xampu para sal\u00e3o de cabeleireiro equipamento de centro de beleza instrumento cama de tratamento de cabe\u00e7a moderna e luxuosa cama de spa"},"content":{"rendered":"<div class=\"wp-playlist wp-video-playlist wp-playlist-light\">\n\t\t<video controls=\"controls\" preload=\"none\" width=\"1408\"\n\t\t height=\"2503\"\t><\/video>\n\t<div class=\"wp-playlist-next\"><\/div>\n\t<div class=\"wp-playlist-prev\"><\/div>\n\t<noscript>\n\t<ol>\n\t\t<li><a href='https:\/\/xinshengmanufacture.com\/wp-content\/uploads\/2025\/05\/\u7279\u7ea7.mp4'>\u7279\u7ea7<\/a><\/li>\t<\/ol>\n\t<\/noscript>\n\t<script type=\"application\/json\" class=\"wp-playlist-script\">{\"type\":\"video\",\"tracklist\":false,\"tracknumbers\":true,\"images\":true,\"artists\":true,\"tracks\":[{\"src\":\"https:\/\/xinshengmanufacture.com\/wp-content\/uploads\/2025\/05\/\\u7279\\u7ea7.mp4\",\"type\":\"video\/mp4\",\"title\":\"\\u7279\\u7ea7\",\"caption\":\"\",\"description\":\"\",\"meta\":{\"length_formatted\":\"0:57\"},\"dimensions\":{\"original\":{\"width\":1080,\"height\":1920},\"resized\":{\"width\":1408,\"height\":2503}},\"image\":{\"src\":\"https:\/\/xinshengmanufacture.com\/wp-includes\/images\/media\/video.svg\",\"width\":48,\"height\":64},\"thumb\":{\"src\":\"https:\/\/xinshengmanufacture.com\/wp-includes\/images\/media\/video.svg\",\"width\":48,\"height\":64}}]}<\/script>\n<\/div>\n\t\n<p style=\"text-align: center;\"><img fetchpriority=\"high\" decoding=\"async\" class=\"alignnone size-full wp-image-4697 aligncenter\" src=\"https:\/\/xinshengmanufacture.com\/wp-content\/uploads\/2025\/05\/%E8%B6%85%E5%B7%A5%E5%AE%9A%E5%88%B6%E8%8B%B1%E6%96%87_011-1.jpg\" alt=\"\" width=\"1200\" height=\"1857\"><img decoding=\"async\" class=\"size-full wp-image-4698 aligncenter\" src=\"https:\/\/xinshengmanufacture.com\/wp-content\/uploads\/2025\/05\/%E8%B6%85%E5%B7%A5%E5%AE%9A%E5%88%B6%E8%8B%B1%E6%96%87_021-1.jpg\" alt=\"\" width=\"1200\" height=\"1054\"><img decoding=\"async\" class=\"size-full wp-image-4699 aligncenter\" src=\"https:\/\/xinshengmanufacture.com\/wp-content\/uploads\/2025\/05\/%E8%B6%85%E5%B7%A5%E5%AE%9A%E5%88%B6%E8%8B%B1%E6%96%87_031-1.jpg\" alt=\"\" width=\"1200\" height=\"1563\"><img loading=\"lazy\" decoding=\"async\" class=\"size-full wp-image-4700 aligncenter\" src=\"https:\/\/xinshengmanufacture.com\/wp-content\/uploads\/2025\/05\/%E8%B6%85%E5%B7%A5%E5%AE%9A%E5%88%B6%E8%8B%B1%E6%96%87_041-1.jpg\" alt=\"\" width=\"1200\" height=\"1755\"><img loading=\"lazy\" decoding=\"async\" class=\"size-full wp-image-4701 aligncenter\" src=\"https:\/\/xinshengmanufacture.com\/wp-content\/uploads\/2025\/05\/%E8%B6%85%E5%B7%A5%E5%AE%9A%E5%88%B6%E8%8B%B1%E6%96%87_051-1.jpg\" alt=\"\" width=\"1200\" height=\"2257\"><img loading=\"lazy\" decoding=\"async\" class=\"alignnone size-full wp-image-4810\" src=\"https:\/\/xinshengmanufacture.com\/wp-content\/uploads\/2025\/05\/%E6%B4%97%E5%A4%B4%E5%BA%8A1%E5%9B%BD%E9%99%85_01-1.jpg\" alt=\"\" width=\"1200\" height=\"2120\"> <img loading=\"lazy\" decoding=\"async\" class=\"alignnone size-full wp-image-4811\" src=\"https:\/\/xinshengmanufacture.com\/wp-content\/uploads\/2025\/05\/%E6%B4%97%E5%A4%B4%E5%BA%8A1%E5%9B%BD%E9%99%85_02-1.jpg\" alt=\"\" width=\"1200\" height=\"2308\"> <img loading=\"lazy\" decoding=\"async\" class=\"alignnone size-full wp-image-4812\" src=\"https:\/\/xinshengmanufacture.com\/wp-content\/uploads\/2025\/05\/%E6%B4%97%E5%A4%B4%E5%BA%8A1%E5%9B%BD%E9%99%85_03-1.jpg\" alt=\"\" width=\"1200\" height=\"1828\"> <img loading=\"lazy\" decoding=\"async\" class=\"alignnone size-full wp-image-4813\" src=\"https:\/\/xinshengmanufacture.com\/wp-content\/uploads\/2025\/05\/%E6%B4%97%E5%A4%B4%E5%BA%8A1%E5%9B%BD%E9%99%85_04-1.jpg\" alt=\"\" width=\"1200\" height=\"2317\"> <img loading=\"lazy\" decoding=\"async\" class=\"aligncenter wp-image-4814\" src=\"https:\/\/xinshengmanufacture.com\/wp-content\/uploads\/2025\/05\/%E6%B4%97%E5%A4%B4%E5%BA%8A1%E5%9B%BD%E9%99%85_05-2-scaled.jpg\" alt=\"\" width=\"1200\" height=\"3692\"> <img loading=\"lazy\" decoding=\"async\" class=\"alignnone size-full wp-image-4815\" src=\"https:\/\/xinshengmanufacture.com\/wp-content\/uploads\/2025\/05\/%E6%B4%97%E5%A4%B4%E5%BA%8A1%E5%9B%BD%E9%99%85_06-1.jpg\" alt=\"\" width=\"1200\" height=\"2000\"> <img loading=\"lazy\" decoding=\"async\" class=\"alignnone size-full wp-image-4816\" src=\"https:\/\/xinshengmanufacture.com\/wp-content\/uploads\/2025\/05\/%E6%B4%97%E5%A4%B4%E5%BA%8A1%E5%9B%BD%E9%99%85_07-1.jpg\" alt=\"\" width=\"1200\" height=\"1809\"> <img loading=\"lazy\" decoding=\"async\" class=\"alignnone size-full wp-image-4817\" src=\"https:\/\/xinshengmanufacture.com\/wp-content\/uploads\/2025\/05\/%E6%B4%97%E5%A4%B4%E5%BA%8A1%E5%9B%BD%E9%99%85_08-1.jpg\" alt=\"\" width=\"1200\" height=\"2055\"><\/p>\n<div id=\"gtx-trans\" style=\"position: absolute; left: 690px; top: 35px;\">\n<div class=\"gtx-trans-icon\"><\/div>\n<\/div>\n","protected":false},"excerpt":{"rendered":"<p>A cama de xampu para massagem com circula\u00e7\u00e3o de \u00e1gua e fumiga\u00e7\u00e3o multifuncional pode ser usada em sal\u00f5es de cabeleireiro, centros de beleza, centros de massagem, centros de tratamento de cabe\u00e7a de spa, etc.<\/p>\n","protected":false},"featured_media":40888,"template":"","meta":{"_bst_post_transparent":"","_bst_post_title":"","_bst_post_layout":"","_bst_post_sidebar_id":"","_bst_post_content_style":"","_bst_post_vertical_padding":"","_bst_post_feature":"","_bst_post_feature_position":"","_bst_post_header":false,"_bst_post_footer":false},"product_brand":[1079],"product_cat":[887],"product_tag":[],"class_list":{"0":"post-40885","1":"product","2":"type-product","3":"status-publish","4":"has-post-thumbnail","6":"product_brand-xinsheng-pt-br","7":"product_cat-cama-de-massagem-eletrica","8":"pa_color-branco","9":"pa_color-cores-personalizadas","10":"pa_color-preto","11":"pa_size-190cm80cm86cm-pt-br","13":"first","14":"instock","15":"sale","16":"shipping-taxable","17":"purchasable","18":"product-type-variable","19":"entry","20":"content-bg","21":"loop-entry"},"_links":{"self":[{"href":"https:\/\/xinshengmanufacture.com\/pt-br\/wp-json\/wp\/v2\/product\/40885","targetHints":{"allow":["GET"]}}],"collection":[{"href":"https:\/\/xinshengmanufacture.com\/pt-br\/wp-json\/wp\/v2\/product"}],"about":[{"href":"https:\/\/xinshengmanufacture.com\/pt-br\/wp-json\/wp\/v2\/types\/product"}],"version-history":[{"count":6,"href":"https:\/\/xinshengmanufacture.com\/pt-br\/wp-json\/wp\/v2\/product\/40885\/revisions"}],"predecessor-version":[{"id":87528,"href":"https:\/\/xinshengmanufacture.com\/pt-br\/wp-json\/wp\/v2\/product\/40885\/revisions\/87528"}],"wp:featuredmedia":[{"embeddable":true,"href":"https:\/\/xinshengmanufacture.com\/pt-br\/wp-json\/wp\/v2\/media\/40888"}],"wp:attachment":[{"href":"https:\/\/xinshengmanufacture.com\/pt-br\/wp-json\/wp\/v2\/media?parent=40885"}],"wp:term":[{"taxonomy":"product_brand","embeddable":true,"href":"https:\/\/xinshengmanufacture.com\/pt-br\/wp-json\/wp\/v2\/product_brand?post=40885"},{"taxonomy":"product_cat","embeddable":true,"href":"https:\/\/xinshengmanufacture.com\/pt-br\/wp-json\/wp\/v2\/product_cat?post=40885"},{"taxonomy":"product_tag","embeddable":true,"href":"https:\/\/xinshengmanufacture.com\/pt-br\/wp-json\/wp\/v2\/product_tag?post=40885"}],"curies":[{"name":"wp","href":"https:\/\/api.w.org\/{rel}","templated":true}]}}