{"id":41373,"date":"2025-05-12T08:46:52","date_gmt":"2025-05-12T08:46:52","guid":{"rendered":"https:\/\/xinshengmanufacture.com\/product\/cama-de-xampu-de-massagem-eletrica-de-design-moderno-para-salao-de-cabeleireiro-mobilia-comercial-terapia-de-cabeca-equipamento-de-centro-de-spa-cama-de-xampu-de-salao-de-beleza-com-fumigacao-circulac\/"},"modified":"2025-08-26T07:59:31","modified_gmt":"2025-08-26T07:59:31","slug":"cama-de-xampu-de-massagem-eletrica-de-design-moderno-para-salao-de-cabeleireiro-mobilia-comercial-terapia-de-cabeca-equipamento-de-centro-de-spa-cama-de-xampu-de-salao-de-beleza-com-fumigacao-circulac","status":"publish","type":"product","link":"https:\/\/xinshengmanufacture.com\/pt-br\/product\/cama-de-xampu-de-massagem-eletrica-de-design-moderno-para-salao-de-cabeleireiro-mobilia-comercial-terapia-de-cabeca-equipamento-de-centro-de-spa-cama-de-xampu-de-salao-de-beleza-com-fumigacao-circulac\/","title":{"rendered":"Cama de xampu de massagem el\u00e9trica de design moderno para sal\u00e3o de cabeleireiro mob\u00edlia comercial terapia de cabe\u00e7a equipamento de centro de spa cama de xampu de sal\u00e3o de beleza com fumiga\u00e7\u00e3o circula\u00e7\u00e3o de \u00e1gua m\u00faltiplas fun\u00e7\u00f5es"},"content":{"rendered":"<div class=\"wp-playlist wp-video-playlist wp-playlist-light\">\n\t\t<video controls=\"controls\" preload=\"none\" width=\"1408\"\n\t\t height=\"792\"\t><\/video>\n\t<div class=\"wp-playlist-next\"><\/div>\n\t<div class=\"wp-playlist-prev\"><\/div>\n\t<noscript>\n\t<ol>\n\t\t<li><a href='https:\/\/xinshengmanufacture.com\/wp-content\/uploads\/2025\/05\/13.mp4'>13<\/a><\/li>\t<\/ol>\n\t<\/noscript>\n\t<script type=\"application\/json\" class=\"wp-playlist-script\">{\"type\":\"video\",\"tracklist\":false,\"tracknumbers\":true,\"images\":false,\"artists\":true,\"tracks\":[{\"src\":\"https:\/\/xinshengmanufacture.com\/wp-content\/uploads\/2025\/05\/13.mp4\",\"type\":\"video\/mp4\",\"title\":\"13\",\"caption\":\"\",\"description\":\"\",\"meta\":{\"length_formatted\":\"0:29\"},\"dimensions\":{\"original\":{\"width\":1920,\"height\":1080},\"resized\":{\"width\":1408,\"height\":792}},\"image\":{\"src\":\"https:\/\/xinshengmanufacture.com\/wp-includes\/images\/media\/video.svg\",\"width\":48,\"height\":64},\"thumb\":{\"src\":\"https:\/\/xinshengmanufacture.com\/wp-includes\/images\/media\/video.svg\",\"width\":48,\"height\":64}}]}<\/script>\n<\/div>\n\t\n<p style=\"text-align: center;\"><img fetchpriority=\"high\" decoding=\"async\" class=\"size-full wp-image-4697 aligncenter\" src=\"https:\/\/xinshengmanufacture.com\/wp-content\/uploads\/2025\/05\/%E8%B6%85%E5%B7%A5%E5%AE%9A%E5%88%B6%E8%8B%B1%E6%96%87_011-1.jpg\" alt=\"\" width=\"1200\" height=\"1857\"><img decoding=\"async\" class=\"size-full wp-image-4698 aligncenter\" src=\"https:\/\/xinshengmanufacture.com\/wp-content\/uploads\/2025\/05\/%E8%B6%85%E5%B7%A5%E5%AE%9A%E5%88%B6%E8%8B%B1%E6%96%87_021-1.jpg\" alt=\"\" width=\"1200\" height=\"1054\"><img decoding=\"async\" class=\"size-full wp-image-4699 aligncenter\" src=\"https:\/\/xinshengmanufacture.com\/wp-content\/uploads\/2025\/05\/%E8%B6%85%E5%B7%A5%E5%AE%9A%E5%88%B6%E8%8B%B1%E6%96%87_031-1.jpg\" alt=\"\" width=\"1200\" height=\"1563\"><img loading=\"lazy\" decoding=\"async\" class=\"size-full wp-image-4700 aligncenter\" src=\"https:\/\/xinshengmanufacture.com\/wp-content\/uploads\/2025\/05\/%E8%B6%85%E5%B7%A5%E5%AE%9A%E5%88%B6%E8%8B%B1%E6%96%87_041-1.jpg\" alt=\"\" width=\"1200\" height=\"1755\"><img loading=\"lazy\" decoding=\"async\" class=\"alignnone size-full wp-image-4701 aligncenter\" src=\"https:\/\/xinshengmanufacture.com\/wp-content\/uploads\/2025\/05\/%E8%B6%85%E5%B7%A5%E5%AE%9A%E5%88%B6%E8%8B%B1%E6%96%87_051-1.jpg\" alt=\"\" width=\"1200\" height=\"2257\"><img loading=\"lazy\" decoding=\"async\" class=\"alignnone size-full wp-image-4766\" src=\"https:\/\/xinshengmanufacture.com\/wp-content\/uploads\/2025\/05\/1%E5%A4%96_01.jpg\" alt=\"\" width=\"1200\" height=\"1822\"> <img loading=\"lazy\" decoding=\"async\" class=\"alignnone size-full wp-image-4767\" src=\"https:\/\/xinshengmanufacture.com\/wp-content\/uploads\/2025\/05\/1%E5%A4%96_02.jpg\" alt=\"\" width=\"1200\" height=\"1818\"> <img loading=\"lazy\" decoding=\"async\" class=\"alignnone size-full wp-image-4768\" src=\"https:\/\/xinshengmanufacture.com\/wp-content\/uploads\/2025\/05\/1%E5%A4%96_03.jpg\" alt=\"\" width=\"1200\" height=\"1888\"> <img loading=\"lazy\" decoding=\"async\" class=\"alignnone size-full wp-image-4769\" src=\"https:\/\/xinshengmanufacture.com\/wp-content\/uploads\/2025\/05\/1%E5%A4%96_04.jpg\" alt=\"\" width=\"1200\" height=\"2228\"> <img loading=\"lazy\" decoding=\"async\" class=\"alignnone size-full wp-image-4770\" src=\"https:\/\/xinshengmanufacture.com\/wp-content\/uploads\/2025\/05\/1%E5%A4%96_05.jpg\" alt=\"\" width=\"1200\" height=\"1992\"> <img loading=\"lazy\" decoding=\"async\" class=\"alignnone size-full wp-image-4771\" src=\"https:\/\/xinshengmanufacture.com\/wp-content\/uploads\/2025\/05\/1%E5%A4%96_06.jpg\" alt=\"\" width=\"1200\" height=\"1250\"> <img loading=\"lazy\" decoding=\"async\" class=\"alignnone size-full wp-image-4772\" src=\"https:\/\/xinshengmanufacture.com\/wp-content\/uploads\/2025\/05\/1%E5%A4%96_07.jpg\" alt=\"\" width=\"1200\" height=\"811\"> <img loading=\"lazy\" decoding=\"async\" class=\"alignnone size-full wp-image-4773\" src=\"https:\/\/xinshengmanufacture.com\/wp-content\/uploads\/2025\/05\/1%E5%A4%96_08.jpg\" alt=\"\" width=\"1200\" height=\"849\"> <img loading=\"lazy\" decoding=\"async\" class=\"alignnone size-full wp-image-4774\" src=\"https:\/\/xinshengmanufacture.com\/wp-content\/uploads\/2025\/05\/1%E5%A4%96_09.jpg\" alt=\"\" width=\"1200\" height=\"2064\"> <img loading=\"lazy\" decoding=\"async\" class=\"alignnone size-full wp-image-4775\" src=\"https:\/\/xinshengmanufacture.com\/wp-content\/uploads\/2025\/05\/1%E5%A4%96_10.jpg\" alt=\"\" width=\"1200\" height=\"1856\"> <img loading=\"lazy\" decoding=\"async\" class=\"alignnone size-full wp-image-4776\" src=\"https:\/\/xinshengmanufacture.com\/wp-content\/uploads\/2025\/05\/1%E5%A4%96_11.jpg\" alt=\"\" width=\"1200\" height=\"1035\"> <img loading=\"lazy\" decoding=\"async\" class=\"alignnone size-full wp-image-4777\" src=\"https:\/\/xinshengmanufacture.com\/wp-content\/uploads\/2025\/05\/1%E5%A4%96_12.jpg\" alt=\"\" width=\"1200\" height=\"1406\"> <img loading=\"lazy\" decoding=\"async\" class=\"alignnone size-full wp-image-4778\" src=\"https:\/\/xinshengmanufacture.com\/wp-content\/uploads\/2025\/05\/1%E5%A4%96_13.jpg\" alt=\"\" width=\"1200\" height=\"1230\"> <img loading=\"lazy\" decoding=\"async\" class=\"alignnone size-full wp-image-4779\" src=\"https:\/\/xinshengmanufacture.com\/wp-content\/uploads\/2025\/05\/1%E5%A4%96_14.jpg\" alt=\"\" width=\"1200\" height=\"1230\"> <img loading=\"lazy\" decoding=\"async\" class=\"alignnone size-full wp-image-4780\" src=\"https:\/\/xinshengmanufacture.com\/wp-content\/uploads\/2025\/05\/1%E5%A4%96_15.jpg\" alt=\"\" width=\"1200\" height=\"1230\"> <img loading=\"lazy\" decoding=\"async\" class=\"alignnone size-full wp-image-4781\" src=\"https:\/\/xinshengmanufacture.com\/wp-content\/uploads\/2025\/05\/1%E5%A4%96_16.jpg\" alt=\"\" width=\"1200\" height=\"1230\"> <img loading=\"lazy\" decoding=\"async\" class=\"alignnone size-full wp-image-4782\" src=\"https:\/\/xinshengmanufacture.com\/wp-content\/uploads\/2025\/05\/1%E5%A4%96_17.jpg\" alt=\"\" width=\"1200\" height=\"1241\"> <img loading=\"lazy\" decoding=\"async\" class=\"alignnone size-full wp-image-4783\" src=\"https:\/\/xinshengmanufacture.com\/wp-content\/uploads\/2025\/05\/1%E5%A4%96_18.jpg\" alt=\"\" width=\"1200\" height=\"1231\"><\/p>\n<div id=\"gtx-trans\" style=\"position: absolute; left: 678px; top: 35px;\">\n<div class=\"gtx-trans-icon\"><\/div>\n<\/div>\n","protected":false},"excerpt":{"rendered":"<p>A cama de xampu de massagem el\u00e9trica com design moderno pode ser usada em sal\u00f5es de cabeleireiro, centros de beleza, centros de spa, etc.<\/p>\n","protected":false},"featured_media":41381,"template":"","meta":{"_bst_post_transparent":"","_bst_post_title":"","_bst_post_layout":"","_bst_post_sidebar_id":"","_bst_post_content_style":"","_bst_post_vertical_padding":"","_bst_post_feature":"","_bst_post_feature_position":"","_bst_post_header":false,"_bst_post_footer":false},"product_brand":[1079],"product_cat":[887],"product_tag":[],"class_list":{"0":"post-41373","1":"product","2":"type-product","3":"status-publish","4":"has-post-thumbnail","6":"product_brand-xinsheng-pt-br","7":"product_cat-cama-de-massagem-eletrica","8":"pa_color-branco","9":"pa_color-cores-personalizadas","10":"pa_size-180cm80cm80cm-pt-br","12":"first","13":"instock","14":"sale","15":"shipping-taxable","16":"purchasable","17":"product-type-variable","18":"entry","19":"content-bg","20":"loop-entry"},"_links":{"self":[{"href":"https:\/\/xinshengmanufacture.com\/pt-br\/wp-json\/wp\/v2\/product\/41373","targetHints":{"allow":["GET"]}}],"collection":[{"href":"https:\/\/xinshengmanufacture.com\/pt-br\/wp-json\/wp\/v2\/product"}],"about":[{"href":"https:\/\/xinshengmanufacture.com\/pt-br\/wp-json\/wp\/v2\/types\/product"}],"version-history":[{"count":2,"href":"https:\/\/xinshengmanufacture.com\/pt-br\/wp-json\/wp\/v2\/product\/41373\/revisions"}],"predecessor-version":[{"id":74766,"href":"https:\/\/xinshengmanufacture.com\/pt-br\/wp-json\/wp\/v2\/product\/41373\/revisions\/74766"}],"wp:featuredmedia":[{"embeddable":true,"href":"https:\/\/xinshengmanufacture.com\/pt-br\/wp-json\/wp\/v2\/media\/41381"}],"wp:attachment":[{"href":"https:\/\/xinshengmanufacture.com\/pt-br\/wp-json\/wp\/v2\/media?parent=41373"}],"wp:term":[{"taxonomy":"product_brand","embeddable":true,"href":"https:\/\/xinshengmanufacture.com\/pt-br\/wp-json\/wp\/v2\/product_brand?post=41373"},{"taxonomy":"product_cat","embeddable":true,"href":"https:\/\/xinshengmanufacture.com\/pt-br\/wp-json\/wp\/v2\/product_cat?post=41373"},{"taxonomy":"product_tag","embeddable":true,"href":"https:\/\/xinshengmanufacture.com\/pt-br\/wp-json\/wp\/v2\/product_tag?post=41373"}],"curies":[{"name":"wp","href":"https:\/\/api.w.org\/{rel}","templated":true}]}}