{"id":45726,"date":"2025-05-23T07:44:37","date_gmt":"2025-05-23T07:44:37","guid":{"rendered":"https:\/\/xinshengmanufacture.com\/product\/equipamento-de-mobiliario-de-cabeleireiro-para-salao-de-beleza-lavatorio-de-xampu-movel-com-funcao-de-fumigacao-e-circulacao-de-agua-lavatorio-de-xampu-para-centro-de-beleza-lavatorio-de-xampu-portati\/"},"modified":"2025-08-26T08:02:09","modified_gmt":"2025-08-26T08:02:09","slug":"equipamento-de-mobiliario-de-cabeleireiro-para-salao-de-beleza-lavatorio-de-xampu-movel-com-funcao-de-fumigacao-e-circulacao-de-agua-lavatorio-de-xampu-para-centro-de-beleza-lavatorio-de-xampu-portati","status":"publish","type":"product","link":"https:\/\/xinshengmanufacture.com\/pt-br\/product\/equipamento-de-mobiliario-de-cabeleireiro-para-salao-de-beleza-lavatorio-de-xampu-movel-com-funcao-de-fumigacao-e-circulacao-de-agua-lavatorio-de-xampu-para-centro-de-beleza-lavatorio-de-xampu-portati\/","title":{"rendered":"Equipamento de mobili\u00e1rio de cabeleireiro para sal\u00e3o de beleza Lavat\u00f3rio de xampu m\u00f3vel com fun\u00e7\u00e3o de fumiga\u00e7\u00e3o e circula\u00e7\u00e3o de \u00e1gua Lavat\u00f3rio de xampu para centro de beleza Lavat\u00f3rio de xampu port\u00e1til para centro de spa"},"content":{"rendered":"<div class=\"wp-playlist wp-video-playlist wp-playlist-light\">\n\t\t<video controls=\"controls\" preload=\"none\" width=\"1408\"\n\t\t height=\"2503\"\t><\/video>\n\t<div class=\"wp-playlist-next\"><\/div>\n\t<div class=\"wp-playlist-prev\"><\/div>\n\t<noscript>\n\t<ol>\n\t\t<li><a href='https:\/\/xinshengmanufacture.com\/wp-content\/uploads\/2025\/05\/\u53d132.mp4'>\u53d132<\/a><\/li>\t<\/ol>\n\t<\/noscript>\n\t<script type=\"application\/json\" class=\"wp-playlist-script\">{\"type\":\"video\",\"tracklist\":false,\"tracknumbers\":true,\"images\":true,\"artists\":true,\"tracks\":[{\"src\":\"https:\/\/xinshengmanufacture.com\/wp-content\/uploads\/2025\/05\/\\u53d132.mp4\",\"type\":\"video\/mp4\",\"title\":\"\\u53d132\",\"caption\":\"\",\"description\":\"\",\"meta\":{\"length_formatted\":\"0:45\"},\"dimensions\":{\"original\":{\"width\":1080,\"height\":1920},\"resized\":{\"width\":1408,\"height\":2503}},\"image\":{\"src\":\"https:\/\/xinshengmanufacture.com\/wp-includes\/images\/media\/video.svg\",\"width\":48,\"height\":64},\"thumb\":{\"src\":\"https:\/\/xinshengmanufacture.com\/wp-includes\/images\/media\/video.svg\",\"width\":48,\"height\":64}}]}<\/script>\n<\/div>\n\t\n<p style=\"text-align: center;\"><img fetchpriority=\"high\" decoding=\"async\" class=\"aligncenter wp-image-5189\" src=\"https:\/\/xinshengmanufacture.com\/wp-content\/uploads\/2025\/05\/%E8%B6%85%E5%B7%A5%E5%AE%9A%E5%88%B6%E8%8B%B1%E6%96%87_011-3.jpg\" alt=\"\" width=\"790\" height=\"1223\"><img decoding=\"async\" class=\"aligncenter wp-image-5190\" src=\"https:\/\/xinshengmanufacture.com\/wp-content\/uploads\/2025\/05\/%E8%B6%85%E5%B7%A5%E5%AE%9A%E5%88%B6%E8%8B%B1%E6%96%87_021-3.jpg\" alt=\"\" width=\"790\" height=\"694\"><img decoding=\"async\" class=\"aligncenter wp-image-5191\" src=\"https:\/\/xinshengmanufacture.com\/wp-content\/uploads\/2025\/05\/%E8%B6%85%E5%B7%A5%E5%AE%9A%E5%88%B6%E8%8B%B1%E6%96%87_031-3.jpg\" alt=\"\" width=\"790\" height=\"1029\"><img loading=\"lazy\" decoding=\"async\" class=\"aligncenter wp-image-5192\" src=\"https:\/\/xinshengmanufacture.com\/wp-content\/uploads\/2025\/05\/%E8%B6%85%E5%B7%A5%E5%AE%9A%E5%88%B6%E8%8B%B1%E6%96%87_041-3.jpg\" alt=\"\" width=\"790\" height=\"1155\"><img loading=\"lazy\" decoding=\"async\" class=\"aligncenter wp-image-5193\" src=\"https:\/\/xinshengmanufacture.com\/wp-content\/uploads\/2025\/05\/%E8%B6%85%E5%B7%A5%E5%AE%9A%E5%88%B6%E8%8B%B1%E6%96%87_051-3.jpg\" alt=\"\" width=\"790\" height=\"1486\"><img loading=\"lazy\" decoding=\"async\" class=\"alignnone size-full wp-image-5314\" src=\"https:\/\/xinshengmanufacture.com\/wp-content\/uploads\/2025\/05\/gw2-%E6%81%A2%E5%A4%8D%E7%9A%84_01.jpg\" alt=\"\" width=\"790\" height=\"1284\"> <img loading=\"lazy\" decoding=\"async\" class=\"alignnone size-full wp-image-5315\" src=\"https:\/\/xinshengmanufacture.com\/wp-content\/uploads\/2025\/05\/gw2-%E6%81%A2%E5%A4%8D%E7%9A%84_02.jpg\" alt=\"\" width=\"790\" height=\"1035\"> <img loading=\"lazy\" decoding=\"async\" class=\"alignnone size-full wp-image-5316\" src=\"https:\/\/xinshengmanufacture.com\/wp-content\/uploads\/2025\/05\/gw2-%E6%81%A2%E5%A4%8D%E7%9A%84_03.jpg\" alt=\"\" width=\"790\" height=\"1077\"> <img loading=\"lazy\" decoding=\"async\" class=\"alignnone size-full wp-image-5317\" src=\"https:\/\/xinshengmanufacture.com\/wp-content\/uploads\/2025\/05\/gw2-%E6%81%A2%E5%A4%8D%E7%9A%84_04.jpg\" alt=\"\" width=\"790\" height=\"1513\"> <img loading=\"lazy\" decoding=\"async\" class=\"alignnone size-full wp-image-5318\" src=\"https:\/\/xinshengmanufacture.com\/wp-content\/uploads\/2025\/05\/gw2-%E6%81%A2%E5%A4%8D%E7%9A%84_05.jpg\" alt=\"\" width=\"790\" height=\"1259\"> <img loading=\"lazy\" decoding=\"async\" class=\"alignnone size-full wp-image-5319\" src=\"https:\/\/xinshengmanufacture.com\/wp-content\/uploads\/2025\/05\/gw2-%E6%81%A2%E5%A4%8D%E7%9A%84_06.jpg\" alt=\"\" width=\"790\" height=\"1076\"> <img loading=\"lazy\" decoding=\"async\" class=\"alignnone size-full wp-image-5320\" src=\"https:\/\/xinshengmanufacture.com\/wp-content\/uploads\/2025\/05\/gw2-%E6%81%A2%E5%A4%8D%E7%9A%84_07.jpg\" alt=\"\" width=\"790\" height=\"1141\"> <img loading=\"lazy\" decoding=\"async\" class=\"alignnone size-full wp-image-5321\" src=\"https:\/\/xinshengmanufacture.com\/wp-content\/uploads\/2025\/05\/gw2-%E6%81%A2%E5%A4%8D%E7%9A%84_08.jpg\" alt=\"\" width=\"790\" height=\"1756\"> <img loading=\"lazy\" decoding=\"async\" class=\"alignnone size-full wp-image-5322\" src=\"https:\/\/xinshengmanufacture.com\/wp-content\/uploads\/2025\/05\/gw2-%E6%81%A2%E5%A4%8D%E7%9A%84_09.jpg\" alt=\"\" width=\"790\" height=\"1585\"><\/p>\n<div id=\"gtx-trans\" style=\"position: absolute; left: 716px; top: 35px;\">\n<div class=\"gtx-trans-icon\"><\/div>\n<\/div>\n","protected":false},"excerpt":{"rendered":"<p>O lavat\u00f3rio port\u00e1til m\u00f3vel para xampu pode ser usado em sal\u00f5es de beleza, centros de est\u00e9tica, spas, etc. Ele pode ser usado com nossas camas de massagem e camas de beleza. <\/p>\n","protected":false},"featured_media":45728,"template":"","meta":{"_bst_post_transparent":"","_bst_post_title":"","_bst_post_layout":"","_bst_post_sidebar_id":"","_bst_post_content_style":"","_bst_post_vertical_padding":"","_bst_post_feature":"","_bst_post_feature_position":"","_bst_post_header":false,"_bst_post_footer":false},"product_brand":[1079],"product_cat":[917],"product_tag":[],"class_list":{"0":"post-45726","1":"product","2":"type-product","3":"status-publish","4":"has-post-thumbnail","6":"product_brand-xinsheng-pt-br","7":"product_cat-lavatorio-de-xampu-portatil","8":"pa_color-cores-personalizadas","9":"pa_color-preto","10":"pa_size-65cm54cm67cm-pt-br","12":"first","13":"instock","14":"sale","15":"shipping-taxable","16":"purchasable","17":"product-type-variable","18":"entry","19":"content-bg","20":"loop-entry"},"_links":{"self":[{"href":"https:\/\/xinshengmanufacture.com\/pt-br\/wp-json\/wp\/v2\/product\/45726","targetHints":{"allow":["GET"]}}],"collection":[{"href":"https:\/\/xinshengmanufacture.com\/pt-br\/wp-json\/wp\/v2\/product"}],"about":[{"href":"https:\/\/xinshengmanufacture.com\/pt-br\/wp-json\/wp\/v2\/types\/product"}],"version-history":[{"count":2,"href":"https:\/\/xinshengmanufacture.com\/pt-br\/wp-json\/wp\/v2\/product\/45726\/revisions"}],"predecessor-version":[{"id":73814,"href":"https:\/\/xinshengmanufacture.com\/pt-br\/wp-json\/wp\/v2\/product\/45726\/revisions\/73814"}],"wp:featuredmedia":[{"embeddable":true,"href":"https:\/\/xinshengmanufacture.com\/pt-br\/wp-json\/wp\/v2\/media\/45728"}],"wp:attachment":[{"href":"https:\/\/xinshengmanufacture.com\/pt-br\/wp-json\/wp\/v2\/media?parent=45726"}],"wp:term":[{"taxonomy":"product_brand","embeddable":true,"href":"https:\/\/xinshengmanufacture.com\/pt-br\/wp-json\/wp\/v2\/product_brand?post=45726"},{"taxonomy":"product_cat","embeddable":true,"href":"https:\/\/xinshengmanufacture.com\/pt-br\/wp-json\/wp\/v2\/product_cat?post=45726"},{"taxonomy":"product_tag","embeddable":true,"href":"https:\/\/xinshengmanufacture.com\/pt-br\/wp-json\/wp\/v2\/product_tag?post=45726"}],"curies":[{"name":"wp","href":"https:\/\/api.w.org\/{rel}","templated":true}]}}