{"id":46241,"date":"2025-05-23T06:53:47","date_gmt":"2025-05-23T06:53:47","guid":{"rendered":"https:\/\/xinshengmanufacture.com\/product\/cadeira-eletrica-premium-para-salao-de-beleza-moveis-para-salao-de-beleza-cadeira-multifuncional-ajustavel-para-salao-de-beleza-cadeira-eletrica-para-centro-de-spa\/"},"modified":"2025-08-26T08:01:58","modified_gmt":"2025-08-26T08:01:58","slug":"cadeira-eletrica-premium-para-salao-de-beleza-moveis-para-salao-de-beleza-cadeira-multifuncional-ajustavel-para-salao-de-beleza-cadeira-eletrica-para-centro-de-spa","status":"publish","type":"product","link":"https:\/\/xinshengmanufacture.com\/pt-br\/product\/cadeira-eletrica-premium-para-salao-de-beleza-moveis-para-salao-de-beleza-cadeira-multifuncional-ajustavel-para-salao-de-beleza-cadeira-eletrica-para-centro-de-spa\/","title":{"rendered":"Cadeira el\u00e9trica premium para sal\u00e3o de beleza M\u00f3veis para sal\u00e3o de beleza Cadeira multifuncional ajust\u00e1vel para sal\u00e3o de beleza Cadeira el\u00e9trica para centro de spa"},"content":{"rendered":"<div class=\"wp-playlist wp-video-playlist wp-playlist-light\">\n\t\t<video controls=\"controls\" preload=\"none\" width=\"1408\"\n\t\t height=\"2503\"\t><\/video>\n\t<div class=\"wp-playlist-next\"><\/div>\n\t<div class=\"wp-playlist-prev\"><\/div>\n\t<noscript>\n\t<ol>\n\t\t<li><a href='https:\/\/xinshengmanufacture.com\/wp-content\/uploads\/2025\/05\/7-1.mp4'>7<\/a><\/li>\t<\/ol>\n\t<\/noscript>\n\t<script type=\"application\/json\" class=\"wp-playlist-script\">{\"type\":\"video\",\"tracklist\":false,\"tracknumbers\":true,\"images\":true,\"artists\":true,\"tracks\":[{\"src\":\"https:\/\/xinshengmanufacture.com\/wp-content\/uploads\/2025\/05\/7-1.mp4\",\"type\":\"video\/mp4\",\"title\":\"7\",\"caption\":\"\",\"description\":\"\",\"meta\":{\"length_formatted\":\"0:45\"},\"dimensions\":{\"original\":{\"width\":1080,\"height\":1920},\"resized\":{\"width\":1408,\"height\":2503}},\"image\":{\"src\":\"https:\/\/xinshengmanufacture.com\/wp-includes\/images\/media\/video.svg\",\"width\":48,\"height\":64},\"thumb\":{\"src\":\"https:\/\/xinshengmanufacture.com\/wp-includes\/images\/media\/video.svg\",\"width\":48,\"height\":64}}]}<\/script>\n<\/div>\n\t\n<p style=\"text-align: center;\"><img fetchpriority=\"high\" decoding=\"async\" class=\"aligncenter wp-image-5189\" src=\"https:\/\/xinshengmanufacture.com\/wp-content\/uploads\/2025\/05\/%E8%B6%85%E5%B7%A5%E5%AE%9A%E5%88%B6%E8%8B%B1%E6%96%87_011-3.jpg\" alt=\"\" width=\"790\" height=\"1223\"><img decoding=\"async\" class=\"aligncenter wp-image-5190\" src=\"https:\/\/xinshengmanufacture.com\/wp-content\/uploads\/2025\/05\/%E8%B6%85%E5%B7%A5%E5%AE%9A%E5%88%B6%E8%8B%B1%E6%96%87_021-3.jpg\" alt=\"\" width=\"790\" height=\"694\"><img decoding=\"async\" class=\"aligncenter wp-image-5191\" src=\"https:\/\/xinshengmanufacture.com\/wp-content\/uploads\/2025\/05\/%E8%B6%85%E5%B7%A5%E5%AE%9A%E5%88%B6%E8%8B%B1%E6%96%87_031-3.jpg\" alt=\"\" width=\"790\" height=\"1029\"><img loading=\"lazy\" decoding=\"async\" class=\"aligncenter wp-image-5192\" src=\"https:\/\/xinshengmanufacture.com\/wp-content\/uploads\/2025\/05\/%E8%B6%85%E5%B7%A5%E5%AE%9A%E5%88%B6%E8%8B%B1%E6%96%87_041-3.jpg\" alt=\"\" width=\"790\" height=\"1155\"><img loading=\"lazy\" decoding=\"async\" class=\"aligncenter wp-image-5193\" src=\"https:\/\/xinshengmanufacture.com\/wp-content\/uploads\/2025\/05\/%E8%B6%85%E5%B7%A5%E5%AE%9A%E5%88%B6%E8%8B%B1%E6%96%87_051-3.jpg\" alt=\"\" width=\"790\" height=\"1486\"><img loading=\"lazy\" decoding=\"async\" class=\"alignnone size-full wp-image-5272\" src=\"https:\/\/xinshengmanufacture.com\/wp-content\/uploads\/2025\/05\/%E7%90%86%E5%8F%91%E6%A4%85%E5%9B%BD%E9%99%85-%E6%8B%B7%E8%B4%9D_01.jpg\" alt=\"\" width=\"790\" height=\"1293\"> <img loading=\"lazy\" decoding=\"async\" class=\"alignnone size-full wp-image-5273\" src=\"https:\/\/xinshengmanufacture.com\/wp-content\/uploads\/2025\/05\/%E7%90%86%E5%8F%91%E6%A4%85%E5%9B%BD%E9%99%85-%E6%8B%B7%E8%B4%9D_02.jpg\" alt=\"\" width=\"790\" height=\"1420\"> <img loading=\"lazy\" decoding=\"async\" class=\"alignnone size-full wp-image-5274\" src=\"https:\/\/xinshengmanufacture.com\/wp-content\/uploads\/2025\/05\/%E7%90%86%E5%8F%91%E6%A4%85%E5%9B%BD%E9%99%85-%E6%8B%B7%E8%B4%9D_03.jpg\" alt=\"\" width=\"790\" height=\"1582\"> <img loading=\"lazy\" decoding=\"async\" class=\"alignnone size-full wp-image-5275\" src=\"https:\/\/xinshengmanufacture.com\/wp-content\/uploads\/2025\/05\/%E7%90%86%E5%8F%91%E6%A4%85%E5%9B%BD%E9%99%85-%E6%8B%B7%E8%B4%9D_04.jpg\" alt=\"\" width=\"790\" height=\"1681\"> <img loading=\"lazy\" decoding=\"async\" class=\"alignnone size-full wp-image-5276\" src=\"https:\/\/xinshengmanufacture.com\/wp-content\/uploads\/2025\/05\/%E7%90%86%E5%8F%91%E6%A4%85%E5%9B%BD%E9%99%85-%E6%8B%B7%E8%B4%9D_05.jpg\" alt=\"\" width=\"790\" height=\"1609\"> <img loading=\"lazy\" decoding=\"async\" class=\"alignnone wp-image-5277\" src=\"https:\/\/xinshengmanufacture.com\/wp-content\/uploads\/2025\/05\/%E7%90%86%E5%8F%91%E6%A4%85%E5%9B%BD%E9%99%85-%E6%8B%B7%E8%B4%9D_06-scaled.jpg\" alt=\"\" width=\"790\" height=\"2733\"> <img loading=\"lazy\" decoding=\"async\" class=\"alignnone size-full wp-image-5278\" src=\"https:\/\/xinshengmanufacture.com\/wp-content\/uploads\/2025\/05\/%E7%90%86%E5%8F%91%E6%A4%85%E5%9B%BD%E9%99%85-%E6%8B%B7%E8%B4%9D_07.jpg\" alt=\"\" width=\"790\" height=\"1680\"> <img loading=\"lazy\" decoding=\"async\" class=\"alignnone size-full wp-image-5279\" src=\"https:\/\/xinshengmanufacture.com\/wp-content\/uploads\/2025\/05\/%E7%90%86%E5%8F%91%E6%A4%85%E5%9B%BD%E9%99%85-%E6%8B%B7%E8%B4%9D_08.jpg\" alt=\"\" width=\"790\" height=\"1001\"> <img loading=\"lazy\" decoding=\"async\" class=\"alignnone size-full wp-image-5280\" src=\"https:\/\/xinshengmanufacture.com\/wp-content\/uploads\/2025\/05\/%E7%90%86%E5%8F%91%E6%A4%85%E5%9B%BD%E9%99%85-%E6%8B%B7%E8%B4%9D_09.jpg\" alt=\"\" width=\"790\" height=\"2075\"> <img loading=\"lazy\" decoding=\"async\" class=\"alignnone size-full wp-image-5281\" src=\"https:\/\/xinshengmanufacture.com\/wp-content\/uploads\/2025\/05\/%E7%90%86%E5%8F%91%E6%A4%85%E5%9B%BD%E9%99%85-%E6%8B%B7%E8%B4%9D_10.jpg\" alt=\"\" width=\"790\" height=\"1766\"><\/p>\n","protected":false},"excerpt":{"rendered":"<p>A cadeira de cabeleireiro el\u00e9trica de alta qualidade pode ser usada em sal\u00f5es de cabeleireiro, centros de beleza, centros de spa, etc.<\/p>\n","protected":false},"featured_media":46244,"template":"","meta":{"_bst_post_transparent":"","_bst_post_title":"","_bst_post_layout":"","_bst_post_sidebar_id":"","_bst_post_content_style":"","_bst_post_vertical_padding":"","_bst_post_feature":"","_bst_post_feature_position":"","_bst_post_header":false,"_bst_post_footer":false},"product_brand":[1079],"product_cat":[863],"product_tag":[],"class_list":{"0":"post-46241","1":"product","2":"type-product","3":"status-publish","4":"has-post-thumbnail","6":"product_brand-xinsheng-pt-br","7":"product_cat-cadeira-de-cabeleireiro","8":"pa_color-cinza","9":"pa_color-cores-personalizadas","10":"pa_size-13572116cm-pt-br","12":"first","13":"instock","14":"sale","15":"shipping-taxable","16":"purchasable","17":"product-type-variable","18":"entry","19":"content-bg","20":"loop-entry"},"_links":{"self":[{"href":"https:\/\/xinshengmanufacture.com\/pt-br\/wp-json\/wp\/v2\/product\/46241","targetHints":{"allow":["GET"]}}],"collection":[{"href":"https:\/\/xinshengmanufacture.com\/pt-br\/wp-json\/wp\/v2\/product"}],"about":[{"href":"https:\/\/xinshengmanufacture.com\/pt-br\/wp-json\/wp\/v2\/types\/product"}],"version-history":[{"count":1,"href":"https:\/\/xinshengmanufacture.com\/pt-br\/wp-json\/wp\/v2\/product\/46241\/revisions"}],"predecessor-version":[{"id":46281,"href":"https:\/\/xinshengmanufacture.com\/pt-br\/wp-json\/wp\/v2\/product\/46241\/revisions\/46281"}],"wp:featuredmedia":[{"embeddable":true,"href":"https:\/\/xinshengmanufacture.com\/pt-br\/wp-json\/wp\/v2\/media\/46244"}],"wp:attachment":[{"href":"https:\/\/xinshengmanufacture.com\/pt-br\/wp-json\/wp\/v2\/media?parent=46241"}],"wp:term":[{"taxonomy":"product_brand","embeddable":true,"href":"https:\/\/xinshengmanufacture.com\/pt-br\/wp-json\/wp\/v2\/product_brand?post=46241"},{"taxonomy":"product_cat","embeddable":true,"href":"https:\/\/xinshengmanufacture.com\/pt-br\/wp-json\/wp\/v2\/product_cat?post=46241"},{"taxonomy":"product_tag","embeddable":true,"href":"https:\/\/xinshengmanufacture.com\/pt-br\/wp-json\/wp\/v2\/product_tag?post=46241"}],"curies":[{"name":"wp","href":"https:\/\/api.w.org\/{rel}","templated":true}]}}