{"id":46622,"date":"2025-05-20T08:20:10","date_gmt":"2025-05-20T08:20:10","guid":{"rendered":"https:\/\/xinshengmanufacture.com\/product\/aparencia-elegante-e-moderna-cama-de-xampu-para-massagem-eletrica-inteligente-mobiliario-para-cabelo-de-salao-de-beleza-cama-de-massagem-para-centro-de-spa-cama-de-spa-equipamento-para-salao-de-beleza\/"},"modified":"2025-08-26T08:01:53","modified_gmt":"2025-08-26T08:01:53","slug":"aparencia-elegante-e-moderna-cama-de-xampu-para-massagem-eletrica-inteligente-mobiliario-para-cabelo-de-salao-de-beleza-cama-de-massagem-para-centro-de-spa-cama-de-spa-equipamento-para-salao-de-beleza","status":"publish","type":"product","link":"https:\/\/xinshengmanufacture.com\/pt-br\/product\/aparencia-elegante-e-moderna-cama-de-xampu-para-massagem-eletrica-inteligente-mobiliario-para-cabelo-de-salao-de-beleza-cama-de-massagem-para-centro-de-spa-cama-de-spa-equipamento-para-salao-de-beleza\/","title":{"rendered":"Apar\u00eancia elegante e moderna Cama de xampu para massagem el\u00e9trica inteligente Mobili\u00e1rio para cabelo de sal\u00e3o de beleza Cama de massagem para centro de spa Cama de spa Equipamento para sal\u00e3o de beleza com luz ambiente, circula\u00e7\u00e3o de \u00e1gua e fun\u00e7\u00e3o de fumiga\u00e7\u00e3o"},"content":{"rendered":"<div class=\"wp-playlist wp-video-playlist wp-playlist-light\">\n\t\t<video controls=\"controls\" preload=\"none\" width=\"1408\"\n\t\t height=\"2503\"\t><\/video>\n\t<div class=\"wp-playlist-next\"><\/div>\n\t<div class=\"wp-playlist-prev\"><\/div>\n\t<noscript>\n\t<ol>\n\t\t<li><a href='https:\/\/xinshengmanufacture.com\/wp-content\/uploads\/2025\/05\/\u53d130\uff081\uff09.mp4'>\u53d130\uff081\uff09<\/a><\/li>\t<\/ol>\n\t<\/noscript>\n\t<script type=\"application\/json\" class=\"wp-playlist-script\">{\"type\":\"video\",\"tracklist\":false,\"tracknumbers\":true,\"images\":true,\"artists\":true,\"tracks\":[{\"src\":\"https:\/\/xinshengmanufacture.com\/wp-content\/uploads\/2025\/05\/\\u53d130\\uff081\\uff09.mp4\",\"type\":\"video\/mp4\",\"title\":\"\\u53d130\\uff081\\uff09\",\"caption\":\"\",\"description\":\"\",\"meta\":{\"length_formatted\":\"0:45\"},\"dimensions\":{\"original\":{\"width\":1080,\"height\":1920},\"resized\":{\"width\":1408,\"height\":2503}},\"image\":{\"src\":\"https:\/\/xinshengmanufacture.com\/wp-includes\/images\/media\/video.svg\",\"width\":48,\"height\":64},\"thumb\":{\"src\":\"https:\/\/xinshengmanufacture.com\/wp-includes\/images\/media\/video.svg\",\"width\":48,\"height\":64}}]}<\/script>\n<\/div>\n\t\n<p style=\"text-align: center;\"><img fetchpriority=\"high\" decoding=\"async\" class=\"alignnone size-full wp-image-5189 aligncenter\" src=\"https:\/\/xinshengmanufacture.com\/wp-content\/uploads\/2025\/05\/%E8%B6%85%E5%B7%A5%E5%AE%9A%E5%88%B6%E8%8B%B1%E6%96%87_011-3.jpg\" alt=\"\" width=\"1200\" height=\"1857\"><img decoding=\"async\" class=\"size-full wp-image-5190 aligncenter\" src=\"https:\/\/xinshengmanufacture.com\/wp-content\/uploads\/2025\/05\/%E8%B6%85%E5%B7%A5%E5%AE%9A%E5%88%B6%E8%8B%B1%E6%96%87_021-3.jpg\" alt=\"\" width=\"1200\" height=\"1054\"><img decoding=\"async\" class=\"size-full wp-image-5191 aligncenter\" src=\"https:\/\/xinshengmanufacture.com\/wp-content\/uploads\/2025\/05\/%E8%B6%85%E5%B7%A5%E5%AE%9A%E5%88%B6%E8%8B%B1%E6%96%87_031-3.jpg\" alt=\"\" width=\"1200\" height=\"1563\"><img loading=\"lazy\" decoding=\"async\" class=\"size-full wp-image-5192 aligncenter\" src=\"https:\/\/xinshengmanufacture.com\/wp-content\/uploads\/2025\/05\/%E8%B6%85%E5%B7%A5%E5%AE%9A%E5%88%B6%E8%8B%B1%E6%96%87_041-3.jpg\" alt=\"\" width=\"1200\" height=\"1755\"><img loading=\"lazy\" decoding=\"async\" class=\"size-full wp-image-5193 aligncenter\" src=\"https:\/\/xinshengmanufacture.com\/wp-content\/uploads\/2025\/05\/%E8%B6%85%E5%B7%A5%E5%AE%9A%E5%88%B6%E8%8B%B1%E6%96%87_051-3.jpg\" alt=\"\" width=\"1200\" height=\"2257\"><img loading=\"lazy\" decoding=\"async\" class=\"alignnone size-full wp-image-5237\" src=\"https:\/\/xinshengmanufacture.com\/wp-content\/uploads\/2025\/05\/%E8%AF%A6%E6%83%85%E9%A1%B5_01.png\" alt=\"\" width=\"1200\" height=\"1930\"> <img loading=\"lazy\" decoding=\"async\" class=\"alignnone size-full wp-image-5238\" src=\"https:\/\/xinshengmanufacture.com\/wp-content\/uploads\/2025\/05\/%E8%AF%A6%E6%83%85%E9%A1%B5_02.png\" alt=\"\" width=\"1200\" height=\"2057\"> <img loading=\"lazy\" decoding=\"async\" class=\"alignnone wp-image-5239\" src=\"https:\/\/xinshengmanufacture.com\/wp-content\/uploads\/2025\/05\/%E8%AF%A6%E6%83%85%E9%A1%B5_03-scaled.png\" alt=\"\" width=\"1200\" height=\"2626\"> <img loading=\"lazy\" decoding=\"async\" class=\"alignnone size-full wp-image-5240\" src=\"https:\/\/xinshengmanufacture.com\/wp-content\/uploads\/2025\/05\/%E8%AF%A6%E6%83%85%E9%A1%B5_04.png\" alt=\"\" width=\"1200\" height=\"1799\"> <img loading=\"lazy\" decoding=\"async\" class=\"alignnone size-full wp-image-5241\" src=\"https:\/\/xinshengmanufacture.com\/wp-content\/uploads\/2025\/05\/%E8%AF%A6%E6%83%85%E9%A1%B5_05.png\" alt=\"\" width=\"1200\" height=\"1501\"> <img loading=\"lazy\" decoding=\"async\" class=\"alignnone size-full wp-image-5242\" src=\"https:\/\/xinshengmanufacture.com\/wp-content\/uploads\/2025\/05\/%E8%AF%A6%E6%83%85%E9%A1%B5_06-1.jpg\" alt=\"\" width=\"1200\" height=\"1746\"> <img loading=\"lazy\" decoding=\"async\" class=\"alignnone wp-image-5243\" src=\"https:\/\/xinshengmanufacture.com\/wp-content\/uploads\/2025\/05\/%E8%AF%A6%E6%83%85%E9%A1%B5_07-scaled.png\" alt=\"\" width=\"1200\" height=\"2588\"> <img loading=\"lazy\" decoding=\"async\" class=\"alignnone size-full wp-image-5244\" src=\"https:\/\/xinshengmanufacture.com\/wp-content\/uploads\/2025\/05\/%E8%AF%A6%E6%83%85%E9%A1%B5_08.png\" alt=\"\" width=\"1200\" height=\"2545\"> <img loading=\"lazy\" decoding=\"async\" class=\"alignnone size-full wp-image-5245\" src=\"https:\/\/xinshengmanufacture.com\/wp-content\/uploads\/2025\/05\/%E8%AF%A6%E6%83%85%E9%A1%B5_09.png\" alt=\"\" width=\"1200\" height=\"2302\"> <img loading=\"lazy\" decoding=\"async\" class=\"alignnone wp-image-5246\" src=\"https:\/\/xinshengmanufacture.com\/wp-content\/uploads\/2025\/05\/%E8%AF%A6%E6%83%85%E9%A1%B5_10-scaled.png\" alt=\"\" width=\"1200\" height=\"2765\"> <img loading=\"lazy\" decoding=\"async\" class=\"alignnone size-full wp-image-5247\" src=\"https:\/\/xinshengmanufacture.com\/wp-content\/uploads\/2025\/05\/%E8%AF%A6%E6%83%85%E9%A1%B5_11.png\" alt=\"\" width=\"1200\" height=\"2119\"><\/p>\n<div id=\"gtx-trans\" style=\"position: absolute; left: 621px; top: 33px;\">\n<div class=\"gtx-trans-icon\"><\/div>\n<\/div>\n","protected":false},"excerpt":{"rendered":"<p>A cama de xampu de massagem el\u00e9trica inteligente com apar\u00eancia elegante pode ser usada em sal\u00f5es de beleza, centros de massagem, centros de beleza, centros de spa, etc.<\/p>\n","protected":false},"featured_media":46623,"template":"","meta":{"_bst_post_transparent":"","_bst_post_title":"","_bst_post_layout":"","_bst_post_sidebar_id":"","_bst_post_content_style":"","_bst_post_vertical_padding":"","_bst_post_feature":"","_bst_post_feature_position":"","_bst_post_header":false,"_bst_post_footer":false},"product_brand":[1079],"product_cat":[887],"product_tag":[],"class_list":{"0":"post-46622","1":"product","2":"type-product","3":"status-publish","4":"has-post-thumbnail","6":"product_brand-xinsheng-pt-br","7":"product_cat-cama-de-massagem-eletrica","8":"pa_color-branco","9":"pa_color-cores-personalizadas","10":"pa_size-1908080cm-pt-br","12":"first","13":"instock","14":"sale","15":"shipping-taxable","16":"purchasable","17":"product-type-variable","18":"entry","19":"content-bg","20":"loop-entry"},"_links":{"self":[{"href":"https:\/\/xinshengmanufacture.com\/pt-br\/wp-json\/wp\/v2\/product\/46622","targetHints":{"allow":["GET"]}}],"collection":[{"href":"https:\/\/xinshengmanufacture.com\/pt-br\/wp-json\/wp\/v2\/product"}],"about":[{"href":"https:\/\/xinshengmanufacture.com\/pt-br\/wp-json\/wp\/v2\/types\/product"}],"version-history":[{"count":1,"href":"https:\/\/xinshengmanufacture.com\/pt-br\/wp-json\/wp\/v2\/product\/46622\/revisions"}],"predecessor-version":[{"id":46663,"href":"https:\/\/xinshengmanufacture.com\/pt-br\/wp-json\/wp\/v2\/product\/46622\/revisions\/46663"}],"wp:featuredmedia":[{"embeddable":true,"href":"https:\/\/xinshengmanufacture.com\/pt-br\/wp-json\/wp\/v2\/media\/46623"}],"wp:attachment":[{"href":"https:\/\/xinshengmanufacture.com\/pt-br\/wp-json\/wp\/v2\/media?parent=46622"}],"wp:term":[{"taxonomy":"product_brand","embeddable":true,"href":"https:\/\/xinshengmanufacture.com\/pt-br\/wp-json\/wp\/v2\/product_brand?post=46622"},{"taxonomy":"product_cat","embeddable":true,"href":"https:\/\/xinshengmanufacture.com\/pt-br\/wp-json\/wp\/v2\/product_cat?post=46622"},{"taxonomy":"product_tag","embeddable":true,"href":"https:\/\/xinshengmanufacture.com\/pt-br\/wp-json\/wp\/v2\/product_tag?post=46622"}],"curies":[{"name":"wp","href":"https:\/\/api.w.org\/{rel}","templated":true}]}}