{"id":47158,"date":"2025-05-19T07:19:29","date_gmt":"2025-05-19T07:19:29","guid":{"rendered":"https:\/\/xinshengmanufacture.com\/product\/mobilia-para-cabelo-de-salao-de-beleza-cama-de-xampu-de-massagem-simples-com-funcao-de-circulacao-de-agua-de-fumigacao-cama-de-xampu-de-centro-de-spa-cama-de-xampu-de-salao-de-beleza-equipamento-de-sa\/"},"modified":"2026-01-29T02:38:01","modified_gmt":"2026-01-29T02:38:01","slug":"mobilia-para-cabelo-de-salao-de-beleza-cama-de-xampu-de-massagem-simples-com-funcao-de-circulacao-de-agua-de-fumigacao-cama-de-xampu-de-centro-de-spa-cama-de-xampu-de-salao-de-beleza-equipamento-de-sa","status":"publish","type":"product","link":"https:\/\/xinshengmanufacture.com\/pt-br\/product\/mobilia-para-cabelo-de-salao-de-beleza-cama-de-xampu-de-massagem-simples-com-funcao-de-circulacao-de-agua-de-fumigacao-cama-de-xampu-de-centro-de-spa-cama-de-xampu-de-salao-de-beleza-equipamento-de-sa\/","title":{"rendered":"Mob\u00edlia para cabelo de sal\u00e3o de beleza cama de xampu de massagem simples com fun\u00e7\u00e3o de circula\u00e7\u00e3o de \u00e1gua de fumiga\u00e7\u00e3o cama de xampu de centro de spa cama de xampu de sal\u00e3o de beleza equipamento de sal\u00e3o de beleza"},"content":{"rendered":"<div class=\"wp-playlist wp-video-playlist wp-playlist-light\">\n\t\t<video controls=\"controls\" preload=\"none\" width=\"1408\"\n\t\t height=\"2503\"\t><\/video>\n\t<div class=\"wp-playlist-next\"><\/div>\n\t<div class=\"wp-playlist-prev\"><\/div>\n\t<noscript>\n\t<ol>\n\t\t<li><a href='https:\/\/xinshengmanufacture.com\/wp-content\/uploads\/2025\/05\/WeChat_20250516164329.mp4'>WeChat_20250516164329<\/a><\/li>\t<\/ol>\n\t<\/noscript>\n\t<script type=\"application\/json\" class=\"wp-playlist-script\">{\"type\":\"video\",\"tracklist\":false,\"tracknumbers\":true,\"images\":true,\"artists\":true,\"tracks\":[{\"src\":\"https:\/\/xinshengmanufacture.com\/wp-content\/uploads\/2025\/05\/WeChat_20250516164329.mp4\",\"type\":\"video\/mp4\",\"title\":\"WeChat_20250516164329\",\"caption\":\"\",\"description\":\"\",\"meta\":{\"length_formatted\":\"0:34\"},\"dimensions\":{\"original\":{\"width\":1080,\"height\":1920},\"resized\":{\"width\":1408,\"height\":2503}},\"image\":{\"src\":\"https:\/\/xinshengmanufacture.com\/wp-includes\/images\/media\/video.svg\",\"width\":48,\"height\":64},\"thumb\":{\"src\":\"https:\/\/xinshengmanufacture.com\/wp-includes\/images\/media\/video.svg\",\"width\":48,\"height\":64}}]}<\/script>\n<\/div>\n\t\n<p style=\"text-align: center;\"><img fetchpriority=\"high\" decoding=\"async\" class=\"alignnone wp-image-5189\" src=\"https:\/\/xinshengmanufacture.com\/wp-content\/uploads\/2025\/05\/%E8%B6%85%E5%B7%A5%E5%AE%9A%E5%88%B6%E8%8B%B1%E6%96%87_011-3.jpg\" alt=\"\" width=\"790\" height=\"1223\"> <img decoding=\"async\" class=\"alignnone wp-image-5190\" src=\"https:\/\/xinshengmanufacture.com\/wp-content\/uploads\/2025\/05\/%E8%B6%85%E5%B7%A5%E5%AE%9A%E5%88%B6%E8%8B%B1%E6%96%87_021-3.jpg\" alt=\"\" width=\"790\" height=\"694\"> <img decoding=\"async\" class=\"alignnone wp-image-5191\" src=\"https:\/\/xinshengmanufacture.com\/wp-content\/uploads\/2025\/05\/%E8%B6%85%E5%B7%A5%E5%AE%9A%E5%88%B6%E8%8B%B1%E6%96%87_031-3.jpg\" alt=\"\" width=\"790\" height=\"1029\"> <img loading=\"lazy\" decoding=\"async\" class=\"alignnone wp-image-5192\" src=\"https:\/\/xinshengmanufacture.com\/wp-content\/uploads\/2025\/05\/%E8%B6%85%E5%B7%A5%E5%AE%9A%E5%88%B6%E8%8B%B1%E6%96%87_041-3.jpg\" alt=\"\" width=\"790\" height=\"1155\"> <img loading=\"lazy\" decoding=\"async\" class=\"alignnone wp-image-5193\" src=\"https:\/\/xinshengmanufacture.com\/wp-content\/uploads\/2025\/05\/%E8%B6%85%E5%B7%A5%E5%AE%9A%E5%88%B6%E8%8B%B1%E6%96%87_051-3.jpg\" alt=\"\" width=\"790\" height=\"1486\"><img loading=\"lazy\" decoding=\"async\" class=\"alignnone size-full wp-image-5194\" src=\"https:\/\/xinshengmanufacture.com\/wp-content\/uploads\/2025\/05\/%E5%8D%8A%E5%BC%A0%E8%AF%A6%E6%83%85%E9%A1%B5%E5%A4%96_01.jpg\" alt=\"\" width=\"790\" height=\"1283\"> <img loading=\"lazy\" decoding=\"async\" class=\"alignnone size-full wp-image-5195\" src=\"https:\/\/xinshengmanufacture.com\/wp-content\/uploads\/2025\/05\/%E5%8D%8A%E5%BC%A0%E8%AF%A6%E6%83%85%E9%A1%B5%E5%A4%96_02.jpg\" alt=\"\" width=\"790\" height=\"934\"> <img loading=\"lazy\" decoding=\"async\" class=\"alignnone size-full wp-image-5196\" src=\"https:\/\/xinshengmanufacture.com\/wp-content\/uploads\/2025\/05\/%E5%8D%8A%E5%BC%A0%E8%AF%A6%E6%83%85%E9%A1%B5%E5%A4%96_03.jpg\" alt=\"\" width=\"790\" height=\"1368\"> <img loading=\"lazy\" decoding=\"async\" class=\"alignnone size-full wp-image-5197\" src=\"https:\/\/xinshengmanufacture.com\/wp-content\/uploads\/2025\/05\/%E5%8D%8A%E5%BC%A0%E8%AF%A6%E6%83%85%E9%A1%B5%E5%A4%96_04.jpg\" alt=\"\" width=\"790\" height=\"1541\"> <img loading=\"lazy\" decoding=\"async\" class=\"alignnone size-full wp-image-5198\" src=\"https:\/\/xinshengmanufacture.com\/wp-content\/uploads\/2025\/05\/%E5%8D%8A%E5%BC%A0%E8%AF%A6%E6%83%85%E9%A1%B5%E5%A4%96_05.jpg\" alt=\"\" width=\"790\" height=\"1329\"> <img loading=\"lazy\" decoding=\"async\" class=\"alignnone size-full wp-image-5199\" src=\"https:\/\/xinshengmanufacture.com\/wp-content\/uploads\/2025\/05\/%E5%8D%8A%E5%BC%A0%E8%AF%A6%E6%83%85%E9%A1%B5%E5%A4%96_06.jpg\" alt=\"\" width=\"790\" height=\"1325\"> <img loading=\"lazy\" decoding=\"async\" class=\"alignnone size-full wp-image-5200\" src=\"https:\/\/xinshengmanufacture.com\/wp-content\/uploads\/2025\/05\/%E5%8D%8A%E5%BC%A0%E8%AF%A6%E6%83%85%E9%A1%B5%E5%A4%96_07.jpg\" alt=\"\" width=\"790\" height=\"1409\"> <img loading=\"lazy\" decoding=\"async\" class=\"alignnone size-full wp-image-5201\" src=\"https:\/\/xinshengmanufacture.com\/wp-content\/uploads\/2025\/05\/%E5%8D%8A%E5%BC%A0%E8%AF%A6%E6%83%85%E9%A1%B5%E5%A4%96_08.jpg\" alt=\"\" width=\"790\" height=\"1325\"> <img loading=\"lazy\" decoding=\"async\" class=\"alignnone size-full wp-image-5202\" src=\"https:\/\/xinshengmanufacture.com\/wp-content\/uploads\/2025\/05\/%E5%8D%8A%E5%BC%A0%E8%AF%A6%E6%83%85%E9%A1%B5%E5%A4%96_09.jpg\" alt=\"\" width=\"790\" height=\"1325\"> <img loading=\"lazy\" decoding=\"async\" class=\"alignnone size-full wp-image-5203\" src=\"https:\/\/xinshengmanufacture.com\/wp-content\/uploads\/2025\/05\/%E5%8D%8A%E5%BC%A0%E8%AF%A6%E6%83%85%E9%A1%B5%E5%A4%96_10.jpg\" alt=\"\" width=\"790\" height=\"1671\"> <img loading=\"lazy\" decoding=\"async\" class=\"alignnone size-full wp-image-5204\" src=\"https:\/\/xinshengmanufacture.com\/wp-content\/uploads\/2025\/05\/%E5%8D%8A%E5%BC%A0%E8%AF%A6%E6%83%85%E9%A1%B5%E5%A4%96_11.jpg\" alt=\"\" width=\"790\" height=\"1784\"> <img loading=\"lazy\" decoding=\"async\" class=\"alignnone size-full wp-image-5205\" src=\"https:\/\/xinshengmanufacture.com\/wp-content\/uploads\/2025\/05\/%E5%8D%8A%E5%BC%A0%E8%AF%A6%E6%83%85%E9%A1%B5%E5%A4%96_12.jpg\" alt=\"\" width=\"790\" height=\"1590\"><\/p>\n<div id=\"gtx-trans\" style=\"position: absolute; left: 674px; top: 33px;\">\n<div class=\"gtx-trans-icon\"><\/div>\n<\/div>\n","protected":false},"excerpt":{"rendered":"<p>A cama de xampu para massagem simples e elegante pode ser usada em sal\u00f5es de cabeleireiro, centros de beleza, centros de spa, centros de massagem, etc.<\/p>\n","protected":false},"featured_media":47160,"template":"","meta":{"_bst_post_transparent":"default","_bst_post_title":"","_bst_post_layout":"default","_bst_post_sidebar_id":"","_bst_post_content_style":"default","_bst_post_vertical_padding":"default","_bst_post_feature":"","_bst_post_feature_position":"","_bst_post_header":false,"_bst_post_footer":false},"product_brand":[1079],"product_cat":[564],"product_tag":[],"class_list":{"0":"post-47158","1":"product","2":"type-product","3":"status-publish","4":"has-post-thumbnail","6":"product_brand-xinsheng-pt-br","7":"product_cat-cama-de-xampu-tailandesa","8":"pa_color-branco-escuro","9":"pa_color-cores-personalizadas","10":"pa_size-2057065cm-pt-br","12":"first","13":"instock","14":"sale","15":"shipping-taxable","16":"purchasable","17":"product-type-variable","18":"entry","19":"content-bg","20":"loop-entry"},"_links":{"self":[{"href":"https:\/\/xinshengmanufacture.com\/pt-br\/wp-json\/wp\/v2\/product\/47158","targetHints":{"allow":["GET"]}}],"collection":[{"href":"https:\/\/xinshengmanufacture.com\/pt-br\/wp-json\/wp\/v2\/product"}],"about":[{"href":"https:\/\/xinshengmanufacture.com\/pt-br\/wp-json\/wp\/v2\/types\/product"}],"version-history":[{"count":7,"href":"https:\/\/xinshengmanufacture.com\/pt-br\/wp-json\/wp\/v2\/product\/47158\/revisions"}],"predecessor-version":[{"id":87636,"href":"https:\/\/xinshengmanufacture.com\/pt-br\/wp-json\/wp\/v2\/product\/47158\/revisions\/87636"}],"wp:featuredmedia":[{"embeddable":true,"href":"https:\/\/xinshengmanufacture.com\/pt-br\/wp-json\/wp\/v2\/media\/47160"}],"wp:attachment":[{"href":"https:\/\/xinshengmanufacture.com\/pt-br\/wp-json\/wp\/v2\/media?parent=47158"}],"wp:term":[{"taxonomy":"product_brand","embeddable":true,"href":"https:\/\/xinshengmanufacture.com\/pt-br\/wp-json\/wp\/v2\/product_brand?post=47158"},{"taxonomy":"product_cat","embeddable":true,"href":"https:\/\/xinshengmanufacture.com\/pt-br\/wp-json\/wp\/v2\/product_cat?post=47158"},{"taxonomy":"product_tag","embeddable":true,"href":"https:\/\/xinshengmanufacture.com\/pt-br\/wp-json\/wp\/v2\/product_tag?post=47158"}],"curies":[{"name":"wp","href":"https:\/\/api.w.org\/{rel}","templated":true}]}}