{"id":47746,"date":"2025-05-17T07:54:12","date_gmt":"2025-05-17T07:54:12","guid":{"rendered":"https:\/\/xinshengmanufacture.com\/product\/boa-qualidade-de-ponta-com-parada-automatica-de-agua-para-massagem-eletrica-nos-pes-cadeira-de-pedicure-para-salao-de-beleza-moveis-para-cabeleireiro-centro-de-spa-cadeira-de-massagem-centro-de-m\/"},"modified":"2025-08-26T08:01:20","modified_gmt":"2025-08-26T08:01:20","slug":"boa-qualidade-de-ponta-com-parada-automatica-de-agua-para-massagem-eletrica-nos-pes-cadeira-de-pedicure-para-salao-de-beleza-moveis-para-cabeleireiro-centro-de-spa-cadeira-de-massagem-centro-de-m","status":"publish","type":"product","link":"https:\/\/xinshengmanufacture.com\/pt-br\/product\/boa-qualidade-de-ponta-com-parada-automatica-de-agua-para-massagem-eletrica-nos-pes-cadeira-de-pedicure-para-salao-de-beleza-moveis-para-cabeleireiro-centro-de-spa-cadeira-de-massagem-centro-de-m\/","title":{"rendered":"Boa qualidade de ponta com parada autom\u00e1tica de \u00e1gua para massagem el\u00e9trica nos p\u00e9s, cadeira de pedicure para sal\u00e3o de beleza, m\u00f3veis para cabeleireiro, centro de spa, cadeira de massagem, centro de massagem para os p\u00e9s, equipamento para cadeira de massagem para os p\u00e9s"},"content":{"rendered":"<p style=\"text-align: center;\"><img fetchpriority=\"high\" decoding=\"async\" class=\"size-full wp-image-4976 aligncenter\" src=\"https:\/\/xinshengmanufacture.com\/wp-content\/uploads\/2025\/05\/%E8%B6%85%E5%B7%A5%E5%AE%9A%E5%88%B6%E8%8B%B1%E6%96%87_011-2.jpg\" alt=\"\" width=\"1200\" height=\"1857\"><img decoding=\"async\" class=\"size-full wp-image-4977 aligncenter\" src=\"https:\/\/xinshengmanufacture.com\/wp-content\/uploads\/2025\/05\/%E8%B6%85%E5%B7%A5%E5%AE%9A%E5%88%B6%E8%8B%B1%E6%96%87_021-2.jpg\" alt=\"\" width=\"1200\" height=\"1054\"><img decoding=\"async\" class=\"size-full wp-image-4978 aligncenter\" src=\"https:\/\/xinshengmanufacture.com\/wp-content\/uploads\/2025\/05\/%E8%B6%85%E5%B7%A5%E5%AE%9A%E5%88%B6%E8%8B%B1%E6%96%87_031-2.jpg\" alt=\"\" width=\"1200\" height=\"1563\"><img loading=\"lazy\" decoding=\"async\" class=\"size-full wp-image-4979 aligncenter\" src=\"https:\/\/xinshengmanufacture.com\/wp-content\/uploads\/2025\/05\/%E8%B6%85%E5%B7%A5%E5%AE%9A%E5%88%B6%E8%8B%B1%E6%96%87_041-2.jpg\" alt=\"\" width=\"1200\" height=\"1755\"><img loading=\"lazy\" decoding=\"async\" class=\"size-full wp-image-4980 aligncenter\" src=\"https:\/\/xinshengmanufacture.com\/wp-content\/uploads\/2025\/05\/%E8%B6%85%E5%B7%A5%E5%AE%9A%E5%88%B6%E8%8B%B1%E6%96%87_051-2.jpg\" alt=\"\" width=\"1200\" height=\"2257\"><img loading=\"lazy\" decoding=\"async\" class=\"alignnone size-full wp-image-5141\" src=\"https:\/\/xinshengmanufacture.com\/wp-content\/uploads\/2025\/05\/%E6%9C%AA%E6%A0%87%E9%A2%98-1%E5%A4%96_01.jpg\" alt=\"\" width=\"1200\" height=\"1819\"> <img loading=\"lazy\" decoding=\"async\" class=\"alignnone size-full wp-image-5142\" src=\"https:\/\/xinshengmanufacture.com\/wp-content\/uploads\/2025\/05\/%E6%9C%AA%E6%A0%87%E9%A2%98-1%E5%A4%96_02.jpg\" alt=\"\" width=\"1200\" height=\"2061\"> <img loading=\"lazy\" decoding=\"async\" class=\"alignnone size-full wp-image-5143\" src=\"https:\/\/xinshengmanufacture.com\/wp-content\/uploads\/2025\/05\/%E6%9C%AA%E6%A0%87%E9%A2%98-1%E5%A4%96_03-scaled.jpg\" alt=\"\" width=\"1198\" height=\"2560\"> <img loading=\"lazy\" decoding=\"async\" class=\"alignnone size-full wp-image-5144\" src=\"https:\/\/xinshengmanufacture.com\/wp-content\/uploads\/2025\/05\/%E6%9C%AA%E6%A0%87%E9%A2%98-1%E5%A4%96_04-scaled.jpg\" alt=\"\" width=\"1140\" height=\"2560\"> <img loading=\"lazy\" decoding=\"async\" class=\"alignnone size-full wp-image-5145\" src=\"https:\/\/xinshengmanufacture.com\/wp-content\/uploads\/2025\/05\/%E6%9C%AA%E6%A0%87%E9%A2%98-1%E5%A4%96_05.jpg\" alt=\"\" width=\"1200\" height=\"2024\"> <img loading=\"lazy\" decoding=\"async\" class=\"alignnone size-full wp-image-5146\" src=\"https:\/\/xinshengmanufacture.com\/wp-content\/uploads\/2025\/05\/%E6%9C%AA%E6%A0%87%E9%A2%98-1%E5%A4%96_06.jpg\" alt=\"\" width=\"1200\" height=\"1608\"> <img loading=\"lazy\" decoding=\"async\" class=\"alignnone size-full wp-image-5147\" src=\"https:\/\/xinshengmanufacture.com\/wp-content\/uploads\/2025\/05\/%E6%9C%AA%E6%A0%87%E9%A2%98-1%E5%A4%96_07.jpg\" alt=\"\" width=\"1200\" height=\"1892\"> <img loading=\"lazy\" decoding=\"async\" class=\"alignnone size-full wp-image-5148\" src=\"https:\/\/xinshengmanufacture.com\/wp-content\/uploads\/2025\/05\/%E6%9C%AA%E6%A0%87%E9%A2%98-1%E5%A4%96_08.jpg\" alt=\"\" width=\"1200\" height=\"1954\"> <img loading=\"lazy\" decoding=\"async\" class=\"alignnone size-full wp-image-5149\" src=\"https:\/\/xinshengmanufacture.com\/wp-content\/uploads\/2025\/05\/%E6%9C%AA%E6%A0%87%E9%A2%98-1%E5%A4%96_09.jpg\" alt=\"\" width=\"1200\" height=\"2044\"> <img loading=\"lazy\" decoding=\"async\" class=\"alignnone size-full wp-image-5150\" src=\"https:\/\/xinshengmanufacture.com\/wp-content\/uploads\/2025\/05\/%E6%9C%AA%E6%A0%87%E9%A2%98-1%E5%A4%96_10.jpg\" alt=\"\" width=\"1200\" height=\"1344\"> <img loading=\"lazy\" decoding=\"async\" class=\"alignnone size-full wp-image-5151\" src=\"https:\/\/xinshengmanufacture.com\/wp-content\/uploads\/2025\/05\/%E6%9C%AA%E6%A0%87%E9%A2%98-1%E5%A4%96_11-scaled.jpg\" alt=\"\" width=\"1082\" height=\"2560\"> <img loading=\"lazy\" decoding=\"async\" class=\"alignnone size-full wp-image-5152\" src=\"https:\/\/xinshengmanufacture.com\/wp-content\/uploads\/2025\/05\/%E6%9C%AA%E6%A0%87%E9%A2%98-1%E5%A4%96_12.jpg\" alt=\"\" width=\"1200\" height=\"2434\"><\/p>\n","protected":false},"excerpt":{"rendered":"<p>A cadeira de pedicure e de banho para p\u00e9s de alta qualidade com parada autom\u00e1tica da \u00e1gua pode ser usada em sal\u00f5es de beleza, centros de massagem para banho para p\u00e9s, centros de spa, etc.<\/p>\n","protected":false},"featured_media":47748,"template":"","meta":{"_bst_post_transparent":"","_bst_post_title":"","_bst_post_layout":"","_bst_post_sidebar_id":"","_bst_post_content_style":"","_bst_post_vertical_padding":"","_bst_post_feature":"","_bst_post_feature_position":"","_bst_post_header":false,"_bst_post_footer":false},"product_brand":[1079],"product_cat":[902],"product_tag":[],"class_list":{"0":"post-47746","1":"product","2":"type-product","3":"status-publish","4":"has-post-thumbnail","6":"product_brand-xinsheng-pt-br","7":"product_cat-cadeira-de-pedicure-footbath","8":"pa_color-cinza","9":"pa_color-cores-personalizadas","10":"pa_color-verde-escuro","11":"pa_color-vermelho","12":"pa_size-703462cm-pt-br","14":"first","15":"instock","16":"sale","17":"shipping-taxable","18":"purchasable","19":"product-type-variable","20":"entry","21":"content-bg","22":"loop-entry"},"_links":{"self":[{"href":"https:\/\/xinshengmanufacture.com\/pt-br\/wp-json\/wp\/v2\/product\/47746","targetHints":{"allow":["GET"]}}],"collection":[{"href":"https:\/\/xinshengmanufacture.com\/pt-br\/wp-json\/wp\/v2\/product"}],"about":[{"href":"https:\/\/xinshengmanufacture.com\/pt-br\/wp-json\/wp\/v2\/types\/product"}],"version-history":[{"count":1,"href":"https:\/\/xinshengmanufacture.com\/pt-br\/wp-json\/wp\/v2\/product\/47746\/revisions"}],"predecessor-version":[{"id":47784,"href":"https:\/\/xinshengmanufacture.com\/pt-br\/wp-json\/wp\/v2\/product\/47746\/revisions\/47784"}],"wp:featuredmedia":[{"embeddable":true,"href":"https:\/\/xinshengmanufacture.com\/pt-br\/wp-json\/wp\/v2\/media\/47748"}],"wp:attachment":[{"href":"https:\/\/xinshengmanufacture.com\/pt-br\/wp-json\/wp\/v2\/media?parent=47746"}],"wp:term":[{"taxonomy":"product_brand","embeddable":true,"href":"https:\/\/xinshengmanufacture.com\/pt-br\/wp-json\/wp\/v2\/product_brand?post=47746"},{"taxonomy":"product_cat","embeddable":true,"href":"https:\/\/xinshengmanufacture.com\/pt-br\/wp-json\/wp\/v2\/product_cat?post=47746"},{"taxonomy":"product_tag","embeddable":true,"href":"https:\/\/xinshengmanufacture.com\/pt-br\/wp-json\/wp\/v2\/product_tag?post=47746"}],"curies":[{"name":"wp","href":"https:\/\/api.w.org\/{rel}","templated":true}]}}