{"id":75813,"date":"2025-09-02T07:35:23","date_gmt":"2025-09-02T07:35:23","guid":{"rendered":"https:\/\/xinshengmanufacture.com\/product\/os-equipamentos-de-luxo-para-saloes-de-beleza-de-alto-padrao-podem-ser-levantados-e-abaixados-cama-de-xampu-tailandesa-com-funcao-de-banho-para-os-pes-fumigacao-funcao-de-circulacao-de-agua-etc-ca\/"},"modified":"2025-09-02T07:35:23","modified_gmt":"2025-09-02T07:35:23","slug":"os-equipamentos-de-luxo-para-saloes-de-beleza-de-alto-padrao-podem-ser-levantados-e-abaixados-cama-de-xampu-tailandesa-com-funcao-de-banho-para-os-pes-fumigacao-funcao-de-circulacao-de-agua-etc-ca","status":"publish","type":"product","link":"https:\/\/xinshengmanufacture.com\/pt-br\/product\/os-equipamentos-de-luxo-para-saloes-de-beleza-de-alto-padrao-podem-ser-levantados-e-abaixados-cama-de-xampu-tailandesa-com-funcao-de-banho-para-os-pes-fumigacao-funcao-de-circulacao-de-agua-etc-ca\/","title":{"rendered":"Os equipamentos de luxo para sal\u00f5es de beleza de alto padr\u00e3o podem ser levantados e abaixados. Cama de xampu tailandesa com fun\u00e7\u00e3o de banho para os p\u00e9s, fumiga\u00e7\u00e3o, fun\u00e7\u00e3o de circula\u00e7\u00e3o de \u00e1gua etc. Cama de massagem para cabe\u00e7a de sal\u00e3o de beleza Cama de massagem para centro de sal\u00e3o"},"content":{"rendered":"<div class=\"wp-playlist wp-video-playlist wp-playlist-light\">\n\t\t<video controls=\"controls\" preload=\"none\" width=\"1408\"\n\t\t height=\"2503\"\t><\/video>\n\t<div class=\"wp-playlist-next\"><\/div>\n\t<div class=\"wp-playlist-prev\"><\/div>\n\t<noscript>\n\t<ol>\n\t\t<li><a href='https:\/\/xinshengmanufacture.com\/wp-content\/uploads\/2025\/09\/54\uff081\uff09.mp4'>54\uff081\uff09<\/a><\/li>\t<\/ol>\n\t<\/noscript>\n\t<script type=\"application\/json\" class=\"wp-playlist-script\">{\"type\":\"video\",\"tracklist\":false,\"tracknumbers\":true,\"images\":true,\"artists\":true,\"tracks\":[{\"src\":\"https:\/\/xinshengmanufacture.com\/wp-content\/uploads\/2025\/09\/54\\uff081\\uff09.mp4\",\"type\":\"video\/mp4\",\"title\":\"54\\uff081\\uff09\",\"caption\":\"\",\"description\":\"\",\"meta\":{\"length_formatted\":\"0:45\"},\"dimensions\":{\"original\":{\"width\":1080,\"height\":1920},\"resized\":{\"width\":1408,\"height\":2503}},\"image\":{\"src\":\"https:\/\/xinshengmanufacture.com\/wp-includes\/images\/media\/video.svg\",\"width\":48,\"height\":64},\"thumb\":{\"src\":\"https:\/\/xinshengmanufacture.com\/wp-includes\/images\/media\/video.svg\",\"width\":48,\"height\":64}}]}<\/script>\n<\/div>\n\t\n<p style=\"text-align: center;\"><img fetchpriority=\"high\" decoding=\"async\" class=\"size-full wp-image-5189 aligncenter\" src=\"https:\/\/xinshengmanufacture.com\/wp-content\/uploads\/2025\/05\/%E8%B6%85%E5%B7%A5%E5%AE%9A%E5%88%B6%E8%8B%B1%E6%96%87_011-3.jpg\" alt=\"\" width=\"1200\" height=\"1857\"><img decoding=\"async\" class=\"size-full wp-image-5190 aligncenter\" src=\"https:\/\/xinshengmanufacture.com\/wp-content\/uploads\/2025\/05\/%E8%B6%85%E5%B7%A5%E5%AE%9A%E5%88%B6%E8%8B%B1%E6%96%87_021-3.jpg\" alt=\"\" width=\"1200\" height=\"1054\"><img decoding=\"async\" class=\"size-full wp-image-5191 aligncenter\" src=\"https:\/\/xinshengmanufacture.com\/wp-content\/uploads\/2025\/05\/%E8%B6%85%E5%B7%A5%E5%AE%9A%E5%88%B6%E8%8B%B1%E6%96%87_031-3.jpg\" alt=\"\" width=\"1200\" height=\"1563\"><img loading=\"lazy\" decoding=\"async\" class=\"size-full wp-image-5192 aligncenter\" style=\"letter-spacing: 0.3px;\" src=\"https:\/\/xinshengmanufacture.com\/wp-content\/uploads\/2025\/05\/%E8%B6%85%E5%B7%A5%E5%AE%9A%E5%88%B6%E8%8B%B1%E6%96%87_041-3.jpg\" alt=\"\" width=\"1200\" height=\"1755\"><img loading=\"lazy\" decoding=\"async\" class=\"size-full wp-image-5193 aligncenter\" src=\"https:\/\/xinshengmanufacture.com\/wp-content\/uploads\/2025\/05\/%E8%B6%85%E5%B7%A5%E5%AE%9A%E5%88%B6%E8%8B%B1%E6%96%87_051-3.jpg\" alt=\"\" width=\"1200\" height=\"2257\"><img loading=\"lazy\" decoding=\"async\" class=\"size-full wp-image-75290 aligncenter\" src=\"https:\/\/xinshengmanufacture.com\/wp-content\/uploads\/2025\/09\/%E8%AF%A6%E6%83%85%E9%A1%B5WAI-%E6%8B%B7%E8%B4%9D_01.jpg\" alt=\"\" width=\"1200\" height=\"1983\"> <img loading=\"lazy\" decoding=\"async\" class=\"size-full wp-image-75302 aligncenter\" src=\"https:\/\/xinshengmanufacture.com\/wp-content\/uploads\/2025\/09\/%E8%AF%A6%E6%83%85%E9%A1%B5WAI-%E6%8B%B7%E8%B4%9D_02.jpg\" alt=\"\" width=\"1200\" height=\"1844\"> <img loading=\"lazy\" decoding=\"async\" class=\"size-full wp-image-75314 aligncenter\" src=\"https:\/\/xinshengmanufacture.com\/wp-content\/uploads\/2025\/09\/%E8%AF%A6%E6%83%85%E9%A1%B5WAI-%E6%8B%B7%E8%B4%9D_03.jpg\" alt=\"\" width=\"1200\" height=\"1741\"> <img loading=\"lazy\" decoding=\"async\" class=\"size-full wp-image-75326 aligncenter\" src=\"https:\/\/xinshengmanufacture.com\/wp-content\/uploads\/2025\/09\/%E8%AF%A6%E6%83%85%E9%A1%B5WAI-%E6%8B%B7%E8%B4%9D_04.jpg\" alt=\"\" width=\"1200\" height=\"1969\"> <img loading=\"lazy\" decoding=\"async\" class=\"size-full wp-image-75338 aligncenter\" src=\"https:\/\/xinshengmanufacture.com\/wp-content\/uploads\/2025\/09\/%E8%AF%A6%E6%83%85%E9%A1%B5WAI-%E6%8B%B7%E8%B4%9D_05.jpg\" alt=\"\" width=\"1200\" height=\"1754\"> <img loading=\"lazy\" decoding=\"async\" class=\"size-full wp-image-75350 aligncenter\" src=\"https:\/\/xinshengmanufacture.com\/wp-content\/uploads\/2025\/09\/%E8%AF%A6%E6%83%85%E9%A1%B5WAI-%E6%8B%B7%E8%B4%9D_06.jpg\" alt=\"\" width=\"1200\" height=\"1672\"> <img loading=\"lazy\" decoding=\"async\" class=\"size-full wp-image-75362 aligncenter\" src=\"https:\/\/xinshengmanufacture.com\/wp-content\/uploads\/2025\/09\/%E8%AF%A6%E6%83%85%E9%A1%B5WAI-%E6%8B%B7%E8%B4%9D_07.jpg\" alt=\"\" width=\"1200\" height=\"1912\"> <img loading=\"lazy\" decoding=\"async\" class=\"size-full wp-image-75374 aligncenter\" src=\"https:\/\/xinshengmanufacture.com\/wp-content\/uploads\/2025\/09\/%E8%AF%A6%E6%83%85%E9%A1%B5WAI-%E6%8B%B7%E8%B4%9D_08.jpg\" alt=\"\" width=\"1200\" height=\"1740\"> <img loading=\"lazy\" decoding=\"async\" class=\"size-full wp-image-75386 aligncenter\" src=\"https:\/\/xinshengmanufacture.com\/wp-content\/uploads\/2025\/09\/%E8%AF%A6%E6%83%85%E9%A1%B5WAI-%E6%8B%B7%E8%B4%9D_09.jpg\" alt=\"\" width=\"1200\" height=\"2125\"> <img loading=\"lazy\" decoding=\"async\" class=\"size-full wp-image-75398 aligncenter\" src=\"https:\/\/xinshengmanufacture.com\/wp-content\/uploads\/2025\/09\/%E8%AF%A6%E6%83%85%E9%A1%B5WAI-%E6%8B%B7%E8%B4%9D_10.jpg\" alt=\"\" width=\"1200\" height=\"1765\"> <img loading=\"lazy\" decoding=\"async\" class=\"wp-image-75410 aligncenter\" src=\"https:\/\/xinshengmanufacture.com\/wp-content\/uploads\/2025\/09\/%E8%AF%A6%E6%83%85%E9%A1%B5WAI-%E6%8B%B7%E8%B4%9D_11.jpg\" alt=\"\" width=\"1200\" height=\"2858\"> <img loading=\"lazy\" decoding=\"async\" class=\"size-full wp-image-75422 aligncenter\" src=\"https:\/\/xinshengmanufacture.com\/wp-content\/uploads\/2025\/09\/%E8%AF%A6%E6%83%85%E9%A1%B5WAI-%E6%8B%B7%E8%B4%9D_12.jpg\" alt=\"\" width=\"1200\" height=\"2461\"><\/p>\n<p>&nbsp;<\/p>\n","protected":false},"excerpt":{"rendered":"<p>A cama de xampu tailandesa de eleva\u00e7\u00e3o el\u00e9trica multifuncional pode ser usada em sal\u00f5es de cabeleireiro, centros de massagem, centros de beleza, centros de spa, etc.<\/p>\n","protected":false},"featured_media":75515,"template":"","meta":{"_bst_post_transparent":"","_bst_post_title":"","_bst_post_layout":"","_bst_post_sidebar_id":"","_bst_post_content_style":"","_bst_post_vertical_padding":"","_bst_post_feature":"","_bst_post_feature_position":"","_bst_post_header":false,"_bst_post_footer":false},"product_brand":[1079],"product_cat":[902,564],"product_tag":[],"class_list":{"0":"post-75813","1":"product","2":"type-product","3":"status-publish","4":"has-post-thumbnail","6":"product_brand-xinsheng-pt-br","7":"product_cat-cadeira-de-pedicure-footbath","8":"product_cat-cama-de-xampu-tailandesa","9":"pa_color-cores-personalizadas","10":"pa_color-verde-escuro","11":"pa_size-195cm8067cm-pt-br","13":"first","14":"instock","15":"sale","16":"shipping-taxable","17":"purchasable","18":"product-type-variable","19":"entry","20":"content-bg","21":"loop-entry"},"_links":{"self":[{"href":"https:\/\/xinshengmanufacture.com\/pt-br\/wp-json\/wp\/v2\/product\/75813","targetHints":{"allow":["GET"]}}],"collection":[{"href":"https:\/\/xinshengmanufacture.com\/pt-br\/wp-json\/wp\/v2\/product"}],"about":[{"href":"https:\/\/xinshengmanufacture.com\/pt-br\/wp-json\/wp\/v2\/types\/product"}],"version-history":[{"count":0,"href":"https:\/\/xinshengmanufacture.com\/pt-br\/wp-json\/wp\/v2\/product\/75813\/revisions"}],"wp:featuredmedia":[{"embeddable":true,"href":"https:\/\/xinshengmanufacture.com\/pt-br\/wp-json\/wp\/v2\/media\/75515"}],"wp:attachment":[{"href":"https:\/\/xinshengmanufacture.com\/pt-br\/wp-json\/wp\/v2\/media?parent=75813"}],"wp:term":[{"taxonomy":"product_brand","embeddable":true,"href":"https:\/\/xinshengmanufacture.com\/pt-br\/wp-json\/wp\/v2\/product_brand?post=75813"},{"taxonomy":"product_cat","embeddable":true,"href":"https:\/\/xinshengmanufacture.com\/pt-br\/wp-json\/wp\/v2\/product_cat?post=75813"},{"taxonomy":"product_tag","embeddable":true,"href":"https:\/\/xinshengmanufacture.com\/pt-br\/wp-json\/wp\/v2\/product_tag?post=75813"}],"curies":[{"name":"wp","href":"https:\/\/api.w.org\/{rel}","templated":true}]}}