{"id":76325,"date":"2025-09-12T08:52:04","date_gmt":"2025-09-12T08:52:04","guid":{"rendered":"https:\/\/xinshengmanufacture.com\/product\/cama-de-extensao-de-cilios-para-salao-de-beleza-cama-de-beleza-equipamento-de-mobilia-para-salao-de-beleza-cama-de-massagem-para-centro-de-beleza-cama-para-tatuagem-pode-ser-ajustada-livremente-c\/"},"modified":"2025-09-12T08:52:04","modified_gmt":"2025-09-12T08:52:04","slug":"cama-de-extensao-de-cilios-para-salao-de-beleza-cama-de-beleza-equipamento-de-mobilia-para-salao-de-beleza-cama-de-massagem-para-centro-de-beleza-cama-para-tatuagem-pode-ser-ajustada-livremente-c","status":"publish","type":"product","link":"https:\/\/xinshengmanufacture.com\/pt-br\/product\/cama-de-extensao-de-cilios-para-salao-de-beleza-cama-de-beleza-equipamento-de-mobilia-para-salao-de-beleza-cama-de-massagem-para-centro-de-beleza-cama-para-tatuagem-pode-ser-ajustada-livremente-c\/","title":{"rendered":"Cama de extens\u00e3o de c\u00edlios para sal\u00e3o de beleza, cama de beleza, equipamento de mob\u00edlia para sal\u00e3o de beleza, cama de massagem para centro de beleza, cama para tatuagem, pode ser ajustada livremente com 3 motores para eleva\u00e7\u00e3o livre, equipamento para centro de massagem, equipamento para centro de sal\u00e3o de beleza"},"content":{"rendered":"<p><img fetchpriority=\"high\" decoding=\"async\" class=\"alignnone size-full wp-image-75522 aligncenter\" src=\"https:\/\/xinshengmanufacture.com\/wp-content\/uploads\/2025\/09\/%E8%B6%85%E5%B7%A5%E5%AE%9A%E5%88%B6%E8%8B%B1%E6%96%87_011.jpg\" alt=\"\" width=\"1200\" height=\"1857\"><img decoding=\"async\" class=\"size-full wp-image-75534 aligncenter\" src=\"https:\/\/xinshengmanufacture.com\/wp-content\/uploads\/2025\/09\/%E8%B6%85%E5%B7%A5%E5%AE%9A%E5%88%B6%E8%8B%B1%E6%96%87_021.jpg\" alt=\"\" width=\"1200\" height=\"1054\"><img decoding=\"async\" class=\"size-full wp-image-75546 aligncenter\" src=\"https:\/\/xinshengmanufacture.com\/wp-content\/uploads\/2025\/09\/%E8%B6%85%E5%B7%A5%E5%AE%9A%E5%88%B6%E8%8B%B1%E6%96%87_031.jpg\" alt=\"\" width=\"1200\" height=\"1563\"><img loading=\"lazy\" decoding=\"async\" class=\"size-full wp-image-75558 aligncenter\" src=\"https:\/\/xinshengmanufacture.com\/wp-content\/uploads\/2025\/09\/%E8%B6%85%E5%B7%A5%E5%AE%9A%E5%88%B6%E8%8B%B1%E6%96%87_041.jpg\" alt=\"\" width=\"1200\" height=\"1755\"><img loading=\"lazy\" decoding=\"async\" class=\"size-full wp-image-75570 aligncenter\" src=\"https:\/\/xinshengmanufacture.com\/wp-content\/uploads\/2025\/09\/%E8%B6%85%E5%B7%A5%E5%AE%9A%E5%88%B6%E8%8B%B1%E6%96%87_051.jpg\" alt=\"\" width=\"1200\" height=\"2257\"><img loading=\"lazy\" decoding=\"async\" class=\"size-full wp-image-76099 aligncenter\" src=\"https:\/\/xinshengmanufacture.com\/wp-content\/uploads\/2025\/09\/1_01.jpg\" alt=\"\" width=\"1200\" height=\"1813\" srcset=\"https:\/\/xinshengmanufacture.com\/wp-content\/uploads\/2025\/09\/1_01.jpg 1200w, https:\/\/xinshengmanufacture.com\/wp-content\/uploads\/2025\/09\/1_01-199x300.jpg 199w, https:\/\/xinshengmanufacture.com\/wp-content\/uploads\/2025\/09\/1_01-678x1024.jpg 678w, https:\/\/xinshengmanufacture.com\/wp-content\/uploads\/2025\/09\/1_01-768x1160.jpg 768w, https:\/\/xinshengmanufacture.com\/wp-content\/uploads\/2025\/09\/1_01-1017x1536.jpg 1017w, https:\/\/xinshengmanufacture.com\/wp-content\/uploads\/2025\/09\/1_01-600x907.jpg 600w\" sizes=\"(max-width: 1200px) 100vw, 1200px\" \/> <img loading=\"lazy\" decoding=\"async\" class=\"size-full wp-image-76111 aligncenter\" src=\"https:\/\/xinshengmanufacture.com\/wp-content\/uploads\/2025\/09\/1_02.jpg\" alt=\"\" width=\"1200\" height=\"1708\" srcset=\"https:\/\/xinshengmanufacture.com\/wp-content\/uploads\/2025\/09\/1_02.jpg 1200w, https:\/\/xinshengmanufacture.com\/wp-content\/uploads\/2025\/09\/1_02-211x300.jpg 211w, https:\/\/xinshengmanufacture.com\/wp-content\/uploads\/2025\/09\/1_02-719x1024.jpg 719w, https:\/\/xinshengmanufacture.com\/wp-content\/uploads\/2025\/09\/1_02-768x1093.jpg 768w, https:\/\/xinshengmanufacture.com\/wp-content\/uploads\/2025\/09\/1_02-1079x1536.jpg 1079w, https:\/\/xinshengmanufacture.com\/wp-content\/uploads\/2025\/09\/1_02-600x854.jpg 600w\" sizes=\"(max-width: 1200px) 100vw, 1200px\" \/> <img loading=\"lazy\" decoding=\"async\" class=\"size-full wp-image-76123 aligncenter\" src=\"https:\/\/xinshengmanufacture.com\/wp-content\/uploads\/2025\/09\/1_03.jpg\" alt=\"\" width=\"1200\" height=\"1627\" srcset=\"https:\/\/xinshengmanufacture.com\/wp-content\/uploads\/2025\/09\/1_03.jpg 1200w, https:\/\/xinshengmanufacture.com\/wp-content\/uploads\/2025\/09\/1_03-221x300.jpg 221w, https:\/\/xinshengmanufacture.com\/wp-content\/uploads\/2025\/09\/1_03-755x1024.jpg 755w, https:\/\/xinshengmanufacture.com\/wp-content\/uploads\/2025\/09\/1_03-768x1041.jpg 768w, https:\/\/xinshengmanufacture.com\/wp-content\/uploads\/2025\/09\/1_03-1133x1536.jpg 1133w, https:\/\/xinshengmanufacture.com\/wp-content\/uploads\/2025\/09\/1_03-600x814.jpg 600w\" sizes=\"(max-width: 1200px) 100vw, 1200px\" \/> <img loading=\"lazy\" decoding=\"async\" class=\"size-full wp-image-76135 aligncenter\" src=\"https:\/\/xinshengmanufacture.com\/wp-content\/uploads\/2025\/09\/1_04.jpg\" alt=\"\" width=\"1200\" height=\"1777\" srcset=\"https:\/\/xinshengmanufacture.com\/wp-content\/uploads\/2025\/09\/1_04.jpg 1200w, https:\/\/xinshengmanufacture.com\/wp-content\/uploads\/2025\/09\/1_04-203x300.jpg 203w, https:\/\/xinshengmanufacture.com\/wp-content\/uploads\/2025\/09\/1_04-692x1024.jpg 692w, https:\/\/xinshengmanufacture.com\/wp-content\/uploads\/2025\/09\/1_04-768x1137.jpg 768w, https:\/\/xinshengmanufacture.com\/wp-content\/uploads\/2025\/09\/1_04-1037x1536.jpg 1037w, https:\/\/xinshengmanufacture.com\/wp-content\/uploads\/2025\/09\/1_04-600x889.jpg 600w\" sizes=\"(max-width: 1200px) 100vw, 1200px\" \/> <img loading=\"lazy\" decoding=\"async\" class=\"aligncenter wp-image-76147\" src=\"https:\/\/xinshengmanufacture.com\/wp-content\/uploads\/2025\/09\/1_05.jpg\" alt=\"\" width=\"1200\" height=\"2866\" srcset=\"https:\/\/xinshengmanufacture.com\/wp-content\/uploads\/2025\/09\/1_05.jpg 1072w, https:\/\/xinshengmanufacture.com\/wp-content\/uploads\/2025\/09\/1_05-126x300.jpg 126w, https:\/\/xinshengmanufacture.com\/wp-content\/uploads\/2025\/09\/1_05-429x1024.jpg 429w, https:\/\/xinshengmanufacture.com\/wp-content\/uploads\/2025\/09\/1_05-768x1834.jpg 768w, https:\/\/xinshengmanufacture.com\/wp-content\/uploads\/2025\/09\/1_05-643x1536.jpg 643w, https:\/\/xinshengmanufacture.com\/wp-content\/uploads\/2025\/09\/1_05-858x2048.jpg 858w, https:\/\/xinshengmanufacture.com\/wp-content\/uploads\/2025\/09\/1_05-600x1433.jpg 600w\" sizes=\"(max-width: 1200px) 100vw, 1200px\" \/> <img loading=\"lazy\" decoding=\"async\" class=\"size-full wp-image-76159 aligncenter\" src=\"https:\/\/xinshengmanufacture.com\/wp-content\/uploads\/2025\/09\/1_06.jpg\" alt=\"\" width=\"1200\" height=\"1895\" srcset=\"https:\/\/xinshengmanufacture.com\/wp-content\/uploads\/2025\/09\/1_06.jpg 1200w, https:\/\/xinshengmanufacture.com\/wp-content\/uploads\/2025\/09\/1_06-190x300.jpg 190w, https:\/\/xinshengmanufacture.com\/wp-content\/uploads\/2025\/09\/1_06-648x1024.jpg 648w, https:\/\/xinshengmanufacture.com\/wp-content\/uploads\/2025\/09\/1_06-768x1213.jpg 768w, https:\/\/xinshengmanufacture.com\/wp-content\/uploads\/2025\/09\/1_06-973x1536.jpg 973w, https:\/\/xinshengmanufacture.com\/wp-content\/uploads\/2025\/09\/1_06-600x948.jpg 600w\" sizes=\"(max-width: 1200px) 100vw, 1200px\" \/> <img loading=\"lazy\" decoding=\"async\" class=\"size-full wp-image-76171 aligncenter\" src=\"https:\/\/xinshengmanufacture.com\/wp-content\/uploads\/2025\/09\/1_07.jpg\" alt=\"\" width=\"1200\" height=\"1879\" srcset=\"https:\/\/xinshengmanufacture.com\/wp-content\/uploads\/2025\/09\/1_07.jpg 1200w, https:\/\/xinshengmanufacture.com\/wp-content\/uploads\/2025\/09\/1_07-192x300.jpg 192w, https:\/\/xinshengmanufacture.com\/wp-content\/uploads\/2025\/09\/1_07-654x1024.jpg 654w, https:\/\/xinshengmanufacture.com\/wp-content\/uploads\/2025\/09\/1_07-768x1203.jpg 768w, https:\/\/xinshengmanufacture.com\/wp-content\/uploads\/2025\/09\/1_07-981x1536.jpg 981w, https:\/\/xinshengmanufacture.com\/wp-content\/uploads\/2025\/09\/1_07-600x940.jpg 600w\" sizes=\"(max-width: 1200px) 100vw, 1200px\" \/> <img loading=\"lazy\" decoding=\"async\" class=\"size-full wp-image-76183 aligncenter\" src=\"https:\/\/xinshengmanufacture.com\/wp-content\/uploads\/2025\/09\/1_08.jpg\" alt=\"\" width=\"1200\" height=\"1879\" srcset=\"https:\/\/xinshengmanufacture.com\/wp-content\/uploads\/2025\/09\/1_08.jpg 1200w, https:\/\/xinshengmanufacture.com\/wp-content\/uploads\/2025\/09\/1_08-192x300.jpg 192w, https:\/\/xinshengmanufacture.com\/wp-content\/uploads\/2025\/09\/1_08-654x1024.jpg 654w, https:\/\/xinshengmanufacture.com\/wp-content\/uploads\/2025\/09\/1_08-768x1203.jpg 768w, https:\/\/xinshengmanufacture.com\/wp-content\/uploads\/2025\/09\/1_08-981x1536.jpg 981w, https:\/\/xinshengmanufacture.com\/wp-content\/uploads\/2025\/09\/1_08-600x940.jpg 600w\" sizes=\"(max-width: 1200px) 100vw, 1200px\" \/> <img loading=\"lazy\" decoding=\"async\" class=\"size-full wp-image-76195 aligncenter\" src=\"https:\/\/xinshengmanufacture.com\/wp-content\/uploads\/2025\/09\/1_09.jpg\" alt=\"\" width=\"1200\" height=\"1876\" srcset=\"https:\/\/xinshengmanufacture.com\/wp-content\/uploads\/2025\/09\/1_09.jpg 1200w, https:\/\/xinshengmanufacture.com\/wp-content\/uploads\/2025\/09\/1_09-192x300.jpg 192w, https:\/\/xinshengmanufacture.com\/wp-content\/uploads\/2025\/09\/1_09-655x1024.jpg 655w, https:\/\/xinshengmanufacture.com\/wp-content\/uploads\/2025\/09\/1_09-768x1201.jpg 768w, https:\/\/xinshengmanufacture.com\/wp-content\/uploads\/2025\/09\/1_09-983x1536.jpg 983w, https:\/\/xinshengmanufacture.com\/wp-content\/uploads\/2025\/09\/1_09-600x938.jpg 600w\" sizes=\"(max-width: 1200px) 100vw, 1200px\" \/> <img loading=\"lazy\" decoding=\"async\" class=\"size-full wp-image-76207 aligncenter\" src=\"https:\/\/xinshengmanufacture.com\/wp-content\/uploads\/2025\/09\/1_10.jpg\" alt=\"\" width=\"1200\" height=\"1883\" srcset=\"https:\/\/xinshengmanufacture.com\/wp-content\/uploads\/2025\/09\/1_10.jpg 1200w, https:\/\/xinshengmanufacture.com\/wp-content\/uploads\/2025\/09\/1_10-191x300.jpg 191w, https:\/\/xinshengmanufacture.com\/wp-content\/uploads\/2025\/09\/1_10-653x1024.jpg 653w, https:\/\/xinshengmanufacture.com\/wp-content\/uploads\/2025\/09\/1_10-768x1205.jpg 768w, https:\/\/xinshengmanufacture.com\/wp-content\/uploads\/2025\/09\/1_10-979x1536.jpg 979w, https:\/\/xinshengmanufacture.com\/wp-content\/uploads\/2025\/09\/1_10-600x942.jpg 600w\" sizes=\"(max-width: 1200px) 100vw, 1200px\" \/> <img loading=\"lazy\" decoding=\"async\" class=\"size-full wp-image-76219 aligncenter\" src=\"https:\/\/xinshengmanufacture.com\/wp-content\/uploads\/2025\/09\/1_11.jpg\" alt=\"\" width=\"1200\" height=\"2559\" srcset=\"https:\/\/xinshengmanufacture.com\/wp-content\/uploads\/2025\/09\/1_11.jpg 1200w, https:\/\/xinshengmanufacture.com\/wp-content\/uploads\/2025\/09\/1_11-141x300.jpg 141w, https:\/\/xinshengmanufacture.com\/wp-content\/uploads\/2025\/09\/1_11-480x1024.jpg 480w, https:\/\/xinshengmanufacture.com\/wp-content\/uploads\/2025\/09\/1_11-768x1638.jpg 768w, https:\/\/xinshengmanufacture.com\/wp-content\/uploads\/2025\/09\/1_11-720x1536.jpg 720w, https:\/\/xinshengmanufacture.com\/wp-content\/uploads\/2025\/09\/1_11-960x2048.jpg 960w, https:\/\/xinshengmanufacture.com\/wp-content\/uploads\/2025\/09\/1_11-600x1280.jpg 600w\" sizes=\"(max-width: 1200px) 100vw, 1200px\" \/> <img loading=\"lazy\" decoding=\"async\" class=\"size-full wp-image-76231 aligncenter\" src=\"https:\/\/xinshengmanufacture.com\/wp-content\/uploads\/2025\/09\/1_12.jpg\" alt=\"\" width=\"1200\" height=\"2257\" srcset=\"https:\/\/xinshengmanufacture.com\/wp-content\/uploads\/2025\/09\/1_12.jpg 1200w, https:\/\/xinshengmanufacture.com\/wp-content\/uploads\/2025\/09\/1_12-160x300.jpg 160w, https:\/\/xinshengmanufacture.com\/wp-content\/uploads\/2025\/09\/1_12-544x1024.jpg 544w, https:\/\/xinshengmanufacture.com\/wp-content\/uploads\/2025\/09\/1_12-768x1444.jpg 768w, https:\/\/xinshengmanufacture.com\/wp-content\/uploads\/2025\/09\/1_12-817x1536.jpg 817w, https:\/\/xinshengmanufacture.com\/wp-content\/uploads\/2025\/09\/1_12-1089x2048.jpg 1089w, https:\/\/xinshengmanufacture.com\/wp-content\/uploads\/2025\/09\/1_12-600x1129.jpg 600w\" sizes=\"(max-width: 1200px) 100vw, 1200px\" \/><\/p>\n","protected":false},"excerpt":{"rendered":"<p>A cama de beleza el\u00e9trica inteligente multifuncional\uff08Com fun\u00e7\u00e3o de eleva\u00e7\u00e3o, livremente ajust\u00e1vel\uff09 pode ser usada em centros de beleza, centros de massagem, centros de enfermagem, centros de spa de terapia de cabe\u00e7a, etc.<\/p>\n","protected":false},"featured_media":76312,"template":"","meta":{"_bst_post_transparent":"","_bst_post_title":"","_bst_post_layout":"","_bst_post_sidebar_id":"","_bst_post_content_style":"","_bst_post_vertical_padding":"","_bst_post_feature":"","_bst_post_feature_position":"","_bst_post_header":false,"_bst_post_footer":false},"product_brand":[1079],"product_cat":[560],"product_tag":[],"class_list":{"0":"post-76325","1":"product","2":"type-product","3":"status-publish","4":"has-post-thumbnail","6":"product_brand-xinsheng-pt-br","7":"product_cat-cama-de-beleza","8":"pa_color-cores-personalizadas","9":"pa_color-rosa-pt-br","10":"pa_size-190cm77cm88cm-pt-br","12":"first","13":"instock","14":"sale","15":"shipping-taxable","16":"purchasable","17":"product-type-variable","18":"entry","19":"content-bg","20":"loop-entry"},"_links":{"self":[{"href":"https:\/\/xinshengmanufacture.com\/pt-br\/wp-json\/wp\/v2\/product\/76325","targetHints":{"allow":["GET"]}}],"collection":[{"href":"https:\/\/xinshengmanufacture.com\/pt-br\/wp-json\/wp\/v2\/product"}],"about":[{"href":"https:\/\/xinshengmanufacture.com\/pt-br\/wp-json\/wp\/v2\/types\/product"}],"version-history":[{"count":0,"href":"https:\/\/xinshengmanufacture.com\/pt-br\/wp-json\/wp\/v2\/product\/76325\/revisions"}],"wp:featuredmedia":[{"embeddable":true,"href":"https:\/\/xinshengmanufacture.com\/pt-br\/wp-json\/wp\/v2\/media\/76312"}],"wp:attachment":[{"href":"https:\/\/xinshengmanufacture.com\/pt-br\/wp-json\/wp\/v2\/media?parent=76325"}],"wp:term":[{"taxonomy":"product_brand","embeddable":true,"href":"https:\/\/xinshengmanufacture.com\/pt-br\/wp-json\/wp\/v2\/product_brand?post=76325"},{"taxonomy":"product_cat","embeddable":true,"href":"https:\/\/xinshengmanufacture.com\/pt-br\/wp-json\/wp\/v2\/product_cat?post=76325"},{"taxonomy":"product_tag","embeddable":true,"href":"https:\/\/xinshengmanufacture.com\/pt-br\/wp-json\/wp\/v2\/product_tag?post=76325"}],"curies":[{"name":"wp","href":"https:\/\/api.w.org\/{rel}","templated":true}]}}