{"id":77097,"date":"2025-09-13T08:51:05","date_gmt":"2025-09-13T08:51:05","guid":{"rendered":"https:\/\/xinshengmanufacture.com\/product\/cadeira-de-pedicure-multifuncional-para-banho-de-pes-com-funcao-de-massagem-equipamento-para-moveis-de-salao-de-beleza-centro-de-massagem-para-pes-cadeira-de-banho-para-pes-centro-de-massagem-para-cab\/"},"modified":"2025-09-13T08:51:05","modified_gmt":"2025-09-13T08:51:05","slug":"cadeira-de-pedicure-multifuncional-para-banho-de-pes-com-funcao-de-massagem-equipamento-para-moveis-de-salao-de-beleza-centro-de-massagem-para-pes-cadeira-de-banho-para-pes-centro-de-massagem-para-cab","status":"publish","type":"product","link":"https:\/\/xinshengmanufacture.com\/pt-br\/product\/cadeira-de-pedicure-multifuncional-para-banho-de-pes-com-funcao-de-massagem-equipamento-para-moveis-de-salao-de-beleza-centro-de-massagem-para-pes-cadeira-de-banho-para-pes-centro-de-massagem-para-cab\/","title":{"rendered":"Cadeira de pedicure multifuncional para banho de p\u00e9s com fun\u00e7\u00e3o de massagem Equipamento para m\u00f3veis de sal\u00e3o de beleza Centro de massagem para p\u00e9s Cadeira de banho para p\u00e9s Centro de massagem para cabe\u00e7a de spa Equipamento para banho de p\u00e9s Fabricante de m\u00f3veis para sal\u00e3o de beleza"},"content":{"rendered":"<p><img fetchpriority=\"high\" decoding=\"async\" class=\"alignnone size-full wp-image-75522 aligncenter\" src=\"https:\/\/xinshengmanufacture.com\/wp-content\/uploads\/2025\/09\/%E8%B6%85%E5%B7%A5%E5%AE%9A%E5%88%B6%E8%8B%B1%E6%96%87_011.jpg\" alt=\"\" width=\"1200\" height=\"1857\"><img decoding=\"async\" class=\"alignnone size-full wp-image-75534 aligncenter\" src=\"https:\/\/xinshengmanufacture.com\/wp-content\/uploads\/2025\/09\/%E8%B6%85%E5%B7%A5%E5%AE%9A%E5%88%B6%E8%8B%B1%E6%96%87_021.jpg\" alt=\"\" width=\"1200\" height=\"1054\"><img decoding=\"async\" class=\"alignnone size-full wp-image-75546 aligncenter\" src=\"https:\/\/xinshengmanufacture.com\/wp-content\/uploads\/2025\/09\/%E8%B6%85%E5%B7%A5%E5%AE%9A%E5%88%B6%E8%8B%B1%E6%96%87_031.jpg\" alt=\"\" width=\"1200\" height=\"1563\"><img loading=\"lazy\" decoding=\"async\" class=\"alignnone size-full wp-image-75558 aligncenter\" src=\"https:\/\/xinshengmanufacture.com\/wp-content\/uploads\/2025\/09\/%E8%B6%85%E5%B7%A5%E5%AE%9A%E5%88%B6%E8%8B%B1%E6%96%87_041.jpg\" alt=\"\" width=\"1200\" height=\"1755\"><img loading=\"lazy\" decoding=\"async\" class=\"alignnone size-full wp-image-75570 aligncenter\" src=\"https:\/\/xinshengmanufacture.com\/wp-content\/uploads\/2025\/09\/%E8%B6%85%E5%B7%A5%E5%AE%9A%E5%88%B6%E8%8B%B1%E6%96%87_051.jpg\" alt=\"\" width=\"1200\" height=\"2257\"><img loading=\"lazy\" decoding=\"async\" class=\"size-full wp-image-76827 aligncenter\" src=\"https:\/\/xinshengmanufacture.com\/wp-content\/uploads\/2025\/09\/%E8%AF%A6%E6%83%85%E9%A1%B5_01.jpg\" alt=\"\" width=\"1200\" height=\"1781\"> <img loading=\"lazy\" decoding=\"async\" class=\"size-full wp-image-76839 aligncenter\" src=\"https:\/\/xinshengmanufacture.com\/wp-content\/uploads\/2025\/09\/%E8%AF%A6%E6%83%85%E9%A1%B5_02.jpg\" alt=\"\" width=\"1200\" height=\"1417\"> <img loading=\"lazy\" decoding=\"async\" class=\"aligncenter wp-image-76851\" src=\"https:\/\/xinshengmanufacture.com\/wp-content\/uploads\/2025\/09\/%E8%AF%A6%E6%83%85%E9%A1%B5_03.jpg\" alt=\"\" width=\"1200\" height=\"3394\"> <img loading=\"lazy\" decoding=\"async\" class=\"aligncenter wp-image-76863\" src=\"https:\/\/xinshengmanufacture.com\/wp-content\/uploads\/2025\/09\/%E8%AF%A6%E6%83%85%E9%A1%B5_04.jpg\" alt=\"\" width=\"1200\" height=\"3391\"> <img loading=\"lazy\" decoding=\"async\" class=\"aligncenter wp-image-76875\" src=\"https:\/\/xinshengmanufacture.com\/wp-content\/uploads\/2025\/09\/%E8%AF%A6%E6%83%85%E9%A1%B5_05.jpg\" alt=\"\" width=\"1200\" height=\"3429\"> <img loading=\"lazy\" decoding=\"async\" class=\"size-full wp-image-76887 aligncenter\" src=\"https:\/\/xinshengmanufacture.com\/wp-content\/uploads\/2025\/09\/%E8%AF%A6%E6%83%85%E9%A1%B5_06.jpg\" alt=\"\" width=\"1200\" height=\"2548\"> <img loading=\"lazy\" decoding=\"async\" class=\"aligncenter wp-image-76899\" src=\"https:\/\/xinshengmanufacture.com\/wp-content\/uploads\/2025\/09\/%E8%AF%A6%E6%83%85%E9%A1%B5_07.jpg\" alt=\"\" width=\"1200\" height=\"2898\"> <img loading=\"lazy\" decoding=\"async\" class=\"size-full wp-image-76911 aligncenter\" src=\"https:\/\/xinshengmanufacture.com\/wp-content\/uploads\/2025\/09\/%E8%AF%A6%E6%83%85%E9%A1%B5_08.jpg\" alt=\"\" width=\"1200\" height=\"2460\"><\/p>\n","protected":false},"excerpt":{"rendered":"<p>A cadeira de massagem inteligente multifuncional para pedicure pode ser usada em sal\u00f5es de cabeleireiro, centros de spa, centros de massagem, centros de banho para os p\u00e9s, etc.<\/p>\n","protected":false},"featured_media":76978,"template":"","meta":{"_bst_post_transparent":"","_bst_post_title":"","_bst_post_layout":"","_bst_post_sidebar_id":"","_bst_post_content_style":"","_bst_post_vertical_padding":"","_bst_post_feature":"","_bst_post_feature_position":"","_bst_post_header":false,"_bst_post_footer":false},"product_brand":[1079],"product_cat":[902],"product_tag":[],"class_list":{"0":"post-77097","1":"product","2":"type-product","3":"status-publish","4":"has-post-thumbnail","6":"product_brand-xinsheng-pt-br","7":"product_cat-cadeira-de-pedicure-footbath","8":"pa_color-cinza","9":"pa_color-cores-personalizadas","10":"pa_size-150cm82cm134cm-pt-br","12":"first","13":"instock","14":"sale","15":"shipping-taxable","16":"purchasable","17":"product-type-variable","18":"entry","19":"content-bg","20":"loop-entry"},"_links":{"self":[{"href":"https:\/\/xinshengmanufacture.com\/pt-br\/wp-json\/wp\/v2\/product\/77097","targetHints":{"allow":["GET"]}}],"collection":[{"href":"https:\/\/xinshengmanufacture.com\/pt-br\/wp-json\/wp\/v2\/product"}],"about":[{"href":"https:\/\/xinshengmanufacture.com\/pt-br\/wp-json\/wp\/v2\/types\/product"}],"version-history":[{"count":0,"href":"https:\/\/xinshengmanufacture.com\/pt-br\/wp-json\/wp\/v2\/product\/77097\/revisions"}],"wp:featuredmedia":[{"embeddable":true,"href":"https:\/\/xinshengmanufacture.com\/pt-br\/wp-json\/wp\/v2\/media\/76978"}],"wp:attachment":[{"href":"https:\/\/xinshengmanufacture.com\/pt-br\/wp-json\/wp\/v2\/media?parent=77097"}],"wp:term":[{"taxonomy":"product_brand","embeddable":true,"href":"https:\/\/xinshengmanufacture.com\/pt-br\/wp-json\/wp\/v2\/product_brand?post=77097"},{"taxonomy":"product_cat","embeddable":true,"href":"https:\/\/xinshengmanufacture.com\/pt-br\/wp-json\/wp\/v2\/product_cat?post=77097"},{"taxonomy":"product_tag","embeddable":true,"href":"https:\/\/xinshengmanufacture.com\/pt-br\/wp-json\/wp\/v2\/product_tag?post=77097"}],"curies":[{"name":"wp","href":"https:\/\/api.w.org\/{rel}","templated":true}]}}