{"id":79595,"date":"2025-10-10T09:06:28","date_gmt":"2025-10-10T09:06:28","guid":{"rendered":"https:\/\/xinshengmanufacture.com\/\u4ea7\u54c1\/sofa-simples-e-elegante-cadeira-de-pedicure-para-banho-de-pes-fabricante-de-moveis-para-salao-de-beleza-cadeira-de-pedicure-para-banho-de-pes-centro-de-spa-cadeira-de-pedicure-equipamento-para-s\/"},"modified":"2025-10-10T09:06:28","modified_gmt":"2025-10-10T09:06:28","slug":"sofa-simples-e-elegante-cadeira-de-pedicure-para-banho-de-pes-fabricante-de-moveis-para-salao-de-beleza-cadeira-de-pedicure-para-banho-de-pes-centro-de-spa-cadeira-de-pedicure-equipamento-para-s","status":"publish","type":"product","link":"https:\/\/xinshengmanufacture.com\/pt-br\/product\/sofa-simples-e-elegante-cadeira-de-pedicure-para-banho-de-pes-fabricante-de-moveis-para-salao-de-beleza-cadeira-de-pedicure-para-banho-de-pes-centro-de-spa-cadeira-de-pedicure-equipamento-para-s\/","title":{"rendered":"Sof\u00e1 simples e elegante, cadeira de pedicure para banho de p\u00e9s, fabricante de m\u00f3veis para sal\u00e3o de beleza, cadeira de pedicure para banho de p\u00e9s, centro de spa, cadeira de pedicure, equipamento para sal\u00e3o de beleza, vendas diretas da f\u00e1brica"},"content":{"rendered":"<div class=\"wp-playlist wp-video-playlist wp-playlist-light\">\n\t\t<video controls=\"controls\" preload=\"none\" width=\"1408\"\n\t\t height=\"792\"\t><\/video>\n\t<div class=\"wp-playlist-next\"><\/div>\n\t<div class=\"wp-playlist-prev\"><\/div>\n\t<noscript>\n\t<ol>\n\t\t<li><a href='https:\/\/xinshengmanufacture.com\/wp-content\/uploads\/2025\/10\/7-3.mp4'>7<\/a><\/li>\t<\/ol>\n\t<\/noscript>\n\t<script type=\"application\/json\" class=\"wp-playlist-script\">{\"type\":\"video\",\"tracklist\":false,\"tracknumbers\":true,\"images\":true,\"artists\":true,\"tracks\":[{\"src\":\"https:\/\/xinshengmanufacture.com\/wp-content\/uploads\/2025\/10\/7-3.mp4\",\"type\":\"video\/mp4\",\"title\":\"7\",\"caption\":\"\",\"description\":\"\",\"meta\":{\"length_formatted\":\"0:49\"},\"dimensions\":{\"original\":{\"width\":1280,\"height\":720},\"resized\":{\"width\":1408,\"height\":792}},\"image\":{\"src\":\"https:\/\/xinshengmanufacture.com\/wp-includes\/images\/media\/video.svg\",\"width\":48,\"height\":64},\"thumb\":{\"src\":\"https:\/\/xinshengmanufacture.com\/wp-includes\/images\/media\/video.svg\",\"width\":48,\"height\":64}}]}<\/script>\n<\/div>\n\t\n<p style=\"text-align: center;\"><img fetchpriority=\"high\" decoding=\"async\" class=\"size-full wp-image-78585 aligncenter\" src=\"https:\/\/xinshengmanufacture.com\/wp-content\/uploads\/2025\/10\/%E8%B6%85%E5%B7%A5%E5%AE%9A%E5%88%B6%E8%8B%B1%E6%96%87_011.jpg\" alt=\"\" width=\"1200\" height=\"1857\"><img decoding=\"async\" class=\"size-full wp-image-78597 aligncenter\" src=\"https:\/\/xinshengmanufacture.com\/wp-content\/uploads\/2025\/10\/%E8%B6%85%E5%B7%A5%E5%AE%9A%E5%88%B6%E8%8B%B1%E6%96%87_021.jpg\" alt=\"\" width=\"1200\" height=\"1054\"><img decoding=\"async\" class=\"size-full wp-image-78609 aligncenter\" src=\"https:\/\/xinshengmanufacture.com\/wp-content\/uploads\/2025\/10\/%E8%B6%85%E5%B7%A5%E5%AE%9A%E5%88%B6%E8%8B%B1%E6%96%87_031.jpg\" alt=\"\" width=\"1200\" height=\"1563\"><img loading=\"lazy\" decoding=\"async\" class=\"size-full wp-image-78621 aligncenter\" src=\"https:\/\/xinshengmanufacture.com\/wp-content\/uploads\/2025\/10\/%E8%B6%85%E5%B7%A5%E5%AE%9A%E5%88%B6%E8%8B%B1%E6%96%87_041.jpg\" alt=\"\" width=\"1200\" height=\"1755\"><img loading=\"lazy\" decoding=\"async\" class=\"size-full wp-image-78633 aligncenter\" src=\"https:\/\/xinshengmanufacture.com\/wp-content\/uploads\/2025\/10\/%E8%B6%85%E5%B7%A5%E5%AE%9A%E5%88%B6%E8%8B%B1%E6%96%87_051.jpg\" alt=\"\" width=\"1200\" height=\"2257\"><img loading=\"lazy\" decoding=\"async\" class=\"size-full wp-image-78854 aligncenter\" src=\"https:\/\/xinshengmanufacture.com\/wp-content\/uploads\/2025\/10\/1_01-3.jpg\" alt=\"\" width=\"1200\" height=\"1801\" srcset=\"https:\/\/xinshengmanufacture.com\/wp-content\/uploads\/2025\/10\/1_01-3.jpg 1200w, https:\/\/xinshengmanufacture.com\/wp-content\/uploads\/2025\/10\/1_01-3-200x300.jpg 200w, https:\/\/xinshengmanufacture.com\/wp-content\/uploads\/2025\/10\/1_01-3-682x1024.jpg 682w, https:\/\/xinshengmanufacture.com\/wp-content\/uploads\/2025\/10\/1_01-3-768x1153.jpg 768w, https:\/\/xinshengmanufacture.com\/wp-content\/uploads\/2025\/10\/1_01-3-1023x1536.jpg 1023w, https:\/\/xinshengmanufacture.com\/wp-content\/uploads\/2025\/10\/1_01-3-600x901.jpg 600w\" sizes=\"(max-width: 1200px) 100vw, 1200px\" \/> <img loading=\"lazy\" decoding=\"async\" class=\"size-full wp-image-78866 aligncenter\" src=\"https:\/\/xinshengmanufacture.com\/wp-content\/uploads\/2025\/10\/1_02-3.jpg\" alt=\"\" width=\"1200\" height=\"1508\" srcset=\"https:\/\/xinshengmanufacture.com\/wp-content\/uploads\/2025\/10\/1_02-3.jpg 1200w, https:\/\/xinshengmanufacture.com\/wp-content\/uploads\/2025\/10\/1_02-3-239x300.jpg 239w, https:\/\/xinshengmanufacture.com\/wp-content\/uploads\/2025\/10\/1_02-3-815x1024.jpg 815w, https:\/\/xinshengmanufacture.com\/wp-content\/uploads\/2025\/10\/1_02-3-768x965.jpg 768w, https:\/\/xinshengmanufacture.com\/wp-content\/uploads\/2025\/10\/1_02-3-600x754.jpg 600w\" sizes=\"(max-width: 1200px) 100vw, 1200px\" \/> <img loading=\"lazy\" decoding=\"async\" class=\"size-full wp-image-78878 aligncenter\" src=\"https:\/\/xinshengmanufacture.com\/wp-content\/uploads\/2025\/10\/1_04-3.jpg\" alt=\"\" width=\"1200\" height=\"1902\" srcset=\"https:\/\/xinshengmanufacture.com\/wp-content\/uploads\/2025\/10\/1_04-3.jpg 1200w, https:\/\/xinshengmanufacture.com\/wp-content\/uploads\/2025\/10\/1_04-3-189x300.jpg 189w, https:\/\/xinshengmanufacture.com\/wp-content\/uploads\/2025\/10\/1_04-3-646x1024.jpg 646w, https:\/\/xinshengmanufacture.com\/wp-content\/uploads\/2025\/10\/1_04-3-768x1217.jpg 768w, https:\/\/xinshengmanufacture.com\/wp-content\/uploads\/2025\/10\/1_04-3-969x1536.jpg 969w, https:\/\/xinshengmanufacture.com\/wp-content\/uploads\/2025\/10\/1_04-3-600x951.jpg 600w\" sizes=\"(max-width: 1200px) 100vw, 1200px\" \/> <img loading=\"lazy\" decoding=\"async\" class=\"size-full wp-image-78890 aligncenter\" src=\"https:\/\/xinshengmanufacture.com\/wp-content\/uploads\/2025\/10\/1_05-3.jpg\" alt=\"\" width=\"1200\" height=\"1490\" srcset=\"https:\/\/xinshengmanufacture.com\/wp-content\/uploads\/2025\/10\/1_05-3.jpg 1200w, https:\/\/xinshengmanufacture.com\/wp-content\/uploads\/2025\/10\/1_05-3-242x300.jpg 242w, https:\/\/xinshengmanufacture.com\/wp-content\/uploads\/2025\/10\/1_05-3-825x1024.jpg 825w, https:\/\/xinshengmanufacture.com\/wp-content\/uploads\/2025\/10\/1_05-3-768x954.jpg 768w, https:\/\/xinshengmanufacture.com\/wp-content\/uploads\/2025\/10\/1_05-3-600x745.jpg 600w\" sizes=\"(max-width: 1200px) 100vw, 1200px\" \/> <img loading=\"lazy\" decoding=\"async\" class=\"size-full wp-image-78902 aligncenter\" src=\"https:\/\/xinshengmanufacture.com\/wp-content\/uploads\/2025\/10\/1_06-3.jpg\" alt=\"\" width=\"1200\" height=\"1902\" srcset=\"https:\/\/xinshengmanufacture.com\/wp-content\/uploads\/2025\/10\/1_06-3.jpg 1200w, https:\/\/xinshengmanufacture.com\/wp-content\/uploads\/2025\/10\/1_06-3-189x300.jpg 189w, https:\/\/xinshengmanufacture.com\/wp-content\/uploads\/2025\/10\/1_06-3-646x1024.jpg 646w, https:\/\/xinshengmanufacture.com\/wp-content\/uploads\/2025\/10\/1_06-3-768x1217.jpg 768w, https:\/\/xinshengmanufacture.com\/wp-content\/uploads\/2025\/10\/1_06-3-969x1536.jpg 969w, https:\/\/xinshengmanufacture.com\/wp-content\/uploads\/2025\/10\/1_06-3-600x951.jpg 600w\" sizes=\"(max-width: 1200px) 100vw, 1200px\" \/> <img loading=\"lazy\" decoding=\"async\" class=\"size-full wp-image-78914 aligncenter\" src=\"https:\/\/xinshengmanufacture.com\/wp-content\/uploads\/2025\/10\/1_07-3.jpg\" alt=\"\" width=\"1200\" height=\"1454\" srcset=\"https:\/\/xinshengmanufacture.com\/wp-content\/uploads\/2025\/10\/1_07-3.jpg 1200w, https:\/\/xinshengmanufacture.com\/wp-content\/uploads\/2025\/10\/1_07-3-248x300.jpg 248w, https:\/\/xinshengmanufacture.com\/wp-content\/uploads\/2025\/10\/1_07-3-845x1024.jpg 845w, https:\/\/xinshengmanufacture.com\/wp-content\/uploads\/2025\/10\/1_07-3-768x931.jpg 768w, https:\/\/xinshengmanufacture.com\/wp-content\/uploads\/2025\/10\/1_07-3-600x727.jpg 600w\" sizes=\"(max-width: 1200px) 100vw, 1200px\" \/> <img loading=\"lazy\" decoding=\"async\" class=\"aligncenter wp-image-78926\" src=\"https:\/\/xinshengmanufacture.com\/wp-content\/uploads\/2025\/10\/1_08-3.jpg\" alt=\"\" width=\"1200\" height=\"2586\" srcset=\"https:\/\/xinshengmanufacture.com\/wp-content\/uploads\/2025\/10\/1_08-3.jpg 1188w, https:\/\/xinshengmanufacture.com\/wp-content\/uploads\/2025\/10\/1_08-3-139x300.jpg 139w, https:\/\/xinshengmanufacture.com\/wp-content\/uploads\/2025\/10\/1_08-3-475x1024.jpg 475w, https:\/\/xinshengmanufacture.com\/wp-content\/uploads\/2025\/10\/1_08-3-768x1655.jpg 768w, https:\/\/xinshengmanufacture.com\/wp-content\/uploads\/2025\/10\/1_08-3-713x1536.jpg 713w, https:\/\/xinshengmanufacture.com\/wp-content\/uploads\/2025\/10\/1_08-3-950x2048.jpg 950w, https:\/\/xinshengmanufacture.com\/wp-content\/uploads\/2025\/10\/1_08-3-600x1293.jpg 600w\" sizes=\"(max-width: 1200px) 100vw, 1200px\" \/> <img loading=\"lazy\" decoding=\"async\" class=\"aligncenter wp-image-78938\" src=\"https:\/\/xinshengmanufacture.com\/wp-content\/uploads\/2025\/10\/1_09-3.jpg\" alt=\"\" width=\"1200\" height=\"2829\" srcset=\"https:\/\/xinshengmanufacture.com\/wp-content\/uploads\/2025\/10\/1_09-3.jpg 1086w, https:\/\/xinshengmanufacture.com\/wp-content\/uploads\/2025\/10\/1_09-3-127x300.jpg 127w, https:\/\/xinshengmanufacture.com\/wp-content\/uploads\/2025\/10\/1_09-3-434x1024.jpg 434w, https:\/\/xinshengmanufacture.com\/wp-content\/uploads\/2025\/10\/1_09-3-768x1810.jpg 768w, https:\/\/xinshengmanufacture.com\/wp-content\/uploads\/2025\/10\/1_09-3-652x1536.jpg 652w, https:\/\/xinshengmanufacture.com\/wp-content\/uploads\/2025\/10\/1_09-3-869x2048.jpg 869w, https:\/\/xinshengmanufacture.com\/wp-content\/uploads\/2025\/10\/1_09-3-600x1414.jpg 600w\" sizes=\"(max-width: 1200px) 100vw, 1200px\" \/> <img loading=\"lazy\" decoding=\"async\" class=\"size-full wp-image-78950 aligncenter\" src=\"https:\/\/xinshengmanufacture.com\/wp-content\/uploads\/2025\/10\/1_10-3.jpg\" alt=\"\" width=\"1200\" height=\"2470\" srcset=\"https:\/\/xinshengmanufacture.com\/wp-content\/uploads\/2025\/10\/1_10-3.jpg 1200w, https:\/\/xinshengmanufacture.com\/wp-content\/uploads\/2025\/10\/1_10-3-146x300.jpg 146w, https:\/\/xinshengmanufacture.com\/wp-content\/uploads\/2025\/10\/1_10-3-497x1024.jpg 497w, https:\/\/xinshengmanufacture.com\/wp-content\/uploads\/2025\/10\/1_10-3-768x1581.jpg 768w, https:\/\/xinshengmanufacture.com\/wp-content\/uploads\/2025\/10\/1_10-3-746x1536.jpg 746w, https:\/\/xinshengmanufacture.com\/wp-content\/uploads\/2025\/10\/1_10-3-995x2048.jpg 995w, https:\/\/xinshengmanufacture.com\/wp-content\/uploads\/2025\/10\/1_10-3-600x1235.jpg 600w\" sizes=\"(max-width: 1200px) 100vw, 1200px\" \/><\/p>\n<div id=\"gtx-trans\" style=\"position: absolute; left: 685px; top: 35px;\">\n<div class=\"gtx-trans-icon\"><\/div>\n<\/div>\n","protected":false},"excerpt":{"rendered":"<p>A cadeira de pedicure com sof\u00e1 pode ser usada em spas, sal\u00f5es de manicure, centros de banho para p\u00e9s, etc., e suporta cores personalizadas<\/p>\n","protected":false},"featured_media":78981,"template":"","meta":{"_bst_post_transparent":"","_bst_post_title":"","_bst_post_layout":"","_bst_post_sidebar_id":"","_bst_post_content_style":"","_bst_post_vertical_padding":"","_bst_post_feature":"","_bst_post_feature_position":"","_bst_post_header":false,"_bst_post_footer":false},"product_brand":[1079],"product_cat":[902],"product_tag":[],"class_list":{"0":"post-79595","1":"product","2":"type-product","3":"status-publish","4":"has-post-thumbnail","6":"product_brand-xinsheng-pt-br","7":"product_cat-cadeira-de-pedicure-footbath","8":"pa_color-cores-personalizadas","9":"pa_color-preto","10":"pa_size-144cm71cm125cm-pt-br","12":"first","13":"instock","14":"sale","15":"shipping-taxable","16":"purchasable","17":"product-type-variable","18":"entry","19":"content-bg","20":"loop-entry"},"_links":{"self":[{"href":"https:\/\/xinshengmanufacture.com\/pt-br\/wp-json\/wp\/v2\/product\/79595","targetHints":{"allow":["GET"]}}],"collection":[{"href":"https:\/\/xinshengmanufacture.com\/pt-br\/wp-json\/wp\/v2\/product"}],"about":[{"href":"https:\/\/xinshengmanufacture.com\/pt-br\/wp-json\/wp\/v2\/types\/product"}],"version-history":[{"count":0,"href":"https:\/\/xinshengmanufacture.com\/pt-br\/wp-json\/wp\/v2\/product\/79595\/revisions"}],"wp:featuredmedia":[{"embeddable":true,"href":"https:\/\/xinshengmanufacture.com\/pt-br\/wp-json\/wp\/v2\/media\/78981"}],"wp:attachment":[{"href":"https:\/\/xinshengmanufacture.com\/pt-br\/wp-json\/wp\/v2\/media?parent=79595"}],"wp:term":[{"taxonomy":"product_brand","embeddable":true,"href":"https:\/\/xinshengmanufacture.com\/pt-br\/wp-json\/wp\/v2\/product_brand?post=79595"},{"taxonomy":"product_cat","embeddable":true,"href":"https:\/\/xinshengmanufacture.com\/pt-br\/wp-json\/wp\/v2\/product_cat?post=79595"},{"taxonomy":"product_tag","embeddable":true,"href":"https:\/\/xinshengmanufacture.com\/pt-br\/wp-json\/wp\/v2\/product_tag?post=79595"}],"curies":[{"name":"wp","href":"https:\/\/api.w.org\/{rel}","templated":true}]}}