{"id":80882,"date":"2025-10-13T09:54:40","date_gmt":"2025-10-13T09:54:40","guid":{"rendered":"https:\/\/xinshengmanufacture.com\/\u4ea7\u54c1\/sofa-para-banho-dos-pes-cadeira-de-pedicure-elegante-e-de-alta-qualidade-mobilia-de-salao-de-beleza-sofa-de-manicure-suporte-de-elevacao-eletrica-reclinavel-com-um-botao-centro-de-spa-cadeira-de-banh\/"},"modified":"2025-10-13T09:54:40","modified_gmt":"2025-10-13T09:54:40","slug":"sofa-para-banho-dos-pes-cadeira-de-pedicure-elegante-e-de-alta-qualidade-mobilia-de-salao-de-beleza-sofa-de-manicure-suporte-de-elevacao-eletrica-reclinavel-com-um-botao-centro-de-spa-cadeira-de-banh","status":"publish","type":"product","link":"https:\/\/xinshengmanufacture.com\/pt-br\/product\/sofa-para-banho-dos-pes-cadeira-de-pedicure-elegante-e-de-alta-qualidade-mobilia-de-salao-de-beleza-sofa-de-manicure-suporte-de-elevacao-eletrica-reclinavel-com-um-botao-centro-de-spa-cadeira-de-banh\/","title":{"rendered":"Sof\u00e1 para banho dos p\u00e9s cadeira de pedicure elegante e de alta qualidade mob\u00edlia de sal\u00e3o de beleza sof\u00e1 de manicure suporte de eleva\u00e7\u00e3o el\u00e9trica reclin\u00e1vel com um bot\u00e3o, centro de spa cadeira de banho dos p\u00e9s fabricante de mob\u00edlia de sal\u00e3o"},"content":{"rendered":"<div class=\"wp-playlist wp-video-playlist wp-playlist-light\">\n\t\t<video controls=\"controls\" preload=\"none\" width=\"1408\"\n\t\t height=\"2503\"\t><\/video>\n\t<div class=\"wp-playlist-next\"><\/div>\n\t<div class=\"wp-playlist-prev\"><\/div>\n\t<noscript>\n\t<ol>\n\t\t<li><a href='https:\/\/xinshengmanufacture.com\/wp-content\/uploads\/2025\/10\/10\u670813\u65e5-1.mp4'>10\u670813\u65e5 (1)<\/a><\/li>\t<\/ol>\n\t<\/noscript>\n\t<script type=\"application\/json\" class=\"wp-playlist-script\">{\"type\":\"video\",\"tracklist\":false,\"tracknumbers\":true,\"images\":true,\"artists\":true,\"tracks\":[{\"src\":\"https:\/\/xinshengmanufacture.com\/wp-content\/uploads\/2025\/10\/10\\u670813\\u65e5-1.mp4\",\"type\":\"video\/mp4\",\"title\":\"10\\u670813\\u65e5 (1)\",\"caption\":\"\",\"description\":\"\",\"meta\":{\"length_formatted\":\"0:24\"},\"dimensions\":{\"original\":{\"width\":1080,\"height\":1920},\"resized\":{\"width\":1408,\"height\":2503}},\"image\":{\"src\":\"https:\/\/xinshengmanufacture.com\/wp-includes\/images\/media\/video.svg\",\"width\":48,\"height\":64},\"thumb\":{\"src\":\"https:\/\/xinshengmanufacture.com\/wp-includes\/images\/media\/video.svg\",\"width\":48,\"height\":64}}]}<\/script>\n<\/div>\n\t\n<p><img fetchpriority=\"high\" decoding=\"async\" class=\"size-full wp-image-78585 aligncenter\" src=\"https:\/\/xinshengmanufacture.com\/wp-content\/uploads\/2025\/10\/%E8%B6%85%E5%B7%A5%E5%AE%9A%E5%88%B6%E8%8B%B1%E6%96%87_011.jpg\" alt=\"\" width=\"1200\" height=\"1857\"><img decoding=\"async\" class=\"size-full wp-image-78597 aligncenter\" src=\"https:\/\/xinshengmanufacture.com\/wp-content\/uploads\/2025\/10\/%E8%B6%85%E5%B7%A5%E5%AE%9A%E5%88%B6%E8%8B%B1%E6%96%87_021.jpg\" alt=\"\" width=\"1200\" height=\"1054\"><img decoding=\"async\" class=\"size-full wp-image-78609 aligncenter\" src=\"https:\/\/xinshengmanufacture.com\/wp-content\/uploads\/2025\/10\/%E8%B6%85%E5%B7%A5%E5%AE%9A%E5%88%B6%E8%8B%B1%E6%96%87_031.jpg\" alt=\"\" width=\"1200\" height=\"1563\"><img loading=\"lazy\" decoding=\"async\" class=\"size-full wp-image-78621 aligncenter\" src=\"https:\/\/xinshengmanufacture.com\/wp-content\/uploads\/2025\/10\/%E8%B6%85%E5%B7%A5%E5%AE%9A%E5%88%B6%E8%8B%B1%E6%96%87_041.jpg\" alt=\"\" width=\"1200\" height=\"1755\"><img loading=\"lazy\" decoding=\"async\" class=\"size-full wp-image-78621 aligncenter\" src=\"https:\/\/xinshengmanufacture.com\/wp-content\/uploads\/2025\/10\/%E8%B6%85%E5%B7%A5%E5%AE%9A%E5%88%B6%E8%8B%B1%E6%96%87_041.jpg\" alt=\"\" width=\"1200\" height=\"1755\"><img loading=\"lazy\" decoding=\"async\" class=\"size-full wp-image-78633 aligncenter\" src=\"https:\/\/xinshengmanufacture.com\/wp-content\/uploads\/2025\/10\/%E8%B6%85%E5%B7%A5%E5%AE%9A%E5%88%B6%E8%8B%B1%E6%96%87_051.jpg\" alt=\"\" width=\"1200\" height=\"2257\"><img loading=\"lazy\" decoding=\"async\" class=\"size-full wp-image-80119 aligncenter\" src=\"https:\/\/xinshengmanufacture.com\/wp-content\/uploads\/2025\/10\/%E5%9B%BD%E5%A4%96-%E6%81%A2%E5%A4%8D%E7%9A%84_01.jpg\" alt=\"\" width=\"1200\" height=\"2018\"> <img loading=\"lazy\" decoding=\"async\" class=\"size-full wp-image-80131 aligncenter\" src=\"https:\/\/xinshengmanufacture.com\/wp-content\/uploads\/2025\/10\/%E5%9B%BD%E5%A4%96-%E6%81%A2%E5%A4%8D%E7%9A%84_02.jpg\" alt=\"\" width=\"1200\" height=\"1531\"> <img loading=\"lazy\" decoding=\"async\" class=\"size-full wp-image-80143 aligncenter\" src=\"https:\/\/xinshengmanufacture.com\/wp-content\/uploads\/2025\/10\/%E5%9B%BD%E5%A4%96-%E6%81%A2%E5%A4%8D%E7%9A%84_03.jpg\" alt=\"\" width=\"1200\" height=\"1993\"> <img loading=\"lazy\" decoding=\"async\" class=\"aligncenter wp-image-80155\" src=\"https:\/\/xinshengmanufacture.com\/wp-content\/uploads\/2025\/10\/%E5%9B%BD%E5%A4%96-%E6%81%A2%E5%A4%8D%E7%9A%84_04.jpg\" alt=\"\" width=\"1200\" height=\"5086\"> <img loading=\"lazy\" decoding=\"async\" class=\"size-full wp-image-80167 aligncenter\" src=\"https:\/\/xinshengmanufacture.com\/wp-content\/uploads\/2025\/10\/%E5%9B%BD%E5%A4%96-%E6%81%A2%E5%A4%8D%E7%9A%84_05.jpg\" alt=\"\" width=\"1200\" height=\"1803\"> <img loading=\"lazy\" decoding=\"async\" class=\"size-full wp-image-80179 aligncenter\" src=\"https:\/\/xinshengmanufacture.com\/wp-content\/uploads\/2025\/10\/%E5%9B%BD%E5%A4%96-%E6%81%A2%E5%A4%8D%E7%9A%84_06.jpg\" alt=\"\" width=\"1200\" height=\"1791\"> <img loading=\"lazy\" decoding=\"async\" class=\"size-full wp-image-80191 aligncenter\" src=\"https:\/\/xinshengmanufacture.com\/wp-content\/uploads\/2025\/10\/%E5%9B%BD%E5%A4%96-%E6%81%A2%E5%A4%8D%E7%9A%84_07.jpg\" alt=\"\" width=\"1200\" height=\"2330\"> <img loading=\"lazy\" decoding=\"async\" class=\"size-full wp-image-80203 aligncenter\" src=\"https:\/\/xinshengmanufacture.com\/wp-content\/uploads\/2025\/10\/%E5%9B%BD%E5%A4%96-%E6%81%A2%E5%A4%8D%E7%9A%84_08.jpg\" alt=\"\" width=\"1200\" height=\"1570\"> <img loading=\"lazy\" decoding=\"async\" class=\"size-full wp-image-80215 aligncenter\" src=\"https:\/\/xinshengmanufacture.com\/wp-content\/uploads\/2025\/10\/%E5%9B%BD%E5%A4%96-%E6%81%A2%E5%A4%8D%E7%9A%84_09.jpg\" alt=\"\" width=\"1200\" height=\"1897\"> <img loading=\"lazy\" decoding=\"async\" class=\"size-full wp-image-80227 aligncenter\" src=\"https:\/\/xinshengmanufacture.com\/wp-content\/uploads\/2025\/10\/%E5%9B%BD%E5%A4%96-%E6%81%A2%E5%A4%8D%E7%9A%84_10.jpg\" alt=\"\" width=\"1200\" height=\"2249\"><\/p>\n","protected":false},"excerpt":{"rendered":"<p>A cadeira de pedicure com sof\u00e1 para banho de p\u00e9s pode ser usada em sal\u00f5es de cabeleireiro, sal\u00f5es de beleza, centros de spa, etc., com suporte para cores personalizadas<\/p>\n","protected":false},"featured_media":80306,"template":"","meta":{"_bst_post_transparent":"","_bst_post_title":"","_bst_post_layout":"","_bst_post_sidebar_id":"","_bst_post_content_style":"","_bst_post_vertical_padding":"","_bst_post_feature":"","_bst_post_feature_position":"","_bst_post_header":false,"_bst_post_footer":false},"product_brand":[1079],"product_cat":[902],"product_tag":[],"class_list":{"0":"post-80882","1":"product","2":"type-product","3":"status-publish","4":"has-post-thumbnail","6":"product_brand-xinsheng-pt-br","7":"product_cat-cadeira-de-pedicure-footbath","8":"pa_color-cores-personalizadas","9":"pa_color-damasco","10":"pa_size-86cm93cm124cm-pt-br","12":"first","13":"instock","14":"sale","15":"shipping-taxable","16":"purchasable","17":"product-type-variable","18":"entry","19":"content-bg","20":"loop-entry"},"_links":{"self":[{"href":"https:\/\/xinshengmanufacture.com\/pt-br\/wp-json\/wp\/v2\/product\/80882","targetHints":{"allow":["GET"]}}],"collection":[{"href":"https:\/\/xinshengmanufacture.com\/pt-br\/wp-json\/wp\/v2\/product"}],"about":[{"href":"https:\/\/xinshengmanufacture.com\/pt-br\/wp-json\/wp\/v2\/types\/product"}],"version-history":[{"count":0,"href":"https:\/\/xinshengmanufacture.com\/pt-br\/wp-json\/wp\/v2\/product\/80882\/revisions"}],"wp:featuredmedia":[{"embeddable":true,"href":"https:\/\/xinshengmanufacture.com\/pt-br\/wp-json\/wp\/v2\/media\/80306"}],"wp:attachment":[{"href":"https:\/\/xinshengmanufacture.com\/pt-br\/wp-json\/wp\/v2\/media?parent=80882"}],"wp:term":[{"taxonomy":"product_brand","embeddable":true,"href":"https:\/\/xinshengmanufacture.com\/pt-br\/wp-json\/wp\/v2\/product_brand?post=80882"},{"taxonomy":"product_cat","embeddable":true,"href":"https:\/\/xinshengmanufacture.com\/pt-br\/wp-json\/wp\/v2\/product_cat?post=80882"},{"taxonomy":"product_tag","embeddable":true,"href":"https:\/\/xinshengmanufacture.com\/pt-br\/wp-json\/wp\/v2\/product_tag?post=80882"}],"curies":[{"name":"wp","href":"https:\/\/api.w.org\/{rel}","templated":true}]}}