{"id":80915,"date":"2025-10-13T08:27:12","date_gmt":"2025-10-13T08:27:12","guid":{"rendered":"https:\/\/xinshengmanufacture.com\/\u4ea7\u54c1\/cama-de-xampu-tailandesa-a-mais-recente-versao-tres-em-um-equipamento-de-mobilia-de-salao-de-beleza-equipamento-de-salao-de-beleza-de-alta-qualidade-cama-de-massagem-para-cabeca-de-spa-cama-de-ma\/"},"modified":"2025-10-13T08:27:12","modified_gmt":"2025-10-13T08:27:12","slug":"cama-de-xampu-tailandesa-a-mais-recente-versao-tres-em-um-equipamento-de-mobilia-de-salao-de-beleza-equipamento-de-salao-de-beleza-de-alta-qualidade-cama-de-massagem-para-cabeca-de-spa-cama-de-ma","status":"publish","type":"product","link":"https:\/\/xinshengmanufacture.com\/pt-br\/product\/cama-de-xampu-tailandesa-a-mais-recente-versao-tres-em-um-equipamento-de-mobilia-de-salao-de-beleza-equipamento-de-salao-de-beleza-de-alta-qualidade-cama-de-massagem-para-cabeca-de-spa-cama-de-ma\/","title":{"rendered":"Cama de xampu tailandesa, a mais recente vers\u00e3o tr\u00eas em um, equipamento de mob\u00edlia de sal\u00e3o de beleza, equipamento de sal\u00e3o de beleza de alta qualidade, cama de massagem para cabe\u00e7a de spa, cama de massagem para centro de massagem, fabricante de mob\u00edlia de sal\u00e3o de beleza com cadeira de manicure e pedicure"},"content":{"rendered":"<div class=\"wp-playlist wp-video-playlist wp-playlist-light\">\n\t\t<video controls=\"controls\" preload=\"none\" width=\"1408\"\n\t\t height=\"2503\"\t><\/video>\n\t<div class=\"wp-playlist-next\"><\/div>\n\t<div class=\"wp-playlist-prev\"><\/div>\n\t<noscript>\n\t<ol>\n\t\t<li><a href='https:\/\/xinshengmanufacture.com\/wp-content\/uploads\/2025\/10\/7-6.mp4'>7<\/a><\/li>\t<\/ol>\n\t<\/noscript>\n\t<script type=\"application\/json\" class=\"wp-playlist-script\">{\"type\":\"video\",\"tracklist\":false,\"tracknumbers\":true,\"images\":true,\"artists\":true,\"tracks\":[{\"src\":\"https:\/\/xinshengmanufacture.com\/wp-content\/uploads\/2025\/10\/7-6.mp4\",\"type\":\"video\/mp4\",\"title\":\"7\",\"caption\":\"\",\"description\":\"\",\"meta\":{\"length_formatted\":\"0:45\"},\"dimensions\":{\"original\":{\"width\":1080,\"height\":1920},\"resized\":{\"width\":1408,\"height\":2503}},\"image\":{\"src\":\"https:\/\/xinshengmanufacture.com\/wp-includes\/images\/media\/video.svg\",\"width\":48,\"height\":64},\"thumb\":{\"src\":\"https:\/\/xinshengmanufacture.com\/wp-includes\/images\/media\/video.svg\",\"width\":48,\"height\":64}}]}<\/script>\n<\/div>\n\t\n<p style=\"text-align: center;\"><img fetchpriority=\"high\" decoding=\"async\" class=\"size-full wp-image-78585 aligncenter\" src=\"https:\/\/xinshengmanufacture.com\/wp-content\/uploads\/2025\/10\/%E8%B6%85%E5%B7%A5%E5%AE%9A%E5%88%B6%E8%8B%B1%E6%96%87_011.jpg\" alt=\"\" width=\"1200\" height=\"1857\"><img decoding=\"async\" class=\"size-full wp-image-78597 aligncenter\" src=\"https:\/\/xinshengmanufacture.com\/wp-content\/uploads\/2025\/10\/%E8%B6%85%E5%B7%A5%E5%AE%9A%E5%88%B6%E8%8B%B1%E6%96%87_021.jpg\" alt=\"\" width=\"1200\" height=\"1054\"><img decoding=\"async\" class=\"size-full wp-image-78609 aligncenter\" src=\"https:\/\/xinshengmanufacture.com\/wp-content\/uploads\/2025\/10\/%E8%B6%85%E5%B7%A5%E5%AE%9A%E5%88%B6%E8%8B%B1%E6%96%87_031.jpg\" alt=\"\" width=\"1200\" height=\"1563\"><img loading=\"lazy\" decoding=\"async\" class=\"size-full wp-image-78621 aligncenter\" src=\"https:\/\/xinshengmanufacture.com\/wp-content\/uploads\/2025\/10\/%E8%B6%85%E5%B7%A5%E5%AE%9A%E5%88%B6%E8%8B%B1%E6%96%87_041.jpg\" alt=\"\" width=\"1200\" height=\"1755\"><img loading=\"lazy\" decoding=\"async\" class=\"size-full wp-image-78633 aligncenter\" src=\"https:\/\/xinshengmanufacture.com\/wp-content\/uploads\/2025\/10\/%E8%B6%85%E5%B7%A5%E5%AE%9A%E5%88%B6%E8%8B%B1%E6%96%87_051.jpg\" alt=\"\" width=\"1200\" height=\"2257\"><img loading=\"lazy\" decoding=\"async\" class=\"size-full wp-image-79874 aligncenter\" src=\"https:\/\/xinshengmanufacture.com\/wp-content\/uploads\/2025\/10\/1_01-5.jpg\" alt=\"\" width=\"1200\" height=\"1983\" srcset=\"https:\/\/xinshengmanufacture.com\/wp-content\/uploads\/2025\/10\/1_01-5.jpg 1200w, https:\/\/xinshengmanufacture.com\/wp-content\/uploads\/2025\/10\/1_01-5-182x300.jpg 182w, https:\/\/xinshengmanufacture.com\/wp-content\/uploads\/2025\/10\/1_01-5-620x1024.jpg 620w, https:\/\/xinshengmanufacture.com\/wp-content\/uploads\/2025\/10\/1_01-5-768x1269.jpg 768w, https:\/\/xinshengmanufacture.com\/wp-content\/uploads\/2025\/10\/1_01-5-930x1536.jpg 930w, https:\/\/xinshengmanufacture.com\/wp-content\/uploads\/2025\/10\/1_01-5-600x992.jpg 600w\" sizes=\"(max-width: 1200px) 100vw, 1200px\" \/> <img loading=\"lazy\" decoding=\"async\" class=\"size-full wp-image-79886 aligncenter\" src=\"https:\/\/xinshengmanufacture.com\/wp-content\/uploads\/2025\/10\/1_02-5.jpg\" alt=\"\" width=\"1200\" height=\"1774\" srcset=\"https:\/\/xinshengmanufacture.com\/wp-content\/uploads\/2025\/10\/1_02-5.jpg 1200w, https:\/\/xinshengmanufacture.com\/wp-content\/uploads\/2025\/10\/1_02-5-203x300.jpg 203w, https:\/\/xinshengmanufacture.com\/wp-content\/uploads\/2025\/10\/1_02-5-693x1024.jpg 693w, https:\/\/xinshengmanufacture.com\/wp-content\/uploads\/2025\/10\/1_02-5-768x1135.jpg 768w, https:\/\/xinshengmanufacture.com\/wp-content\/uploads\/2025\/10\/1_02-5-1039x1536.jpg 1039w, https:\/\/xinshengmanufacture.com\/wp-content\/uploads\/2025\/10\/1_02-5-600x887.jpg 600w\" sizes=\"(max-width: 1200px) 100vw, 1200px\" \/> <img loading=\"lazy\" decoding=\"async\" class=\"size-full wp-image-79898 aligncenter\" src=\"https:\/\/xinshengmanufacture.com\/wp-content\/uploads\/2025\/10\/1_03-4.jpg\" alt=\"\" width=\"1200\" height=\"1931\" srcset=\"https:\/\/xinshengmanufacture.com\/wp-content\/uploads\/2025\/10\/1_03-4.jpg 1200w, https:\/\/xinshengmanufacture.com\/wp-content\/uploads\/2025\/10\/1_03-4-186x300.jpg 186w, https:\/\/xinshengmanufacture.com\/wp-content\/uploads\/2025\/10\/1_03-4-636x1024.jpg 636w, https:\/\/xinshengmanufacture.com\/wp-content\/uploads\/2025\/10\/1_03-4-768x1236.jpg 768w, https:\/\/xinshengmanufacture.com\/wp-content\/uploads\/2025\/10\/1_03-4-955x1536.jpg 955w, https:\/\/xinshengmanufacture.com\/wp-content\/uploads\/2025\/10\/1_03-4-600x966.jpg 600w\" sizes=\"(max-width: 1200px) 100vw, 1200px\" \/> <img loading=\"lazy\" decoding=\"async\" class=\"size-full wp-image-79910 aligncenter\" src=\"https:\/\/xinshengmanufacture.com\/wp-content\/uploads\/2025\/10\/1_04-5.jpg\" alt=\"\" width=\"1200\" height=\"2310\" srcset=\"https:\/\/xinshengmanufacture.com\/wp-content\/uploads\/2025\/10\/1_04-5.jpg 1200w, https:\/\/xinshengmanufacture.com\/wp-content\/uploads\/2025\/10\/1_04-5-156x300.jpg 156w, https:\/\/xinshengmanufacture.com\/wp-content\/uploads\/2025\/10\/1_04-5-532x1024.jpg 532w, https:\/\/xinshengmanufacture.com\/wp-content\/uploads\/2025\/10\/1_04-5-768x1478.jpg 768w, https:\/\/xinshengmanufacture.com\/wp-content\/uploads\/2025\/10\/1_04-5-798x1536.jpg 798w, https:\/\/xinshengmanufacture.com\/wp-content\/uploads\/2025\/10\/1_04-5-1064x2048.jpg 1064w, https:\/\/xinshengmanufacture.com\/wp-content\/uploads\/2025\/10\/1_04-5-600x1155.jpg 600w\" sizes=\"(max-width: 1200px) 100vw, 1200px\" \/> <img loading=\"lazy\" decoding=\"async\" class=\"size-full wp-image-79922 aligncenter\" src=\"https:\/\/xinshengmanufacture.com\/wp-content\/uploads\/2025\/10\/1_05-5.jpg\" alt=\"\" width=\"1200\" height=\"1686\" srcset=\"https:\/\/xinshengmanufacture.com\/wp-content\/uploads\/2025\/10\/1_05-5.jpg 1200w, https:\/\/xinshengmanufacture.com\/wp-content\/uploads\/2025\/10\/1_05-5-214x300.jpg 214w, https:\/\/xinshengmanufacture.com\/wp-content\/uploads\/2025\/10\/1_05-5-729x1024.jpg 729w, https:\/\/xinshengmanufacture.com\/wp-content\/uploads\/2025\/10\/1_05-5-768x1079.jpg 768w, https:\/\/xinshengmanufacture.com\/wp-content\/uploads\/2025\/10\/1_05-5-1093x1536.jpg 1093w, https:\/\/xinshengmanufacture.com\/wp-content\/uploads\/2025\/10\/1_05-5-600x843.jpg 600w\" sizes=\"(max-width: 1200px) 100vw, 1200px\" \/> <img loading=\"lazy\" decoding=\"async\" class=\"size-full wp-image-79934 aligncenter\" src=\"https:\/\/xinshengmanufacture.com\/wp-content\/uploads\/2025\/10\/1_06-5.jpg\" alt=\"\" width=\"1200\" height=\"1868\" srcset=\"https:\/\/xinshengmanufacture.com\/wp-content\/uploads\/2025\/10\/1_06-5.jpg 1200w, https:\/\/xinshengmanufacture.com\/wp-content\/uploads\/2025\/10\/1_06-5-193x300.jpg 193w, https:\/\/xinshengmanufacture.com\/wp-content\/uploads\/2025\/10\/1_06-5-658x1024.jpg 658w, https:\/\/xinshengmanufacture.com\/wp-content\/uploads\/2025\/10\/1_06-5-768x1196.jpg 768w, https:\/\/xinshengmanufacture.com\/wp-content\/uploads\/2025\/10\/1_06-5-987x1536.jpg 987w, https:\/\/xinshengmanufacture.com\/wp-content\/uploads\/2025\/10\/1_06-5-600x934.jpg 600w\" sizes=\"(max-width: 1200px) 100vw, 1200px\" \/> <img loading=\"lazy\" decoding=\"async\" class=\"size-full wp-image-79946 aligncenter\" src=\"https:\/\/xinshengmanufacture.com\/wp-content\/uploads\/2025\/10\/1_07-5.jpg\" alt=\"\" width=\"1200\" height=\"1766\" srcset=\"https:\/\/xinshengmanufacture.com\/wp-content\/uploads\/2025\/10\/1_07-5.jpg 1200w, https:\/\/xinshengmanufacture.com\/wp-content\/uploads\/2025\/10\/1_07-5-204x300.jpg 204w, https:\/\/xinshengmanufacture.com\/wp-content\/uploads\/2025\/10\/1_07-5-696x1024.jpg 696w, https:\/\/xinshengmanufacture.com\/wp-content\/uploads\/2025\/10\/1_07-5-768x1130.jpg 768w, https:\/\/xinshengmanufacture.com\/wp-content\/uploads\/2025\/10\/1_07-5-1044x1536.jpg 1044w, https:\/\/xinshengmanufacture.com\/wp-content\/uploads\/2025\/10\/1_07-5-600x883.jpg 600w\" sizes=\"(max-width: 1200px) 100vw, 1200px\" \/> <img loading=\"lazy\" decoding=\"async\" class=\"size-full wp-image-79958 aligncenter\" src=\"https:\/\/xinshengmanufacture.com\/wp-content\/uploads\/2025\/10\/1_08-5.jpg\" alt=\"\" width=\"1200\" height=\"2123\" srcset=\"https:\/\/xinshengmanufacture.com\/wp-content\/uploads\/2025\/10\/1_08-5.jpg 1200w, https:\/\/xinshengmanufacture.com\/wp-content\/uploads\/2025\/10\/1_08-5-170x300.jpg 170w, https:\/\/xinshengmanufacture.com\/wp-content\/uploads\/2025\/10\/1_08-5-579x1024.jpg 579w, https:\/\/xinshengmanufacture.com\/wp-content\/uploads\/2025\/10\/1_08-5-768x1359.jpg 768w, https:\/\/xinshengmanufacture.com\/wp-content\/uploads\/2025\/10\/1_08-5-868x1536.jpg 868w, https:\/\/xinshengmanufacture.com\/wp-content\/uploads\/2025\/10\/1_08-5-1158x2048.jpg 1158w, https:\/\/xinshengmanufacture.com\/wp-content\/uploads\/2025\/10\/1_08-5-600x1062.jpg 600w\" sizes=\"(max-width: 1200px) 100vw, 1200px\" \/> <img loading=\"lazy\" decoding=\"async\" class=\"size-full wp-image-79970 aligncenter\" src=\"https:\/\/xinshengmanufacture.com\/wp-content\/uploads\/2025\/10\/1_09-5.jpg\" alt=\"\" width=\"1200\" height=\"1767\" srcset=\"https:\/\/xinshengmanufacture.com\/wp-content\/uploads\/2025\/10\/1_09-5.jpg 1200w, https:\/\/xinshengmanufacture.com\/wp-content\/uploads\/2025\/10\/1_09-5-204x300.jpg 204w, https:\/\/xinshengmanufacture.com\/wp-content\/uploads\/2025\/10\/1_09-5-695x1024.jpg 695w, https:\/\/xinshengmanufacture.com\/wp-content\/uploads\/2025\/10\/1_09-5-768x1131.jpg 768w, https:\/\/xinshengmanufacture.com\/wp-content\/uploads\/2025\/10\/1_09-5-1043x1536.jpg 1043w, https:\/\/xinshengmanufacture.com\/wp-content\/uploads\/2025\/10\/1_09-5-600x884.jpg 600w\" sizes=\"(max-width: 1200px) 100vw, 1200px\" \/> <img loading=\"lazy\" decoding=\"async\" class=\"size-full wp-image-79982 aligncenter\" src=\"https:\/\/xinshengmanufacture.com\/wp-content\/uploads\/2025\/10\/1_10-5.jpg\" alt=\"\" width=\"1200\" height=\"1858\" srcset=\"https:\/\/xinshengmanufacture.com\/wp-content\/uploads\/2025\/10\/1_10-5.jpg 1200w, https:\/\/xinshengmanufacture.com\/wp-content\/uploads\/2025\/10\/1_10-5-194x300.jpg 194w, https:\/\/xinshengmanufacture.com\/wp-content\/uploads\/2025\/10\/1_10-5-661x1024.jpg 661w, https:\/\/xinshengmanufacture.com\/wp-content\/uploads\/2025\/10\/1_10-5-768x1189.jpg 768w, https:\/\/xinshengmanufacture.com\/wp-content\/uploads\/2025\/10\/1_10-5-992x1536.jpg 992w, https:\/\/xinshengmanufacture.com\/wp-content\/uploads\/2025\/10\/1_10-5-600x929.jpg 600w\" sizes=\"(max-width: 1200px) 100vw, 1200px\" \/> <img loading=\"lazy\" decoding=\"async\" class=\"size-full wp-image-79994 aligncenter\" src=\"https:\/\/xinshengmanufacture.com\/wp-content\/uploads\/2025\/10\/1_11-3.jpg\" alt=\"\" width=\"1200\" height=\"1766\" srcset=\"https:\/\/xinshengmanufacture.com\/wp-content\/uploads\/2025\/10\/1_11-3.jpg 1200w, https:\/\/xinshengmanufacture.com\/wp-content\/uploads\/2025\/10\/1_11-3-204x300.jpg 204w, https:\/\/xinshengmanufacture.com\/wp-content\/uploads\/2025\/10\/1_11-3-696x1024.jpg 696w, https:\/\/xinshengmanufacture.com\/wp-content\/uploads\/2025\/10\/1_11-3-768x1130.jpg 768w, https:\/\/xinshengmanufacture.com\/wp-content\/uploads\/2025\/10\/1_11-3-1044x1536.jpg 1044w, https:\/\/xinshengmanufacture.com\/wp-content\/uploads\/2025\/10\/1_11-3-600x883.jpg 600w\" sizes=\"(max-width: 1200px) 100vw, 1200px\" \/> <img loading=\"lazy\" decoding=\"async\" class=\"aligncenter wp-image-80006\" src=\"https:\/\/xinshengmanufacture.com\/wp-content\/uploads\/2025\/10\/1_12-1.jpg\" alt=\"\" width=\"1200\" height=\"2893\" srcset=\"https:\/\/xinshengmanufacture.com\/wp-content\/uploads\/2025\/10\/1_12-1.jpg 1062w, https:\/\/xinshengmanufacture.com\/wp-content\/uploads\/2025\/10\/1_12-1-124x300.jpg 124w, https:\/\/xinshengmanufacture.com\/wp-content\/uploads\/2025\/10\/1_12-1-425x1024.jpg 425w, https:\/\/xinshengmanufacture.com\/wp-content\/uploads\/2025\/10\/1_12-1-768x1851.jpg 768w, https:\/\/xinshengmanufacture.com\/wp-content\/uploads\/2025\/10\/1_12-1-637x1536.jpg 637w, https:\/\/xinshengmanufacture.com\/wp-content\/uploads\/2025\/10\/1_12-1-850x2048.jpg 850w, https:\/\/xinshengmanufacture.com\/wp-content\/uploads\/2025\/10\/1_12-1-600x1446.jpg 600w\" sizes=\"(max-width: 1200px) 100vw, 1200px\" \/> <img loading=\"lazy\" decoding=\"async\" class=\"size-full wp-image-80018 aligncenter\" src=\"https:\/\/xinshengmanufacture.com\/wp-content\/uploads\/2025\/10\/1_13-1.jpg\" alt=\"\" width=\"1200\" height=\"2468\" srcset=\"https:\/\/xinshengmanufacture.com\/wp-content\/uploads\/2025\/10\/1_13-1.jpg 1200w, https:\/\/xinshengmanufacture.com\/wp-content\/uploads\/2025\/10\/1_13-1-146x300.jpg 146w, https:\/\/xinshengmanufacture.com\/wp-content\/uploads\/2025\/10\/1_13-1-498x1024.jpg 498w, https:\/\/xinshengmanufacture.com\/wp-content\/uploads\/2025\/10\/1_13-1-768x1580.jpg 768w, https:\/\/xinshengmanufacture.com\/wp-content\/uploads\/2025\/10\/1_13-1-747x1536.jpg 747w, https:\/\/xinshengmanufacture.com\/wp-content\/uploads\/2025\/10\/1_13-1-996x2048.jpg 996w, https:\/\/xinshengmanufacture.com\/wp-content\/uploads\/2025\/10\/1_13-1-600x1234.jpg 600w\" sizes=\"(max-width: 1200px) 100vw, 1200px\" \/><\/p>\n<div id=\"gtx-trans\" style=\"position: absolute; left: 727px; top: 35px;\">\n<div class=\"gtx-trans-icon\"><\/div>\n<\/div>\n","protected":false},"excerpt":{"rendered":"<p>A cama de xampu tailandesa de eleva\u00e7\u00e3o el\u00e9trica tr\u00eas em um pode ser usada em sal\u00f5es de beleza, spas, centros de massagem, sal\u00f5es de beleza, etc. Ela suporta cores personalizadas. <\/p>\n","protected":false},"featured_media":80049,"template":"","meta":{"_bst_post_transparent":"","_bst_post_title":"","_bst_post_layout":"","_bst_post_sidebar_id":"","_bst_post_content_style":"","_bst_post_vertical_padding":"","_bst_post_feature":"","_bst_post_feature_position":"","_bst_post_header":false,"_bst_post_footer":false},"product_brand":[1079],"product_cat":[902,564],"product_tag":[],"class_list":{"0":"post-80915","1":"product","2":"type-product","3":"status-publish","4":"has-post-thumbnail","6":"product_brand-xinsheng-pt-br","7":"product_cat-cadeira-de-pedicure-footbath","8":"product_cat-cama-de-xampu-tailandesa","9":"pa_color-cores-personalizadas","10":"pa_color-preto","11":"pa_size-200cm90cm70cm-pt-br","13":"first","14":"instock","15":"sale","16":"shipping-taxable","17":"purchasable","18":"product-type-variable","19":"entry","20":"content-bg","21":"loop-entry"},"_links":{"self":[{"href":"https:\/\/xinshengmanufacture.com\/pt-br\/wp-json\/wp\/v2\/product\/80915","targetHints":{"allow":["GET"]}}],"collection":[{"href":"https:\/\/xinshengmanufacture.com\/pt-br\/wp-json\/wp\/v2\/product"}],"about":[{"href":"https:\/\/xinshengmanufacture.com\/pt-br\/wp-json\/wp\/v2\/types\/product"}],"version-history":[{"count":0,"href":"https:\/\/xinshengmanufacture.com\/pt-br\/wp-json\/wp\/v2\/product\/80915\/revisions"}],"wp:featuredmedia":[{"embeddable":true,"href":"https:\/\/xinshengmanufacture.com\/pt-br\/wp-json\/wp\/v2\/media\/80049"}],"wp:attachment":[{"href":"https:\/\/xinshengmanufacture.com\/pt-br\/wp-json\/wp\/v2\/media?parent=80915"}],"wp:term":[{"taxonomy":"product_brand","embeddable":true,"href":"https:\/\/xinshengmanufacture.com\/pt-br\/wp-json\/wp\/v2\/product_brand?post=80915"},{"taxonomy":"product_cat","embeddable":true,"href":"https:\/\/xinshengmanufacture.com\/pt-br\/wp-json\/wp\/v2\/product_cat?post=80915"},{"taxonomy":"product_tag","embeddable":true,"href":"https:\/\/xinshengmanufacture.com\/pt-br\/wp-json\/wp\/v2\/product_tag?post=80915"}],"curies":[{"name":"wp","href":"https:\/\/api.w.org\/{rel}","templated":true}]}}