{"id":81698,"date":"2025-10-17T07:52:02","date_gmt":"2025-10-17T07:52:02","guid":{"rendered":"https:\/\/xinshengmanufacture.com\/\u4ea7\u54c1\/fabricante-de-mobiliario-de-salao-de-beleza-para-salao-de-beleza-sofa-para-unhas-sofa-para-spa-cadeira-para-salao-de-beleza-cadeira-para-cabeleireiro\/"},"modified":"2025-10-17T07:52:02","modified_gmt":"2025-10-17T07:52:02","slug":"fabricante-de-mobiliario-de-salao-de-beleza-para-salao-de-beleza-sofa-para-unhas-sofa-para-spa-cadeira-para-salao-de-beleza-cadeira-para-cabeleireiro","status":"publish","type":"product","link":"https:\/\/xinshengmanufacture.com\/pt-br\/product\/fabricante-de-mobiliario-de-salao-de-beleza-para-salao-de-beleza-sofa-para-unhas-sofa-para-spa-cadeira-para-salao-de-beleza-cadeira-para-cabeleireiro\/","title":{"rendered":"Fabricante de mobili\u00e1rio de sal\u00e3o de beleza para sal\u00e3o de beleza, sof\u00e1 para unhas, sof\u00e1 para spa, cadeira para sal\u00e3o de beleza, cadeira para cabeleireiro"},"content":{"rendered":"<p><img fetchpriority=\"high\" decoding=\"async\" class=\"size-full wp-image-78585 aligncenter\" src=\"https:\/\/xinshengmanufacture.com\/wp-content\/uploads\/2025\/10\/%E8%B6%85%E5%B7%A5%E5%AE%9A%E5%88%B6%E8%8B%B1%E6%96%87_011.jpg\" alt=\"\" width=\"1200\" height=\"1857\"><img decoding=\"async\" class=\"size-full wp-image-78597 aligncenter\" src=\"https:\/\/xinshengmanufacture.com\/wp-content\/uploads\/2025\/10\/%E8%B6%85%E5%B7%A5%E5%AE%9A%E5%88%B6%E8%8B%B1%E6%96%87_021.jpg\" alt=\"\" width=\"1200\" height=\"1054\"><img decoding=\"async\" class=\"size-full wp-image-78609 aligncenter\" src=\"https:\/\/xinshengmanufacture.com\/wp-content\/uploads\/2025\/10\/%E8%B6%85%E5%B7%A5%E5%AE%9A%E5%88%B6%E8%8B%B1%E6%96%87_031.jpg\" alt=\"\" width=\"1200\" height=\"1563\"><img loading=\"lazy\" decoding=\"async\" class=\"size-full wp-image-78621 aligncenter\" src=\"https:\/\/xinshengmanufacture.com\/wp-content\/uploads\/2025\/10\/%E8%B6%85%E5%B7%A5%E5%AE%9A%E5%88%B6%E8%8B%B1%E6%96%87_041.jpg\" alt=\"\" width=\"1200\" height=\"1755\"><img loading=\"lazy\" decoding=\"async\" class=\"size-full wp-image-78633 aligncenter\" src=\"https:\/\/xinshengmanufacture.com\/wp-content\/uploads\/2025\/10\/%E8%B6%85%E5%B7%A5%E5%AE%9A%E5%88%B6%E8%8B%B1%E6%96%87_051.jpg\" alt=\"\" width=\"1200\" height=\"2257\"><img loading=\"lazy\" decoding=\"async\" class=\"size-full wp-image-81241 aligncenter\" src=\"https:\/\/xinshengmanufacture.com\/wp-content\/uploads\/2025\/10\/1_01-7.jpg\" alt=\"\" width=\"1200\" height=\"1820\" srcset=\"https:\/\/xinshengmanufacture.com\/wp-content\/uploads\/2025\/10\/1_01-7.jpg 1200w, https:\/\/xinshengmanufacture.com\/wp-content\/uploads\/2025\/10\/1_01-7-198x300.jpg 198w, https:\/\/xinshengmanufacture.com\/wp-content\/uploads\/2025\/10\/1_01-7-675x1024.jpg 675w, https:\/\/xinshengmanufacture.com\/wp-content\/uploads\/2025\/10\/1_01-7-768x1165.jpg 768w, https:\/\/xinshengmanufacture.com\/wp-content\/uploads\/2025\/10\/1_01-7-1013x1536.jpg 1013w, https:\/\/xinshengmanufacture.com\/wp-content\/uploads\/2025\/10\/1_01-7-600x910.jpg 600w\" sizes=\"(max-width: 1200px) 100vw, 1200px\" \/> <img loading=\"lazy\" decoding=\"async\" class=\"size-full wp-image-81265 aligncenter\" src=\"https:\/\/xinshengmanufacture.com\/wp-content\/uploads\/2025\/10\/1_03-6.jpg\" alt=\"\" width=\"1200\" height=\"1824\" srcset=\"https:\/\/xinshengmanufacture.com\/wp-content\/uploads\/2025\/10\/1_03-6.jpg 1200w, https:\/\/xinshengmanufacture.com\/wp-content\/uploads\/2025\/10\/1_03-6-197x300.jpg 197w, https:\/\/xinshengmanufacture.com\/wp-content\/uploads\/2025\/10\/1_03-6-674x1024.jpg 674w, https:\/\/xinshengmanufacture.com\/wp-content\/uploads\/2025\/10\/1_03-6-768x1167.jpg 768w, https:\/\/xinshengmanufacture.com\/wp-content\/uploads\/2025\/10\/1_03-6-1011x1536.jpg 1011w, https:\/\/xinshengmanufacture.com\/wp-content\/uploads\/2025\/10\/1_03-6-600x912.jpg 600w\" sizes=\"(max-width: 1200px) 100vw, 1200px\" \/> <img loading=\"lazy\" decoding=\"async\" class=\"size-full wp-image-81277 aligncenter\" src=\"https:\/\/xinshengmanufacture.com\/wp-content\/uploads\/2025\/10\/1_04-7.jpg\" alt=\"\" width=\"1200\" height=\"1926\" srcset=\"https:\/\/xinshengmanufacture.com\/wp-content\/uploads\/2025\/10\/1_04-7.jpg 1200w, https:\/\/xinshengmanufacture.com\/wp-content\/uploads\/2025\/10\/1_04-7-187x300.jpg 187w, https:\/\/xinshengmanufacture.com\/wp-content\/uploads\/2025\/10\/1_04-7-638x1024.jpg 638w, https:\/\/xinshengmanufacture.com\/wp-content\/uploads\/2025\/10\/1_04-7-768x1233.jpg 768w, https:\/\/xinshengmanufacture.com\/wp-content\/uploads\/2025\/10\/1_04-7-957x1536.jpg 957w, https:\/\/xinshengmanufacture.com\/wp-content\/uploads\/2025\/10\/1_04-7-600x963.jpg 600w\" sizes=\"(max-width: 1200px) 100vw, 1200px\" \/> <img loading=\"lazy\" decoding=\"async\" class=\"size-full wp-image-81289 aligncenter\" src=\"https:\/\/xinshengmanufacture.com\/wp-content\/uploads\/2025\/10\/1_05-7.jpg\" alt=\"\" width=\"1200\" height=\"1822\" srcset=\"https:\/\/xinshengmanufacture.com\/wp-content\/uploads\/2025\/10\/1_05-7.jpg 1200w, https:\/\/xinshengmanufacture.com\/wp-content\/uploads\/2025\/10\/1_05-7-198x300.jpg 198w, https:\/\/xinshengmanufacture.com\/wp-content\/uploads\/2025\/10\/1_05-7-674x1024.jpg 674w, https:\/\/xinshengmanufacture.com\/wp-content\/uploads\/2025\/10\/1_05-7-768x1166.jpg 768w, https:\/\/xinshengmanufacture.com\/wp-content\/uploads\/2025\/10\/1_05-7-1012x1536.jpg 1012w, https:\/\/xinshengmanufacture.com\/wp-content\/uploads\/2025\/10\/1_05-7-600x911.jpg 600w\" sizes=\"(max-width: 1200px) 100vw, 1200px\" \/> <img loading=\"lazy\" decoding=\"async\" class=\"size-full wp-image-81301 aligncenter\" src=\"https:\/\/xinshengmanufacture.com\/wp-content\/uploads\/2025\/10\/1_06-7.jpg\" alt=\"\" width=\"1200\" height=\"1770\" srcset=\"https:\/\/xinshengmanufacture.com\/wp-content\/uploads\/2025\/10\/1_06-7.jpg 1200w, https:\/\/xinshengmanufacture.com\/wp-content\/uploads\/2025\/10\/1_06-7-203x300.jpg 203w, https:\/\/xinshengmanufacture.com\/wp-content\/uploads\/2025\/10\/1_06-7-694x1024.jpg 694w, https:\/\/xinshengmanufacture.com\/wp-content\/uploads\/2025\/10\/1_06-7-768x1133.jpg 768w, https:\/\/xinshengmanufacture.com\/wp-content\/uploads\/2025\/10\/1_06-7-1041x1536.jpg 1041w, https:\/\/xinshengmanufacture.com\/wp-content\/uploads\/2025\/10\/1_06-7-600x885.jpg 600w\" sizes=\"(max-width: 1200px) 100vw, 1200px\" \/> <img loading=\"lazy\" decoding=\"async\" class=\"size-full wp-image-81313 aligncenter\" src=\"https:\/\/xinshengmanufacture.com\/wp-content\/uploads\/2025\/10\/1_07-7.jpg\" alt=\"\" width=\"1200\" height=\"1601\" srcset=\"https:\/\/xinshengmanufacture.com\/wp-content\/uploads\/2025\/10\/1_07-7.jpg 1200w, https:\/\/xinshengmanufacture.com\/wp-content\/uploads\/2025\/10\/1_07-7-225x300.jpg 225w, https:\/\/xinshengmanufacture.com\/wp-content\/uploads\/2025\/10\/1_07-7-768x1025.jpg 768w, https:\/\/xinshengmanufacture.com\/wp-content\/uploads\/2025\/10\/1_07-7-1151x1536.jpg 1151w, https:\/\/xinshengmanufacture.com\/wp-content\/uploads\/2025\/10\/1_07-7-600x801.jpg 600w\" sizes=\"(max-width: 1200px) 100vw, 1200px\" \/> <img loading=\"lazy\" decoding=\"async\" class=\"size-full wp-image-81325 aligncenter\" src=\"https:\/\/xinshengmanufacture.com\/wp-content\/uploads\/2025\/10\/1_08-7.jpg\" alt=\"\" width=\"1200\" height=\"1772\" srcset=\"https:\/\/xinshengmanufacture.com\/wp-content\/uploads\/2025\/10\/1_08-7.jpg 1200w, https:\/\/xinshengmanufacture.com\/wp-content\/uploads\/2025\/10\/1_08-7-203x300.jpg 203w, https:\/\/xinshengmanufacture.com\/wp-content\/uploads\/2025\/10\/1_08-7-693x1024.jpg 693w, https:\/\/xinshengmanufacture.com\/wp-content\/uploads\/2025\/10\/1_08-7-768x1134.jpg 768w, https:\/\/xinshengmanufacture.com\/wp-content\/uploads\/2025\/10\/1_08-7-1040x1536.jpg 1040w, https:\/\/xinshengmanufacture.com\/wp-content\/uploads\/2025\/10\/1_08-7-600x886.jpg 600w\" sizes=\"(max-width: 1200px) 100vw, 1200px\" \/> <img loading=\"lazy\" decoding=\"async\" class=\"aligncenter wp-image-81337\" src=\"https:\/\/xinshengmanufacture.com\/wp-content\/uploads\/2025\/10\/1_09-7.jpg\" alt=\"\" width=\"1200\" height=\"2793\" srcset=\"https:\/\/xinshengmanufacture.com\/wp-content\/uploads\/2025\/10\/1_09-7.jpg 1100w, https:\/\/xinshengmanufacture.com\/wp-content\/uploads\/2025\/10\/1_09-7-129x300.jpg 129w, https:\/\/xinshengmanufacture.com\/wp-content\/uploads\/2025\/10\/1_09-7-440x1024.jpg 440w, https:\/\/xinshengmanufacture.com\/wp-content\/uploads\/2025\/10\/1_09-7-768x1787.jpg 768w, https:\/\/xinshengmanufacture.com\/wp-content\/uploads\/2025\/10\/1_09-7-660x1536.jpg 660w, https:\/\/xinshengmanufacture.com\/wp-content\/uploads\/2025\/10\/1_09-7-880x2048.jpg 880w, https:\/\/xinshengmanufacture.com\/wp-content\/uploads\/2025\/10\/1_09-7-600x1396.jpg 600w\" sizes=\"(max-width: 1200px) 100vw, 1200px\" \/> <img loading=\"lazy\" decoding=\"async\" class=\"size-full wp-image-81349 aligncenter\" src=\"https:\/\/xinshengmanufacture.com\/wp-content\/uploads\/2025\/10\/1_10-7.jpg\" alt=\"\" width=\"1200\" height=\"2431\" srcset=\"https:\/\/xinshengmanufacture.com\/wp-content\/uploads\/2025\/10\/1_10-7.jpg 1200w, https:\/\/xinshengmanufacture.com\/wp-content\/uploads\/2025\/10\/1_10-7-148x300.jpg 148w, https:\/\/xinshengmanufacture.com\/wp-content\/uploads\/2025\/10\/1_10-7-505x1024.jpg 505w, https:\/\/xinshengmanufacture.com\/wp-content\/uploads\/2025\/10\/1_10-7-768x1556.jpg 768w, https:\/\/xinshengmanufacture.com\/wp-content\/uploads\/2025\/10\/1_10-7-758x1536.jpg 758w, https:\/\/xinshengmanufacture.com\/wp-content\/uploads\/2025\/10\/1_10-7-1011x2048.jpg 1011w, https:\/\/xinshengmanufacture.com\/wp-content\/uploads\/2025\/10\/1_10-7-600x1216.jpg 600w\" sizes=\"(max-width: 1200px) 100vw, 1200px\" \/> <img loading=\"lazy\" decoding=\"async\" class=\"size-full wp-image-81361 aligncenter\" src=\"https:\/\/xinshengmanufacture.com\/wp-content\/uploads\/2025\/10\/1_11-5.jpg\" alt=\"\" width=\"1200\" height=\"1886\" srcset=\"https:\/\/xinshengmanufacture.com\/wp-content\/uploads\/2025\/10\/1_11-5.jpg 1200w, https:\/\/xinshengmanufacture.com\/wp-content\/uploads\/2025\/10\/1_11-5-191x300.jpg 191w, https:\/\/xinshengmanufacture.com\/wp-content\/uploads\/2025\/10\/1_11-5-652x1024.jpg 652w, https:\/\/xinshengmanufacture.com\/wp-content\/uploads\/2025\/10\/1_11-5-768x1207.jpg 768w, https:\/\/xinshengmanufacture.com\/wp-content\/uploads\/2025\/10\/1_11-5-977x1536.jpg 977w, https:\/\/xinshengmanufacture.com\/wp-content\/uploads\/2025\/10\/1_11-5-600x943.jpg 600w\" sizes=\"(max-width: 1200px) 100vw, 1200px\" \/><\/p>\n","protected":false},"excerpt":{"rendered":"<p>O sof\u00e1 com elevador el\u00e9trico pode ser usado em sal\u00f5es de beleza, sal\u00f5es de beleza, spas, etc.<\/p>\n","protected":false},"featured_media":81380,"template":"","meta":{"_bst_post_transparent":"","_bst_post_title":"","_bst_post_layout":"","_bst_post_sidebar_id":"","_bst_post_content_style":"","_bst_post_vertical_padding":"","_bst_post_feature":"","_bst_post_feature_position":"","_bst_post_header":false,"_bst_post_footer":false},"product_brand":[1079],"product_cat":[902],"product_tag":[],"class_list":{"0":"post-81698","1":"product","2":"type-product","3":"status-publish","4":"has-post-thumbnail","6":"product_brand-xinsheng-pt-br","7":"product_cat-cadeira-de-pedicure-footbath","8":"pa_color-cinza","9":"pa_color-cores-personalizadas","10":"pa_size-73cm90cm100cm-pt-br","12":"first","13":"instock","14":"sale","15":"shipping-taxable","16":"purchasable","17":"product-type-variable","18":"entry","19":"content-bg","20":"loop-entry"},"_links":{"self":[{"href":"https:\/\/xinshengmanufacture.com\/pt-br\/wp-json\/wp\/v2\/product\/81698","targetHints":{"allow":["GET"]}}],"collection":[{"href":"https:\/\/xinshengmanufacture.com\/pt-br\/wp-json\/wp\/v2\/product"}],"about":[{"href":"https:\/\/xinshengmanufacture.com\/pt-br\/wp-json\/wp\/v2\/types\/product"}],"version-history":[{"count":0,"href":"https:\/\/xinshengmanufacture.com\/pt-br\/wp-json\/wp\/v2\/product\/81698\/revisions"}],"wp:featuredmedia":[{"embeddable":true,"href":"https:\/\/xinshengmanufacture.com\/pt-br\/wp-json\/wp\/v2\/media\/81380"}],"wp:attachment":[{"href":"https:\/\/xinshengmanufacture.com\/pt-br\/wp-json\/wp\/v2\/media?parent=81698"}],"wp:term":[{"taxonomy":"product_brand","embeddable":true,"href":"https:\/\/xinshengmanufacture.com\/pt-br\/wp-json\/wp\/v2\/product_brand?post=81698"},{"taxonomy":"product_cat","embeddable":true,"href":"https:\/\/xinshengmanufacture.com\/pt-br\/wp-json\/wp\/v2\/product_cat?post=81698"},{"taxonomy":"product_tag","embeddable":true,"href":"https:\/\/xinshengmanufacture.com\/pt-br\/wp-json\/wp\/v2\/product_tag?post=81698"}],"curies":[{"name":"wp","href":"https:\/\/api.w.org\/{rel}","templated":true}]}}