{"id":81707,"date":"2025-10-17T08:57:32","date_gmt":"2025-10-17T08:57:32","guid":{"rendered":"https:\/\/xinshengmanufacture.com\/\u4ea7\u54c1\/sofa-para-banho-de-pes-cadeira-de-pedicure-elegante-e-pratica-cadeira-de-banho-de-pes-oculta-equipamento-de-mobiliario-de-salao-de-beleza-cadeira-de-manicure-e-pedicure-centro-de-spa-cadeira-de-sofa-f\/"},"modified":"2025-10-17T08:57:32","modified_gmt":"2025-10-17T08:57:32","slug":"sofa-para-banho-de-pes-cadeira-de-pedicure-elegante-e-pratica-cadeira-de-banho-de-pes-oculta-equipamento-de-mobiliario-de-salao-de-beleza-cadeira-de-manicure-e-pedicure-centro-de-spa-cadeira-de-sofa-f","status":"publish","type":"product","link":"https:\/\/xinshengmanufacture.com\/pt-br\/product\/sofa-para-banho-de-pes-cadeira-de-pedicure-elegante-e-pratica-cadeira-de-banho-de-pes-oculta-equipamento-de-mobiliario-de-salao-de-beleza-cadeira-de-manicure-e-pedicure-centro-de-spa-cadeira-de-sofa-f\/","title":{"rendered":"Sof\u00e1 para banho de p\u00e9s cadeira de pedicure elegante e pr\u00e1tica cadeira de banho de p\u00e9s oculta equipamento de mobili\u00e1rio de sal\u00e3o de beleza cadeira de manicure e pedicure centro de spa cadeira de sof\u00e1 fabricante de mobili\u00e1rio de sal\u00e3o de beleza"},"content":{"rendered":"<p><img fetchpriority=\"high\" decoding=\"async\" class=\"size-full wp-image-78585 aligncenter\" src=\"https:\/\/xinshengmanufacture.com\/wp-content\/uploads\/2025\/10\/%E8%B6%85%E5%B7%A5%E5%AE%9A%E5%88%B6%E8%8B%B1%E6%96%87_011.jpg\" alt=\"\" width=\"1200\" height=\"1857\"><img decoding=\"async\" class=\"size-full wp-image-78597 aligncenter\" src=\"https:\/\/xinshengmanufacture.com\/wp-content\/uploads\/2025\/10\/%E8%B6%85%E5%B7%A5%E5%AE%9A%E5%88%B6%E8%8B%B1%E6%96%87_021.jpg\" alt=\"\" width=\"1200\" height=\"1054\"><img decoding=\"async\" class=\"size-full wp-image-78609 aligncenter\" src=\"https:\/\/xinshengmanufacture.com\/wp-content\/uploads\/2025\/10\/%E8%B6%85%E5%B7%A5%E5%AE%9A%E5%88%B6%E8%8B%B1%E6%96%87_031.jpg\" alt=\"\" width=\"1200\" height=\"1563\"><img loading=\"lazy\" decoding=\"async\" class=\"size-full wp-image-78621 aligncenter\" src=\"https:\/\/xinshengmanufacture.com\/wp-content\/uploads\/2025\/10\/%E8%B6%85%E5%B7%A5%E5%AE%9A%E5%88%B6%E8%8B%B1%E6%96%87_041.jpg\" alt=\"\" width=\"1200\" height=\"1755\"><img loading=\"lazy\" decoding=\"async\" class=\"size-full wp-image-78633 aligncenter\" src=\"https:\/\/xinshengmanufacture.com\/wp-content\/uploads\/2025\/10\/%E8%B6%85%E5%B7%A5%E5%AE%9A%E5%88%B6%E8%8B%B1%E6%96%87_051.jpg\" alt=\"\" width=\"1200\" height=\"2257\"><img loading=\"lazy\" decoding=\"async\" class=\"size-full wp-image-81449 aligncenter\" src=\"https:\/\/xinshengmanufacture.com\/wp-content\/uploads\/2025\/10\/%E5%9B%BD%E5%A4%96_01-2.jpg\" alt=\"\" width=\"1200\" height=\"1776\"> <img loading=\"lazy\" decoding=\"async\" class=\"size-full wp-image-81461 aligncenter\" src=\"https:\/\/xinshengmanufacture.com\/wp-content\/uploads\/2025\/10\/%E5%9B%BD%E5%A4%96_02-2.jpg\" alt=\"\" width=\"1200\" height=\"1773\"> <img loading=\"lazy\" decoding=\"async\" class=\"size-full wp-image-81473 aligncenter\" src=\"https:\/\/xinshengmanufacture.com\/wp-content\/uploads\/2025\/10\/%E5%9B%BD%E5%A4%96_03-2.jpg\" alt=\"\" width=\"1200\" height=\"1842\"> <img loading=\"lazy\" decoding=\"async\" class=\"size-full wp-image-81485 aligncenter\" src=\"https:\/\/xinshengmanufacture.com\/wp-content\/uploads\/2025\/10\/%E5%9B%BD%E5%A4%96_04-2.jpg\" alt=\"\" width=\"1200\" height=\"1943\"> <img loading=\"lazy\" decoding=\"async\" class=\"size-full wp-image-81497 aligncenter\" src=\"https:\/\/xinshengmanufacture.com\/wp-content\/uploads\/2025\/10\/%E5%9B%BD%E5%A4%96_05-2.jpg\" alt=\"\" width=\"1200\" height=\"1956\"> <img loading=\"lazy\" decoding=\"async\" class=\"size-full wp-image-81509 aligncenter\" src=\"https:\/\/xinshengmanufacture.com\/wp-content\/uploads\/2025\/10\/%E5%9B%BD%E5%A4%96_06-2.jpg\" alt=\"\" width=\"1200\" height=\"1649\"> <img loading=\"lazy\" decoding=\"async\" class=\"size-full wp-image-81521 aligncenter\" src=\"https:\/\/xinshengmanufacture.com\/wp-content\/uploads\/2025\/10\/%E5%9B%BD%E5%A4%96_07-2.jpg\" alt=\"\" width=\"1200\" height=\"1844\"> <img loading=\"lazy\" decoding=\"async\" class=\"aligncenter wp-image-81533\" src=\"https:\/\/xinshengmanufacture.com\/wp-content\/uploads\/2025\/10\/%E5%9B%BD%E5%A4%96_08-2.jpg\" alt=\"\" width=\"1200\" height=\"4315\"> <img loading=\"lazy\" decoding=\"async\" class=\"size-full wp-image-81545 aligncenter\" src=\"https:\/\/xinshengmanufacture.com\/wp-content\/uploads\/2025\/10\/%E5%9B%BD%E5%A4%96_09-2.jpg\" alt=\"\" width=\"1200\" height=\"1784\"> <img loading=\"lazy\" decoding=\"async\" class=\"size-full wp-image-81557 aligncenter\" src=\"https:\/\/xinshengmanufacture.com\/wp-content\/uploads\/2025\/10\/%E5%9B%BD%E5%A4%96_10-2.jpg\" alt=\"\" width=\"1200\" height=\"1835\"> <img loading=\"lazy\" decoding=\"async\" class=\"size-full wp-image-81569 aligncenter\" src=\"https:\/\/xinshengmanufacture.com\/wp-content\/uploads\/2025\/10\/%E5%9B%BD%E5%A4%96_11-2.jpg\" alt=\"\" width=\"1200\" height=\"1611\"> <img loading=\"lazy\" decoding=\"async\" class=\"size-full wp-image-81581 aligncenter\" src=\"https:\/\/xinshengmanufacture.com\/wp-content\/uploads\/2025\/10\/%E5%9B%BD%E5%A4%96_12-2.jpg\" alt=\"\" width=\"1200\" height=\"1790\"><\/p>\n","protected":false},"excerpt":{"rendered":"<p>A cadeira de pedicure com sof\u00e1 para banho de p\u00e9s pode ser usada em sal\u00f5es de beleza, spas, centros de massagem, etc., e suporta cores personalizadas, etc.<\/p>\n","protected":false},"featured_media":81672,"template":"","meta":{"_bst_post_transparent":"","_bst_post_title":"","_bst_post_layout":"","_bst_post_sidebar_id":"","_bst_post_content_style":"","_bst_post_vertical_padding":"","_bst_post_feature":"","_bst_post_feature_position":"","_bst_post_header":false,"_bst_post_footer":false},"product_brand":[1079],"product_cat":[902],"product_tag":[],"class_list":{"0":"post-81707","1":"product","2":"type-product","3":"status-publish","4":"has-post-thumbnail","6":"product_brand-xinsheng-pt-br","7":"product_cat-cadeira-de-pedicure-footbath","8":"pa_color-cores-personalizadas","9":"pa_color-damasco","10":"pa_size-87cm92cm115cm-pt-br","12":"first","13":"instock","14":"sale","15":"shipping-taxable","16":"purchasable","17":"product-type-variable","18":"entry","19":"content-bg","20":"loop-entry"},"_links":{"self":[{"href":"https:\/\/xinshengmanufacture.com\/pt-br\/wp-json\/wp\/v2\/product\/81707","targetHints":{"allow":["GET"]}}],"collection":[{"href":"https:\/\/xinshengmanufacture.com\/pt-br\/wp-json\/wp\/v2\/product"}],"about":[{"href":"https:\/\/xinshengmanufacture.com\/pt-br\/wp-json\/wp\/v2\/types\/product"}],"version-history":[{"count":0,"href":"https:\/\/xinshengmanufacture.com\/pt-br\/wp-json\/wp\/v2\/product\/81707\/revisions"}],"wp:featuredmedia":[{"embeddable":true,"href":"https:\/\/xinshengmanufacture.com\/pt-br\/wp-json\/wp\/v2\/media\/81672"}],"wp:attachment":[{"href":"https:\/\/xinshengmanufacture.com\/pt-br\/wp-json\/wp\/v2\/media?parent=81707"}],"wp:term":[{"taxonomy":"product_brand","embeddable":true,"href":"https:\/\/xinshengmanufacture.com\/pt-br\/wp-json\/wp\/v2\/product_brand?post=81707"},{"taxonomy":"product_cat","embeddable":true,"href":"https:\/\/xinshengmanufacture.com\/pt-br\/wp-json\/wp\/v2\/product_cat?post=81707"},{"taxonomy":"product_tag","embeddable":true,"href":"https:\/\/xinshengmanufacture.com\/pt-br\/wp-json\/wp\/v2\/product_tag?post=81707"}],"curies":[{"name":"wp","href":"https:\/\/api.w.org\/{rel}","templated":true}]}}