{"id":83831,"date":"2025-11-27T08:06:21","date_gmt":"2025-11-27T08:06:21","guid":{"rendered":"https:\/\/xinshengmanufacture.com\/\u4ea7\u54c1\/mesa-simples-e-elegante-para-salao-de-beleza-para-unhas-mesa-dupla-para-salao-de-beleza-para-unhas-moveis-para-salao-de-beleza-para-centro-de-spa-conjunto-de-mesa-e-cadeira-para-unhas-cores-e-tama\/"},"modified":"2025-11-27T08:06:21","modified_gmt":"2025-11-27T08:06:21","slug":"mesa-simples-e-elegante-para-salao-de-beleza-para-unhas-mesa-dupla-para-salao-de-beleza-para-unhas-moveis-para-salao-de-beleza-para-centro-de-spa-conjunto-de-mesa-e-cadeira-para-unhas-cores-e-tama","status":"publish","type":"product","link":"https:\/\/xinshengmanufacture.com\/pt-br\/product\/mesa-simples-e-elegante-para-salao-de-beleza-para-unhas-mesa-dupla-para-salao-de-beleza-para-unhas-moveis-para-salao-de-beleza-para-centro-de-spa-conjunto-de-mesa-e-cadeira-para-unhas-cores-e-tama\/","title":{"rendered":"Mesa simples e elegante para sal\u00e3o de beleza para unhas, mesa dupla para sal\u00e3o de beleza para unhas, m\u00f3veis para sal\u00e3o de beleza para centro de spa, conjunto de mesa e cadeira para unhas, cores e tamanhos personaliz\u00e1veis dispon\u00edveis, vendas diretas da f\u00e1brica."},"content":{"rendered":"<p style=\"text-align: center;\"><img fetchpriority=\"high\" decoding=\"async\" class=\"alignnone size-full wp-image-82465 aligncenter\" src=\"https:\/\/xinshengmanufacture.com\/wp-content\/uploads\/2025\/10\/%E8%B6%85%E5%B7%A5%E5%AE%9A%E5%88%B6%E8%8B%B1%E6%96%87_011-1.jpg\" alt=\"\" width=\"1200\" height=\"1857\"><img decoding=\"async\" class=\"alignnone size-full wp-image-82477 aligncenter\" src=\"https:\/\/xinshengmanufacture.com\/wp-content\/uploads\/2025\/10\/%E8%B6%85%E5%B7%A5%E5%AE%9A%E5%88%B6%E8%8B%B1%E6%96%87_021-1.jpg\" alt=\"\" width=\"1200\" height=\"1054\"><img decoding=\"async\" class=\"size-full wp-image-82489 aligncenter\" src=\"https:\/\/xinshengmanufacture.com\/wp-content\/uploads\/2025\/10\/%E8%B6%85%E5%B7%A5%E5%AE%9A%E5%88%B6%E8%8B%B1%E6%96%87_031-1.jpg\" alt=\"\" width=\"1200\" height=\"1563\"><img loading=\"lazy\" decoding=\"async\" class=\"size-full wp-image-82501 aligncenter\" src=\"https:\/\/xinshengmanufacture.com\/wp-content\/uploads\/2025\/10\/%E8%B6%85%E5%B7%A5%E5%AE%9A%E5%88%B6%E8%8B%B1%E6%96%87_041-1.jpg\" alt=\"\" width=\"1200\" height=\"1755\"><img loading=\"lazy\" decoding=\"async\" class=\"alignnone size-full wp-image-82513 aligncenter\" src=\"https:\/\/xinshengmanufacture.com\/wp-content\/uploads\/2025\/10\/%E8%B6%85%E5%B7%A5%E5%AE%9A%E5%88%B6%E8%8B%B1%E6%96%87_051-1.jpg\" alt=\"\" width=\"1200\" height=\"2257\"><img loading=\"lazy\" decoding=\"async\" class=\"size-full wp-image-83421 aligncenter\" src=\"https:\/\/xinshengmanufacture.com\/wp-content\/uploads\/2025\/11\/%E8%AF%A6%E6%83%85%E9%A1%B5_01-1.jpg\" alt=\"\" width=\"1200\" height=\"1544\"> <img loading=\"lazy\" decoding=\"async\" class=\"size-full wp-image-83422 aligncenter\" src=\"https:\/\/xinshengmanufacture.com\/wp-content\/uploads\/2025\/11\/%E8%AF%A6%E6%83%85%E9%A1%B5_02-1.jpg\" alt=\"\" width=\"1200\" height=\"1885\"> <img loading=\"lazy\" decoding=\"async\" class=\"size-full wp-image-83423 aligncenter\" src=\"https:\/\/xinshengmanufacture.com\/wp-content\/uploads\/2025\/11\/%E8%AF%A6%E6%83%85%E9%A1%B5_03-1.jpg\" alt=\"\" width=\"1200\" height=\"1809\"> <img loading=\"lazy\" decoding=\"async\" class=\"size-full wp-image-83424 aligncenter\" src=\"https:\/\/xinshengmanufacture.com\/wp-content\/uploads\/2025\/11\/%E8%AF%A6%E6%83%85%E9%A1%B5_04-1.jpg\" alt=\"\" width=\"1200\" height=\"1567\"> <img loading=\"lazy\" decoding=\"async\" class=\"size-full wp-image-83425 aligncenter\" src=\"https:\/\/xinshengmanufacture.com\/wp-content\/uploads\/2025\/11\/%E8%AF%A6%E6%83%85%E9%A1%B5_05-1.jpg\" alt=\"\" width=\"1200\" height=\"2340\"> <img loading=\"lazy\" decoding=\"async\" class=\"size-full wp-image-83426 aligncenter\" src=\"https:\/\/xinshengmanufacture.com\/wp-content\/uploads\/2025\/11\/%E8%AF%A6%E6%83%85%E9%A1%B5_07.jpg\" alt=\"\" width=\"1200\" height=\"2503\"> <img loading=\"lazy\" decoding=\"async\" class=\"size-full wp-image-83427 aligncenter\" src=\"https:\/\/xinshengmanufacture.com\/wp-content\/uploads\/2025\/11\/%E8%AF%A6%E6%83%85%E9%A1%B5_08-1.jpg\" alt=\"\" width=\"1200\" height=\"2237\"><\/p>\n","protected":false},"excerpt":{"rendered":"<p>Mesas para unhas projetadas para spas, sal\u00f5es de beleza e centros de est\u00e9tica. Voc\u00ea pode escolher cores e tamanhos personalizados. Fabricante de m\u00f3veis para sal\u00f5es de beleza, pre\u00e7os de f\u00e1brica mesmo para pe\u00e7as avulsas.  <\/p>\n","protected":false},"featured_media":83858,"template":"","meta":{"_bst_post_transparent":"","_bst_post_title":"","_bst_post_layout":"","_bst_post_sidebar_id":"","_bst_post_content_style":"","_bst_post_vertical_padding":"","_bst_post_feature":"","_bst_post_feature_position":"","_bst_post_header":false,"_bst_post_footer":false},"product_brand":[1079],"product_cat":[1071],"product_tag":[],"class_list":{"0":"post-83831","1":"product","2":"type-product","3":"status-publish","4":"has-post-thumbnail","6":"product_brand-xinsheng-pt-br","7":"product_cat-mesa-de-manicure","8":"pa_color-branco","9":"pa_color-cores-personalizadas","10":"pa_size-100cm40cm78cm","11":"pa_size-120cm40cm78cm","12":"pa_size-40cm40cm80cm-cadeira-borboleta","13":"pa_size-45cm38cm-banqueta-redonda-pequena","14":"pa_size-80cm40cm78cm","16":"first","17":"instock","18":"sale","19":"shipping-taxable","20":"purchasable","21":"product-type-variable","22":"entry","23":"content-bg","24":"loop-entry"},"_links":{"self":[{"href":"https:\/\/xinshengmanufacture.com\/pt-br\/wp-json\/wp\/v2\/product\/83831","targetHints":{"allow":["GET"]}}],"collection":[{"href":"https:\/\/xinshengmanufacture.com\/pt-br\/wp-json\/wp\/v2\/product"}],"about":[{"href":"https:\/\/xinshengmanufacture.com\/pt-br\/wp-json\/wp\/v2\/types\/product"}],"version-history":[{"count":0,"href":"https:\/\/xinshengmanufacture.com\/pt-br\/wp-json\/wp\/v2\/product\/83831\/revisions"}],"wp:featuredmedia":[{"embeddable":true,"href":"https:\/\/xinshengmanufacture.com\/pt-br\/wp-json\/wp\/v2\/media\/83858"}],"wp:attachment":[{"href":"https:\/\/xinshengmanufacture.com\/pt-br\/wp-json\/wp\/v2\/media?parent=83831"}],"wp:term":[{"taxonomy":"product_brand","embeddable":true,"href":"https:\/\/xinshengmanufacture.com\/pt-br\/wp-json\/wp\/v2\/product_brand?post=83831"},{"taxonomy":"product_cat","embeddable":true,"href":"https:\/\/xinshengmanufacture.com\/pt-br\/wp-json\/wp\/v2\/product_cat?post=83831"},{"taxonomy":"product_tag","embeddable":true,"href":"https:\/\/xinshengmanufacture.com\/pt-br\/wp-json\/wp\/v2\/product_tag?post=83831"}],"curies":[{"name":"wp","href":"https:\/\/api.w.org\/{rel}","templated":true}]}}