{"id":84805,"date":"2025-12-06T02:48:27","date_gmt":"2025-12-06T02:48:27","guid":{"rendered":"https:\/\/xinshengmanufacture.com\/\u4ea7\u54c1\/mesa-de-salao-de-beleza-para-unhas-de-dois-ou-tres-lugares-mesa-de-salao-de-beleza-mesa-de-spa-para-unhas-com-aspirador-de-po-mesa-pequena-simples-e-elegante-cores-personalizadas-disponiveis\/"},"modified":"2025-12-06T02:48:27","modified_gmt":"2025-12-06T02:48:27","slug":"mesa-de-salao-de-beleza-para-unhas-de-dois-ou-tres-lugares-mesa-de-salao-de-beleza-mesa-de-spa-para-unhas-com-aspirador-de-po-mesa-pequena-simples-e-elegante-cores-personalizadas-disponiveis","status":"publish","type":"product","link":"https:\/\/xinshengmanufacture.com\/pt-br\/product\/mesa-de-salao-de-beleza-para-unhas-de-dois-ou-tres-lugares-mesa-de-salao-de-beleza-mesa-de-spa-para-unhas-com-aspirador-de-po-mesa-pequena-simples-e-elegante-cores-personalizadas-disponiveis\/","title":{"rendered":"Mesa de sal\u00e3o de beleza para unhas de dois ou tr\u00eas lugares, mesa de sal\u00e3o de beleza, mesa de spa para unhas com aspirador de p\u00f3, mesa pequena simples e elegante, cores personalizadas dispon\u00edveis."},"content":{"rendered":"<p style=\"text-align: center;\"><img fetchpriority=\"high\" decoding=\"async\" class=\"aligncenter wp-image-82465\" src=\"https:\/\/xinshengmanufacture.com\/wp-content\/uploads\/2025\/10\/%E8%B6%85%E5%B7%A5%E5%AE%9A%E5%88%B6%E8%8B%B1%E6%96%87_011-1.jpg\" alt=\"\" width=\"790\" height=\"1223\"><img decoding=\"async\" class=\"aligncenter wp-image-82477\" src=\"https:\/\/xinshengmanufacture.com\/wp-content\/uploads\/2025\/10\/%E8%B6%85%E5%B7%A5%E5%AE%9A%E5%88%B6%E8%8B%B1%E6%96%87_021-1.jpg\" alt=\"\" width=\"790\" height=\"694\"><img decoding=\"async\" class=\"aligncenter wp-image-82489\" src=\"https:\/\/xinshengmanufacture.com\/wp-content\/uploads\/2025\/10\/%E8%B6%85%E5%B7%A5%E5%AE%9A%E5%88%B6%E8%8B%B1%E6%96%87_031-1.jpg\" alt=\"\" width=\"790\" height=\"1029\"><img loading=\"lazy\" decoding=\"async\" class=\"aligncenter wp-image-82501\" src=\"https:\/\/xinshengmanufacture.com\/wp-content\/uploads\/2025\/10\/%E8%B6%85%E5%B7%A5%E5%AE%9A%E5%88%B6%E8%8B%B1%E6%96%87_041-1.jpg\" alt=\"\" width=\"790\" height=\"1155\"><img loading=\"lazy\" decoding=\"async\" class=\"aligncenter wp-image-82513\" src=\"https:\/\/xinshengmanufacture.com\/wp-content\/uploads\/2025\/10\/%E8%B6%85%E5%B7%A5%E5%AE%9A%E5%88%B6%E8%8B%B1%E6%96%87_051-1.jpg\" alt=\"\" width=\"790\" height=\"1486\"><img loading=\"lazy\" decoding=\"async\" class=\"size-full wp-image-84587 aligncenter\" src=\"https:\/\/xinshengmanufacture.com\/wp-content\/uploads\/2025\/12\/%E8%AF%A6%E6%83%85%E9%A1%B5_01_01.jpg\" alt=\"\" width=\"790\" height=\"1188\"> <img loading=\"lazy\" decoding=\"async\" class=\"size-full wp-image-84588 aligncenter\" src=\"https:\/\/xinshengmanufacture.com\/wp-content\/uploads\/2025\/12\/%E8%AF%A6%E6%83%85%E9%A1%B5_01_02.jpg\" alt=\"\" width=\"790\" height=\"1204\"> <img loading=\"lazy\" decoding=\"async\" class=\"size-full wp-image-84589 aligncenter\" src=\"https:\/\/xinshengmanufacture.com\/wp-content\/uploads\/2025\/12\/%E8%AF%A6%E6%83%85%E9%A1%B5_01_03.jpg\" alt=\"\" width=\"790\" height=\"648\"> <img loading=\"lazy\" decoding=\"async\" class=\"size-full wp-image-84590 aligncenter\" src=\"https:\/\/xinshengmanufacture.com\/wp-content\/uploads\/2025\/12\/%E8%AF%A6%E6%83%85%E9%A1%B5_01_04.jpg\" alt=\"\" width=\"790\" height=\"1173\"> <img loading=\"lazy\" decoding=\"async\" class=\"size-full wp-image-84591 aligncenter\" src=\"https:\/\/xinshengmanufacture.com\/wp-content\/uploads\/2025\/12\/%E8%AF%A6%E6%83%85%E9%A1%B5_01_05.jpg\" alt=\"\" width=\"790\" height=\"1233\"> <img loading=\"lazy\" decoding=\"async\" class=\"size-full wp-image-84592 aligncenter\" src=\"https:\/\/xinshengmanufacture.com\/wp-content\/uploads\/2025\/12\/%E8%AF%A6%E6%83%85%E9%A1%B5_01_06.jpg\" alt=\"\" width=\"790\" height=\"1168\"> <img loading=\"lazy\" decoding=\"async\" class=\"size-full wp-image-84593 aligncenter\" src=\"https:\/\/xinshengmanufacture.com\/wp-content\/uploads\/2025\/12\/%E8%AF%A6%E6%83%85%E9%A1%B5_01_07.jpg\" alt=\"\" width=\"790\" height=\"1314\"> <img loading=\"lazy\" decoding=\"async\" class=\"size-full wp-image-84594 aligncenter\" src=\"https:\/\/xinshengmanufacture.com\/wp-content\/uploads\/2025\/12\/%E8%AF%A6%E6%83%85%E9%A1%B5_01_08.jpg\" alt=\"\" width=\"790\" height=\"1089\"> <img loading=\"lazy\" decoding=\"async\" class=\"size-full wp-image-84595 aligncenter\" src=\"https:\/\/xinshengmanufacture.com\/wp-content\/uploads\/2025\/12\/%E8%AF%A6%E6%83%85%E9%A1%B5_01_09.jpg\" alt=\"\" width=\"790\" height=\"1010\"> <img loading=\"lazy\" decoding=\"async\" class=\"size-full wp-image-84596 aligncenter\" src=\"https:\/\/xinshengmanufacture.com\/wp-content\/uploads\/2025\/12\/%E8%AF%A6%E6%83%85%E9%A1%B5_01_10.jpg\" alt=\"\" width=\"790\" height=\"1183\"> <img loading=\"lazy\" decoding=\"async\" class=\"size-full wp-image-84597 aligncenter\" src=\"https:\/\/xinshengmanufacture.com\/wp-content\/uploads\/2025\/12\/%E8%AF%A6%E6%83%85%E9%A1%B5_01_11.jpg\" alt=\"\" width=\"790\" height=\"1113\"> <img loading=\"lazy\" decoding=\"async\" class=\"size-full wp-image-84598 aligncenter\" src=\"https:\/\/xinshengmanufacture.com\/wp-content\/uploads\/2025\/12\/%E8%AF%A6%E6%83%85%E9%A1%B5_01_12.jpg\" alt=\"\" width=\"790\" height=\"1705\"> <img loading=\"lazy\" decoding=\"async\" class=\"size-full wp-image-84599 aligncenter\" src=\"https:\/\/xinshengmanufacture.com\/wp-content\/uploads\/2025\/12\/%E8%AF%A6%E6%83%85%E9%A1%B5_01_13.jpg\" alt=\"\" width=\"790\" height=\"1257\"><\/p>\n","protected":false},"excerpt":{"rendered":"<p>Mesas para unhas projetadas para spas, sal\u00f5es de beleza e centros de est\u00e9tica. Voc\u00ea pode escolher cores e tamanhos personalizados. Fabricante de m\u00f3veis para sal\u00f5es de beleza, pre\u00e7os de f\u00e1brica mesmo para pe\u00e7as avulsas.  <\/p>\n","protected":false},"featured_media":84812,"template":"","meta":{"_bst_post_transparent":"","_bst_post_title":"","_bst_post_layout":"","_bst_post_sidebar_id":"","_bst_post_content_style":"","_bst_post_vertical_padding":"","_bst_post_feature":"","_bst_post_feature_position":"","_bst_post_header":false,"_bst_post_footer":false},"product_brand":[1079],"product_cat":[1071],"product_tag":[],"class_list":{"0":"post-84805","1":"product","2":"type-product","3":"status-publish","4":"has-post-thumbnail","6":"product_brand-xinsheng-pt-br","7":"product_cat-mesa-de-manicure","8":"pa_color-branco","9":"pa_color-cores-personalizadas","10":"pa_size-100cm40cm78cmmesa-individual","11":"pa_size-140cm40cm78cmtwo-person-table","12":"pa_size-180cm40cm78cmthree-person-table","13":"pa_size-200cm40cm78cmthree-person-table","14":"pa_size-62-cm65-cm76-cmcadeira-em-forma-de-u","16":"first","17":"instock","18":"sale","19":"shipping-taxable","20":"purchasable","21":"product-type-variable","22":"entry","23":"content-bg","24":"loop-entry"},"_links":{"self":[{"href":"https:\/\/xinshengmanufacture.com\/pt-br\/wp-json\/wp\/v2\/product\/84805","targetHints":{"allow":["GET"]}}],"collection":[{"href":"https:\/\/xinshengmanufacture.com\/pt-br\/wp-json\/wp\/v2\/product"}],"about":[{"href":"https:\/\/xinshengmanufacture.com\/pt-br\/wp-json\/wp\/v2\/types\/product"}],"version-history":[{"count":0,"href":"https:\/\/xinshengmanufacture.com\/pt-br\/wp-json\/wp\/v2\/product\/84805\/revisions"}],"wp:featuredmedia":[{"embeddable":true,"href":"https:\/\/xinshengmanufacture.com\/pt-br\/wp-json\/wp\/v2\/media\/84812"}],"wp:attachment":[{"href":"https:\/\/xinshengmanufacture.com\/pt-br\/wp-json\/wp\/v2\/media?parent=84805"}],"wp:term":[{"taxonomy":"product_brand","embeddable":true,"href":"https:\/\/xinshengmanufacture.com\/pt-br\/wp-json\/wp\/v2\/product_brand?post=84805"},{"taxonomy":"product_cat","embeddable":true,"href":"https:\/\/xinshengmanufacture.com\/pt-br\/wp-json\/wp\/v2\/product_cat?post=84805"},{"taxonomy":"product_tag","embeddable":true,"href":"https:\/\/xinshengmanufacture.com\/pt-br\/wp-json\/wp\/v2\/product_tag?post=84805"}],"curies":[{"name":"wp","href":"https:\/\/api.w.org\/{rel}","templated":true}]}}