{"id":86178,"date":"2025-12-24T07:57:17","date_gmt":"2025-12-24T07:57:17","guid":{"rendered":"https:\/\/xinshengmanufacture.com\/product\/cama-de-xampu-para-massagem-conjunto-de-acessorios-de-circulacao-de-agua-para-cama-de-xampu-estilo-tailandes-fabricante-de-moveis-para-salao-de-beleza-acessorios-para-cama-de-xampu-bomba-de-agua\/"},"modified":"2025-12-27T07:10:07","modified_gmt":"2025-12-27T07:10:07","slug":"cama-de-xampu-para-massagem-conjunto-de-acessorios-de-circulacao-de-agua-para-cama-de-xampu-estilo-tailandes-fabricante-de-moveis-para-salao-de-beleza-acessorios-para-cama-de-xampu-bomba-de-agua","status":"publish","type":"product","link":"https:\/\/xinshengmanufacture.com\/pt-br\/product\/cama-de-xampu-para-massagem-conjunto-de-acessorios-de-circulacao-de-agua-para-cama-de-xampu-estilo-tailandes-fabricante-de-moveis-para-salao-de-beleza-acessorios-para-cama-de-xampu-bomba-de-agua\/","title":{"rendered":"Cama de xampu para massagem, conjunto de acess\u00f3rios de circula\u00e7\u00e3o de \u00e1gua para cama de xampu estilo tailand\u00eas, fabricante de m\u00f3veis para sal\u00e3o de beleza, acess\u00f3rios para cama de xampu, bomba de \u00e1gua."},"content":{"rendered":"<div class=\"wp-playlist wp-video-playlist wp-playlist-light\">\n\t\t<video controls=\"controls\" preload=\"none\" width=\"1408\"\n\t\t height=\"792\"\t><\/video>\n\t<div class=\"wp-playlist-next\"><\/div>\n\t<div class=\"wp-playlist-prev\"><\/div>\n\t<noscript>\n\t<ol>\n\t\t<li><a href='https:\/\/xinshengmanufacture.com\/wp-content\/uploads\/2025\/12\/1-1.mp4'>1 (1)<\/a><\/li>\t<\/ol>\n\t<\/noscript>\n\t<script type=\"application\/json\" class=\"wp-playlist-script\">{\"type\":\"video\",\"tracklist\":false,\"tracknumbers\":true,\"images\":true,\"artists\":true,\"tracks\":[{\"src\":\"https:\/\/xinshengmanufacture.com\/wp-content\/uploads\/2025\/12\/1-1.mp4\",\"type\":\"video\/mp4\",\"title\":\"1 (1)\",\"caption\":\"\",\"description\":\"\",\"meta\":{\"length_formatted\":\"0:40\"},\"dimensions\":{\"original\":{\"width\":1920,\"height\":1080},\"resized\":{\"width\":1408,\"height\":792}},\"image\":{\"src\":\"https:\/\/xinshengmanufacture.com\/wp-includes\/images\/media\/video.svg\",\"width\":48,\"height\":64},\"thumb\":{\"src\":\"https:\/\/xinshengmanufacture.com\/wp-includes\/images\/media\/video.svg\",\"width\":48,\"height\":64}}]}<\/script>\n<\/div>\n\t\n<p><img fetchpriority=\"high\" decoding=\"async\" class=\"size-full wp-image-82465 aligncenter\" src=\"https:\/\/xinshengmanufacture.com\/wp-content\/uploads\/2025\/10\/%E8%B6%85%E5%B7%A5%E5%AE%9A%E5%88%B6%E8%8B%B1%E6%96%87_011-1.jpg\" alt=\"\" width=\"1200\" height=\"1857\"><img decoding=\"async\" class=\"size-full wp-image-82477 aligncenter\" src=\"https:\/\/xinshengmanufacture.com\/wp-content\/uploads\/2025\/10\/%E8%B6%85%E5%B7%A5%E5%AE%9A%E5%88%B6%E8%8B%B1%E6%96%87_021-1.jpg\" alt=\"\" width=\"1200\" height=\"1054\"><img decoding=\"async\" class=\"size-full wp-image-82489 aligncenter\" src=\"https:\/\/xinshengmanufacture.com\/wp-content\/uploads\/2025\/10\/%E8%B6%85%E5%B7%A5%E5%AE%9A%E5%88%B6%E8%8B%B1%E6%96%87_031-1.jpg\" alt=\"\" width=\"1200\" height=\"1563\"><img loading=\"lazy\" decoding=\"async\" class=\"size-full wp-image-82501 aligncenter\" src=\"https:\/\/xinshengmanufacture.com\/wp-content\/uploads\/2025\/10\/%E8%B6%85%E5%B7%A5%E5%AE%9A%E5%88%B6%E8%8B%B1%E6%96%87_041-1.jpg\" alt=\"\" width=\"1200\" height=\"1755\"><img loading=\"lazy\" decoding=\"async\" class=\"size-full wp-image-82513 aligncenter\" src=\"https:\/\/xinshengmanufacture.com\/wp-content\/uploads\/2025\/10\/%E8%B6%85%E5%B7%A5%E5%AE%9A%E5%88%B6%E8%8B%B1%E6%96%87_051-1.jpg\" alt=\"\" width=\"1200\" height=\"2257\"><img loading=\"lazy\" decoding=\"async\" class=\"wp-image-85585 aligncenter\" style=\"letter-spacing: 0.3px;\" src=\"https:\/\/xinshengmanufacture.com\/wp-content\/uploads\/2025\/12\/1-14.jpg\" alt=\"\" width=\"1200\" height=\"675\" srcset=\"https:\/\/xinshengmanufacture.com\/wp-content\/uploads\/2025\/12\/1-14.jpg 2560w, https:\/\/xinshengmanufacture.com\/wp-content\/uploads\/2025\/12\/1-14-300x169.jpg 300w, https:\/\/xinshengmanufacture.com\/wp-content\/uploads\/2025\/12\/1-14-1024x576.jpg 1024w, https:\/\/xinshengmanufacture.com\/wp-content\/uploads\/2025\/12\/1-14-768x432.jpg 768w, https:\/\/xinshengmanufacture.com\/wp-content\/uploads\/2025\/12\/1-14-1536x864.jpg 1536w, https:\/\/xinshengmanufacture.com\/wp-content\/uploads\/2025\/12\/1-14-2048x1152.jpg 2048w, https:\/\/xinshengmanufacture.com\/wp-content\/uploads\/2025\/12\/1-14-600x338.jpg 600w\" sizes=\"(max-width: 1200px) 100vw, 1200px\" \/><img loading=\"lazy\" decoding=\"async\" class=\"wp-image-85586 aligncenter\" style=\"letter-spacing: 0.3px;\" src=\"https:\/\/xinshengmanufacture.com\/wp-content\/uploads\/2025\/12\/2-7.jpg\" alt=\"\" width=\"1200\" height=\"2133\" srcset=\"https:\/\/xinshengmanufacture.com\/wp-content\/uploads\/2025\/12\/2-7.jpg 1440w, https:\/\/xinshengmanufacture.com\/wp-content\/uploads\/2025\/12\/2-7-169x300.jpg 169w, https:\/\/xinshengmanufacture.com\/wp-content\/uploads\/2025\/12\/2-7-576x1024.jpg 576w, https:\/\/xinshengmanufacture.com\/wp-content\/uploads\/2025\/12\/2-7-768x1365.jpg 768w, https:\/\/xinshengmanufacture.com\/wp-content\/uploads\/2025\/12\/2-7-864x1536.jpg 864w, https:\/\/xinshengmanufacture.com\/wp-content\/uploads\/2025\/12\/2-7-1152x2048.jpg 1152w, https:\/\/xinshengmanufacture.com\/wp-content\/uploads\/2025\/12\/2-7-600x1067.jpg 600w\" sizes=\"(max-width: 1200px) 100vw, 1200px\" \/><img loading=\"lazy\" decoding=\"async\" class=\"wp-image-85584 aligncenter\" src=\"https:\/\/xinshengmanufacture.com\/wp-content\/uploads\/2025\/12\/8.jpg\" alt=\"\" width=\"1200\" height=\"2133\" srcset=\"https:\/\/xinshengmanufacture.com\/wp-content\/uploads\/2025\/12\/8.jpg 1440w, https:\/\/xinshengmanufacture.com\/wp-content\/uploads\/2025\/12\/8-169x300.jpg 169w, https:\/\/xinshengmanufacture.com\/wp-content\/uploads\/2025\/12\/8-576x1024.jpg 576w, https:\/\/xinshengmanufacture.com\/wp-content\/uploads\/2025\/12\/8-768x1365.jpg 768w, https:\/\/xinshengmanufacture.com\/wp-content\/uploads\/2025\/12\/8-864x1536.jpg 864w, https:\/\/xinshengmanufacture.com\/wp-content\/uploads\/2025\/12\/8-1152x2048.jpg 1152w, https:\/\/xinshengmanufacture.com\/wp-content\/uploads\/2025\/12\/8-600x1067.jpg 600w\" sizes=\"(max-width: 1200px) 100vw, 1200px\" \/> <img loading=\"lazy\" decoding=\"async\" class=\"aligncenter wp-image-85587\" src=\"https:\/\/xinshengmanufacture.com\/wp-content\/uploads\/2025\/12\/3-8.jpg\" alt=\"\" width=\"1200\" height=\"2133\" srcset=\"https:\/\/xinshengmanufacture.com\/wp-content\/uploads\/2025\/12\/3-8.jpg 1440w, https:\/\/xinshengmanufacture.com\/wp-content\/uploads\/2025\/12\/3-8-169x300.jpg 169w, https:\/\/xinshengmanufacture.com\/wp-content\/uploads\/2025\/12\/3-8-576x1024.jpg 576w, https:\/\/xinshengmanufacture.com\/wp-content\/uploads\/2025\/12\/3-8-768x1365.jpg 768w, https:\/\/xinshengmanufacture.com\/wp-content\/uploads\/2025\/12\/3-8-864x1536.jpg 864w, https:\/\/xinshengmanufacture.com\/wp-content\/uploads\/2025\/12\/3-8-1152x2048.jpg 1152w, https:\/\/xinshengmanufacture.com\/wp-content\/uploads\/2025\/12\/3-8-600x1067.jpg 600w\" sizes=\"(max-width: 1200px) 100vw, 1200px\" \/> <img loading=\"lazy\" decoding=\"async\" class=\"wp-image-85588 aligncenter\" src=\"https:\/\/xinshengmanufacture.com\/wp-content\/uploads\/2025\/12\/4-8.jpg\" alt=\"\" width=\"1200\" height=\"2133\" srcset=\"https:\/\/xinshengmanufacture.com\/wp-content\/uploads\/2025\/12\/4-8.jpg 1440w, https:\/\/xinshengmanufacture.com\/wp-content\/uploads\/2025\/12\/4-8-169x300.jpg 169w, https:\/\/xinshengmanufacture.com\/wp-content\/uploads\/2025\/12\/4-8-576x1024.jpg 576w, https:\/\/xinshengmanufacture.com\/wp-content\/uploads\/2025\/12\/4-8-768x1365.jpg 768w, https:\/\/xinshengmanufacture.com\/wp-content\/uploads\/2025\/12\/4-8-864x1536.jpg 864w, https:\/\/xinshengmanufacture.com\/wp-content\/uploads\/2025\/12\/4-8-1152x2048.jpg 1152w, https:\/\/xinshengmanufacture.com\/wp-content\/uploads\/2025\/12\/4-8-600x1067.jpg 600w\" sizes=\"(max-width: 1200px) 100vw, 1200px\" \/> <img loading=\"lazy\" decoding=\"async\" class=\"aligncenter wp-image-85589\" src=\"https:\/\/xinshengmanufacture.com\/wp-content\/uploads\/2025\/12\/5-7.jpg\" alt=\"\" width=\"1200\" height=\"2133\" srcset=\"https:\/\/xinshengmanufacture.com\/wp-content\/uploads\/2025\/12\/5-7.jpg 1440w, https:\/\/xinshengmanufacture.com\/wp-content\/uploads\/2025\/12\/5-7-169x300.jpg 169w, https:\/\/xinshengmanufacture.com\/wp-content\/uploads\/2025\/12\/5-7-576x1024.jpg 576w, https:\/\/xinshengmanufacture.com\/wp-content\/uploads\/2025\/12\/5-7-768x1365.jpg 768w, https:\/\/xinshengmanufacture.com\/wp-content\/uploads\/2025\/12\/5-7-864x1536.jpg 864w, https:\/\/xinshengmanufacture.com\/wp-content\/uploads\/2025\/12\/5-7-1152x2048.jpg 1152w, https:\/\/xinshengmanufacture.com\/wp-content\/uploads\/2025\/12\/5-7-600x1067.jpg 600w\" sizes=\"(max-width: 1200px) 100vw, 1200px\" \/> <img loading=\"lazy\" decoding=\"async\" class=\"aligncenter wp-image-85590\" src=\"https:\/\/xinshengmanufacture.com\/wp-content\/uploads\/2025\/12\/6-8.jpg\" alt=\"\" width=\"1200\" height=\"2133\" srcset=\"https:\/\/xinshengmanufacture.com\/wp-content\/uploads\/2025\/12\/6-8.jpg 1440w, https:\/\/xinshengmanufacture.com\/wp-content\/uploads\/2025\/12\/6-8-169x300.jpg 169w, https:\/\/xinshengmanufacture.com\/wp-content\/uploads\/2025\/12\/6-8-576x1024.jpg 576w, https:\/\/xinshengmanufacture.com\/wp-content\/uploads\/2025\/12\/6-8-768x1365.jpg 768w, https:\/\/xinshengmanufacture.com\/wp-content\/uploads\/2025\/12\/6-8-864x1536.jpg 864w, https:\/\/xinshengmanufacture.com\/wp-content\/uploads\/2025\/12\/6-8-1152x2048.jpg 1152w, https:\/\/xinshengmanufacture.com\/wp-content\/uploads\/2025\/12\/6-8-600x1067.jpg 600w\" sizes=\"(max-width: 1200px) 100vw, 1200px\" \/> <img loading=\"lazy\" decoding=\"async\" class=\"aligncenter wp-image-85591\" src=\"https:\/\/xinshengmanufacture.com\/wp-content\/uploads\/2025\/12\/7.jpg\" alt=\"\" width=\"1200\" height=\"2133\" srcset=\"https:\/\/xinshengmanufacture.com\/wp-content\/uploads\/2025\/12\/7.jpg 1440w, https:\/\/xinshengmanufacture.com\/wp-content\/uploads\/2025\/12\/7-169x300.jpg 169w, https:\/\/xinshengmanufacture.com\/wp-content\/uploads\/2025\/12\/7-576x1024.jpg 576w, https:\/\/xinshengmanufacture.com\/wp-content\/uploads\/2025\/12\/7-768x1365.jpg 768w, https:\/\/xinshengmanufacture.com\/wp-content\/uploads\/2025\/12\/7-864x1536.jpg 864w, https:\/\/xinshengmanufacture.com\/wp-content\/uploads\/2025\/12\/7-1152x2048.jpg 1152w, https:\/\/xinshengmanufacture.com\/wp-content\/uploads\/2025\/12\/7-600x1067.jpg 600w\" sizes=\"(max-width: 1200px) 100vw, 1200px\" \/><\/p>\n","protected":false},"excerpt":{"rendered":"<p>Esses s\u00e3o acess\u00f3rios profissionais para camas de xampu e devem ser usados com nossas camas.<\/p>\n","protected":false},"featured_media":86190,"template":"","meta":{"_bst_post_transparent":"","_bst_post_title":"","_bst_post_layout":"","_bst_post_sidebar_id":"","_bst_post_content_style":"","_bst_post_vertical_padding":"","_bst_post_feature":"","_bst_post_feature_position":"","_bst_post_header":false,"_bst_post_footer":false},"product_brand":[1079],"product_cat":[902,887],"product_tag":[],"class_list":{"0":"post-86178","1":"product","2":"type-product","3":"status-publish","4":"has-post-thumbnail","6":"product_brand-xinsheng-pt-br","7":"product_cat-cadeira-de-pedicure-footbath","8":"product_cat-cama-de-massagem-eletrica","9":"pa_color-bomba-de-agua","10":"pa_color-kit-de-circulacao-de-agua-incluindo-bomba-de-agua","12":"first","13":"instock","14":"sale","15":"shipping-taxable","16":"purchasable","17":"product-type-variable","18":"entry","19":"content-bg","20":"loop-entry"},"_links":{"self":[{"href":"https:\/\/xinshengmanufacture.com\/pt-br\/wp-json\/wp\/v2\/product\/86178","targetHints":{"allow":["GET"]}}],"collection":[{"href":"https:\/\/xinshengmanufacture.com\/pt-br\/wp-json\/wp\/v2\/product"}],"about":[{"href":"https:\/\/xinshengmanufacture.com\/pt-br\/wp-json\/wp\/v2\/types\/product"}],"version-history":[{"count":6,"href":"https:\/\/xinshengmanufacture.com\/pt-br\/wp-json\/wp\/v2\/product\/86178\/revisions"}],"predecessor-version":[{"id":86288,"href":"https:\/\/xinshengmanufacture.com\/pt-br\/wp-json\/wp\/v2\/product\/86178\/revisions\/86288"}],"wp:featuredmedia":[{"embeddable":true,"href":"https:\/\/xinshengmanufacture.com\/pt-br\/wp-json\/wp\/v2\/media\/86190"}],"wp:attachment":[{"href":"https:\/\/xinshengmanufacture.com\/pt-br\/wp-json\/wp\/v2\/media?parent=86178"}],"wp:term":[{"taxonomy":"product_brand","embeddable":true,"href":"https:\/\/xinshengmanufacture.com\/pt-br\/wp-json\/wp\/v2\/product_brand?post=86178"},{"taxonomy":"product_cat","embeddable":true,"href":"https:\/\/xinshengmanufacture.com\/pt-br\/wp-json\/wp\/v2\/product_cat?post=86178"},{"taxonomy":"product_tag","embeddable":true,"href":"https:\/\/xinshengmanufacture.com\/pt-br\/wp-json\/wp\/v2\/product_tag?post=86178"}],"curies":[{"name":"wp","href":"https:\/\/api.w.org\/{rel}","templated":true}]}}