{"id":87814,"date":"2026-01-31T07:31:33","date_gmt":"2026-01-31T07:31:33","guid":{"rendered":"https:\/\/xinshengmanufacture.com\/product\/cama-de-beleza-mobilia-de-salao-de-beleza-elegante-e-portatil-cama-de-beleza-com-elevacao-eletrica-e-altura-ajustavel-adequada-para-saloes-de-beleza-spas-e-servicos-de-extensao-de-cilios-vendas-di\/"},"modified":"2026-01-31T07:36:34","modified_gmt":"2026-01-31T07:36:34","slug":"cama-de-beleza-mobilia-de-salao-de-beleza-elegante-e-portatil-cama-de-beleza-com-elevacao-eletrica-e-altura-ajustavel-adequada-para-saloes-de-beleza-spas-e-servicos-de-extensao-de-cilios-vendas-di","status":"publish","type":"product","link":"https:\/\/xinshengmanufacture.com\/pt-br\/product\/cama-de-beleza-mobilia-de-salao-de-beleza-elegante-e-portatil-cama-de-beleza-com-elevacao-eletrica-e-altura-ajustavel-adequada-para-saloes-de-beleza-spas-e-servicos-de-extensao-de-cilios-vendas-di\/","title":{"rendered":"Cama de beleza\/mob\u00edlia de sal\u00e3o de beleza elegante e port\u00e1til, cama de beleza com eleva\u00e7\u00e3o el\u00e9trica e altura ajust\u00e1vel, adequada para sal\u00f5es de beleza, spas e servi\u00e7os de extens\u00e3o de c\u00edlios. Vendas diretas da f\u00e1brica, cores personaliz\u00e1veis dispon\u00edveis."},"content":{"rendered":"<p style=\"text-align: center;\"><img fetchpriority=\"high\" decoding=\"async\" class=\"size-full wp-image-87664 aligncenter\" src=\"https:\/\/xinshengmanufacture.com\/wp-content\/uploads\/2026\/01\/%E8%B6%85%E5%B7%A5%E5%AE%9A%E5%88%B6%E8%8B%B1%E6%96%87_011.jpg\" alt=\"\" width=\"1200\" height=\"1857\"> <img decoding=\"async\" class=\"size-full wp-image-87665 aligncenter\" src=\"https:\/\/xinshengmanufacture.com\/wp-content\/uploads\/2026\/01\/%E8%B6%85%E5%B7%A5%E5%AE%9A%E5%88%B6%E8%8B%B1%E6%96%87_021.jpg\" alt=\"\" width=\"1200\" height=\"1054\"> <img decoding=\"async\" class=\"size-full wp-image-87666 aligncenter\" src=\"https:\/\/xinshengmanufacture.com\/wp-content\/uploads\/2026\/01\/%E8%B6%85%E5%B7%A5%E5%AE%9A%E5%88%B6%E8%8B%B1%E6%96%87_031.jpg\" alt=\"\" width=\"1200\" height=\"1563\"> <img loading=\"lazy\" decoding=\"async\" class=\"size-full wp-image-87667 aligncenter\" src=\"https:\/\/xinshengmanufacture.com\/wp-content\/uploads\/2026\/01\/%E8%B6%85%E5%B7%A5%E5%AE%9A%E5%88%B6%E8%8B%B1%E6%96%87_041.jpg\" alt=\"\" width=\"1200\" height=\"1755\"> <img loading=\"lazy\" decoding=\"async\" class=\"size-full wp-image-87668 aligncenter\" src=\"https:\/\/xinshengmanufacture.com\/wp-content\/uploads\/2026\/01\/%E8%B6%85%E5%B7%A5%E5%AE%9A%E5%88%B6%E8%8B%B1%E6%96%87_051.jpg\" alt=\"\" width=\"1200\" height=\"2257\"><img loading=\"lazy\" decoding=\"async\" class=\"size-full wp-image-87669 aligncenter\" src=\"https:\/\/xinshengmanufacture.com\/wp-content\/uploads\/2026\/01\/%E7%BE%8E%E5%AE%B9%E6%A4%85_01.jpg\" alt=\"\" width=\"1200\" height=\"2542\"> <img loading=\"lazy\" decoding=\"async\" class=\"size-full wp-image-87670 aligncenter\" src=\"https:\/\/xinshengmanufacture.com\/wp-content\/uploads\/2026\/01\/%E7%BE%8E%E5%AE%B9%E6%A4%85_02.jpg\" alt=\"\" width=\"1200\" height=\"1755\"> <img loading=\"lazy\" decoding=\"async\" class=\"aligncenter wp-image-87671\" src=\"https:\/\/xinshengmanufacture.com\/wp-content\/uploads\/2026\/01\/%E7%BE%8E%E5%AE%B9%E6%A4%85_03.jpg\" alt=\"\" width=\"1200\" height=\"2721\"> <img loading=\"lazy\" decoding=\"async\" class=\"size-full wp-image-87672 aligncenter\" src=\"https:\/\/xinshengmanufacture.com\/wp-content\/uploads\/2026\/01\/%E7%BE%8E%E5%AE%B9%E6%A4%85_04.jpg\" alt=\"\" width=\"1200\" height=\"2096\"> <img loading=\"lazy\" decoding=\"async\" class=\"size-full wp-image-87673 aligncenter\" src=\"https:\/\/xinshengmanufacture.com\/wp-content\/uploads\/2026\/01\/%E7%BE%8E%E5%AE%B9%E6%A4%85_05.jpg\" alt=\"\" width=\"1200\" height=\"2011\"> <img loading=\"lazy\" decoding=\"async\" class=\"size-full wp-image-87674 aligncenter\" src=\"https:\/\/xinshengmanufacture.com\/wp-content\/uploads\/2026\/01\/%E7%BE%8E%E5%AE%B9%E6%A4%85_06.jpg\" alt=\"\" width=\"1200\" height=\"2308\"> <img loading=\"lazy\" decoding=\"async\" class=\"aligncenter wp-image-87675\" src=\"https:\/\/xinshengmanufacture.com\/wp-content\/uploads\/2026\/01\/%E7%BE%8E%E5%AE%B9%E6%A4%85_07.jpg\" alt=\"\" width=\"1200\" height=\"4123\"> <img loading=\"lazy\" decoding=\"async\" class=\"size-full wp-image-87676 aligncenter\" src=\"https:\/\/xinshengmanufacture.com\/wp-content\/uploads\/2026\/01\/%E7%BE%8E%E5%AE%B9%E6%A4%85_08.jpg\" alt=\"\" width=\"1200\" height=\"1766\"> <img loading=\"lazy\" decoding=\"async\" class=\"aligncenter wp-image-87677\" src=\"https:\/\/xinshengmanufacture.com\/wp-content\/uploads\/2026\/01\/%E7%BE%8E%E5%AE%B9%E6%A4%85_09.jpg\" alt=\"\" width=\"1200\" height=\"2648\"> <img loading=\"lazy\" decoding=\"async\" class=\"size-full wp-image-87678 aligncenter\" src=\"https:\/\/xinshengmanufacture.com\/wp-content\/uploads\/2026\/01\/%E7%BE%8E%E5%AE%B9%E6%A4%85_10.jpg\" alt=\"\" width=\"1200\" height=\"2436\"><\/p>\n","protected":false},"excerpt":{"rendered":"<p>Cama de beleza elevat\u00f3ria el\u00e9trica elegante e port\u00e1til, adequada para uso em sal\u00f5es de beleza, centros de est\u00e9tica, spas, sal\u00f5es de manicure e outros locais. Diretamente da f\u00e1brica, pre\u00e7o de atacado mesmo para unidades individuais. Voc\u00ea pode escolher cores personalizadas.  <\/p>\n","protected":false},"featured_media":87830,"template":"","meta":{"_bst_post_transparent":"","_bst_post_title":"","_bst_post_layout":"","_bst_post_sidebar_id":"","_bst_post_content_style":"","_bst_post_vertical_padding":"","_bst_post_feature":"","_bst_post_feature_position":"","_bst_post_header":false,"_bst_post_footer":false},"product_brand":[1079],"product_cat":[560],"product_tag":[],"class_list":{"0":"post-87814","1":"product","2":"type-product","3":"status-publish","4":"has-post-thumbnail","6":"product_brand-xinsheng-pt-br","7":"product_cat-cama-de-beleza","8":"pa_color-branco","9":"pa_color-cores-personalizadas","10":"pa_size-195cm80cm98cm","12":"first","13":"instock","14":"sale","15":"shipping-taxable","16":"purchasable","17":"product-type-variable","18":"entry","19":"content-bg","20":"loop-entry"},"_links":{"self":[{"href":"https:\/\/xinshengmanufacture.com\/pt-br\/wp-json\/wp\/v2\/product\/87814","targetHints":{"allow":["GET"]}}],"collection":[{"href":"https:\/\/xinshengmanufacture.com\/pt-br\/wp-json\/wp\/v2\/product"}],"about":[{"href":"https:\/\/xinshengmanufacture.com\/pt-br\/wp-json\/wp\/v2\/types\/product"}],"version-history":[{"count":1,"href":"https:\/\/xinshengmanufacture.com\/pt-br\/wp-json\/wp\/v2\/product\/87814\/revisions"}],"predecessor-version":[{"id":87901,"href":"https:\/\/xinshengmanufacture.com\/pt-br\/wp-json\/wp\/v2\/product\/87814\/revisions\/87901"}],"wp:featuredmedia":[{"embeddable":true,"href":"https:\/\/xinshengmanufacture.com\/pt-br\/wp-json\/wp\/v2\/media\/87830"}],"wp:attachment":[{"href":"https:\/\/xinshengmanufacture.com\/pt-br\/wp-json\/wp\/v2\/media?parent=87814"}],"wp:term":[{"taxonomy":"product_brand","embeddable":true,"href":"https:\/\/xinshengmanufacture.com\/pt-br\/wp-json\/wp\/v2\/product_brand?post=87814"},{"taxonomy":"product_cat","embeddable":true,"href":"https:\/\/xinshengmanufacture.com\/pt-br\/wp-json\/wp\/v2\/product_cat?post=87814"},{"taxonomy":"product_tag","embeddable":true,"href":"https:\/\/xinshengmanufacture.com\/pt-br\/wp-json\/wp\/v2\/product_tag?post=87814"}],"curies":[{"name":"wp","href":"https:\/\/api.w.org\/{rel}","templated":true}]}}