{"id":88025,"date":"2026-03-13T07:54:39","date_gmt":"2026-03-13T07:54:39","guid":{"rendered":"https:\/\/xinshengmanufacture.com\/product\/cadeira-de-pedicure-sem-duto-estilo-sofa-moveis-para-salao-de-beleza-e-spa-com-funcao-de-massagem-ideal-para-banhos-de-pes-saloes-de-manicure-e-spas-cores-personalizaveis-disponiveis-vendas-di\/"},"modified":"2026-03-13T08:01:36","modified_gmt":"2026-03-13T08:01:36","slug":"cadeira-de-pedicure-sem-duto-estilo-sofa-moveis-para-salao-de-beleza-e-spa-com-funcao-de-massagem-ideal-para-banhos-de-pes-saloes-de-manicure-e-spas-cores-personalizaveis-disponiveis-vendas-di","status":"publish","type":"product","link":"https:\/\/xinshengmanufacture.com\/pt-br\/product\/cadeira-de-pedicure-sem-duto-estilo-sofa-moveis-para-salao-de-beleza-e-spa-com-funcao-de-massagem-ideal-para-banhos-de-pes-saloes-de-manicure-e-spas-cores-personalizaveis-disponiveis-vendas-di\/","title":{"rendered":"Cadeira de pedicure sem duto (estilo sof\u00e1) - M\u00f3veis para sal\u00e3o de beleza e spa com fun\u00e7\u00e3o de massagem. Ideal para banhos de p\u00e9s, sal\u00f5es de manicure e spas. Cores personaliz\u00e1veis dispon\u00edveis. Vendas diretas da f\u00e1brica."},"content":{"rendered":"<div class=\"wp-playlist wp-video-playlist wp-playlist-light\">\n\t\t<video controls=\"controls\" preload=\"none\" width=\"1408\"\n\t\t height=\"2503\"\t><\/video>\n\t<div class=\"wp-playlist-next\"><\/div>\n\t<div class=\"wp-playlist-prev\"><\/div>\n\t<noscript>\n\t<ol>\n\t\t<li><a href='https:\/\/xinshengmanufacture.com\/wp-content\/uploads\/2026\/03\/\u5fae\u4fe1\u89c6\u98912026-03-12_161823_984.mp4'>\u5fae\u4fe1\u89c6\u98912026-03-12_161823_984<\/a><\/li>\t<\/ol>\n\t<\/noscript>\n\t<script type=\"application\/json\" class=\"wp-playlist-script\">{\"type\":\"video\",\"tracklist\":false,\"tracknumbers\":true,\"images\":true,\"artists\":true,\"tracks\":[{\"src\":\"https:\/\/xinshengmanufacture.com\/wp-content\/uploads\/2026\/03\/\\u5fae\\u4fe1\\u89c6\\u98912026-03-12_161823_984.mp4\",\"type\":\"video\/mp4\",\"title\":\"\\u5fae\\u4fe1\\u89c6\\u98912026-03-12_161823_984\",\"caption\":\"\",\"description\":\"\",\"meta\":{\"length_formatted\":\"0:45\"},\"dimensions\":{\"original\":{\"width\":1080,\"height\":1920},\"resized\":{\"width\":1408,\"height\":2503}},\"image\":{\"src\":\"https:\/\/xinshengmanufacture.com\/wp-includes\/images\/media\/video.svg\",\"width\":48,\"height\":64},\"thumb\":{\"src\":\"https:\/\/xinshengmanufacture.com\/wp-includes\/images\/media\/video.svg\",\"width\":48,\"height\":64}}]}<\/script>\n<\/div>\n\t\n<p><img fetchpriority=\"high\" decoding=\"async\" class=\"size-full wp-image-87664 aligncenter\" src=\"https:\/\/xinshengmanufacture.com\/wp-content\/uploads\/2026\/01\/%E8%B6%85%E5%B7%A5%E5%AE%9A%E5%88%B6%E8%8B%B1%E6%96%87_011.jpg\" alt=\"\" width=\"1200\" height=\"1857\"><img decoding=\"async\" class=\"size-full wp-image-87665 aligncenter\" src=\"https:\/\/xinshengmanufacture.com\/wp-content\/uploads\/2026\/01\/%E8%B6%85%E5%B7%A5%E5%AE%9A%E5%88%B6%E8%8B%B1%E6%96%87_021.jpg\" alt=\"\" width=\"1200\" height=\"1054\"><img decoding=\"async\" class=\"size-full wp-image-87666 aligncenter\" src=\"https:\/\/xinshengmanufacture.com\/wp-content\/uploads\/2026\/01\/%E8%B6%85%E5%B7%A5%E5%AE%9A%E5%88%B6%E8%8B%B1%E6%96%87_031.jpg\" alt=\"\" width=\"1200\" height=\"1563\"><img loading=\"lazy\" decoding=\"async\" class=\"size-full wp-image-87667 aligncenter\" src=\"https:\/\/xinshengmanufacture.com\/wp-content\/uploads\/2026\/01\/%E8%B6%85%E5%B7%A5%E5%AE%9A%E5%88%B6%E8%8B%B1%E6%96%87_041.jpg\" alt=\"\" width=\"1200\" height=\"1755\"><img loading=\"lazy\" decoding=\"async\" class=\"size-full wp-image-87667 aligncenter\" src=\"https:\/\/xinshengmanufacture.com\/wp-content\/uploads\/2026\/01\/%E8%B6%85%E5%B7%A5%E5%AE%9A%E5%88%B6%E8%8B%B1%E6%96%87_041.jpg\" alt=\"\" width=\"1200\" height=\"1755\"><img loading=\"lazy\" decoding=\"async\" class=\"size-full wp-image-87668 aligncenter\" src=\"https:\/\/xinshengmanufacture.com\/wp-content\/uploads\/2026\/01\/%E8%B6%85%E5%B7%A5%E5%AE%9A%E5%88%B6%E8%8B%B1%E6%96%87_051.jpg\" alt=\"\" width=\"1200\" height=\"2257\"><img loading=\"lazy\" decoding=\"async\" class=\"size-full wp-image-88002 aligncenter\" src=\"https:\/\/xinshengmanufacture.com\/wp-content\/uploads\/2026\/03\/1_01.jpg\" alt=\"\" width=\"1200\" height=\"2234\" srcset=\"https:\/\/xinshengmanufacture.com\/wp-content\/uploads\/2026\/03\/1_01.jpg 1200w, https:\/\/xinshengmanufacture.com\/wp-content\/uploads\/2026\/03\/1_01-161x300.jpg 161w, https:\/\/xinshengmanufacture.com\/wp-content\/uploads\/2026\/03\/1_01-550x1024.jpg 550w, https:\/\/xinshengmanufacture.com\/wp-content\/uploads\/2026\/03\/1_01-768x1430.jpg 768w, https:\/\/xinshengmanufacture.com\/wp-content\/uploads\/2026\/03\/1_01-825x1536.jpg 825w, https:\/\/xinshengmanufacture.com\/wp-content\/uploads\/2026\/03\/1_01-1100x2048.jpg 1100w, https:\/\/xinshengmanufacture.com\/wp-content\/uploads\/2026\/03\/1_01-600x1117.jpg 600w\" sizes=\"(max-width: 1200px) 100vw, 1200px\" \/> <img loading=\"lazy\" decoding=\"async\" class=\"size-full wp-image-88003 aligncenter\" src=\"https:\/\/xinshengmanufacture.com\/wp-content\/uploads\/2026\/03\/1_02.jpg\" alt=\"\" width=\"1200\" height=\"2115\" srcset=\"https:\/\/xinshengmanufacture.com\/wp-content\/uploads\/2026\/03\/1_02.jpg 1200w, https:\/\/xinshengmanufacture.com\/wp-content\/uploads\/2026\/03\/1_02-170x300.jpg 170w, https:\/\/xinshengmanufacture.com\/wp-content\/uploads\/2026\/03\/1_02-581x1024.jpg 581w, https:\/\/xinshengmanufacture.com\/wp-content\/uploads\/2026\/03\/1_02-768x1354.jpg 768w, https:\/\/xinshengmanufacture.com\/wp-content\/uploads\/2026\/03\/1_02-871x1536.jpg 871w, https:\/\/xinshengmanufacture.com\/wp-content\/uploads\/2026\/03\/1_02-1162x2048.jpg 1162w, https:\/\/xinshengmanufacture.com\/wp-content\/uploads\/2026\/03\/1_02-600x1058.jpg 600w\" sizes=\"(max-width: 1200px) 100vw, 1200px\" \/> <img loading=\"lazy\" decoding=\"async\" class=\"size-full wp-image-88004 aligncenter\" src=\"https:\/\/xinshengmanufacture.com\/wp-content\/uploads\/2026\/03\/1_03.jpg\" alt=\"\" width=\"1200\" height=\"1836\" srcset=\"https:\/\/xinshengmanufacture.com\/wp-content\/uploads\/2026\/03\/1_03.jpg 1200w, https:\/\/xinshengmanufacture.com\/wp-content\/uploads\/2026\/03\/1_03-196x300.jpg 196w, https:\/\/xinshengmanufacture.com\/wp-content\/uploads\/2026\/03\/1_03-669x1024.jpg 669w, https:\/\/xinshengmanufacture.com\/wp-content\/uploads\/2026\/03\/1_03-768x1175.jpg 768w, https:\/\/xinshengmanufacture.com\/wp-content\/uploads\/2026\/03\/1_03-1004x1536.jpg 1004w, https:\/\/xinshengmanufacture.com\/wp-content\/uploads\/2026\/03\/1_03-600x918.jpg 600w\" sizes=\"(max-width: 1200px) 100vw, 1200px\" \/> <img loading=\"lazy\" decoding=\"async\" class=\"size-full wp-image-88005 aligncenter\" src=\"https:\/\/xinshengmanufacture.com\/wp-content\/uploads\/2026\/03\/1_06.jpg\" alt=\"\" width=\"1200\" height=\"1725\" srcset=\"https:\/\/xinshengmanufacture.com\/wp-content\/uploads\/2026\/03\/1_06.jpg 1200w, https:\/\/xinshengmanufacture.com\/wp-content\/uploads\/2026\/03\/1_06-209x300.jpg 209w, https:\/\/xinshengmanufacture.com\/wp-content\/uploads\/2026\/03\/1_06-712x1024.jpg 712w, https:\/\/xinshengmanufacture.com\/wp-content\/uploads\/2026\/03\/1_06-768x1104.jpg 768w, https:\/\/xinshengmanufacture.com\/wp-content\/uploads\/2026\/03\/1_06-1069x1536.jpg 1069w, https:\/\/xinshengmanufacture.com\/wp-content\/uploads\/2026\/03\/1_06-600x863.jpg 600w\" sizes=\"(max-width: 1200px) 100vw, 1200px\" \/> <img loading=\"lazy\" decoding=\"async\" class=\"size-full wp-image-88006 aligncenter\" src=\"https:\/\/xinshengmanufacture.com\/wp-content\/uploads\/2026\/03\/1_07.jpg\" alt=\"\" width=\"1200\" height=\"2690\" srcset=\"https:\/\/xinshengmanufacture.com\/wp-content\/uploads\/2026\/03\/1_07.jpg 1200w, https:\/\/xinshengmanufacture.com\/wp-content\/uploads\/2026\/03\/1_07-134x300.jpg 134w, https:\/\/xinshengmanufacture.com\/wp-content\/uploads\/2026\/03\/1_07-457x1024.jpg 457w, https:\/\/xinshengmanufacture.com\/wp-content\/uploads\/2026\/03\/1_07-768x1722.jpg 768w, https:\/\/xinshengmanufacture.com\/wp-content\/uploads\/2026\/03\/1_07-685x1536.jpg 685w, https:\/\/xinshengmanufacture.com\/wp-content\/uploads\/2026\/03\/1_07-914x2048.jpg 914w, https:\/\/xinshengmanufacture.com\/wp-content\/uploads\/2026\/03\/1_07-600x1345.jpg 600w\" sizes=\"(max-width: 1200px) 100vw, 1200px\" \/> <img loading=\"lazy\" decoding=\"async\" class=\"size-full wp-image-88007 aligncenter\" src=\"https:\/\/xinshengmanufacture.com\/wp-content\/uploads\/2026\/03\/1_08.jpg\" alt=\"\" width=\"1200\" height=\"2105\" srcset=\"https:\/\/xinshengmanufacture.com\/wp-content\/uploads\/2026\/03\/1_08.jpg 1200w, https:\/\/xinshengmanufacture.com\/wp-content\/uploads\/2026\/03\/1_08-171x300.jpg 171w, https:\/\/xinshengmanufacture.com\/wp-content\/uploads\/2026\/03\/1_08-584x1024.jpg 584w, https:\/\/xinshengmanufacture.com\/wp-content\/uploads\/2026\/03\/1_08-768x1347.jpg 768w, https:\/\/xinshengmanufacture.com\/wp-content\/uploads\/2026\/03\/1_08-876x1536.jpg 876w, https:\/\/xinshengmanufacture.com\/wp-content\/uploads\/2026\/03\/1_08-1168x2048.jpg 1168w, https:\/\/xinshengmanufacture.com\/wp-content\/uploads\/2026\/03\/1_08-600x1053.jpg 600w\" sizes=\"(max-width: 1200px) 100vw, 1200px\" \/> <img loading=\"lazy\" decoding=\"async\" class=\"size-full wp-image-88008 aligncenter\" src=\"https:\/\/xinshengmanufacture.com\/wp-content\/uploads\/2026\/03\/1_09.jpg\" alt=\"\" width=\"1200\" height=\"2015\" srcset=\"https:\/\/xinshengmanufacture.com\/wp-content\/uploads\/2026\/03\/1_09.jpg 1200w, https:\/\/xinshengmanufacture.com\/wp-content\/uploads\/2026\/03\/1_09-179x300.jpg 179w, https:\/\/xinshengmanufacture.com\/wp-content\/uploads\/2026\/03\/1_09-610x1024.jpg 610w, https:\/\/xinshengmanufacture.com\/wp-content\/uploads\/2026\/03\/1_09-768x1290.jpg 768w, https:\/\/xinshengmanufacture.com\/wp-content\/uploads\/2026\/03\/1_09-915x1536.jpg 915w, https:\/\/xinshengmanufacture.com\/wp-content\/uploads\/2026\/03\/1_09-600x1008.jpg 600w\" sizes=\"(max-width: 1200px) 100vw, 1200px\" \/> <img loading=\"lazy\" decoding=\"async\" class=\"size-full wp-image-88009 aligncenter\" src=\"https:\/\/xinshengmanufacture.com\/wp-content\/uploads\/2026\/03\/1_10.jpg\" alt=\"\" width=\"1200\" height=\"2118\" srcset=\"https:\/\/xinshengmanufacture.com\/wp-content\/uploads\/2026\/03\/1_10.jpg 1200w, https:\/\/xinshengmanufacture.com\/wp-content\/uploads\/2026\/03\/1_10-170x300.jpg 170w, https:\/\/xinshengmanufacture.com\/wp-content\/uploads\/2026\/03\/1_10-580x1024.jpg 580w, https:\/\/xinshengmanufacture.com\/wp-content\/uploads\/2026\/03\/1_10-768x1356.jpg 768w, https:\/\/xinshengmanufacture.com\/wp-content\/uploads\/2026\/03\/1_10-870x1536.jpg 870w, https:\/\/xinshengmanufacture.com\/wp-content\/uploads\/2026\/03\/1_10-1160x2048.jpg 1160w, https:\/\/xinshengmanufacture.com\/wp-content\/uploads\/2026\/03\/1_10-600x1059.jpg 600w\" sizes=\"(max-width: 1200px) 100vw, 1200px\" \/> <img loading=\"lazy\" decoding=\"async\" class=\"size-full wp-image-88010 aligncenter\" src=\"https:\/\/xinshengmanufacture.com\/wp-content\/uploads\/2026\/03\/1_11.jpg\" alt=\"\" width=\"1200\" height=\"2292\" srcset=\"https:\/\/xinshengmanufacture.com\/wp-content\/uploads\/2026\/03\/1_11.jpg 1200w, https:\/\/xinshengmanufacture.com\/wp-content\/uploads\/2026\/03\/1_11-157x300.jpg 157w, https:\/\/xinshengmanufacture.com\/wp-content\/uploads\/2026\/03\/1_11-536x1024.jpg 536w, https:\/\/xinshengmanufacture.com\/wp-content\/uploads\/2026\/03\/1_11-768x1467.jpg 768w, https:\/\/xinshengmanufacture.com\/wp-content\/uploads\/2026\/03\/1_11-804x1536.jpg 804w, https:\/\/xinshengmanufacture.com\/wp-content\/uploads\/2026\/03\/1_11-1072x2048.jpg 1072w, https:\/\/xinshengmanufacture.com\/wp-content\/uploads\/2026\/03\/1_11-600x1146.jpg 600w\" sizes=\"(max-width: 1200px) 100vw, 1200px\" \/> <img loading=\"lazy\" decoding=\"async\" class=\"size-full wp-image-88011 aligncenter\" src=\"https:\/\/xinshengmanufacture.com\/wp-content\/uploads\/2026\/03\/1_12.jpg\" alt=\"\" width=\"1200\" height=\"2492\" srcset=\"https:\/\/xinshengmanufacture.com\/wp-content\/uploads\/2026\/03\/1_12.jpg 1200w, https:\/\/xinshengmanufacture.com\/wp-content\/uploads\/2026\/03\/1_12-144x300.jpg 144w, https:\/\/xinshengmanufacture.com\/wp-content\/uploads\/2026\/03\/1_12-493x1024.jpg 493w, https:\/\/xinshengmanufacture.com\/wp-content\/uploads\/2026\/03\/1_12-768x1595.jpg 768w, https:\/\/xinshengmanufacture.com\/wp-content\/uploads\/2026\/03\/1_12-740x1536.jpg 740w, https:\/\/xinshengmanufacture.com\/wp-content\/uploads\/2026\/03\/1_12-986x2048.jpg 986w, https:\/\/xinshengmanufacture.com\/wp-content\/uploads\/2026\/03\/1_12-600x1246.jpg 600w\" sizes=\"(max-width: 1200px) 100vw, 1200px\" \/> <img loading=\"lazy\" decoding=\"async\" class=\"aligncenter wp-image-88012\" src=\"https:\/\/xinshengmanufacture.com\/wp-content\/uploads\/2026\/03\/1_13.jpg\" alt=\"\" width=\"1200\" height=\"2773\" srcset=\"https:\/\/xinshengmanufacture.com\/wp-content\/uploads\/2026\/03\/1_13.jpg 1108w, https:\/\/xinshengmanufacture.com\/wp-content\/uploads\/2026\/03\/1_13-130x300.jpg 130w, https:\/\/xinshengmanufacture.com\/wp-content\/uploads\/2026\/03\/1_13-443x1024.jpg 443w, https:\/\/xinshengmanufacture.com\/wp-content\/uploads\/2026\/03\/1_13-768x1774.jpg 768w, https:\/\/xinshengmanufacture.com\/wp-content\/uploads\/2026\/03\/1_13-665x1536.jpg 665w, https:\/\/xinshengmanufacture.com\/wp-content\/uploads\/2026\/03\/1_13-886x2048.jpg 886w, https:\/\/xinshengmanufacture.com\/wp-content\/uploads\/2026\/03\/1_13-600x1386.jpg 600w\" sizes=\"(max-width: 1200px) 100vw, 1200px\" \/> <img loading=\"lazy\" decoding=\"async\" class=\"size-full wp-image-88013 aligncenter\" src=\"https:\/\/xinshengmanufacture.com\/wp-content\/uploads\/2026\/03\/1_14.jpg\" alt=\"\" width=\"1200\" height=\"2413\" srcset=\"https:\/\/xinshengmanufacture.com\/wp-content\/uploads\/2026\/03\/1_14.jpg 1200w, https:\/\/xinshengmanufacture.com\/wp-content\/uploads\/2026\/03\/1_14-149x300.jpg 149w, https:\/\/xinshengmanufacture.com\/wp-content\/uploads\/2026\/03\/1_14-509x1024.jpg 509w, https:\/\/xinshengmanufacture.com\/wp-content\/uploads\/2026\/03\/1_14-768x1544.jpg 768w, https:\/\/xinshengmanufacture.com\/wp-content\/uploads\/2026\/03\/1_14-764x1536.jpg 764w, https:\/\/xinshengmanufacture.com\/wp-content\/uploads\/2026\/03\/1_14-1018x2048.jpg 1018w, https:\/\/xinshengmanufacture.com\/wp-content\/uploads\/2026\/03\/1_14-600x1207.jpg 600w\" sizes=\"(max-width: 1200px) 100vw, 1200px\" \/> <img loading=\"lazy\" decoding=\"async\" class=\"size-full wp-image-88014 aligncenter\" src=\"https:\/\/xinshengmanufacture.com\/wp-content\/uploads\/2026\/03\/1_15.jpg\" alt=\"\" width=\"1200\" height=\"2036\" srcset=\"https:\/\/xinshengmanufacture.com\/wp-content\/uploads\/2026\/03\/1_15.jpg 1200w, https:\/\/xinshengmanufacture.com\/wp-content\/uploads\/2026\/03\/1_15-177x300.jpg 177w, https:\/\/xinshengmanufacture.com\/wp-content\/uploads\/2026\/03\/1_15-604x1024.jpg 604w, https:\/\/xinshengmanufacture.com\/wp-content\/uploads\/2026\/03\/1_15-768x1303.jpg 768w, https:\/\/xinshengmanufacture.com\/wp-content\/uploads\/2026\/03\/1_15-905x1536.jpg 905w, https:\/\/xinshengmanufacture.com\/wp-content\/uploads\/2026\/03\/1_15-600x1018.jpg 600w\" sizes=\"(max-width: 1200px) 100vw, 1200px\" \/><\/p>\n<div id=\"gtx-trans\" style=\"position: absolute; left: 717px; top: 35px;\">\n<div class=\"gtx-trans-icon\"><\/div>\n<\/div>\n","protected":false},"excerpt":{"rendered":"<p>Essa cadeira de pedicure sem tubula\u00e7\u00e3o, estilo sof\u00e1, \u00e9 adequada para uso em sal\u00f5es de beleza, spas, sal\u00f5es de beleza e cabeleireiros, centros de massagem nos p\u00e9s e estabelecimentos similares. Ela oferece op\u00e7\u00f5es de cores personalizadas e at\u00e9 mesmo pedidos de uma \u00fanica unidade s\u00e3o oferecidos a pre\u00e7os diretos da f\u00e1brica. <\/p>\n","protected":false},"featured_media":88031,"template":"","meta":{"_bst_post_transparent":"","_bst_post_title":"","_bst_post_layout":"","_bst_post_sidebar_id":"","_bst_post_content_style":"","_bst_post_vertical_padding":"","_bst_post_feature":"","_bst_post_feature_position":"","_bst_post_header":false,"_bst_post_footer":false},"product_brand":[],"product_cat":[902],"product_tag":[],"class_list":{"0":"post-88025","1":"product","2":"type-product","3":"status-publish","4":"has-post-thumbnail","6":"product_cat-cadeira-de-pedicure-footbath","7":"pa_color-azul-pt-br","8":"pa_color-cores-personalizadas","9":"pa_size-8698117cm","11":"first","12":"instock","13":"sale","14":"shipping-taxable","15":"purchasable","16":"product-type-variable","17":"entry","18":"content-bg","19":"loop-entry"},"_links":{"self":[{"href":"https:\/\/xinshengmanufacture.com\/pt-br\/wp-json\/wp\/v2\/product\/88025","targetHints":{"allow":["GET"]}}],"collection":[{"href":"https:\/\/xinshengmanufacture.com\/pt-br\/wp-json\/wp\/v2\/product"}],"about":[{"href":"https:\/\/xinshengmanufacture.com\/pt-br\/wp-json\/wp\/v2\/types\/product"}],"version-history":[{"count":8,"href":"https:\/\/xinshengmanufacture.com\/pt-br\/wp-json\/wp\/v2\/product\/88025\/revisions"}],"predecessor-version":[{"id":88139,"href":"https:\/\/xinshengmanufacture.com\/pt-br\/wp-json\/wp\/v2\/product\/88025\/revisions\/88139"}],"wp:featuredmedia":[{"embeddable":true,"href":"https:\/\/xinshengmanufacture.com\/pt-br\/wp-json\/wp\/v2\/media\/88031"}],"wp:attachment":[{"href":"https:\/\/xinshengmanufacture.com\/pt-br\/wp-json\/wp\/v2\/media?parent=88025"}],"wp:term":[{"taxonomy":"product_brand","embeddable":true,"href":"https:\/\/xinshengmanufacture.com\/pt-br\/wp-json\/wp\/v2\/product_brand?post=88025"},{"taxonomy":"product_cat","embeddable":true,"href":"https:\/\/xinshengmanufacture.com\/pt-br\/wp-json\/wp\/v2\/product_cat?post=88025"},{"taxonomy":"product_tag","embeddable":true,"href":"https:\/\/xinshengmanufacture.com\/pt-br\/wp-json\/wp\/v2\/product_tag?post=88025"}],"curies":[{"name":"wp","href":"https:\/\/api.w.org\/{rel}","templated":true}]}}