{"id":88491,"date":"2026-03-20T08:00:28","date_gmt":"2026-03-20T08:00:28","guid":{"rendered":"https:\/\/xinshengmanufacture.com\/product\/cadeira-de-pedicure-premium-com-funcao-de-massagem-reclinacao-com-um-toque-fabricante-de-moveis-para-saloes-de-beleza-design-moderno-e-elegante-ideal-para-servicos-de-manicure-spa-e-pediluvio\/"},"modified":"2026-03-20T08:00:28","modified_gmt":"2026-03-20T08:00:28","slug":"cadeira-de-pedicure-premium-com-funcao-de-massagem-reclinacao-com-um-toque-fabricante-de-moveis-para-saloes-de-beleza-design-moderno-e-elegante-ideal-para-servicos-de-manicure-spa-e-pediluvio","status":"publish","type":"product","link":"https:\/\/xinshengmanufacture.com\/pt-br\/product\/cadeira-de-pedicure-premium-com-funcao-de-massagem-reclinacao-com-um-toque-fabricante-de-moveis-para-saloes-de-beleza-design-moderno-e-elegante-ideal-para-servicos-de-manicure-spa-e-pediluvio\/","title":{"rendered":"Cadeira de pedicure premium com fun\u00e7\u00e3o de massagem - Reclina\u00e7\u00e3o com um toque - Fabricante de m\u00f3veis para sal\u00f5es de beleza - Design moderno e elegante - Ideal para servi\u00e7os de manicure, spa e pedil\u00favio - Equipamento para sal\u00e3o de cabeleireiro - Vendas diretas da f\u00e1brica - Cores personalizadas dispon\u00edveis"},"content":{"rendered":"<p><img fetchpriority=\"high\" decoding=\"async\" class=\"size-full wp-image-87664 aligncenter\" src=\"https:\/\/xinshengmanufacture.com\/wp-content\/uploads\/2026\/01\/%E8%B6%85%E5%B7%A5%E5%AE%9A%E5%88%B6%E8%8B%B1%E6%96%87_011.jpg\" alt=\"\" width=\"1200\" height=\"1857\"><img decoding=\"async\" class=\"size-full wp-image-87665 aligncenter\" src=\"https:\/\/xinshengmanufacture.com\/wp-content\/uploads\/2026\/01\/%E8%B6%85%E5%B7%A5%E5%AE%9A%E5%88%B6%E8%8B%B1%E6%96%87_021.jpg\" alt=\"\" width=\"1200\" height=\"1054\"><img decoding=\"async\" class=\"size-full wp-image-87666 aligncenter\" src=\"https:\/\/xinshengmanufacture.com\/wp-content\/uploads\/2026\/01\/%E8%B6%85%E5%B7%A5%E5%AE%9A%E5%88%B6%E8%8B%B1%E6%96%87_031.jpg\" alt=\"\" width=\"1200\" height=\"1563\"><img loading=\"lazy\" decoding=\"async\" class=\"size-full wp-image-87667 aligncenter\" src=\"https:\/\/xinshengmanufacture.com\/wp-content\/uploads\/2026\/01\/%E8%B6%85%E5%B7%A5%E5%AE%9A%E5%88%B6%E8%8B%B1%E6%96%87_041.jpg\" alt=\"\" width=\"1200\" height=\"1755\"><img loading=\"lazy\" decoding=\"async\" class=\"size-full wp-image-87668 aligncenter\" src=\"https:\/\/xinshengmanufacture.com\/wp-content\/uploads\/2026\/01\/%E8%B6%85%E5%B7%A5%E5%AE%9A%E5%88%B6%E8%8B%B1%E6%96%87_051.jpg\" alt=\"\" width=\"1200\" height=\"2257\"><img loading=\"lazy\" decoding=\"async\" class=\"size-full wp-image-88434 aligncenter\" src=\"https:\/\/xinshengmanufacture.com\/wp-content\/uploads\/2026\/03\/1-1-1.jpg\" alt=\"\" width=\"1200\" height=\"2077\" srcset=\"https:\/\/xinshengmanufacture.com\/wp-content\/uploads\/2026\/03\/1-1-1.jpg 1200w, https:\/\/xinshengmanufacture.com\/wp-content\/uploads\/2026\/03\/1-1-1-173x300.jpg 173w, https:\/\/xinshengmanufacture.com\/wp-content\/uploads\/2026\/03\/1-1-1-592x1024.jpg 592w, https:\/\/xinshengmanufacture.com\/wp-content\/uploads\/2026\/03\/1-1-1-768x1329.jpg 768w, https:\/\/xinshengmanufacture.com\/wp-content\/uploads\/2026\/03\/1-1-1-887x1536.jpg 887w, https:\/\/xinshengmanufacture.com\/wp-content\/uploads\/2026\/03\/1-1-1-1183x2048.jpg 1183w, https:\/\/xinshengmanufacture.com\/wp-content\/uploads\/2026\/03\/1-1-1-600x1039.jpg 600w\" sizes=\"(max-width: 1200px) 100vw, 1200px\" \/> <img loading=\"lazy\" decoding=\"async\" class=\"size-full wp-image-88435 aligncenter\" src=\"https:\/\/xinshengmanufacture.com\/wp-content\/uploads\/2026\/03\/1-10.jpg\" alt=\"\" width=\"1200\" height=\"2378\" srcset=\"https:\/\/xinshengmanufacture.com\/wp-content\/uploads\/2026\/03\/1-10.jpg 1200w, https:\/\/xinshengmanufacture.com\/wp-content\/uploads\/2026\/03\/1-10-151x300.jpg 151w, https:\/\/xinshengmanufacture.com\/wp-content\/uploads\/2026\/03\/1-10-517x1024.jpg 517w, https:\/\/xinshengmanufacture.com\/wp-content\/uploads\/2026\/03\/1-10-768x1522.jpg 768w, https:\/\/xinshengmanufacture.com\/wp-content\/uploads\/2026\/03\/1-10-775x1536.jpg 775w, https:\/\/xinshengmanufacture.com\/wp-content\/uploads\/2026\/03\/1-10-1033x2048.jpg 1033w, https:\/\/xinshengmanufacture.com\/wp-content\/uploads\/2026\/03\/1-10-600x1189.jpg 600w\" sizes=\"(max-width: 1200px) 100vw, 1200px\" \/> <img loading=\"lazy\" decoding=\"async\" class=\"size-full wp-image-88436 aligncenter\" src=\"https:\/\/xinshengmanufacture.com\/wp-content\/uploads\/2026\/03\/1-2.jpg\" alt=\"\" width=\"1200\" height=\"2272\" srcset=\"https:\/\/xinshengmanufacture.com\/wp-content\/uploads\/2026\/03\/1-2.jpg 1200w, https:\/\/xinshengmanufacture.com\/wp-content\/uploads\/2026\/03\/1-2-158x300.jpg 158w, https:\/\/xinshengmanufacture.com\/wp-content\/uploads\/2026\/03\/1-2-541x1024.jpg 541w, https:\/\/xinshengmanufacture.com\/wp-content\/uploads\/2026\/03\/1-2-768x1454.jpg 768w, https:\/\/xinshengmanufacture.com\/wp-content\/uploads\/2026\/03\/1-2-811x1536.jpg 811w, https:\/\/xinshengmanufacture.com\/wp-content\/uploads\/2026\/03\/1-2-1082x2048.jpg 1082w, https:\/\/xinshengmanufacture.com\/wp-content\/uploads\/2026\/03\/1-2-600x1136.jpg 600w\" sizes=\"(max-width: 1200px) 100vw, 1200px\" \/> <img loading=\"lazy\" decoding=\"async\" class=\"size-full wp-image-88437 aligncenter\" src=\"https:\/\/xinshengmanufacture.com\/wp-content\/uploads\/2026\/03\/1-3.jpg\" alt=\"\" width=\"1200\" height=\"1836\" srcset=\"https:\/\/xinshengmanufacture.com\/wp-content\/uploads\/2026\/03\/1-3.jpg 1200w, https:\/\/xinshengmanufacture.com\/wp-content\/uploads\/2026\/03\/1-3-196x300.jpg 196w, https:\/\/xinshengmanufacture.com\/wp-content\/uploads\/2026\/03\/1-3-669x1024.jpg 669w, https:\/\/xinshengmanufacture.com\/wp-content\/uploads\/2026\/03\/1-3-768x1175.jpg 768w, https:\/\/xinshengmanufacture.com\/wp-content\/uploads\/2026\/03\/1-3-1004x1536.jpg 1004w, https:\/\/xinshengmanufacture.com\/wp-content\/uploads\/2026\/03\/1-3-600x918.jpg 600w\" sizes=\"(max-width: 1200px) 100vw, 1200px\" \/> <img loading=\"lazy\" decoding=\"async\" class=\"size-full wp-image-88438 aligncenter\" src=\"https:\/\/xinshengmanufacture.com\/wp-content\/uploads\/2026\/03\/1-4.jpg\" alt=\"\" width=\"1132\" height=\"2560\" srcset=\"https:\/\/xinshengmanufacture.com\/wp-content\/uploads\/2026\/03\/1-4.jpg 1132w, https:\/\/xinshengmanufacture.com\/wp-content\/uploads\/2026\/03\/1-4-133x300.jpg 133w, https:\/\/xinshengmanufacture.com\/wp-content\/uploads\/2026\/03\/1-4-453x1024.jpg 453w, https:\/\/xinshengmanufacture.com\/wp-content\/uploads\/2026\/03\/1-4-768x1737.jpg 768w, https:\/\/xinshengmanufacture.com\/wp-content\/uploads\/2026\/03\/1-4-679x1536.jpg 679w, https:\/\/xinshengmanufacture.com\/wp-content\/uploads\/2026\/03\/1-4-906x2048.jpg 906w, https:\/\/xinshengmanufacture.com\/wp-content\/uploads\/2026\/03\/1-4-600x1357.jpg 600w\" sizes=\"(max-width: 1132px) 100vw, 1132px\" \/> <img loading=\"lazy\" decoding=\"async\" class=\"size-full wp-image-88439 aligncenter\" src=\"https:\/\/xinshengmanufacture.com\/wp-content\/uploads\/2026\/03\/1-5.jpg\" alt=\"\" width=\"1200\" height=\"2082\" srcset=\"https:\/\/xinshengmanufacture.com\/wp-content\/uploads\/2026\/03\/1-5.jpg 1200w, https:\/\/xinshengmanufacture.com\/wp-content\/uploads\/2026\/03\/1-5-173x300.jpg 173w, https:\/\/xinshengmanufacture.com\/wp-content\/uploads\/2026\/03\/1-5-590x1024.jpg 590w, https:\/\/xinshengmanufacture.com\/wp-content\/uploads\/2026\/03\/1-5-768x1332.jpg 768w, https:\/\/xinshengmanufacture.com\/wp-content\/uploads\/2026\/03\/1-5-885x1536.jpg 885w, https:\/\/xinshengmanufacture.com\/wp-content\/uploads\/2026\/03\/1-5-1180x2048.jpg 1180w, https:\/\/xinshengmanufacture.com\/wp-content\/uploads\/2026\/03\/1-5-600x1041.jpg 600w\" sizes=\"(max-width: 1200px) 100vw, 1200px\" \/> <img loading=\"lazy\" decoding=\"async\" class=\"aligncenter wp-image-88440\" src=\"https:\/\/xinshengmanufacture.com\/wp-content\/uploads\/2026\/03\/1-6.jpg\" alt=\"\" width=\"1200\" height=\"4151\" srcset=\"https:\/\/xinshengmanufacture.com\/wp-content\/uploads\/2026\/03\/1-6.jpg 740w, https:\/\/xinshengmanufacture.com\/wp-content\/uploads\/2026\/03\/1-6-87x300.jpg 87w, https:\/\/xinshengmanufacture.com\/wp-content\/uploads\/2026\/03\/1-6-296x1024.jpg 296w, https:\/\/xinshengmanufacture.com\/wp-content\/uploads\/2026\/03\/1-6-444x1536.jpg 444w, https:\/\/xinshengmanufacture.com\/wp-content\/uploads\/2026\/03\/1-6-592x2048.jpg 592w, https:\/\/xinshengmanufacture.com\/wp-content\/uploads\/2026\/03\/1-6-600x2076.jpg 600w\" sizes=\"(max-width: 1200px) 100vw, 1200px\" \/> <img loading=\"lazy\" decoding=\"async\" class=\"size-full wp-image-88441 aligncenter\" src=\"https:\/\/xinshengmanufacture.com\/wp-content\/uploads\/2026\/03\/1-7.jpg\" alt=\"\" width=\"1200\" height=\"2283\" srcset=\"https:\/\/xinshengmanufacture.com\/wp-content\/uploads\/2026\/03\/1-7.jpg 1200w, https:\/\/xinshengmanufacture.com\/wp-content\/uploads\/2026\/03\/1-7-158x300.jpg 158w, https:\/\/xinshengmanufacture.com\/wp-content\/uploads\/2026\/03\/1-7-538x1024.jpg 538w, https:\/\/xinshengmanufacture.com\/wp-content\/uploads\/2026\/03\/1-7-768x1461.jpg 768w, https:\/\/xinshengmanufacture.com\/wp-content\/uploads\/2026\/03\/1-7-807x1536.jpg 807w, https:\/\/xinshengmanufacture.com\/wp-content\/uploads\/2026\/03\/1-7-1076x2048.jpg 1076w, https:\/\/xinshengmanufacture.com\/wp-content\/uploads\/2026\/03\/1-7-600x1142.jpg 600w\" sizes=\"(max-width: 1200px) 100vw, 1200px\" \/> <img loading=\"lazy\" decoding=\"async\" class=\"size-full wp-image-88442 aligncenter\" src=\"https:\/\/xinshengmanufacture.com\/wp-content\/uploads\/2026\/03\/1-8.jpg\" alt=\"\" width=\"1200\" height=\"2459\" srcset=\"https:\/\/xinshengmanufacture.com\/wp-content\/uploads\/2026\/03\/1-8.jpg 1200w, https:\/\/xinshengmanufacture.com\/wp-content\/uploads\/2026\/03\/1-8-146x300.jpg 146w, https:\/\/xinshengmanufacture.com\/wp-content\/uploads\/2026\/03\/1-8-500x1024.jpg 500w, https:\/\/xinshengmanufacture.com\/wp-content\/uploads\/2026\/03\/1-8-768x1574.jpg 768w, https:\/\/xinshengmanufacture.com\/wp-content\/uploads\/2026\/03\/1-8-750x1536.jpg 750w, https:\/\/xinshengmanufacture.com\/wp-content\/uploads\/2026\/03\/1-8-999x2048.jpg 999w, https:\/\/xinshengmanufacture.com\/wp-content\/uploads\/2026\/03\/1-8-600x1230.jpg 600w\" sizes=\"(max-width: 1200px) 100vw, 1200px\" \/> <img loading=\"lazy\" decoding=\"async\" class=\"aligncenter wp-image-88443\" src=\"https:\/\/xinshengmanufacture.com\/wp-content\/uploads\/2026\/03\/1-9.jpg\" alt=\"\" width=\"1200\" height=\"2901\" srcset=\"https:\/\/xinshengmanufacture.com\/wp-content\/uploads\/2026\/03\/1-9.jpg 1059w, https:\/\/xinshengmanufacture.com\/wp-content\/uploads\/2026\/03\/1-9-124x300.jpg 124w, https:\/\/xinshengmanufacture.com\/wp-content\/uploads\/2026\/03\/1-9-424x1024.jpg 424w, https:\/\/xinshengmanufacture.com\/wp-content\/uploads\/2026\/03\/1-9-768x1857.jpg 768w, https:\/\/xinshengmanufacture.com\/wp-content\/uploads\/2026\/03\/1-9-635x1536.jpg 635w, https:\/\/xinshengmanufacture.com\/wp-content\/uploads\/2026\/03\/1-9-847x2048.jpg 847w, https:\/\/xinshengmanufacture.com\/wp-content\/uploads\/2026\/03\/1-9-600x1450.jpg 600w\" sizes=\"(max-width: 1200px) 100vw, 1200px\" \/><\/p>\n","protected":false},"excerpt":{"rendered":"<p>A cadeira de pedicure de massagem inteligente multifuncional pode ser aplicada em sal\u00e3o de cabeleireiro, centro de spa, centro de massagem, centro de banho para os p\u00e9s, etc. H\u00e1 suporte para cores personalizadas<\/p>\n","protected":false},"featured_media":88502,"template":"","meta":{"_bst_post_transparent":"","_bst_post_title":"","_bst_post_layout":"","_bst_post_sidebar_id":"","_bst_post_content_style":"","_bst_post_vertical_padding":"","_bst_post_feature":"","_bst_post_feature_position":"","_bst_post_header":false,"_bst_post_footer":false},"product_brand":[],"product_cat":[902],"product_tag":[],"class_list":{"0":"post-88491","1":"product","2":"type-product","3":"status-publish","4":"has-post-thumbnail","6":"product_cat-cadeira-de-pedicure-footbath","7":"pa_color-branco","8":"pa_color-cores-personalizadas","9":"pa_size-130cm90cm140cm-pt-br","11":"first","12":"instock","13":"sale","14":"shipping-taxable","15":"purchasable","16":"product-type-variable","17":"entry","18":"content-bg","19":"loop-entry"},"_links":{"self":[{"href":"https:\/\/xinshengmanufacture.com\/pt-br\/wp-json\/wp\/v2\/product\/88491","targetHints":{"allow":["GET"]}}],"collection":[{"href":"https:\/\/xinshengmanufacture.com\/pt-br\/wp-json\/wp\/v2\/product"}],"about":[{"href":"https:\/\/xinshengmanufacture.com\/pt-br\/wp-json\/wp\/v2\/types\/product"}],"version-history":[{"count":0,"href":"https:\/\/xinshengmanufacture.com\/pt-br\/wp-json\/wp\/v2\/product\/88491\/revisions"}],"wp:featuredmedia":[{"embeddable":true,"href":"https:\/\/xinshengmanufacture.com\/pt-br\/wp-json\/wp\/v2\/media\/88502"}],"wp:attachment":[{"href":"https:\/\/xinshengmanufacture.com\/pt-br\/wp-json\/wp\/v2\/media?parent=88491"}],"wp:term":[{"taxonomy":"product_brand","embeddable":true,"href":"https:\/\/xinshengmanufacture.com\/pt-br\/wp-json\/wp\/v2\/product_brand?post=88491"},{"taxonomy":"product_cat","embeddable":true,"href":"https:\/\/xinshengmanufacture.com\/pt-br\/wp-json\/wp\/v2\/product_cat?post=88491"},{"taxonomy":"product_tag","embeddable":true,"href":"https:\/\/xinshengmanufacture.com\/pt-br\/wp-json\/wp\/v2\/product_tag?post=88491"}],"curies":[{"name":"wp","href":"https:\/\/api.w.org\/{rel}","templated":true}]}}