{"id":88658,"date":"2026-03-25T09:31:57","date_gmt":"2026-03-25T09:31:57","guid":{"rendered":"https:\/\/xinshengmanufacture.com\/product\/cama-de-beleza-elevatoria-eletrica-minimalista-e-pratica-moveis-para-salao-de-beleza-cama-para-extensao-de-cilios-e-sofa-para-tratamento-de-spa-cama-com-contorno-ergonomico-para-cuidados-faciais-f\/"},"modified":"2026-03-25T10:36:59","modified_gmt":"2026-03-25T10:36:59","slug":"cama-de-beleza-elevatoria-eletrica-minimalista-e-pratica-moveis-para-salao-de-beleza-cama-para-extensao-de-cilios-e-sofa-para-tratamento-de-spa-cama-com-contorno-ergonomico-para-cuidados-faciais-f","status":"publish","type":"product","link":"https:\/\/xinshengmanufacture.com\/pt-br\/product\/cama-de-beleza-elevatoria-eletrica-minimalista-e-pratica-moveis-para-salao-de-beleza-cama-para-extensao-de-cilios-e-sofa-para-tratamento-de-spa-cama-com-contorno-ergonomico-para-cuidados-faciais-f\/","title":{"rendered":"Cama de beleza elevat\u00f3ria el\u00e9trica minimalista e pr\u00e1tica - m\u00f3veis para sal\u00e3o de beleza, cama para extens\u00e3o de c\u00edlios e sof\u00e1 para tratamento de spa. Cama com contorno ergon\u00f4mico para cuidados faciais femininos. Vendas diretas da f\u00e1brica; op\u00e7\u00f5es de cores personalizadas dispon\u00edveis."},"content":{"rendered":"<p><img fetchpriority=\"high\" decoding=\"async\" class=\"size-full wp-image-87664 aligncenter\" src=\"https:\/\/xinshengmanufacture.com\/wp-content\/uploads\/2026\/01\/%E8%B6%85%E5%B7%A5%E5%AE%9A%E5%88%B6%E8%8B%B1%E6%96%87_011.jpg\" alt=\"\" width=\"1200\" height=\"1857\"><img decoding=\"async\" class=\"size-full wp-image-87665 aligncenter\" src=\"https:\/\/xinshengmanufacture.com\/wp-content\/uploads\/2026\/01\/%E8%B6%85%E5%B7%A5%E5%AE%9A%E5%88%B6%E8%8B%B1%E6%96%87_021.jpg\" alt=\"\" width=\"1200\" height=\"1054\"><img decoding=\"async\" class=\"size-full wp-image-87666 aligncenter\" src=\"https:\/\/xinshengmanufacture.com\/wp-content\/uploads\/2026\/01\/%E8%B6%85%E5%B7%A5%E5%AE%9A%E5%88%B6%E8%8B%B1%E6%96%87_031.jpg\" alt=\"\" width=\"1200\" height=\"1563\"><img loading=\"lazy\" decoding=\"async\" class=\"size-full wp-image-87667 aligncenter\" src=\"https:\/\/xinshengmanufacture.com\/wp-content\/uploads\/2026\/01\/%E8%B6%85%E5%B7%A5%E5%AE%9A%E5%88%B6%E8%8B%B1%E6%96%87_041.jpg\" alt=\"\" width=\"1200\" height=\"1755\"><img loading=\"lazy\" decoding=\"async\" class=\"size-full wp-image-87668 aligncenter\" src=\"https:\/\/xinshengmanufacture.com\/wp-content\/uploads\/2026\/01\/%E8%B6%85%E5%B7%A5%E5%AE%9A%E5%88%B6%E8%8B%B1%E6%96%87_051.jpg\" alt=\"\" width=\"1200\" height=\"2257\"><img loading=\"lazy\" decoding=\"async\" class=\"size-full wp-image-88571 aligncenter\" src=\"https:\/\/xinshengmanufacture.com\/wp-content\/uploads\/2026\/03\/%E6%9B%B2%E7%BA%BF%E5%BA%8A%E5%9B%BD%E5%A4%96_01.jpg\" alt=\"\" width=\"1200\" height=\"2090\"> <img loading=\"lazy\" decoding=\"async\" class=\"size-full wp-image-88572 aligncenter\" src=\"https:\/\/xinshengmanufacture.com\/wp-content\/uploads\/2026\/03\/%E6%9B%B2%E7%BA%BF%E5%BA%8A%E5%9B%BD%E5%A4%96_02.jpg\" alt=\"\" width=\"1200\" height=\"2163\"> <img loading=\"lazy\" decoding=\"async\" class=\"size-full wp-image-88573 aligncenter\" src=\"https:\/\/xinshengmanufacture.com\/wp-content\/uploads\/2026\/03\/%E6%9B%B2%E7%BA%BF%E5%BA%8A%E5%9B%BD%E5%A4%96_03.jpg\" alt=\"\" width=\"1200\" height=\"1456\"> <img loading=\"lazy\" decoding=\"async\" class=\"size-full wp-image-88574 aligncenter\" src=\"https:\/\/xinshengmanufacture.com\/wp-content\/uploads\/2026\/03\/%E6%9B%B2%E7%BA%BF%E5%BA%8A%E5%9B%BD%E5%A4%96_04.jpg\" alt=\"\" width=\"1200\" height=\"1473\"> <img loading=\"lazy\" decoding=\"async\" class=\"size-full wp-image-88575 aligncenter\" src=\"https:\/\/xinshengmanufacture.com\/wp-content\/uploads\/2026\/03\/%E6%9B%B2%E7%BA%BF%E5%BA%8A%E5%9B%BD%E5%A4%96_05.jpg\" alt=\"\" width=\"1200\" height=\"1670\"> <img loading=\"lazy\" decoding=\"async\" class=\"aligncenter wp-image-88576\" src=\"https:\/\/xinshengmanufacture.com\/wp-content\/uploads\/2026\/03\/%E6%9B%B2%E7%BA%BF%E5%BA%8A%E5%9B%BD%E5%A4%96_06.jpg\" alt=\"\" width=\"1200\" height=\"2912\"> <img loading=\"lazy\" decoding=\"async\" class=\"size-full wp-image-88577 aligncenter\" src=\"https:\/\/xinshengmanufacture.com\/wp-content\/uploads\/2026\/03\/%E6%9B%B2%E7%BA%BF%E5%BA%8A%E5%9B%BD%E5%A4%96_07.jpg\" alt=\"\" width=\"1200\" height=\"1950\"> <img loading=\"lazy\" decoding=\"async\" class=\"size-full wp-image-88578 aligncenter\" src=\"https:\/\/xinshengmanufacture.com\/wp-content\/uploads\/2026\/03\/%E6%9B%B2%E7%BA%BF%E5%BA%8A%E5%9B%BD%E5%A4%96_08.jpg\" alt=\"\" width=\"1200\" height=\"1995\"> <img loading=\"lazy\" decoding=\"async\" class=\"aligncenter wp-image-88579\" src=\"https:\/\/xinshengmanufacture.com\/wp-content\/uploads\/2026\/03\/%E6%9B%B2%E7%BA%BF%E5%BA%8A%E5%9B%BD%E5%A4%96_09.jpg\" alt=\"\" width=\"1200\" height=\"2887\"> <img loading=\"lazy\" decoding=\"async\" class=\"size-full wp-image-88580 aligncenter\" src=\"https:\/\/xinshengmanufacture.com\/wp-content\/uploads\/2026\/03\/%E6%9B%B2%E7%BA%BF%E5%BA%8A%E5%9B%BD%E5%A4%96_10.jpg\" alt=\"\" width=\"1200\" height=\"2430\"><\/p>\n","protected":false},"excerpt":{"rendered":"<p>A elegante e moderna cama de beleza curva em forma de S \u00e9 ideal para uso em sal\u00f5es de beleza, spas, centros de tratamento de pele e estabelecimentos similares. Dispon\u00edvel por meio de vendas diretas da f\u00e1brica, ela \u00e9 oferecida a pre\u00e7os de atacado, mesmo para pedidos de uma \u00fanica unidade. <\/p>\n","protected":false},"featured_media":88670,"template":"","meta":{"_bst_post_transparent":"","_bst_post_title":"","_bst_post_layout":"","_bst_post_sidebar_id":"","_bst_post_content_style":"","_bst_post_vertical_padding":"","_bst_post_feature":"","_bst_post_feature_position":"","_bst_post_header":false,"_bst_post_footer":false},"product_brand":[],"product_cat":[560],"product_tag":[],"class_list":{"0":"post-88658","1":"product","2":"type-product","3":"status-publish","4":"has-post-thumbnail","6":"product_cat-cama-de-beleza","7":"pa_color-branco","8":"pa_color-cores-personalizadas","9":"pa_size-1867061cm","11":"first","12":"instock","13":"sale","14":"shipping-taxable","15":"purchasable","16":"product-type-variable","17":"entry","18":"content-bg","19":"loop-entry"},"_links":{"self":[{"href":"https:\/\/xinshengmanufacture.com\/pt-br\/wp-json\/wp\/v2\/product\/88658","targetHints":{"allow":["GET"]}}],"collection":[{"href":"https:\/\/xinshengmanufacture.com\/pt-br\/wp-json\/wp\/v2\/product"}],"about":[{"href":"https:\/\/xinshengmanufacture.com\/pt-br\/wp-json\/wp\/v2\/types\/product"}],"version-history":[{"count":1,"href":"https:\/\/xinshengmanufacture.com\/pt-br\/wp-json\/wp\/v2\/product\/88658\/revisions"}],"predecessor-version":[{"id":88692,"href":"https:\/\/xinshengmanufacture.com\/pt-br\/wp-json\/wp\/v2\/product\/88658\/revisions\/88692"}],"wp:featuredmedia":[{"embeddable":true,"href":"https:\/\/xinshengmanufacture.com\/pt-br\/wp-json\/wp\/v2\/media\/88670"}],"wp:attachment":[{"href":"https:\/\/xinshengmanufacture.com\/pt-br\/wp-json\/wp\/v2\/media?parent=88658"}],"wp:term":[{"taxonomy":"product_brand","embeddable":true,"href":"https:\/\/xinshengmanufacture.com\/pt-br\/wp-json\/wp\/v2\/product_brand?post=88658"},{"taxonomy":"product_cat","embeddable":true,"href":"https:\/\/xinshengmanufacture.com\/pt-br\/wp-json\/wp\/v2\/product_cat?post=88658"},{"taxonomy":"product_tag","embeddable":true,"href":"https:\/\/xinshengmanufacture.com\/pt-br\/wp-json\/wp\/v2\/product_tag?post=88658"}],"curies":[{"name":"wp","href":"https:\/\/api.w.org\/{rel}","templated":true}]}}