{"id":88744,"date":"2026-03-27T09:14:49","date_gmt":"2026-03-27T09:14:49","guid":{"rendered":"https:\/\/xinshengmanufacture.com\/product\/cadeira-de-pedicure-estilo-sofa-e-mobilia-para-salao-de-beleza-cadeira-de-spa-para-pedicure-portatil-e-sem-cano-para-saloes-de-beleza-e-centros-de-cuidados-com-os-pes-cadeira-de-sofa-eletrica-com-c\/"},"modified":"2026-03-27T09:14:49","modified_gmt":"2026-03-27T09:14:49","slug":"cadeira-de-pedicure-estilo-sofa-e-mobilia-para-salao-de-beleza-cadeira-de-spa-para-pedicure-portatil-e-sem-cano-para-saloes-de-beleza-e-centros-de-cuidados-com-os-pes-cadeira-de-sofa-eletrica-com-c","status":"publish","type":"product","link":"https:\/\/xinshengmanufacture.com\/pt-br\/product\/cadeira-de-pedicure-estilo-sofa-e-mobilia-para-salao-de-beleza-cadeira-de-spa-para-pedicure-portatil-e-sem-cano-para-saloes-de-beleza-e-centros-de-cuidados-com-os-pes-cadeira-de-sofa-eletrica-com-c\/","title":{"rendered":"Cadeira de pedicure estilo sof\u00e1 e mob\u00edlia para sal\u00e3o de beleza - Cadeira de spa para pedicure port\u00e1til e sem cano para sal\u00f5es de beleza e centros de cuidados com os p\u00e9s. Cadeira de sof\u00e1 el\u00e9trica com cores personaliz\u00e1veis - Vendas diretas da f\u00e1brica."},"content":{"rendered":"<p><img fetchpriority=\"high\" decoding=\"async\" class=\"size-full wp-image-87664 aligncenter\" src=\"https:\/\/xinshengmanufacture.com\/wp-content\/uploads\/2026\/01\/%E8%B6%85%E5%B7%A5%E5%AE%9A%E5%88%B6%E8%8B%B1%E6%96%87_011.jpg\" alt=\"\" width=\"1200\" height=\"1857\"><img decoding=\"async\" class=\"size-full wp-image-87665 aligncenter\" src=\"https:\/\/xinshengmanufacture.com\/wp-content\/uploads\/2026\/01\/%E8%B6%85%E5%B7%A5%E5%AE%9A%E5%88%B6%E8%8B%B1%E6%96%87_021.jpg\" alt=\"\" width=\"1200\" height=\"1054\"><img decoding=\"async\" class=\"size-full wp-image-87666 aligncenter\" src=\"https:\/\/xinshengmanufacture.com\/wp-content\/uploads\/2026\/01\/%E8%B6%85%E5%B7%A5%E5%AE%9A%E5%88%B6%E8%8B%B1%E6%96%87_031.jpg\" alt=\"\" width=\"1200\" height=\"1563\"><img loading=\"lazy\" decoding=\"async\" class=\"size-full wp-image-87667 aligncenter\" src=\"https:\/\/xinshengmanufacture.com\/wp-content\/uploads\/2026\/01\/%E8%B6%85%E5%B7%A5%E5%AE%9A%E5%88%B6%E8%8B%B1%E6%96%87_041.jpg\" alt=\"\" width=\"1200\" height=\"1755\"><img loading=\"lazy\" decoding=\"async\" class=\"size-full wp-image-87668 aligncenter\" src=\"https:\/\/xinshengmanufacture.com\/wp-content\/uploads\/2026\/01\/%E8%B6%85%E5%B7%A5%E5%AE%9A%E5%88%B6%E8%8B%B1%E6%96%87_051.jpg\" alt=\"\" width=\"1200\" height=\"2257\"><img loading=\"lazy\" decoding=\"async\" class=\"size-full wp-image-88722 aligncenter\" src=\"https:\/\/xinshengmanufacture.com\/wp-content\/uploads\/2026\/03\/%E5%9B%BD%E5%A4%96-%E6%8B%B7%E8%B4%9D_01.jpg\" alt=\"\" width=\"1200\" height=\"2043\"> <img loading=\"lazy\" decoding=\"async\" class=\"size-full wp-image-88723 aligncenter\" src=\"https:\/\/xinshengmanufacture.com\/wp-content\/uploads\/2026\/03\/%E5%9B%BD%E5%A4%96-%E6%8B%B7%E8%B4%9D_02.jpg\" alt=\"\" width=\"1200\" height=\"2020\"><br \/>\n<img loading=\"lazy\" decoding=\"async\" class=\"size-full wp-image-88725 aligncenter\" src=\"https:\/\/xinshengmanufacture.com\/wp-content\/uploads\/2026\/03\/%E5%9B%BD%E5%A4%96-%E6%8B%B7%E8%B4%9D_04.jpg\" alt=\"\" width=\"1200\" height=\"1836\"> <img loading=\"lazy\" decoding=\"async\" class=\"aligncenter wp-image-88726\" src=\"https:\/\/xinshengmanufacture.com\/wp-content\/uploads\/2026\/03\/%E5%9B%BD%E5%A4%96-%E6%8B%B7%E8%B4%9D_05.jpg\" alt=\"\" width=\"1200\" height=\"3354\"><img loading=\"lazy\" decoding=\"async\" class=\"aligncenter wp-image-88728\" src=\"https:\/\/xinshengmanufacture.com\/wp-content\/uploads\/2026\/03\/%E5%9B%BD%E5%A4%96-%E6%8B%B7%E8%B4%9D_07.jpg\" alt=\"\" width=\"1200\" height=\"2711\"> <img loading=\"lazy\" decoding=\"async\" class=\"size-full wp-image-88729 aligncenter\" src=\"https:\/\/xinshengmanufacture.com\/wp-content\/uploads\/2026\/03\/%E5%9B%BD%E5%A4%96-%E6%8B%B7%E8%B4%9D_08.jpg\" alt=\"\" width=\"1200\" height=\"2085\"> <img loading=\"lazy\" decoding=\"async\" class=\"size-full wp-image-88730 aligncenter\" src=\"https:\/\/xinshengmanufacture.com\/wp-content\/uploads\/2026\/03\/%E5%9B%BD%E5%A4%96-%E6%8B%B7%E8%B4%9D_09.jpg\" alt=\"\" width=\"1200\" height=\"2024\"> <img loading=\"lazy\" decoding=\"async\" class=\"size-full wp-image-88731 aligncenter\" src=\"https:\/\/xinshengmanufacture.com\/wp-content\/uploads\/2026\/03\/%E5%9B%BD%E5%A4%96-%E6%8B%B7%E8%B4%9D_10.jpg\" alt=\"\" width=\"1200\" height=\"2081\"> <img loading=\"lazy\" decoding=\"async\" class=\"size-full wp-image-88732 aligncenter\" src=\"https:\/\/xinshengmanufacture.com\/wp-content\/uploads\/2026\/03\/%E5%9B%BD%E5%A4%96-%E6%8B%B7%E8%B4%9D_11.jpg\" alt=\"\" width=\"1200\" height=\"2531\"> <img loading=\"lazy\" decoding=\"async\" class=\"aligncenter wp-image-88733\" src=\"https:\/\/xinshengmanufacture.com\/wp-content\/uploads\/2026\/03\/%E5%9B%BD%E5%A4%96-%E6%8B%B7%E8%B4%9D_12.jpg\" alt=\"\" width=\"1200\" height=\"2839\"> <img loading=\"lazy\" decoding=\"async\" class=\"size-full wp-image-88734 aligncenter\" src=\"https:\/\/xinshengmanufacture.com\/wp-content\/uploads\/2026\/03\/%E5%9B%BD%E5%A4%96-%E6%8B%B7%E8%B4%9D_13.jpg\" alt=\"\" width=\"1200\" height=\"2434\"><\/p>\n","protected":false},"excerpt":{"rendered":"<p>Essa cadeira de pedicure sem tubula\u00e7\u00e3o, estilo sof\u00e1, \u00e9 adequada para uso em sal\u00f5es de beleza, spas, sal\u00f5es de beleza e cabeleireiros, centros de massagem nos p\u00e9s e estabelecimentos similares. Ela oferece op\u00e7\u00f5es de cores personalizadas e at\u00e9 mesmo pedidos de uma \u00fanica unidade s\u00e3o oferecidos a pre\u00e7os diretos da f\u00e1brica. <\/p>\n","protected":false},"featured_media":88769,"template":"","meta":{"_bst_post_transparent":"","_bst_post_title":"","_bst_post_layout":"","_bst_post_sidebar_id":"","_bst_post_content_style":"","_bst_post_vertical_padding":"","_bst_post_feature":"","_bst_post_feature_position":"","_bst_post_header":false,"_bst_post_footer":false},"product_brand":[],"product_cat":[902],"product_tag":[],"class_list":{"0":"post-88744","1":"product","2":"type-product","3":"status-publish","4":"has-post-thumbnail","6":"product_cat-cadeira-de-pedicure-footbath","7":"pa_color-cores-personalizadas","8":"pa_color-verde-escuro","9":"pa_size-9092124cm","11":"first","12":"instock","13":"sale","14":"shipping-taxable","15":"purchasable","16":"product-type-variable","17":"entry","18":"content-bg","19":"loop-entry"},"_links":{"self":[{"href":"https:\/\/xinshengmanufacture.com\/pt-br\/wp-json\/wp\/v2\/product\/88744","targetHints":{"allow":["GET"]}}],"collection":[{"href":"https:\/\/xinshengmanufacture.com\/pt-br\/wp-json\/wp\/v2\/product"}],"about":[{"href":"https:\/\/xinshengmanufacture.com\/pt-br\/wp-json\/wp\/v2\/types\/product"}],"version-history":[{"count":0,"href":"https:\/\/xinshengmanufacture.com\/pt-br\/wp-json\/wp\/v2\/product\/88744\/revisions"}],"wp:featuredmedia":[{"embeddable":true,"href":"https:\/\/xinshengmanufacture.com\/pt-br\/wp-json\/wp\/v2\/media\/88769"}],"wp:attachment":[{"href":"https:\/\/xinshengmanufacture.com\/pt-br\/wp-json\/wp\/v2\/media?parent=88744"}],"wp:term":[{"taxonomy":"product_brand","embeddable":true,"href":"https:\/\/xinshengmanufacture.com\/pt-br\/wp-json\/wp\/v2\/product_brand?post=88744"},{"taxonomy":"product_cat","embeddable":true,"href":"https:\/\/xinshengmanufacture.com\/pt-br\/wp-json\/wp\/v2\/product_cat?post=88744"},{"taxonomy":"product_tag","embeddable":true,"href":"https:\/\/xinshengmanufacture.com\/pt-br\/wp-json\/wp\/v2\/product_tag?post=88744"}],"curies":[{"name":"wp","href":"https:\/\/api.w.org\/{rel}","templated":true}]}}