{"id":49653,"date":"2025-04-12T09:12:57","date_gmt":"2025-04-12T09:12:57","guid":{"rendered":"https:\/\/xinshengmanufacture.com\/product\/chaise-de-shampoing-de-salon-de-haute-qualite-chaise-de-shampoing-pivotante-et-elevatrice-chaise-de-shampoing-moderne-pour-salon-de-coiffure-%e0%b9%81%e0%b8%a5%e0%b8%b0-salon-de-beaute\/"},"modified":"2025-06-25T05:40:02","modified_gmt":"2025-06-25T05:40:02","slug":"chaise-de-shampoing-de-salon-de-haute-qualite-chaise-de-shampoing-pivotante-et-elevatrice-chaise-de-shampoing-moderne-pour-salon-de-coiffure-%e0%b9%81%e0%b8%a5%e0%b8%b0-salon-de-beaute","status":"publish","type":"product","link":"https:\/\/xinshengmanufacture.com\/th\/product\/chaise-de-shampoing-de-salon-de-haute-qualite-chaise-de-shampoing-pivotante-et-elevatrice-chaise-de-shampoing-moderne-pour-salon-de-coiffure-%e0%b9%81%e0%b8%a5%e0%b8%b0-salon-de-beaute\/","title":{"rendered":"Chaise de shampoing de salon de haute qualit\u00e9 chaise de shampoing pivotante et \u00e9l\u00e9vatrice chaise de shampoing moderne pour salon de coiffure \u0e41\u0e25\u0e30 salon de beaut\u00e9"},"content":{"rendered":"<div class=\"wp-playlist wp-video-playlist wp-playlist-light\">\n\t\t<video controls=\"controls\" preload=\"none\" width=\"1408\"\n\t\t height=\"2503\"\t><\/video>\n\t<div class=\"wp-playlist-next\"><\/div>\n\t<div class=\"wp-playlist-prev\"><\/div>\n\t<noscript>\n\t<ol>\n\t\t<li><a href='https:\/\/xinshengmanufacture.com\/wp-content\/uploads\/2025\/04\/WeChat_20250412165041.mp4'>WeChat_20250412165041<\/a><\/li>\t<\/ol>\n\t<\/noscript>\n\t<script type=\"application\/json\" class=\"wp-playlist-script\">{\"type\":\"video\",\"tracklist\":false,\"tracknumbers\":true,\"images\":true,\"artists\":true,\"tracks\":[{\"src\":\"https:\/\/xinshengmanufacture.com\/wp-content\/uploads\/2025\/04\/WeChat_20250412165041.mp4\",\"type\":\"video\/mp4\",\"title\":\"WeChat_20250412165041\",\"caption\":\"\",\"description\":\"\",\"meta\":{\"length_formatted\":\"0:44\"},\"dimensions\":{\"original\":{\"width\":720,\"height\":1280},\"resized\":{\"width\":1408,\"height\":2503}},\"image\":{\"src\":\"https:\/\/xinshengmanufacture.com\/wp-includes\/images\/media\/video.svg\",\"width\":48,\"height\":64},\"thumb\":{\"src\":\"https:\/\/xinshengmanufacture.com\/wp-includes\/images\/media\/video.svg\",\"width\":48,\"height\":64}}]}<\/script>\n<\/div>\n\t\n<p style=\"text-align: center;\"><img fetchpriority=\"high\" decoding=\"async\" class=\"alignundefined wp-image-3746 aligncenter\" src=\"https:\/\/xinshengmanufacture.com\/wp-content\/uploads\/2025\/04\/%E8%B6%85%E5%B7%A5%E5%AE%9A%E5%88%B6%E8%8B%B1%E6%96%87_011.jpg\" alt=\"\" width=\"790\" height=\"1223\"><img decoding=\"async\" class=\"alignundefined wp-image-3747 aligncenter\" src=\"https:\/\/xinshengmanufacture.com\/wp-content\/uploads\/2025\/04\/%E8%B6%85%E5%B7%A5%E5%AE%9A%E5%88%B6%E8%8B%B1%E6%96%87_021.jpg\" alt=\"\" width=\"790\" height=\"694\"><img decoding=\"async\" class=\"alignundefined wp-image-3748 aligncenter\" src=\"https:\/\/xinshengmanufacture.com\/wp-content\/uploads\/2025\/04\/%E8%B6%85%E5%B7%A5%E5%AE%9A%E5%88%B6%E8%8B%B1%E6%96%87_031.jpg\" alt=\"\" width=\"790\" height=\"1029\"><img loading=\"lazy\" decoding=\"async\" class=\"aligncenter wp-image-3749\" src=\"https:\/\/xinshengmanufacture.com\/wp-content\/uploads\/2025\/04\/%E8%B6%85%E5%B7%A5%E5%AE%9A%E5%88%B6%E8%8B%B1%E6%96%87_041.jpg\" alt=\"\" width=\"790\" height=\"1155\"><img loading=\"lazy\" decoding=\"async\" class=\"alignundefined wp-image-3750 aligncenter\" src=\"https:\/\/xinshengmanufacture.com\/wp-content\/uploads\/2025\/04\/%E8%B6%85%E5%B7%A5%E5%AE%9A%E5%88%B6%E8%8B%B1%E6%96%87_051.jpg\" alt=\"\" width=\"790\" height=\"1486\"><img loading=\"lazy\" decoding=\"async\" class=\"size-full wp-image-3808 aligncenter\" src=\"https:\/\/xinshengmanufacture.com\/wp-content\/uploads\/2025\/04\/%E6%9C%AA%E6%A0%87%E9%A2%98-2-%E6%81%A2%E5%A4%8D%E7%9A%84_01.jpg\" alt=\"\" width=\"790\" height=\"1134\"> <img loading=\"lazy\" decoding=\"async\" class=\"size-full wp-image-3809 aligncenter\" src=\"https:\/\/xinshengmanufacture.com\/wp-content\/uploads\/2025\/04\/%E6%9C%AA%E6%A0%87%E9%A2%98-2-%E6%81%A2%E5%A4%8D%E7%9A%84_02.jpg\" alt=\"\" width=\"790\" height=\"1558\"> <img loading=\"lazy\" decoding=\"async\" class=\"size-full wp-image-3810 aligncenter\" src=\"https:\/\/xinshengmanufacture.com\/wp-content\/uploads\/2025\/04\/%E6%9C%AA%E6%A0%87%E9%A2%98-2-%E6%81%A2%E5%A4%8D%E7%9A%84_03.jpg\" alt=\"\" width=\"790\" height=\"1099\"> <img loading=\"lazy\" decoding=\"async\" class=\"size-full wp-image-3811 aligncenter\" src=\"https:\/\/xinshengmanufacture.com\/wp-content\/uploads\/2025\/04\/%E6%9C%AA%E6%A0%87%E9%A2%98-2-%E6%81%A2%E5%A4%8D%E7%9A%84_04.jpg\" alt=\"\" width=\"790\" height=\"1116\"> <img loading=\"lazy\" decoding=\"async\" class=\"size-full wp-image-3812 aligncenter\" src=\"https:\/\/xinshengmanufacture.com\/wp-content\/uploads\/2025\/04\/%E6%9C%AA%E6%A0%87%E9%A2%98-2-%E6%81%A2%E5%A4%8D%E7%9A%84_05.jpg\" alt=\"\" width=\"790\" height=\"1096\"> <img loading=\"lazy\" decoding=\"async\" class=\"size-full wp-image-3813 aligncenter\" src=\"https:\/\/xinshengmanufacture.com\/wp-content\/uploads\/2025\/04\/%E6%9C%AA%E6%A0%87%E9%A2%98-2-%E6%81%A2%E5%A4%8D%E7%9A%84_06.jpg\" alt=\"\" width=\"790\" height=\"1116\"> <img loading=\"lazy\" decoding=\"async\" class=\"size-full wp-image-3814 aligncenter\" src=\"https:\/\/xinshengmanufacture.com\/wp-content\/uploads\/2025\/04\/%E6%9C%AA%E6%A0%87%E9%A2%98-2-%E6%81%A2%E5%A4%8D%E7%9A%84_07.jpg\" alt=\"\" width=\"790\" height=\"1087\"> <img loading=\"lazy\" decoding=\"async\" class=\"size-full wp-image-3815 aligncenter\" src=\"https:\/\/xinshengmanufacture.com\/wp-content\/uploads\/2025\/04\/%E6%9C%AA%E6%A0%87%E9%A2%98-2-%E6%81%A2%E5%A4%8D%E7%9A%84_08.jpg\" alt=\"\" width=\"790\" height=\"1066\"> <img loading=\"lazy\" decoding=\"async\" class=\"size-full wp-image-3816 aligncenter\" src=\"https:\/\/xinshengmanufacture.com\/wp-content\/uploads\/2025\/04\/%E6%9C%AA%E6%A0%87%E9%A2%98-2-%E6%81%A2%E5%A4%8D%E7%9A%84_09.jpg\" alt=\"\" width=\"790\" height=\"1067\"> <img loading=\"lazy\" decoding=\"async\" class=\"size-full wp-image-3817 aligncenter\" src=\"https:\/\/xinshengmanufacture.com\/wp-content\/uploads\/2025\/04\/%E6%9C%AA%E6%A0%87%E9%A2%98-2-%E6%81%A2%E5%A4%8D%E7%9A%84_10.jpg\" alt=\"\" width=\"790\" height=\"1056\"> <img loading=\"lazy\" decoding=\"async\" class=\"size-full wp-image-3818 aligncenter\" src=\"https:\/\/xinshengmanufacture.com\/wp-content\/uploads\/2025\/04\/%E6%9C%AA%E6%A0%87%E9%A2%98-2-%E6%81%A2%E5%A4%8D%E7%9A%84_11.jpg\" alt=\"\" width=\"790\" height=\"1276\"> <img loading=\"lazy\" decoding=\"async\" class=\"size-full wp-image-3819 aligncenter\" src=\"https:\/\/xinshengmanufacture.com\/wp-content\/uploads\/2025\/04\/%E6%9C%AA%E6%A0%87%E9%A2%98-2-%E6%81%A2%E5%A4%8D%E7%9A%84_12.jpg\" alt=\"\" width=\"790\" height=\"1144\"> <img loading=\"lazy\" decoding=\"async\" class=\"size-full wp-image-3820 aligncenter\" src=\"https:\/\/xinshengmanufacture.com\/wp-content\/uploads\/2025\/04\/%E6%9C%AA%E6%A0%87%E9%A2%98-2-%E6%81%A2%E5%A4%8D%E7%9A%84_13.jpg\" alt=\"\" width=\"790\" height=\"1845\"> <img loading=\"lazy\" decoding=\"async\" class=\"size-full wp-image-3821 aligncenter\" src=\"https:\/\/xinshengmanufacture.com\/wp-content\/uploads\/2025\/04\/%E6%9C%AA%E6%A0%87%E9%A2%98-2-%E6%81%A2%E5%A4%8D%E7%9A%84_14.jpg\" alt=\"\" width=\"790\" height=\"1601\"><\/p>\n","protected":false},"excerpt":{"rendered":"<p>Peut \u00eatre utilis\u00e9 dans les salons de beaut\u00e9, les salons de coiffure \u0e2f\u0e25\u0e2f<\/p>\n","protected":false},"featured_media":49767,"template":"","meta":{"_bst_post_transparent":"","_bst_post_title":"","_bst_post_layout":"","_bst_post_sidebar_id":"","_bst_post_content_style":"","_bst_post_vertical_padding":"","_bst_post_feature":"","_bst_post_feature_position":"","_bst_post_header":false,"_bst_post_footer":false},"product_brand":[],"product_cat":[],"product_tag":[],"class_list":{"0":"post-49653","1":"product","2":"type-product","3":"status-publish","4":"has-post-thumbnail","7":"first","8":"instock","9":"sale","10":"shipping-taxable","11":"purchasable","12":"product-type-simple","13":"entry","14":"content-bg","15":"loop-entry"},"_links":{"self":[{"href":"https:\/\/xinshengmanufacture.com\/th\/wp-json\/wp\/v2\/product\/49653","targetHints":{"allow":["GET"]}}],"collection":[{"href":"https:\/\/xinshengmanufacture.com\/th\/wp-json\/wp\/v2\/product"}],"about":[{"href":"https:\/\/xinshengmanufacture.com\/th\/wp-json\/wp\/v2\/types\/product"}],"version-history":[{"count":1,"href":"https:\/\/xinshengmanufacture.com\/th\/wp-json\/wp\/v2\/product\/49653\/revisions"}],"predecessor-version":[{"id":49783,"href":"https:\/\/xinshengmanufacture.com\/th\/wp-json\/wp\/v2\/product\/49653\/revisions\/49783"}],"wp:featuredmedia":[{"embeddable":true,"href":"https:\/\/xinshengmanufacture.com\/th\/wp-json\/wp\/v2\/media\/49767"}],"wp:attachment":[{"href":"https:\/\/xinshengmanufacture.com\/th\/wp-json\/wp\/v2\/media?parent=49653"}],"wp:term":[{"taxonomy":"product_brand","embeddable":true,"href":"https:\/\/xinshengmanufacture.com\/th\/wp-json\/wp\/v2\/product_brand?post=49653"},{"taxonomy":"product_cat","embeddable":true,"href":"https:\/\/xinshengmanufacture.com\/th\/wp-json\/wp\/v2\/product_cat?post=49653"},{"taxonomy":"product_tag","embeddable":true,"href":"https:\/\/xinshengmanufacture.com\/th\/wp-json\/wp\/v2\/product_tag?post=49653"}],"curies":[{"name":"wp","href":"https:\/\/api.w.org\/{rel}","templated":true}]}}