{"id":30760,"date":"2025-04-01T02:35:45","date_gmt":"2025-04-01T02:35:45","guid":{"rendered":"https:\/\/xinshengmanufacture.com\/chinh-sach-hoan-tien-va-tra-hang\/"},"modified":"2025-06-20T09:14:52","modified_gmt":"2025-06-20T09:14:52","slug":"chinh-sach-hoan-tien-va-tra-hang","status":"publish","type":"page","link":"https:\/\/xinshengmanufacture.com\/vi\/chinh-sach-hoan-tien-va-tra-hang\/","title":{"rendered":"Ch\u00ednh s\u00e1ch ho\u00e0n ti\u1ec1n v\u00e0 tr\u1ea3 h\u00e0ng"},"content":{"rendered":"\t\t<div data-elementor-type=\"wp-page\" data-elementor-id=\"30760\" class=\"elementor elementor-30760 elementor-10\" data-elementor-post-type=\"page\">\n\t\t\t\t<div class=\"elementor-element elementor-element-21cc70a0 e-flex e-con-boxed e-con e-parent\" data-id=\"21cc70a0\" data-element_type=\"container\" data-e-type=\"container\">\n\t\t\t\t\t<div class=\"e-con-inner\">\n\t\t\t\t<div class=\"elementor-element elementor-element-64b8d0e2 elementor-widget elementor-widget-text-editor\" data-id=\"64b8d0e2\" data-element_type=\"widget\" data-e-type=\"widget\" data-widget_type=\"text-editor.default\">\n\t\t\t\t<div class=\"elementor-widget-container\">\n\t\t\t\t\t\t\t\t\t<p>Do \u0111\u1eb7c t\u00ednh c\u1ee7a s\u1ea3n ph\u1ea9m, bao g\u1ed3m t\u00f9y ch\u1ec9nh v\u00e0 v\u1eadn chuy\u1ec3n \u0111\u01b0\u1eddng bi\u1ec3n quy m\u00f4 l\u1edbn, ch\u00fang t\u00f4i kh\u00f4ng ch\u1ea5p nh\u1eadn tr\u1ea3 l\u1ea1i \u0111\u1ec3 ho\u00e0n ti\u1ec1n trong nh\u1eefng tr\u01b0\u1eddng h\u1ee3p b\u00ecnh th\u01b0\u1eddng. C\u00f4ng ty kh\u00f4ng ch\u1ea5p nh\u1eadn b\u1ea5t k\u1ef3 kho\u1ea3n tr\u1ea3 l\u1ea1i ho\u1eb7c ho\u00e0n ti\u1ec1n n\u00e0o tr\u1eeb khi s\u1ea3n ph\u1ea9m b\u1ecb l\u1ed7i ho\u1eb7c kh\u00f4ng nh\u01b0 m\u00f4 t\u1ea3. Trong tr\u01b0\u1eddng h\u1ee3p n\u00e0y, kh\u00e1ch h\u00e0ng ph\u1ea3i th\u00f4ng b\u00e1o cho c\u00f4ng ty trong v\u00f2ng 48 gi\u1edd k\u1ec3 t\u1eeb khi nh\u1eadn \u0111\u01b0\u1ee3c s\u1ea3n ph\u1ea9m v\u00e0 chi ph\u00ed v\u1eadn chuy\u1ec3n tr\u1ea3 l\u1ea1i do kh\u00e1ch h\u00e0ng ch\u1ecbu. Li\u00ean h\u1ec7 v\u1edbi c\u00f4ng ty ch\u00fang t\u00f4i sau h\u01a1n 48 gi\u1edd s\u1ebd kh\u00f4ng ch\u1ecbu tr\u00e1ch nhi\u1ec7m v\u1ec1 b\u1ea5t k\u1ef3 t\u1ed5n th\u1ea5t n\u00e0o ph\u00e1t sinh v\u00e0 m\u1ecdi t\u1ed5n th\u1ea5t ph\u00e1t sinh s\u1ebd do kh\u00e1ch h\u00e0ng ch\u1ecbu.   <\/p>\n<p>\u0110\u1eb7t h\u00e0ng:<\/p>\n<p>M\u1ed7i s\u1ea3n ph\u1ea9m \u0111\u1ec1u \u0111\u01b0\u1ee3c thi\u1ebft k\u1ebf ri\u00eang theo nhu c\u1ea7u v\u00e0 y\u00eau c\u1ea7u c\u1ee5 th\u1ec3, khi\u1ebfn ch\u00fang tr\u1edf th\u00e0nh s\u1ea3n ph\u1ea9m \u0111\u1ed9c nh\u1ea5t trong \u0111\u01a1n h\u00e0ng c\u1ee7a b\u1ea1n.<\/p>\n<p>Khi qu\u00e1 tr\u00ecnh s\u1ea3n xu\u1ea5t \u0111\u00e3 b\u1eaft \u0111\u1ea7u, kh\u00f4ng \u0111\u01b0\u1ee3c ph\u00e9p thay \u0111\u1ed5i ho\u1eb7c h\u1ee7y b\u1ecf.<\/p>\n<p>Th\u1eddi gian v\u1eadn chuy\u1ec3n:<\/p>\n<p>Do quy tr\u00ecnh v\u1eadn chuy\u1ec3n qu\u1ed1c t\u1ebf, th\u1eddi gian giao h\u00e0ng c\u00f3 th\u1ec3 m\u1ea5t 2-3 th\u00e1ng.<\/p>\n<p>Ch\u00fang t\u00f4i khuy\u00ean b\u1ea1n n\u00ean \u0111\u1eb7t h\u00e0ng tr\u01b0\u1edbc \u0111\u1ec3 ph\u00f9 h\u1ee3p v\u1edbi l\u1ecbch tr\u00ecnh d\u1ef1 \u00e1n c\u1ee7a b\u1ea1n.<\/p>\n<p>X\u00e1c nh\u1eadn \u0111\u01a1n h\u00e0ng:<\/p>\n<p>T\u1ea5t c\u1ea3 c\u00e1c \u0111\u01a1n h\u00e0ng s\u1ebd \u0111\u01b0\u1ee3c x\u00e1c nh\u1eadn chi ti\u1ebft v\u1edbi b\u1ea1n tr\u01b0\u1edbc khi b\u1eaft \u0111\u1ea7u s\u1ea3n xu\u1ea5t \u0111\u1ec3 \u0111\u1ea3m b\u1ea3o t\u00ednh r\u00f5 r\u00e0ng v\u00e0 ch\u00ednh x\u00e1c.<\/p>\n<p>Vui l\u00f2ng ki\u1ec3m tra l\u1ea1i t\u1ea5t c\u1ea3 c\u00e1c th\u00f4ng s\u1ed1 k\u1ef9 thu\u1eadt, bao g\u1ed3m m\u00e0u s\u1eafc, ch\u1ea5t li\u1ec7u v\u00e0 k\u00edch th\u01b0\u1edbc tr\u01b0\u1edbc khi ph\u00ea duy\u1ec7t cu\u1ed1i c\u00f9ng.<\/p>\n<p>Ch\u00ednh s\u00e1ch tr\u1ea3 h\u00e0ng<br> Do \u0111\u1eb7c t\u00ednh c\u1ee7a s\u1ea3n ph\u1ea9m, bao g\u1ed3m k\u00edch th\u01b0\u1edbc l\u1edbn, t\u00f9y ch\u1ec9nh v\u00e0 th\u1eddi gian v\u1eadn chuy\u1ec3n k\u00e9o d\u00e0i (v\u1eadn chuy\u1ec3n \u0111\u01b0\u1eddng bi\u1ec3n m\u1ea5t 2-3 th\u00e1ng), ch\u00fang t\u00f4i kh\u00f4ng th\u1ec3 ch\u1ea5p nh\u1eadn tr\u1ea3 l\u1ea1i ho\u1eb7c \u0111\u1ed5i h\u00e0ng.<\/p>\n<p>Ch\u00ednh s\u00e1ch n\u00e0y cho ph\u00e9p ch\u00fang t\u00f4i duy tr\u00ec c\u00e1c ti\u00eau chu\u1ea9n ch\u1ea5t l\u01b0\u1ee3ng cao nh\u1ea5t v\u00e0 \u0111\u00e1p \u1ee9ng c\u00e1c y\u00eau c\u1ea7u t\u00f9y ch\u1ec9nh ri\u00eang bi\u1ec7t c\u1ee7a t\u1eebng \u0111\u01a1n h\u00e0ng. Ch\u00fang t\u00f4i \u0111\u1eb7c bi\u1ec7t khuy\u00ean b\u1ea1n n\u00ean xem x\u00e9t k\u1ef9 l\u01b0\u1ee1ng c\u00e1c chi ti\u1ebft \u0111\u01a1n h\u00e0ng, bao g\u1ed3m k\u00edch th\u01b0\u1edbc, m\u00e0u s\u1eafc v\u00e0 th\u00f4ng s\u1ed1 k\u1ef9 thu\u1eadt tr\u01b0\u1edbc khi x\u00e1c nh\u1eadn. <\/p>\n<p>N\u1ebfu b\u1ea1n c\u00f3 b\u1ea5t k\u1ef3 th\u1eafc m\u1eafc n\u00e0o trong qu\u00e1 tr\u00ecnh mua h\u00e0ng, nh\u00f3m c\u1ee7a ch\u00fang t\u00f4i lu\u00f4n s\u1eb5n s\u00e0ng h\u1ed7 tr\u1ee3 b\u1ea1n v\u00e0 \u0111\u1ea3m b\u1ea3o \u0111\u01a1n h\u00e0ng c\u1ee7a b\u1ea1n \u0111\u00e1p \u1ee9ng \u0111\u01b0\u1ee3c mong \u0111\u1ee3i c\u1ee7a b\u1ea1n.<\/p>\n<p>Ch\u00ednh s\u00e1ch b\u1ea3o h\u00e0nh<br> Ch\u00fang t\u00f4i \u0111\u1ea3m b\u1ea3o ch\u1ea5t l\u01b0\u1ee3ng s\u1ea3n ph\u1ea9m v\u00e0 cung c\u1ea5p ch\u1ebf \u0111\u1ed9 b\u1ea3o h\u00e0nh c\u00f3 gi\u1edbi h\u1ea1n \u0111\u1ec3 b\u1ea3o v\u1ec7 quy\u1ec1n l\u1ee3i c\u1ee7a b\u1ea1n khi mua h\u00e0ng.<\/p>\n<p>Ph\u1ea1m vi b\u1ea3o h\u00e0nh:<\/p>\n<p>C\u00e1c th\u00e0nh ph\u1ea7n c\u1ea5u tr\u00fac: t\u1ed1i \u0111a 12 th\u00e1ng k\u1ec3 t\u1eeb ng\u00e0y giao h\u00e0ng.<\/p>\n<p>X\u1eed l\u00fd b\u1ec1 m\u1eb7t (nh\u01b0 h\u01b0 h\u1ecfng s\u01a1n b\u1ec1 m\u1eb7t): ch\u1ec9 \u00e1p d\u1ee5ng cho d\u1ecbch v\u1ee5 giao nh\u1eadn h\u00e0ng h\u00f3a do c\u00f4ng ty ch\u00fang t\u00f4i cung c\u1ea5p. N\u1ebfu c\u00f3 h\u01b0 h\u1ecfng b\u1ec1 m\u1eb7t do va ch\u1ea1m trong qu\u00e1 tr\u00ecnh v\u1eadn chuy\u1ec3n, kh\u00e1ch h\u00e0ng ph\u1ea3i li\u00ean h\u1ec7 v\u1edbi ch\u00fang t\u00f4i tr\u01b0\u1edbc khi k\u00fd nh\u1eadn h\u00e0ng \u0111\u1ec3 th\u01b0\u01a1ng l\u01b0\u1ee3ng gi\u1ea3i ph\u00e1p. Ch\u00fang t\u00f4i kh\u00f4ng ch\u1ecbu tr\u00e1ch nhi\u1ec7m cho b\u1ea5t k\u1ef3 h\u01b0 h\u1ecfng n\u00e0o x\u1ea3y ra sau h\u01a1n 48 gi\u1edd k\u1ec3 t\u1eeb khi k\u00fd nh\u1eadn h\u00e0ng v\u00e0 kh\u00e1ch h\u00e0ng s\u1ebd ch\u1ecbu tr\u00e1ch nhi\u1ec7m v\u1ec1 t\u1ed5n th\u1ea5t. N\u1ebfu kh\u00e1ch h\u00e0ng c\u00f3 c\u00f4ng ty giao nh\u1eadn h\u00e0ng h\u00f3a ri\u00eang, ch\u00fang t\u00f4i ch\u1ec9 ch\u1ecbu tr\u00e1ch nhi\u1ec7m b\u1ea3o h\u00e0nh t\u1eeb \u0111\u1ecba ch\u1ec9 c\u00f4ng ty ch\u00fang t\u00f4i \u0111\u1ebfn \u0111\u1ecba ch\u1ec9 kho do kh\u00e1ch h\u00e0ng cung c\u1ea5p. Khi h\u01b0 h\u1ecfng x\u1ea3y ra do v\u00e0o kho, kh\u00e1ch h\u00e0ng ho\u1eb7c c\u00f4ng ty giao nh\u1eadn h\u00e0ng h\u00f3a do kh\u00e1ch h\u00e0ng cung c\u1ea5p s\u1ebd ph\u1ea3i ch\u1ecbu tr\u00e1ch nhi\u1ec7m.    <\/p>\n<p>Linh ki\u1ec7n \u0111i\u1ec7n (n\u1ebfu c\u00f3): t\u1ed1i \u0111a 12 th\u00e1ng k\u1ec3 t\u1eeb ng\u00e0y giao h\u00e0ng. Kh\u00e1ch h\u00e0ng c\u1ea7n li\u00ean h\u1ec7 v\u1edbi t\u01b0 v\u1ea5n vi\u00ean c\u1ee7a c\u00f4ng ty ch\u00fang t\u00f4i trong th\u1eddi gian quy \u0111\u1ecbnh v\u00e0 m\u00f4 t\u1ea3 r\u00f5 r\u00e0ng v\u1ea5n \u0111\u1ec1 \u0111\u1ec3 c\u00f4ng ty ch\u00fang t\u00f4i c\u00f3 th\u1ec3 cung c\u1ea5p cho kh\u00e1ch h\u00e0ng c\u00e1c ph\u1ee5 ki\u1ec7n b\u1ecb h\u01b0 h\u1ecfng. Chi ph\u00ed v\u1eadn chuy\u1ec3n ph\u1ee5 ki\u1ec7n do kh\u00e1ch h\u00e0ng ch\u1ecbu.  <\/p>\n<p>Lo\u1ea1i tr\u1eeb b\u1ea3o h\u00e0nh:<\/p>\n<p>Hao m\u00f2n th\u00f4ng th\u01b0\u1eddng ho\u1eb7c h\u01b0 h\u1ecfng do s\u1eed d\u1ee5ng kh\u00f4ng \u0111\u00fang c\u00e1ch.<\/p>\n<p>C\u00e1c v\u1ea5n \u0111\u1ec1 do l\u1eafp r\u00e1p, b\u1ea3o tr\u00ec ho\u1eb7c s\u1eeda ch\u1eefa kh\u00f4ng \u0111\u00fang c\u00e1ch.<\/p>\n<p>Nh\u1eefng thay \u0111\u1ed5i nh\u1ecf v\u1ec1 m\u00e0u s\u1eafc, k\u1ebft c\u1ea5u ho\u1eb7c h\u1ecda ti\u1ebft l\u00e0 \u0111\u1eb7c \u0111i\u1ec3m t\u1ef1 nhi\u00ean c\u1ee7a m\u1ed9t s\u1ed1 v\u1eadt li\u1ec7u.<\/p>\n<p>N\u1ed9p y\u00eau c\u1ea7u b\u1ea3o h\u00e0nh:<br> \u0110\u1ec3 n\u1ed9p \u0111\u01a1n khi\u1ebfu n\u1ea1i, vui l\u00f2ng li\u00ean h\u1ec7 v\u1edbi ch\u00fang t\u00f4i theo \u0111\u1ecba ch\u1ec9 pengz2259@gmail.com v\u00e0 cung c\u1ea5p c\u00e1c th\u00f4ng tin sau:<br> S\u1ed1 \u0111\u01a1n h\u00e0ng c\u1ee7a b\u1ea1n.<br> M\u1ed9t b\u1ee9c \u1ea3nh ho\u1eb7c video r\u00f5 n\u00e9t v\u1ec1 v\u1ea5n \u0111\u1ec1 n\u00e0y.<br> M\u00f4 t\u1ea3 chi ti\u1ebft v\u1ec1 v\u1ea5n \u0111\u1ec1.<br> Khi\u1ebfu n\u1ea1i ph\u1ea3i \u0111\u01b0\u1ee3c n\u1ed9p trong th\u1eddi gian b\u1ea3o h\u00e0nh.<\/p>\t\t\t\t\t\t\t\t<\/div>\n\t\t\t\t<\/div>\n\t\t\t\t\t<\/div>\n\t\t\t\t<\/div>\n\t\t\t\t<\/div>\n\t\t","protected":false},"excerpt":{"rendered":"<p>Do \u0111\u1eb7c t\u00ednh c\u1ee7a s\u1ea3n ph\u1ea9m, bao g\u1ed3m t\u00f9y ch\u1ec9nh v\u00e0 v\u1eadn chuy\u1ec3n \u0111\u01b0\u1eddng bi\u1ec3n quy m\u00f4 l\u1edbn, ch\u00fang t\u00f4i kh\u00f4ng ch\u1ea5p nh\u1eadn tr\u1ea3 l\u1ea1i \u0111\u1ec3 ho\u00e0n ti\u1ec1n trong nh\u1eefng tr\u01b0\u1eddng h\u1ee3p b\u00ecnh th\u01b0\u1eddng. C\u00f4ng ty kh\u00f4ng ch\u1ea5p nh\u1eadn b\u1ea5t k\u1ef3 kho\u1ea3n tr\u1ea3 l\u1ea1i ho\u1eb7c ho\u00e0n ti\u1ec1n n\u00e0o tr\u1eeb khi s\u1ea3n ph\u1ea9m b\u1ecb l\u1ed7i ho\u1eb7c&#8230;<\/p>\n","protected":false},"author":1,"featured_media":0,"parent":0,"menu_order":0,"comment_status":"closed","ping_status":"closed","template":"","meta":{"_bst_post_transparent":"","_bst_post_title":"","_bst_post_layout":"","_bst_post_sidebar_id":"","_bst_post_content_style":"","_bst_post_vertical_padding":"","_bst_post_feature":"","_bst_post_feature_position":"","_bst_post_header":false,"_bst_post_footer":false,"footnotes":""},"class_list":["post-30760","page","type-page","status-publish","hentry"],"_links":{"self":[{"href":"https:\/\/xinshengmanufacture.com\/vi\/wp-json\/wp\/v2\/pages\/30760","targetHints":{"allow":["GET"]}}],"collection":[{"href":"https:\/\/xinshengmanufacture.com\/vi\/wp-json\/wp\/v2\/pages"}],"about":[{"href":"https:\/\/xinshengmanufacture.com\/vi\/wp-json\/wp\/v2\/types\/page"}],"author":[{"embeddable":true,"href":"https:\/\/xinshengmanufacture.com\/vi\/wp-json\/wp\/v2\/users\/1"}],"replies":[{"embeddable":true,"href":"https:\/\/xinshengmanufacture.com\/vi\/wp-json\/wp\/v2\/comments?post=30760"}],"version-history":[{"count":2,"href":"https:\/\/xinshengmanufacture.com\/vi\/wp-json\/wp\/v2\/pages\/30760\/revisions"}],"predecessor-version":[{"id":30764,"href":"https:\/\/xinshengmanufacture.com\/vi\/wp-json\/wp\/v2\/pages\/30760\/revisions\/30764"}],"wp:attachment":[{"href":"https:\/\/xinshengmanufacture.com\/vi\/wp-json\/wp\/v2\/media?parent=30760"}],"curies":[{"name":"wp","href":"https:\/\/api.w.org\/{rel}","templated":true}]}}