{"id":30847,"date":"2025-03-31T03:20:41","date_gmt":"2025-03-31T03:20:41","guid":{"rendered":"https:\/\/xinshengmanufacture.com\/tro-thanh-dai-ly-cua-chung-toi\/"},"modified":"2025-06-20T09:15:49","modified_gmt":"2025-06-20T09:15:49","slug":"tro-thanh-dai-ly-cua-chung-toi","status":"publish","type":"page","link":"https:\/\/xinshengmanufacture.com\/vi\/tro-thanh-dai-ly-cua-chung-toi\/","title":{"rendered":"Tr\u1edf th\u00e0nh \u0111\u1ea1i l\u00fd c\u1ee7a ch\u00fang t\u00f4i"},"content":{"rendered":"\t\t<div data-elementor-type=\"wp-page\" data-elementor-id=\"30847\" class=\"elementor elementor-30847 elementor-3234\" data-elementor-post-type=\"page\">\n\t\t\t\t<div class=\"elementor-element elementor-element-f6e8795 e-flex e-con-boxed e-con e-parent\" data-id=\"f6e8795\" data-element_type=\"container\" data-e-type=\"container\">\n\t\t\t\t\t<div class=\"e-con-inner\">\n\t\t\t\t<div class=\"elementor-element elementor-element-788c83e elementor-widget elementor-widget-text-editor\" data-id=\"788c83e\" data-element_type=\"widget\" data-e-type=\"widget\" data-widget_type=\"text-editor.default\">\n\t\t\t\t<div class=\"elementor-widget-container\">\n\t\t\t\t\t\t\t\t\t<p>Ch\u00fang t\u00f4i ch\u00e0o \u0111\u00f3n b\u1ea1n b\u00e8 t\u1eeb kh\u1eafp n\u01a1i tr\u00ean th\u1ebf gi\u1edbi tr\u1edf th\u00e0nh \u0111\u1ea1i l\u00fd c\u1ee7a ch\u00fang t\u00f4i, v\u00e0 ch\u00fang t\u00f4i m\u1edf h\u1ea1n ng\u1ea1ch v\u00f4 \u0111i\u1ec1u ki\u1ec7n v\u00e0 s\u1ebd kh\u00f4ng t\u00ednh ph\u00ed \u0111\u1ea1i l\u00fd cho b\u1ea1n. Cho d\u00f9 b\u1ea1n s\u1ebd b\u00e1n s\u1ea3n ph\u1ea9m c\u1ee7a ch\u00fang t\u00f4i trong c\u1eeda h\u00e0ng tr\u1ef1c tuy\u1ebfn c\u1ee7a b\u1ea1n hay trong m\u1ed9t c\u1eeda h\u00e0ng tr\u1ef1c tuy\u1ebfn, b\u1ea1n ch\u1ec9 c\u1ea7n \u0111\u1ea1t \u0111\u01b0\u1ee3c s\u1ef1 h\u1ee3p t\u00e1c v\u1edbi ch\u00fang t\u00f4i v\u00e0 c\u00f3 \u0111\u01b0\u1ee3c gi\u1ea5y ch\u1ee9ng nh\u1eadn \u0111\u1ea1i l\u00fd \u0111\u1ea1i l\u00fd c\u1ee7a ch\u00fang t\u00f4i. N\u1ebfu b\u1ea1n c\u00f3 \u00fd t\u01b0\u1edfng n\u00e0y, vui l\u00f2ng \u0111i\u1ec1n v\u00e0o m\u1eabu \u0111\u01a1n \u0111\u0103ng k\u00fd \u0111\u1ea1i l\u00fd c\u1ee7a ch\u00fang t\u00f4i. Ch\u00fang t\u00f4i s\u1ebd xem x\u00e9t th\u00f4ng tin c\u1ee7a b\u1ea1n v\u00e0 li\u00ean h\u1ec7 v\u1edbi b\u1ea1n sau khi nh\u1eadn \u0111\u01b0\u1ee3c! N\u1ebfu b\u1ea1n tr\u1edf th\u00e0nh \u0111\u1ea1i l\u00fd c\u1ee7a ch\u00fang t\u00f4i th\u00f4ng qua quy\u1ebft \u0111\u1ecbnh c\u1ee7a ch\u00fang t\u00f4i, th\u00ec c\u00f3 m\u1ed9t s\u1ed1 \u0111i\u1ec1u ki\u1ec7n b\u1ea1n ph\u1ea3i tu\u00e2n th\u1ee7. B\u1ea1n c\u1ea7n tu\u00e2n th\u1ee7 h\u1ee3p \u0111\u1ed3ng h\u1ee3p t\u00e1c \u0111\u1ea1i l\u00fd \u0111\u1ea1i l\u00fd c\u1ee7a ch\u00fang t\u00f4i:     <\/p><p>1: B\u1ea1n ph\u1ea3i mua h\u00e0ng h\u00f3a t\u1eeb ch\u00fang t\u00f4i v\u00e0 b\u1ea1n kh\u00f4ng \u0111\u01b0\u1ee3c mua h\u00e0ng h\u00f3a t\u1eeb c\u00e1c nh\u00e0 s\u1ea3n xu\u1ea5t kh\u00e1c d\u01b0\u1edbi t\u00ean h\u00ecnh \u1ea3nh th\u01b0\u01a1ng hi\u1ec7u c\u1ee7a ch\u00fang t\u00f4i. N\u1ebfu ch\u00fang t\u00f4i ph\u00e1t hi\u1ec7n ra nh\u1eefng h\u00e0nh \u0111\u1ed9ng nh\u01b0 v\u1eady, ch\u00fang t\u00f4i s\u1ebd \u0111\u1ec7 \u0111\u01a1n ki\u1ec7n b\u1ea1n \u0111\u1ec3 b\u1ea3o v\u1ec7 quy\u1ec1n v\u00e0 l\u1ee3i \u00edch th\u01b0\u01a1ng hi\u1ec7u c\u1ee7a ch\u00fang t\u00f4i v\u00e0 b\u1ea1n s\u1ebd ch\u1ecbu m\u1ecdi h\u1eadu qu\u1ea3. <\/p><p>2: Cho d\u00f9 b\u1ea1n b\u00e1n t\u1ea1i c\u1eeda h\u00e0ng tr\u1ef1c tuy\u1ebfn hay c\u1eeda h\u00e0ng th\u1ef1c t\u1ebf, gi\u00e1 b\u00e1n c\u1ee7a b\u1ea1n kh\u00f4ng \u0111\u01b0\u1ee3c th\u1ea5p h\u01a1n gi\u00e1 b\u00e1n t\u1ea1i c\u1eeda h\u00e0ng trang web hi\u1ec7n t\u1ea1i c\u1ee7a ch\u00fang t\u00f4i. N\u1ebfu b\u1ea1n b\u1ecb ph\u00e1t hi\u1ec7n l\u00e0m gi\u00e1n \u0111o\u1ea1n gi\u00e1 th\u1ecb tr\u01b0\u1eddng c\u1ee7a s\u1ea3n ph\u1ea9m c\u1ee7a ch\u00fang t\u00f4i, ch\u00fang t\u00f4i s\u1ebd th\u1ef1c hi\u1ec7n m\u1ecdi bi\u1ec7n ph\u00e1p \u0111\u1ec3 b\u1ea3o v\u1ec7 quy\u1ec1n v\u00e0 l\u1ee3i \u00edch th\u01b0\u01a1ng hi\u1ec7u c\u1ee7a m\u00ecnh. <\/p><p>3: V\u00ec h\u1ea7u h\u1ebft c\u00e1c s\u1ea3n ph\u1ea9m c\u1ee7a ch\u00fang t\u00f4i \u0111\u1ec1u \u0111\u01b0\u1ee3c t\u00f9y ch\u1ec9nh v\u00e0 lo\u1ea1i s\u1ea3n ph\u1ea9m cu\u1ed1i c\u00f9ng c\u00f3 th\u1ec3 kh\u00e1c nhau do nhu c\u1ea7u kh\u00e1c nhau c\u1ee7a kh\u00e1ch h\u00e0ng, v\u00ec v\u1eady khi b\u1ea1n \u0111\u1eb7t h\u00e0ng v\u1edbi ch\u00fang t\u00f4i v\u00e0 \u0111\u1ec3 nh\u00e0 m\u00e1y c\u1ee7a ch\u00fang t\u00f4i b\u1eaft \u0111\u1ea7u s\u1ea3n xu\u1ea5t, ch\u00fang t\u00f4i kh\u00f4ng ch\u1ea5p nh\u1eadn b\u1ea5t k\u1ef3 kho\u1ea3n ho\u00e0n l\u1ea1i ho\u1eb7c tr\u1ea3 l\u1ea1i \u0111\u01a1n h\u00e0ng n\u00e0o. M\u1ecdi th\u1ee9 s\u1ebd \u0111\u01b0\u1ee3c th\u1ef1c hi\u1ec7n theo k\u1ebf ho\u1ea1ch ban \u0111\u1ea7u c\u1ee7a \u0111\u01a1n h\u00e0ng, v\u00ec v\u1eady b\u1ea1n ph\u1ea3i x\u00e1c nh\u1eadn nghi\u00eam ng\u1eb7t v\u1edbi kh\u00e1ch h\u00e0ng c\u1ee7a m\u00ecnh xem \u0111\u01a1n h\u00e0ng \u0111\u00e3 s\u1eb5n s\u00e0ng \u0111\u1ec3 b\u1eaft \u0111\u1ea7u s\u1ea3n xu\u1ea5t hay ch\u01b0a. Ch\u00fang t\u00f4i kh\u00f4ng ch\u1ea5p nh\u1eadn ho\u00e0n l\u1ea1i ho\u1eb7c tr\u1ea3 l\u1ea1i \u0111\u01a1n h\u00e0ng, tr\u1eeb khi \u0111\u01a1n h\u00e0ng \u0111\u00e3 nh\u1eadn b\u1ecb h\u01b0 h\u1ecfng ho\u1eb7c thi\u1ebfu m\u1ed9t s\u1ed1 b\u1ed9 ph\u1eadn, ch\u00fang t\u00f4i c\u00f3 th\u1ec3 cung c\u1ea5p cho b\u1ea1n vi\u1ec7c ph\u00e1t h\u00e0nh l\u1ea1i c\u00e1c b\u1ed9 ph\u1eadn b\u1ecb thi\u1ebfu ho\u1eb7c b\u1ed3i th\u01b0\u1eddng m\u1ea5t m\u00e1t.  <\/p>\t\t\t\t\t\t\t\t<\/div>\n\t\t\t\t<\/div>\n\t\t\t\t\t<\/div>\n\t\t\t\t<\/div>\n\t\t<div class=\"elementor-element elementor-element-be884fd e-flex e-con-boxed e-con e-parent\" data-id=\"be884fd\" data-element_type=\"container\" data-e-type=\"container\">\n\t\t\t\t\t<div class=\"e-con-inner\">\n\t\t\t\t<div class=\"elementor-element elementor-element-e50b512 elementor-widget elementor-widget-heading\" data-id=\"e50b512\" data-element_type=\"widget\" data-e-type=\"widget\" data-widget_type=\"heading.default\">\n\t\t\t\t<div class=\"elementor-widget-container\">\n\t\t\t\t\t<h2 class=\"elementor-heading-title elementor-size-default\">Vui l\u00f2ng li\u00ean h\u1ec7 v\u1edbi ch\u00fang t\u00f4i qua bi\u1ec3u m\u1eabu ho\u1eb7c WhatsApp\uff1a+86 5817858259<\/h2>\t\t\t\t<\/div>\n\t\t\t\t<\/div>\n\t\t\t\t\t<\/div>\n\t\t\t\t<\/div>\n\t\t<div class=\"elementor-element elementor-element-652545a e-flex e-con-boxed e-con e-parent\" data-id=\"652545a\" data-element_type=\"container\" data-e-type=\"container\" data-settings=\"{&quot;background_background&quot;:&quot;classic&quot;}\">\n\t\t\t\t\t<div class=\"e-con-inner\">\n\t\t\t\t\t<\/div>\n\t\t\t\t<\/div>\n\t\t<div class=\"elementor-element elementor-element-999668a e-flex e-con-boxed e-con e-parent\" data-id=\"999668a\" data-element_type=\"container\" data-e-type=\"container\" data-settings=\"{&quot;background_background&quot;:&quot;classic&quot;}\">\n\t\t\t\t\t<div class=\"e-con-inner\">\n\t\t\t\t<div class=\"elementor-element elementor-element-eccdf66 elementor-widget elementor-widget-shortcode\" data-id=\"eccdf66\" data-element_type=\"widget\" data-e-type=\"widget\" data-widget_type=\"shortcode.default\">\n\t\t\t\t<div class=\"elementor-widget-container\">\n\t\t\t\t\t\t\t<div class=\"elementor-shortcode\">\n<div class=\"wpcf7 no-js\" id=\"wpcf7-f49265-o1\" lang=\"vi-VN\" dir=\"ltr\" data-wpcf7-id=\"49265\">\n<div class=\"screen-reader-response\"><p role=\"status\" aria-live=\"polite\" aria-atomic=\"true\"><\/p> <ul><\/ul><\/div>\n<form action=\"\/vi\/wp-json\/wp\/v2\/pages\/30847#wpcf7-f49265-o1\" method=\"post\" class=\"wpcf7-form init\" aria-label=\"Contact form\" novalidate=\"novalidate\" data-status=\"init\">\n<fieldset class=\"hidden-fields-container\"><input type=\"hidden\" name=\"_wpcf7\" value=\"49265\" \/><input type=\"hidden\" name=\"_wpcf7_version\" value=\"6.1.5\" \/><input type=\"hidden\" name=\"_wpcf7_locale\" value=\"vi_VN\" \/><input type=\"hidden\" name=\"_wpcf7_unit_tag\" value=\"wpcf7-f49265-o1\" \/><input type=\"hidden\" name=\"_wpcf7_container_post\" value=\"0\" \/><input type=\"hidden\" name=\"_wpcf7_posted_data_hash\" value=\"\" \/>\n<\/fieldset>\n<p><label> T\u00ean c\u1ee7a b\u1ea1n<br \/>\n<span class=\"wpcf7-form-control-wrap\" data-name=\"your-name\"><input size=\"40\" maxlength=\"400\" class=\"wpcf7-form-control wpcf7-text wpcf7-validates-as-required\" autocomplete=\"name\" aria-required=\"true\" aria-invalid=\"false\" value=\"\" type=\"text\" name=\"your-name\" \/><\/span> <\/label>\n<\/p>\n<p><label> Email c\u1ee7a b\u1ea1n<br \/>\n<span class=\"wpcf7-form-control-wrap\" data-name=\"your-email\"><input size=\"40\" maxlength=\"400\" class=\"wpcf7-form-control wpcf7-email wpcf7-validates-as-required wpcf7-text wpcf7-validates-as-email\" autocomplete=\"email\" aria-required=\"true\" aria-invalid=\"false\" value=\"\" type=\"email\" name=\"your-email\" \/><\/span> <\/label>\n<\/p>\n<p><label> Ch\u1ee7 th\u1ec3<br \/>\n<span class=\"wpcf7-form-control-wrap\" data-name=\"your-subject\"><input size=\"40\" maxlength=\"400\" class=\"wpcf7-form-control wpcf7-text wpcf7-validates-as-required\" aria-required=\"true\" aria-invalid=\"false\" value=\"\" type=\"text\" name=\"your-subject\" \/><\/span> <\/label>\n<\/p>\n<p><label> Tin nh\u1eafn c\u1ee7a b\u1ea1n (t\u00f9y ch\u1ecdn)<br \/>\n<span class=\"wpcf7-form-control-wrap\" data-name=\"your-message\"><textarea cols=\"40\" rows=\"10\" maxlength=\"2000\" class=\"wpcf7-form-control wpcf7-textarea\" aria-invalid=\"false\" name=\"your-message\"><\/textarea><\/span> <\/label>\n<\/p>\n<p><input class=\"wpcf7-form-control wpcf7-submit has-spinner\" type=\"submit\" value=\"N\u1ed9p\" \/>\n<\/p><div class=\"wpcf7-response-output\" aria-hidden=\"true\"><\/div>\n<\/form>\n<\/div>\n<\/div>\n\t\t\t\t\t\t<\/div>\n\t\t\t\t<\/div>\n\t\t\t\t\t<\/div>\n\t\t\t\t<\/div>\n\t\t<div class=\"elementor-element elementor-element-00cb3ff e-flex e-con-boxed e-con e-parent\" data-id=\"00cb3ff\" data-element_type=\"container\" data-e-type=\"container\">\n\t\t\t\t\t<div class=\"e-con-inner\">\n\t\t\t\t\t<\/div>\n\t\t\t\t<\/div>\n\t\t\t\t<\/div>\n\t\t","protected":false},"excerpt":{"rendered":"<p>Ch\u00fang t\u00f4i ch\u00e0o \u0111\u00f3n b\u1ea1n b\u00e8 t\u1eeb kh\u1eafp n\u01a1i tr\u00ean th\u1ebf gi\u1edbi tr\u1edf th\u00e0nh \u0111\u1ea1i l\u00fd c\u1ee7a ch\u00fang t\u00f4i, v\u00e0 ch\u00fang t\u00f4i m\u1edf h\u1ea1n ng\u1ea1ch v\u00f4 \u0111i\u1ec1u ki\u1ec7n v\u00e0 s\u1ebd kh\u00f4ng t\u00ednh ph\u00ed \u0111\u1ea1i l\u00fd cho b\u1ea1n. Cho d\u00f9 b\u1ea1n s\u1ebd b\u00e1n s\u1ea3n ph\u1ea9m c\u1ee7a ch\u00fang t\u00f4i trong c\u1eeda h\u00e0ng tr\u1ef1c tuy\u1ebfn c\u1ee7a b\u1ea1n hay&#8230;<\/p>\n","protected":false},"author":1,"featured_media":0,"parent":0,"menu_order":0,"comment_status":"closed","ping_status":"closed","template":"","meta":{"_bst_post_transparent":"","_bst_post_title":"","_bst_post_layout":"","_bst_post_sidebar_id":"","_bst_post_content_style":"","_bst_post_vertical_padding":"","_bst_post_feature":"","_bst_post_feature_position":"","_bst_post_header":false,"_bst_post_footer":false,"footnotes":""},"class_list":["post-30847","page","type-page","status-publish","hentry"],"_links":{"self":[{"href":"https:\/\/xinshengmanufacture.com\/vi\/wp-json\/wp\/v2\/pages\/30847","targetHints":{"allow":["GET"]}}],"collection":[{"href":"https:\/\/xinshengmanufacture.com\/vi\/wp-json\/wp\/v2\/pages"}],"about":[{"href":"https:\/\/xinshengmanufacture.com\/vi\/wp-json\/wp\/v2\/types\/page"}],"author":[{"embeddable":true,"href":"https:\/\/xinshengmanufacture.com\/vi\/wp-json\/wp\/v2\/users\/1"}],"replies":[{"embeddable":true,"href":"https:\/\/xinshengmanufacture.com\/vi\/wp-json\/wp\/v2\/comments?post=30847"}],"version-history":[{"count":2,"href":"https:\/\/xinshengmanufacture.com\/vi\/wp-json\/wp\/v2\/pages\/30847\/revisions"}],"predecessor-version":[{"id":30851,"href":"https:\/\/xinshengmanufacture.com\/vi\/wp-json\/wp\/v2\/pages\/30847\/revisions\/30851"}],"wp:attachment":[{"href":"https:\/\/xinshengmanufacture.com\/vi\/wp-json\/wp\/v2\/media?parent=30847"}],"curies":[{"name":"wp","href":"https:\/\/api.w.org\/{rel}","templated":true}]}}