{"id":32192,"date":"2025-06-13T04:02:31","date_gmt":"2025-06-13T04:02:31","guid":{"rendered":"https:\/\/xinshengmanufacture.com\/dich-vu-khach-hang\/"},"modified":"2025-06-20T09:28:35","modified_gmt":"2025-06-20T09:28:35","slug":"dich-vu-khach-hang","status":"publish","type":"page","link":"https:\/\/xinshengmanufacture.com\/vi\/dich-vu-khach-hang\/","title":{"rendered":"D\u1ecbch v\u1ee5 kh\u00e1ch h\u00e0ng"},"content":{"rendered":"\t\t<div data-elementor-type=\"wp-page\" data-elementor-id=\"32192\" class=\"elementor elementor-32192 elementor-5831\" data-elementor-post-type=\"page\">\n\t\t\t\t<div class=\"elementor-element elementor-element-f57b158 e-flex e-con-boxed e-con e-parent\" data-id=\"f57b158\" data-element_type=\"container\" data-e-type=\"container\">\n\t\t\t\t\t<div class=\"e-con-inner\">\n\t\t\t\t<div class=\"elementor-element elementor-element-7483963 elementor-widget elementor-widget-heading\" data-id=\"7483963\" data-element_type=\"widget\" data-e-type=\"widget\" data-widget_type=\"heading.default\">\n\t\t\t\t<div class=\"elementor-widget-container\">\n\t\t\t\t\t<h2 class=\"elementor-heading-title elementor-size-default\">H\u00e3y li\u00ean h\u1ec7 v\u1edbi ch\u00fang t\u00f4i \u0111\u1ec3 \u0111\u01b0\u1ee3c ph\u1ee5c v\u1ee5 t\u1eadn t\u00ecnh b\u1edfi \u0111\u1ed9i ng\u0169 b\u00e1n h\u00e0ng, t\u00ecm hi\u1ec3u v\u1ec1 th\u00f4ng tin c\u00f4ng ty, th\u00f4ng tin li\u00ean quan \u0111\u1ebfn s\u1ea3n ph\u1ea9m, quy tr\u00ecnh giao h\u00e0ng v\u00e0 chi ph\u00ed v\u1eadn chuy\u1ec3n, v.v.<\/h2>\t\t\t\t<\/div>\n\t\t\t\t<\/div>\n\t\t\t\t\t<\/div>\n\t\t\t\t<\/div>\n\t\t<div class=\"elementor-element elementor-element-761418e e-flex e-con-boxed e-con e-parent\" data-id=\"761418e\" data-element_type=\"container\" data-e-type=\"container\">\n\t\t\t\t\t<div class=\"e-con-inner\">\n\t\t<div class=\"elementor-element elementor-element-78ca326 e-con-full e-flex e-con e-child\" data-id=\"78ca326\" data-element_type=\"container\" data-e-type=\"container\">\n\t\t\t\t<div class=\"elementor-element elementor-element-0f53cb9 elementor-widget elementor-widget-image\" data-id=\"0f53cb9\" data-element_type=\"widget\" data-e-type=\"widget\" data-widget_type=\"image.default\">\n\t\t\t\t<div class=\"elementor-widget-container\">\n\t\t\t\t\t\t\t\t\t\t\t\t\t\t\t<img fetchpriority=\"high\" decoding=\"async\" width=\"1024\" height=\"682\" src=\"https:\/\/xinshengmanufacture.com\/wp-content\/uploads\/2025\/06\/10-1024x682.jpg\" class=\"attachment-large size-large wp-image-32194\" alt=\"\" srcset=\"https:\/\/xinshengmanufacture.com\/wp-content\/uploads\/2025\/06\/10-1024x682.jpg 1024w, https:\/\/xinshengmanufacture.com\/wp-content\/uploads\/2025\/06\/10-600x399.jpg 600w, https:\/\/xinshengmanufacture.com\/wp-content\/uploads\/2025\/06\/10-300x200.jpg 300w, https:\/\/xinshengmanufacture.com\/wp-content\/uploads\/2025\/06\/10-768x511.jpg 768w, https:\/\/xinshengmanufacture.com\/wp-content\/uploads\/2025\/06\/10.jpg 1280w\" sizes=\"(max-width: 1024px) 100vw, 1024px\" \/>\t\t\t\t\t\t\t\t\t\t\t\t\t\t\t<\/div>\n\t\t\t\t<\/div>\n\t\t<div class=\"elementor-element elementor-element-e6728fd e-con-full e-flex e-con e-child\" data-id=\"e6728fd\" data-element_type=\"container\" data-e-type=\"container\">\n\t\t\t\t<div class=\"elementor-element elementor-element-acdc421 elementor-widget__width-initial elementor-widget elementor-widget-heading\" data-id=\"acdc421\" data-element_type=\"widget\" data-e-type=\"widget\" data-widget_type=\"heading.default\">\n\t\t\t\t<div class=\"elementor-widget-container\">\n\t\t\t\t\t<h2 class=\"elementor-heading-title elementor-size-default\">Tr\u00f2 chuy\u1ec7n tr\u1ef1c ti\u1ebfp v\u1edbi nh\u00e2n vi\u00ean b\u00e1n h\u00e0ng c\u1ee7a ch\u00fang t\u00f4i qua WhatsApp<\/h2>\t\t\t\t<\/div>\n\t\t\t\t<\/div>\n\t\t\t\t<div class=\"elementor-element elementor-element-643cf23 elementor-icon-list--layout-traditional elementor-list-item-link-full_width elementor-widget elementor-widget-icon-list\" data-id=\"643cf23\" data-element_type=\"widget\" data-e-type=\"widget\" data-widget_type=\"icon-list.default\">\n\t\t\t\t<div class=\"elementor-widget-container\">\n\t\t\t\t\t\t\t<ul class=\"elementor-icon-list-items\">\n\t\t\t\t\t\t\t<li class=\"elementor-icon-list-item\">\n\t\t\t\t\t\t\t\t\t\t\t<a href=\"https:\/\/wa.me\/8615817858259\">\n\n\t\t\t\t\t\t\t\t\t\t\t\t<span class=\"elementor-icon-list-icon\">\n\t\t\t\t\t\t\t<svg aria-hidden=\"true\" class=\"e-font-icon-svg e-fab-whatsapp\" viewBox=\"0 0 448 512\" xmlns=\"http:\/\/www.w3.org\/2000\/svg\"><path d=\"M380.9 97.1C339 55.1 283.2 32 223.9 32c-122.4 0-222 99.6-222 222 0 39.1 10.2 77.3 29.6 111L0 480l117.7-30.9c32.4 17.7 68.9 27 106.1 27h.1c122.3 0 224.1-99.6 224.1-222 0-59.3-25.2-115-67.1-157zm-157 341.6c-33.2 0-65.7-8.9-94-25.7l-6.7-4-69.8 18.3L72 359.2l-4.4-7c-18.5-29.4-28.2-63.3-28.2-98.2 0-101.7 82.8-184.5 184.6-184.5 49.3 0 95.6 19.2 130.4 54.1 34.8 34.9 56.2 81.2 56.1 130.5 0 101.8-84.9 184.6-186.6 184.6zm101.2-138.2c-5.5-2.8-32.8-16.2-37.9-18-5.1-1.9-8.8-2.8-12.5 2.8-3.7 5.6-14.3 18-17.6 21.8-3.2 3.7-6.5 4.2-12 1.4-32.6-16.3-54-29.1-75.5-66-5.7-9.8 5.7-9.1 16.3-30.3 1.8-3.7.9-6.9-.5-9.7-1.4-2.8-12.5-30.1-17.1-41.2-4.5-10.8-9.1-9.3-12.5-9.5-3.2-.2-6.9-.2-10.6-.2-3.7 0-9.7 1.4-14.8 6.9-5.1 5.6-19.4 19-19.4 46.3 0 27.3 19.9 53.7 22.6 57.4 2.8 3.7 39.1 59.7 94.8 83.8 35.2 15.2 49 16.5 66.6 13.9 10.7-1.6 32.8-13.4 37.4-26.4 4.6-13 4.6-24.1 3.2-26.4-1.3-2.5-5-3.9-10.5-6.6z\"><\/path><\/svg>\t\t\t\t\t\t<\/span>\n\t\t\t\t\t\t\t\t\t\t<span class=\"elementor-icon-list-text\">WhatsApp<\/span>\n\t\t\t\t\t\t\t\t\t\t\t<\/a>\n\t\t\t\t\t\t\t\t\t<\/li>\n\t\t\t\t\t\t<\/ul>\n\t\t\t\t\t\t<\/div>\n\t\t\t\t<\/div>\n\t\t\t\t<\/div>\n\t\t\t\t<\/div>\n\t\t<div class=\"elementor-element elementor-element-eaf4dfc e-con-full e-flex e-con e-child\" data-id=\"eaf4dfc\" data-element_type=\"container\" data-e-type=\"container\">\n\t\t\t\t<div class=\"elementor-element elementor-element-7f7e205 elementor-widget elementor-widget-shortcode\" data-id=\"7f7e205\" data-element_type=\"widget\" data-e-type=\"widget\" data-widget_type=\"shortcode.default\">\n\t\t\t\t<div class=\"elementor-widget-container\">\n\t\t\t\t\t\t\t<div class=\"elementor-shortcode\">\n<div class=\"wpcf7 no-js\" id=\"wpcf7-f49265-o1\" lang=\"vi-VN\" dir=\"ltr\" data-wpcf7-id=\"49265\">\n<div class=\"screen-reader-response\"><p role=\"status\" aria-live=\"polite\" aria-atomic=\"true\"><\/p> <ul><\/ul><\/div>\n<form action=\"\/vi\/wp-json\/wp\/v2\/pages\/32192#wpcf7-f49265-o1\" method=\"post\" class=\"wpcf7-form init\" aria-label=\"Contact form\" novalidate=\"novalidate\" data-status=\"init\">\n<fieldset class=\"hidden-fields-container\"><input type=\"hidden\" name=\"_wpcf7\" value=\"49265\" \/><input type=\"hidden\" name=\"_wpcf7_version\" value=\"6.1.5\" \/><input type=\"hidden\" name=\"_wpcf7_locale\" value=\"vi_VN\" \/><input type=\"hidden\" name=\"_wpcf7_unit_tag\" value=\"wpcf7-f49265-o1\" \/><input type=\"hidden\" name=\"_wpcf7_container_post\" value=\"0\" \/><input type=\"hidden\" name=\"_wpcf7_posted_data_hash\" value=\"\" \/>\n<\/fieldset>\n<p><label> T\u00ean c\u1ee7a b\u1ea1n<br \/>\n<span class=\"wpcf7-form-control-wrap\" data-name=\"your-name\"><input size=\"40\" maxlength=\"400\" class=\"wpcf7-form-control wpcf7-text wpcf7-validates-as-required\" autocomplete=\"name\" aria-required=\"true\" aria-invalid=\"false\" value=\"\" type=\"text\" name=\"your-name\" \/><\/span> <\/label>\n<\/p>\n<p><label> Email c\u1ee7a b\u1ea1n<br \/>\n<span class=\"wpcf7-form-control-wrap\" data-name=\"your-email\"><input size=\"40\" maxlength=\"400\" class=\"wpcf7-form-control wpcf7-email wpcf7-validates-as-required wpcf7-text wpcf7-validates-as-email\" autocomplete=\"email\" aria-required=\"true\" aria-invalid=\"false\" value=\"\" type=\"email\" name=\"your-email\" \/><\/span> <\/label>\n<\/p>\n<p><label> Ch\u1ee7 th\u1ec3<br \/>\n<span class=\"wpcf7-form-control-wrap\" data-name=\"your-subject\"><input size=\"40\" maxlength=\"400\" class=\"wpcf7-form-control wpcf7-text wpcf7-validates-as-required\" aria-required=\"true\" aria-invalid=\"false\" value=\"\" type=\"text\" name=\"your-subject\" \/><\/span> <\/label>\n<\/p>\n<p><label> Tin nh\u1eafn c\u1ee7a b\u1ea1n (t\u00f9y ch\u1ecdn)<br \/>\n<span class=\"wpcf7-form-control-wrap\" data-name=\"your-message\"><textarea cols=\"40\" rows=\"10\" maxlength=\"2000\" class=\"wpcf7-form-control wpcf7-textarea\" aria-invalid=\"false\" name=\"your-message\"><\/textarea><\/span> <\/label>\n<\/p>\n<p><input class=\"wpcf7-form-control wpcf7-submit has-spinner\" type=\"submit\" value=\"N\u1ed9p\" \/>\n<\/p><div class=\"wpcf7-response-output\" aria-hidden=\"true\"><\/div>\n<\/form>\n<\/div>\n<\/div>\n\t\t\t\t\t\t<\/div>\n\t\t\t\t<\/div>\n\t\t\t\t<\/div>\n\t\t\t\t\t<\/div>\n\t\t\t\t<\/div>\n\t\t\t\t<\/div>\n\t\t","protected":false},"excerpt":{"rendered":"<p>H\u00e3y li\u00ean h\u1ec7 v\u1edbi ch\u00fang t\u00f4i \u0111\u1ec3 \u0111\u01b0\u1ee3c ph\u1ee5c v\u1ee5 t\u1eadn t\u00ecnh b\u1edfi \u0111\u1ed9i ng\u0169 b\u00e1n h\u00e0ng, t\u00ecm hi\u1ec3u v\u1ec1 th\u00f4ng tin c\u00f4ng ty, th\u00f4ng tin li\u00ean quan \u0111\u1ebfn s\u1ea3n ph\u1ea9m, quy tr\u00ecnh giao h\u00e0ng v\u00e0 chi ph\u00ed v\u1eadn chuy\u1ec3n, v.v. Tr\u00f2 chuy\u1ec7n tr\u1ef1c ti\u1ebfp v\u1edbi nh\u00e2n vi\u00ean b\u00e1n h\u00e0ng c\u1ee7a ch\u00fang t\u00f4i qua WhatsApp&#8230;<\/p>\n","protected":false},"author":1,"featured_media":0,"parent":0,"menu_order":0,"comment_status":"closed","ping_status":"closed","template":"","meta":{"_bst_post_transparent":"","_bst_post_title":"","_bst_post_layout":"","_bst_post_sidebar_id":"","_bst_post_content_style":"","_bst_post_vertical_padding":"","_bst_post_feature":"","_bst_post_feature_position":"","_bst_post_header":false,"_bst_post_footer":false,"footnotes":""},"class_list":["post-32192","page","type-page","status-publish","hentry"],"_links":{"self":[{"href":"https:\/\/xinshengmanufacture.com\/vi\/wp-json\/wp\/v2\/pages\/32192","targetHints":{"allow":["GET"]}}],"collection":[{"href":"https:\/\/xinshengmanufacture.com\/vi\/wp-json\/wp\/v2\/pages"}],"about":[{"href":"https:\/\/xinshengmanufacture.com\/vi\/wp-json\/wp\/v2\/types\/page"}],"author":[{"embeddable":true,"href":"https:\/\/xinshengmanufacture.com\/vi\/wp-json\/wp\/v2\/users\/1"}],"replies":[{"embeddable":true,"href":"https:\/\/xinshengmanufacture.com\/vi\/wp-json\/wp\/v2\/comments?post=32192"}],"version-history":[{"count":2,"href":"https:\/\/xinshengmanufacture.com\/vi\/wp-json\/wp\/v2\/pages\/32192\/revisions"}],"predecessor-version":[{"id":32198,"href":"https:\/\/xinshengmanufacture.com\/vi\/wp-json\/wp\/v2\/pages\/32192\/revisions\/32198"}],"wp:attachment":[{"href":"https:\/\/xinshengmanufacture.com\/vi\/wp-json\/wp\/v2\/media?parent=32192"}],"curies":[{"name":"wp","href":"https:\/\/api.w.org\/{rel}","templated":true}]}}